{"id":835,"date":"2016-02-22T11:03:53","date_gmt":"2016-02-22T14:03:53","guid":{"rendered":"http:\/\/sites.usp.br\/ppgee\/?page_id=835"},"modified":"2016-12-16T13:06:27","modified_gmt":"2016-12-16T15:06:27","slug":"objetivos","status":"publish","type":"page","link":"https:\/\/ppgee.poli.usp.br\/pb\/sobre\/objetivos\/","title":{"rendered":"Objetivos"},"content":{"rendered":"<p><\/p>\n<div style=\"border: 1px solid #c8c8c8;padding: 15px;width: 680px;margin-left: 15px\">\n<h2 style=\"text-align: center\"><span style=\"color: #008ba1\"><strong><img loading=\"lazy\" decoding=\"async\" class=\"  wp-image-1442 alignleft\" src=\"http:\/\/sites.usp.br\/ppgee\/wp-content\/uploads\/sites\/92\/2016\/02\/1456430007_vector_65_15.png\" alt=\"1456430007_vector_65_15\" width=\"99\" height=\"99\" srcset=\"https:\/\/ppgee.poli.usp.br\/wp-content\/uploads\/sites\/92\/2016\/02\/1456430007_vector_65_15.png 128w, https:\/\/ppgee.poli.usp.br\/wp-content\/uploads\/sites\/92\/2016\/02\/1456430007_vector_65_15-45x45.png 45w\" sizes=\"auto, (max-width: 99px) 100vw, 99px\" \/><\/strong><\/span><\/h2>\n<p style=\"text-align: justify\">O PPGEE \u00e9 um programa de natureza acad\u00eamica com foco na gera\u00e7\u00e3o e integra\u00e7\u00e3o do conhecimento em engenharia el\u00e9trica. Compreende um conjunto de atividades de pesquisa programadas, avan\u00e7adas, individualizadas e acompanhadas por um Orientador, incluindo e privilegiando o ensino e a pesquisa. Por meio da forma\u00e7\u00e3o de mestres e doutores, o PPGEE visa tanto fornecer uma s\u00f3lida forma\u00e7\u00e3o cient\u00edfica e tecnol\u00f3gica a futuros pesquisadores, como aprimorar o corpo docente de n\u00edvel superior que atua em Engenharia El\u00e9trica e em \u00e1reas associadas no Brasil e, tamb\u00e9m, no exterior, principalmente em a\u00e7\u00f5es na Am\u00e9rica Latina.<\/p>\n<p style=\"text-align: justify\">\u00c9 objetivo do PPGEE contribuir para o desenvolvimento cient\u00edfico e tecnol\u00f3gico brasileiro, por meio da atua\u00e7\u00e3o do seu corpo docente e de pesquisadores no desenvolvimento de solu\u00e7\u00f5es inovadoras para problemas cient\u00edficos e tecnol\u00f3gicos de interesse regional e nacional. Uma intensa intera\u00e7\u00e3o com entidades cong\u00eaneres nacionais e do exterior, necess\u00e1ria para o adequado desenvolvimento das pesquisas, tanto no n\u00edvel de pesquisa b\u00e1sica como, principalmente, de pesquisa aplicada, visa alcan\u00e7ar o mais importante, substancial e abrangente objetivo do PPGEE que se constitui no pr\u00f3prio desenvolvimento de nosso pa\u00eds, no sentido mais amplo poss\u00edvel.<\/p>\n<p style=\"text-align: justify\">O PPGEE tem buscado qualidade e excel\u00eancia <img loading=\"lazy\" decoding=\"async\" class=\"size-full wp-image-1847 alignright\" src=\"http:\/\/ppgee.poli.usp.br\/wp-content\/uploads\/sites\/92\/2016\/02\/photodune-3600029-businessman-hand-draws-electrical-diagram-s.jpg\" alt=\"businessman hand draws electrical diagram series and parallel connection concept\" width=\"291\" height=\"181\" \/><br \/>\nacad\u00eamica, destacando-se pela ci\u00eancia de\u00a0alta\u00a0complexidade e pela tecnologia\u00a0de ponta voltada para todos os setores da sociedade, contribuindo para o desenvolvimento do Estado de S\u00e3o Paulo e do Brasil. \u00c9 importante destacar que suas \u00e1reas de concentra\u00e7\u00e3o oferecem forma\u00e7\u00e3o diferenciada e conte\u00fado interdisciplinar. Al\u00e9m disso, o corpo docente estimula um esp\u00edrito inovador e lideran\u00e7as profissionais e intelectuais nas diversas \u00e1reas de concentra\u00e7\u00e3o.<\/p>\n<\/div>\n<p><\/p>","protected":false},"excerpt":{"rendered":"<p>O PPGEE \u00e9 um programa de natureza acad\u00eamica com foco na gera\u00e7\u00e3o e integra\u00e7\u00e3o do [&hellip;]<\/p>\n","protected":false},"author":179,"featured_media":0,"parent":89,"menu_order":0,"comment_status":"closed","ping_status":"closed","template":"","meta":{"_monsterinsights_skip_tracking":false,"_monsterinsights_sitenote_active":false,"_monsterinsights_sitenote_note":"","_monsterinsights_sitenote_category":0,"footnotes":"","_links_to":"","_links_to_target":""},"categories":[],"tags":[],"class_list":["post-835","page","type-page","status-publish","hentry"],"_links":{"self":[{"href":"https:\/\/ppgee.poli.usp.br\/pb\/wp-json\/wp\/v2\/pages\/835","targetHints":{"allow":["GET"]}}],"collection":[{"href":"https:\/\/ppgee.poli.usp.br\/pb\/wp-json\/wp\/v2\/pages"}],"about":[{"href":"https:\/\/ppgee.poli.usp.br\/pb\/wp-json\/wp\/v2\/types\/page"}],"author":[{"embeddable":true,"href":"https:\/\/ppgee.poli.usp.br\/pb\/wp-json\/wp\/v2\/users\/179"}],"replies":[{"embeddable":true,"href":"https:\/\/ppgee.poli.usp.br\/pb\/wp-json\/wp\/v2\/comments?post=835"}],"version-history":[{"count":6,"href":"https:\/\/ppgee.poli.usp.br\/pb\/wp-json\/wp\/v2\/pages\/835\/revisions"}],"predecessor-version":[{"id":2209,"href":"https:\/\/ppgee.poli.usp.br\/pb\/wp-json\/wp\/v2\/pages\/835\/revisions\/2209"}],"up":[{"embeddable":true,"href":"https:\/\/ppgee.poli.usp.br\/pb\/wp-json\/wp\/v2\/pages\/89"}],"wp:attachment":[{"href":"https:\/\/ppgee.poli.usp.br\/pb\/wp-json\/wp\/v2\/media?parent=835"}],"wp:term":[{"taxonomy":"category","embeddable":true,"href":"https:\/\/ppgee.poli.usp.br\/pb\/wp-json\/wp\/v2\/categories?post=835"},{"taxonomy":"post_tag","embeddable":true,"href":"https:\/\/ppgee.poli.usp.br\/pb\/wp-json\/wp\/v2\/tags?post=835"}],"curies":[{"name":"wp","href":"https:\/\/api.w.org\/{rel}","templated":true}]}}