{"id":6701,"date":"2025-09-19T10:15:53","date_gmt":"2025-09-19T13:15:53","guid":{"rendered":"https:\/\/ppgee.poli.usp.br\/?page_id=6701"},"modified":"2026-03-24T22:27:12","modified_gmt":"2026-03-25T01:27:12","slug":"processo-seletivo-doutorado-fevereiro-2026","status":"publish","type":"page","link":"https:\/\/ppgee.poli.usp.br\/pb\/processo-seletivo-doutorado-fevereiro-2026\/","title":{"rendered":"Processo Seletivo Doutorado &#8211; Fevereiro 2026"},"content":{"rendered":"<p style=\"text-align: center;\"><b>Calend\u00e1rio para Sele\u00e7\u00e3o de Bolsas de Doutorado<\/b><\/p>\n<p style=\"text-align: center;\"><b>Fevereiro 2026<\/b><\/p>\n<p><span style=\"font-weight: 400;\">16\/02\/2026 \u00e0 13\/03\/2026 \u2013 <\/span><b>Inscri\u00e7\u00e3o no\u00a0Processo\u00a0Seletivo<\/b><\/p>\n<p><span style=\"font-weight: 400;\"><del>18\/03\/2026<\/del> <span style=\"color: #ff0000;\">27\/03\/2026<\/span> \u2013 <\/span><b>\u00cdndices calculados pela CoB s\u00e3o enviados aos orientadores para confer\u00eancia<\/b><\/p>\n<p><span style=\"font-weight: 400;\"><del>23\/03\/2026\u00a0<\/del> <span style=\"color: #ff0000;\">02\/04\/2026<\/span>\u2013 <\/span><b>Data limite para recebimento da\u00a0confer\u00eancia\u00a0dos orientadores<\/b><\/p>\n<p><span style=\"font-weight: 400;\"><span style=\"color: #ff0000;\">03\/04\/2026<\/span> \u2013<\/span><b> Comunica\u00e7\u00e3o do resultado do Processo Seletivo para Bolsas Fevereiro.2026<\/b><span style=\"font-weight: 400;\">\u00a0<\/span><\/p>\n<ul>\n<li style=\"font-weight: 400;\" aria-level=\"1\"><span style=\"font-weight: 400;\">A posi\u00e7\u00e3o no <em>ranking<\/em> e a disponibilidade imediata de bolsas ser\u00e3o comunicadas aos inscritos no\u00a0Processo\u00a0Seletivo.<\/span><\/li>\n<li style=\"font-weight: 400;\" aria-level=\"1\"><span style=\"font-weight: 400;\">Ser\u00e1 solicitada a documenta\u00e7\u00e3o necess\u00e1ria para a implementa\u00e7\u00e3o da bolsa aos alunos contemplados.<\/span><\/li>\n<li style=\"font-weight: 400;\" aria-level=\"1\">Alunos regulares do PPGEE indicados para bolsas poder\u00e3o receb\u00ea-las a partir de abril de 2026.<\/li>\n<li style=\"font-weight: 400;\" aria-level=\"1\"><span style=\"font-weight: 400;\">Alunos especiais do PPGEE indicados para receber bolsas dever\u00e3o solicitar a mudan\u00e7a de especial para regular e poder\u00e3o ter suas bolsas implementadas a partir de abril de 2026.<\/span><\/li>\n<\/ul>\n<ul>\n<li style=\"font-weight: 400;\" aria-level=\"1\"><span style=\"font-weight: 400;\">Formul\u00e1rio eletr\u00f4nico para ranqueamento encontra-se no\u00a0<\/span><span style=\"font-weight: 400;\"><a href=\"https:\/\/forms.gle\/vLXriaA8Zg7vSbAN8\">link<\/a>\u00a0<\/span><\/li>\n<li style=\"font-weight: 400;\" aria-level=\"1\"><span style=\"font-weight: 400;\">Formul\u00e1rio do aluno (link acima) dever\u00e1 ser enviado com o formul\u00e1rio do orientador (arquivo PDF)<\/span><\/li>\n<li style=\"font-weight: 400;\" aria-level=\"1\"><span style=\"font-weight: 400;\">Formul\u00e1rio do orientador dispon\u00edvel\u00a0<\/span><a href=\"https:\/\/ppgee.poli.usp.br\/wp-content\/uploads\/sites\/92\/2026\/02\/FCOB-02-Formulario-Orientador-1-2026.docx\"><span style=\"font-weight: 400;\">aqui<\/span><\/a><\/li>\n<li style=\"font-weight: 400;\" aria-level=\"1\"><span style=\"font-weight: 400;\">O formul\u00e1rio pode ser editado at\u00e9 13\/03\/2026 \u00e0s 23:59. Somente esse formul\u00e1rio ser\u00e1 considerado no processo seletivo.<\/span><\/li>\n<\/ul>\n<ul>\n<li style=\"font-weight: 400;\" aria-level=\"1\"><span style=\"font-weight: 400;\">Os \u00edndices s\u00e3o calculados com base nas informa\u00e7\u00f5es do formul\u00e1rio eletr\u00f4nico enviado at\u00e9 o dia 13\/03\/2026.<\/span><\/li>\n<li style=\"font-weight: 400;\" aria-level=\"1\"><span style=\"font-weight: 400;\">Os \u00edndices s\u00e3o calculados de acordo com as\u00a0<\/span><a href=\"https:\/\/ppgee.poli.usp.br\/pb\/bolsas\/posgrad\/regras-de-concessao-de-bolsas\/\"><span style=\"font-weight: 400;\">regras da CoB<\/span><\/a><\/li>\n<li style=\"font-weight: 400;\" aria-level=\"1\"><span style=\"font-weight: 400;\">O ranking das bolsas de doutorado poder\u00e1 ser utilizado at\u00e9 maio de 2026, conforme a disponibilidade de bolsas no per\u00edodo.\u00a0<\/span><\/li>\n<\/ul>\n<p>&nbsp;<\/p>\n<p>P\u00e1gina atualizada em 24\/03\/2026<\/p>\n","protected":false},"excerpt":{"rendered":"<p>Calend\u00e1rio para Sele\u00e7\u00e3o de Bolsas de Doutorado Fevereiro 2026 16\/02\/2026 \u00e0 13\/03\/2026 \u2013 Inscri\u00e7\u00e3o no\u00a0Processo\u00a0Seletivo [&hellip;]<\/p>\n","protected":false},"author":24907,"featured_media":0,"parent":0,"menu_order":0,"comment_status":"closed","ping_status":"closed","template":"","meta":{"_monsterinsights_skip_tracking":false,"_monsterinsights_sitenote_active":false,"_monsterinsights_sitenote_note":"","_monsterinsights_sitenote_category":0,"footnotes":"","_links_to":"","_links_to_target":""},"categories":[],"tags":[],"class_list":["post-6701","page","type-page","status-publish","hentry"],"_links":{"self":[{"href":"https:\/\/ppgee.poli.usp.br\/pb\/wp-json\/wp\/v2\/pages\/6701","targetHints":{"allow":["GET"]}}],"collection":[{"href":"https:\/\/ppgee.poli.usp.br\/pb\/wp-json\/wp\/v2\/pages"}],"about":[{"href":"https:\/\/ppgee.poli.usp.br\/pb\/wp-json\/wp\/v2\/types\/page"}],"author":[{"embeddable":true,"href":"https:\/\/ppgee.poli.usp.br\/pb\/wp-json\/wp\/v2\/users\/24907"}],"replies":[{"embeddable":true,"href":"https:\/\/ppgee.poli.usp.br\/pb\/wp-json\/wp\/v2\/comments?post=6701"}],"version-history":[{"count":4,"href":"https:\/\/ppgee.poli.usp.br\/pb\/wp-json\/wp\/v2\/pages\/6701\/revisions"}],"predecessor-version":[{"id":7039,"href":"https:\/\/ppgee.poli.usp.br\/pb\/wp-json\/wp\/v2\/pages\/6701\/revisions\/7039"}],"wp:attachment":[{"href":"https:\/\/ppgee.poli.usp.br\/pb\/wp-json\/wp\/v2\/media?parent=6701"}],"wp:term":[{"taxonomy":"category","embeddable":true,"href":"https:\/\/ppgee.poli.usp.br\/pb\/wp-json\/wp\/v2\/categories?post=6701"},{"taxonomy":"post_tag","embeddable":true,"href":"https:\/\/ppgee.poli.usp.br\/pb\/wp-json\/wp\/v2\/tags?post=6701"}],"curies":[{"name":"wp","href":"https:\/\/api.w.org\/{rel}","templated":true}]}}