{"id":6390,"date":"2025-05-05T08:36:54","date_gmt":"2025-05-05T11:36:54","guid":{"rendered":"https:\/\/ppgee.poli.usp.br\/?page_id=6390"},"modified":"2025-08-04T17:53:50","modified_gmt":"2025-08-04T20:53:50","slug":"me-dd-sistemas-de-potencia-3143","status":"publish","type":"page","link":"https:\/\/ppgee.poli.usp.br\/pb\/programas\/processo-seletivo\/processo-seletivo-2-2025\/me-dd-sistemas-de-potencia-3143\/","title":{"rendered":"ME\/DD \u2013 Sistemas de Pot\u00eancia \u2013 3143"},"content":{"rendered":"<p><\/p>\n<h1>Resultados do processo 02\/2025<\/h1>\n<p><strong>Candidatos de mestrado habilitados para avalia\u00e7\u00e3o de conhecimentos<\/strong><\/p>\n<ul>\n<li><a href=\"https:\/\/ppgee.poli.usp.br\/wp-content\/uploads\/sites\/92\/2025\/06\/PPGEE-Analise-de-requisitos-e-analise-objetiva-curricular-Publicacao.pdf\" target=\"_blank\" rel=\"noopener\">Candidatos habilitados para avalia\u00e7\u00e3o de conhecimentos<\/a><\/li>\n<\/ul>\n<p>Aten\u00e7\u00e3o: Os candidatos ser\u00e3o comunicados por email com instru\u00e7\u00f5es para a realiza\u00e7\u00e3o da prova de conhecimento. Candidatos com inscri\u00e7\u00e3o indeferida podem entrar em contato com a \u00e1rea para esclarecimentos e orienta\u00e7\u00f5es para a realiza\u00e7\u00e3o da inscri\u00e7\u00e3o no programa, num novo processo seletivo, com sucesso<\/p>\n<p>&nbsp;<\/p>\n<p><strong>Candidatos habilitados na prova de conhecimento e que ser\u00e3o convocados para argui\u00e7\u00e3o<\/strong><\/p>\n<ul>\n<li><a href=\"https:\/\/ppgee.poli.usp.br\/wp-content\/uploads\/sites\/92\/2025\/07\/Resultados-da-prova-de-conhecimentos-2025-07-03-15_16_04.pdf\" target=\"_blank\" rel=\"noopener\">Candidatos convocados para argui\u00e7\u00e3o<\/a><\/li>\n<\/ul>\n<p>Os alunos habilitados na prova de conhecimentos ser\u00e3o comunicados por seus orientadores para a marca\u00e7\u00e3o das entrevistas, no prazo previsto do edital, entre 03\/07\/2025 a 31\/07\/2025. Entre em contato com seu(sua) orientador(a) para mais detalhes.<\/p>\n<p>&nbsp;<\/p>\n<p><strong>Lista de candidatos de mestrado aprovados<br \/>\n<\/strong><\/p>\n<ul>\n<li><a href=\"https:\/\/ppgee.poli.usp.br\/wp-content\/uploads\/sites\/92\/2025\/08\/Resultados-finais-do-ingresso-para-SITE-PPGEE-2025-08-04-17_50_30.pdf\" target=\"_blank\" rel=\"noopener\">Candidatos aprovados (Publicado em 04-08-2025)<\/a><\/li>\n<\/ul>\n<p><\/p>","protected":false},"excerpt":{"rendered":"<p>Resultados do processo 02\/2025 Candidatos de mestrado habilitados para avalia\u00e7\u00e3o de conhecimentos Candidatos habilitados para [&hellip;]<\/p>\n","protected":false},"author":239,"featured_media":0,"parent":6374,"menu_order":1,"comment_status":"closed","ping_status":"closed","template":"","meta":{"_monsterinsights_skip_tracking":false,"_monsterinsights_sitenote_active":false,"_monsterinsights_sitenote_note":"","_monsterinsights_sitenote_category":0,"footnotes":"","_links_to":"","_links_to_target":""},"categories":[],"tags":[],"class_list":["post-6390","page","type-page","status-publish","hentry"],"_links":{"self":[{"href":"https:\/\/ppgee.poli.usp.br\/pb\/wp-json\/wp\/v2\/pages\/6390","targetHints":{"allow":["GET"]}}],"collection":[{"href":"https:\/\/ppgee.poli.usp.br\/pb\/wp-json\/wp\/v2\/pages"}],"about":[{"href":"https:\/\/ppgee.poli.usp.br\/pb\/wp-json\/wp\/v2\/types\/page"}],"author":[{"embeddable":true,"href":"https:\/\/ppgee.poli.usp.br\/pb\/wp-json\/wp\/v2\/users\/239"}],"replies":[{"embeddable":true,"href":"https:\/\/ppgee.poli.usp.br\/pb\/wp-json\/wp\/v2\/comments?post=6390"}],"version-history":[{"count":4,"href":"https:\/\/ppgee.poli.usp.br\/pb\/wp-json\/wp\/v2\/pages\/6390\/revisions"}],"predecessor-version":[{"id":6642,"href":"https:\/\/ppgee.poli.usp.br\/pb\/wp-json\/wp\/v2\/pages\/6390\/revisions\/6642"}],"up":[{"embeddable":true,"href":"https:\/\/ppgee.poli.usp.br\/pb\/wp-json\/wp\/v2\/pages\/6374"}],"wp:attachment":[{"href":"https:\/\/ppgee.poli.usp.br\/pb\/wp-json\/wp\/v2\/media?parent=6390"}],"wp:term":[{"taxonomy":"category","embeddable":true,"href":"https:\/\/ppgee.poli.usp.br\/pb\/wp-json\/wp\/v2\/categories?post=6390"},{"taxonomy":"post_tag","embeddable":true,"href":"https:\/\/ppgee.poli.usp.br\/pb\/wp-json\/wp\/v2\/tags?post=6390"}],"curies":[{"name":"wp","href":"https:\/\/api.w.org\/{rel}","templated":true}]}}