{"id":597,"date":"2016-02-17T10:24:42","date_gmt":"2016-02-17T12:24:42","guid":{"rendered":"http:\/\/sites.usp.br\/ppgee\/?page_id=597"},"modified":"2021-09-02T17:25:56","modified_gmt":"2021-09-02T20:25:56","slug":"engenharia-biomedica","status":"publish","type":"page","link":"https:\/\/ppgee.poli.usp.br\/pb\/programas\/areas-de-concentracao\/engenharia-biomedica\/","title":{"rendered":"Engenharia Biom\u00e9dica"},"content":{"rendered":"<p><img loading=\"lazy\" decoding=\"async\" class=\" wp-image-1583 aligncenter\" src=\"http:\/\/sites.usp.br\/ppgee\/wp-content\/uploads\/sites\/92\/2016\/02\/1456444106_handdrawn-microscope.png\" alt=\"1456444106_handdrawn-microscope\" width=\"175\" height=\"175\" srcset=\"https:\/\/ppgee.poli.usp.br\/wp-content\/uploads\/sites\/92\/2016\/02\/1456444106_handdrawn-microscope.png 128w, https:\/\/ppgee.poli.usp.br\/wp-content\/uploads\/sites\/92\/2016\/02\/1456444106_handdrawn-microscope-45x45.png 45w\" sizes=\"auto, (max-width: 175px) 100vw, 175px\" \/><\/p>\n<p>&nbsp;<\/p>\n<p>A <span style=\"color: #008ba1;\"><strong>Engenharia Biom\u00e9dica<\/strong><\/span> \u00e9 uma \u00e1rea em que conhecimentos, m\u00e9todos e t\u00e9cnicas de Engenharia, Matem\u00e1tica, Computa\u00e7\u00e3o, F\u00edsica e Qu\u00edmica s\u00e3o utilizados para resolver problemas da Biologia e Medicina.A Engenharia Biom\u00e9dica tem como objetivos principais o aprimoramento do conhecimento sobre sistemas biol\u00f3gicos e biom\u00e9dicos e o desenvolvimento de novos m\u00e9todos e tecnologias para o benef\u00edcio da sociedade. Esta especialidade tem prestado substancial contribui\u00e7\u00e3o \u00e0s ci\u00eancias biom\u00e9dicas e \u00e0s ci\u00eancias exatas por meio da tecnologia aplicada \u00e0 solu\u00e7\u00e3o de problemas biom\u00e9dicos. A pesquisa nesta \u00e1rea \u00e9 primordialmente desenvolvida no <a href=\"http:\/\/www.leb.usp.br\/\" target=\"_blank\" rel=\"noopener\">Laborat\u00f3rio de Engenharia Biomedica da Escola Polit\u00e9cnica da USP <\/a><\/p>\n<p>Na sua defini\u00e7\u00e3o mais ampla, a Engenharia Biom\u00e9dica tem pontos de tang\u00eancia com outras \u00e1reas multidisciplinares do conhecimento, tais como F\u00edsica M\u00e9dica, Biomatem\u00e1tica e Inform\u00e1tica M\u00e9dica.<\/p>\n<p>&nbsp;<\/p>\n<h3 style=\"text-align: center;\">Linhas de Pesquisa<\/h3>\n<hr \/>\n<h3 style=\"text-align: center;\"><\/h3>\n<ul>\n<li><img loading=\"lazy\" decoding=\"async\" class=\" wp-image-1585 alignright\" src=\"http:\/\/sites.usp.br\/ppgee\/wp-content\/uploads\/sites\/92\/2016\/02\/1456444320_medical-23.png\" alt=\"1456444320_medical-23\" width=\"56\" height=\"56\" srcset=\"https:\/\/ppgee.poli.usp.br\/wp-content\/uploads\/sites\/92\/2016\/02\/1456444320_medical-23.png 128w, https:\/\/ppgee.poli.usp.br\/wp-content\/uploads\/sites\/92\/2016\/02\/1456444320_medical-23-45x45.png 45w\" sizes=\"auto, (max-width: 56px) 100vw, 56px\" \/>Instrumenta\u00e7\u00e3o Biom\u00e9dica, Sensores e Transdutores;<\/li>\n<li>Processamento de Imagens M\u00e9dicas;<\/li>\n<li>Neuroci\u00eancia Computacional;<\/li>\n<li>Neurofisiologia Humana no Controle Motor;<\/li>\n<li>Engenharia Respirat\u00f3ria;<\/li>\n<li>Engenharia Cl\u00ednica;<\/li>\n<li>Desenvolvimento, Normaliza\u00e7\u00e3o, Ensaios e Certifica\u00e7\u00e3o de Equipamentos M\u00e9dicos e outros Produtos para a Sa\u00fade;<\/li>\n<li>Processamento de Sinais Biol\u00f3gicos;<\/li>\n<li>An\u00e1lise, S\u00edntese, Identifica\u00e7\u00e3o e Controle de Sistemas Biol\u00f3gicos e Biom\u00e9dicos Lineares e N\u00e3o Lineares.<\/li>\n<\/ul>\n<p><\/p>","protected":false},"excerpt":{"rendered":"<p>&nbsp; A Engenharia Biom\u00e9dica \u00e9 uma \u00e1rea em que conhecimentos, m\u00e9todos e t\u00e9cnicas de Engenharia, [&hellip;]<\/p>\n","protected":false},"author":179,"featured_media":0,"parent":159,"menu_order":0,"comment_status":"closed","ping_status":"closed","template":"","meta":{"_monsterinsights_skip_tracking":false,"_monsterinsights_sitenote_active":false,"_monsterinsights_sitenote_note":"","_monsterinsights_sitenote_category":0,"footnotes":"","_links_to":"","_links_to_target":""},"categories":[],"tags":[],"class_list":["post-597","page","type-page","status-publish","hentry"],"_links":{"self":[{"href":"https:\/\/ppgee.poli.usp.br\/pb\/wp-json\/wp\/v2\/pages\/597","targetHints":{"allow":["GET"]}}],"collection":[{"href":"https:\/\/ppgee.poli.usp.br\/pb\/wp-json\/wp\/v2\/pages"}],"about":[{"href":"https:\/\/ppgee.poli.usp.br\/pb\/wp-json\/wp\/v2\/types\/page"}],"author":[{"embeddable":true,"href":"https:\/\/ppgee.poli.usp.br\/pb\/wp-json\/wp\/v2\/users\/179"}],"replies":[{"embeddable":true,"href":"https:\/\/ppgee.poli.usp.br\/pb\/wp-json\/wp\/v2\/comments?post=597"}],"version-history":[{"count":4,"href":"https:\/\/ppgee.poli.usp.br\/pb\/wp-json\/wp\/v2\/pages\/597\/revisions"}],"predecessor-version":[{"id":4697,"href":"https:\/\/ppgee.poli.usp.br\/pb\/wp-json\/wp\/v2\/pages\/597\/revisions\/4697"}],"up":[{"embeddable":true,"href":"https:\/\/ppgee.poli.usp.br\/pb\/wp-json\/wp\/v2\/pages\/159"}],"wp:attachment":[{"href":"https:\/\/ppgee.poli.usp.br\/pb\/wp-json\/wp\/v2\/media?parent=597"}],"wp:term":[{"taxonomy":"category","embeddable":true,"href":"https:\/\/ppgee.poli.usp.br\/pb\/wp-json\/wp\/v2\/categories?post=597"},{"taxonomy":"post_tag","embeddable":true,"href":"https:\/\/ppgee.poli.usp.br\/pb\/wp-json\/wp\/v2\/tags?post=597"}],"curies":[{"name":"wp","href":"https:\/\/api.w.org\/{rel}","templated":true}]}}