{"id":590,"date":"2016-02-17T10:10:00","date_gmt":"2016-02-17T12:10:00","guid":{"rendered":"http:\/\/sites.usp.br\/ppgee\/?page_id=590"},"modified":"2021-09-02T17:44:04","modified_gmt":"2021-09-02T20:44:04","slug":"sistemas-eletronicos","status":"publish","type":"page","link":"https:\/\/ppgee.poli.usp.br\/pb\/programas\/areas-de-concentracao\/sistemas-eletronicos\/","title":{"rendered":"Sistemas Eletr\u00f4nicos"},"content":{"rendered":"<p><\/p>\n<div>\n<p>A \u00e1rea de\u00a0<strong>Sistemas Eletr\u00f4nicos<\/strong>\u00a0engloba linhas de pesquisa em Sistemas de\u00a0 Computa\u00e7\u00e3o, Simula\u00e7\u00e3o e Otimiza\u00e7\u00e3o de Redes, Processamento de Sinais,\u00a0 Telecomunica\u00e7\u00f5es, Sistemas de Transmiss\u00e3o de Informa\u00e7\u00f5es, Engenharia\u00a0 Legal, Ci\u00eancia e Tecnologia Forenses, Processamento e An\u00e1lise de Imagens.<\/p>\n<p>Os temas de pesquisa envolvem modelagem de sistemas e representa\u00e7\u00f5es de sinais, condi\u00e7\u00f5es, efeitos e t\u00e9cnicas de mitiga\u00e7\u00e3o de degrada\u00e7\u00e3o e melhora de qualidade na transmiss\u00e3o por redes, na\u00a0 codifica\u00e7\u00e3o e no armazenamento de sinais de \u00e1udio, sinais de voz, sinais\u00a0 de v\u00eddeo, imagens e dados, processamento adaptativo de sinais,\u00a0 aplica\u00e7\u00f5es e an\u00e1lise de filtragem adaptativa.<\/p>\n<p>S\u00e3o contemplados tamb\u00e9m sistemas e processos de medida de caracter\u00edsticas biom\u00e9tricas e de\u00a0identifica\u00e7\u00e3o de indiv\u00edduos. O reconhecimento de indiv\u00edduos e o\u00a0 entendimento da mensagem em sinais emprega t\u00e9cnicas de aprendizagem de m\u00e1quina, redes neurais artificiais e outros m\u00e9todos de decis\u00e3o e de intelig\u00eancia computacional.<\/p>\n<p>&nbsp;<\/p>\n<\/div>\n<h3 style=\"text-align: center\">Linhas de Pesquisa<\/h3>\n<p><span style=\"color: #008ba1\"><strong>Circuitos e Sistemas<\/strong><\/span><\/p>\n<hr \/>\n<p>Esta linha de pesquisa compreende<\/p>\n<ul>\n<li>automatiza\u00e7\u00e3o de medidas el\u00e9tricas<\/li>\n<li>m\u00e9todos computacionais para resolu\u00e7\u00e3o de circuitos<\/li>\n<li>m\u00e9todos para simula\u00e7\u00e3o e otimiza\u00e7\u00e3o<\/li>\n<\/ul>\n<p>&nbsp;<\/p>\n<p><span style=\"color: #008ba1\"><strong>Eletr\u00f4nica Computacional<\/strong><\/span><\/p>\n<hr \/>\n<p>Esta linha de pesquisa compreende<\/p>\n<ul>\n<li>arquiteturas para processamento de alto desempenho<\/li>\n<li>linguagens, compiladores, ferramentas e sistemas operacionais para sistemas paralelos e distribu\u00eddos<\/li>\n<li>visualiza\u00e7\u00e3o cient\u00edfica<\/li>\n<li>multim\u00eddia<\/li>\n<li>comput. gr\u00e1fica<\/li>\n<li>processamento digital de imagens<\/li>\n<li>redes de alto desempenho<\/li>\n<li>arquiteturas VLSI<\/li>\n<li>comp. \u00f3ptica e opto-eletr\u00f4nica<\/li>\n<\/ul>\n<p>&nbsp;<\/p>\n<p><span style=\"color: #008ba1\"><strong>Processamento Digital de Sinais<\/strong><\/span><\/p>\n<hr \/>\n<p><span style=\"color: #000000\">Esta linha de pesquisa compreende estudos te\u00f3ricos e de aplica\u00e7\u00f5es envolvendo processamento digital de sinais.<\/span><\/p>\n<p>&nbsp;<\/p>\n<p><span style=\"color: #008ba1\"><strong>Telecomunica\u00e7\u00f5es<\/strong><\/span><\/p>\n<hr \/>\n<p><span style=\"color: #000000\">Esta linha de pesquisa engloba o desenvolvimento de aplica\u00e7\u00f5es na \u00e1rea de telecomunica\u00e7\u00f5es, com interesse social e v\u00ednculos a projetos acad\u00eamicos.<\/span><\/p>","protected":false},"excerpt":{"rendered":"<p>A \u00e1rea de\u00a0Sistemas Eletr\u00f4nicos\u00a0engloba linhas de pesquisa em Sistemas de\u00a0 Computa\u00e7\u00e3o, Simula\u00e7\u00e3o e Otimiza\u00e7\u00e3o de [&hellip;]<\/p>\n","protected":false},"author":179,"featured_media":0,"parent":159,"menu_order":0,"comment_status":"closed","ping_status":"closed","template":"","meta":{"_monsterinsights_skip_tracking":false,"_monsterinsights_sitenote_active":false,"_monsterinsights_sitenote_note":"","_monsterinsights_sitenote_category":0,"footnotes":"","_links_to":"","_links_to_target":""},"categories":[],"tags":[],"class_list":["post-590","page","type-page","status-publish","hentry"],"_links":{"self":[{"href":"https:\/\/ppgee.poli.usp.br\/pb\/wp-json\/wp\/v2\/pages\/590","targetHints":{"allow":["GET"]}}],"collection":[{"href":"https:\/\/ppgee.poli.usp.br\/pb\/wp-json\/wp\/v2\/pages"}],"about":[{"href":"https:\/\/ppgee.poli.usp.br\/pb\/wp-json\/wp\/v2\/types\/page"}],"author":[{"embeddable":true,"href":"https:\/\/ppgee.poli.usp.br\/pb\/wp-json\/wp\/v2\/users\/179"}],"replies":[{"embeddable":true,"href":"https:\/\/ppgee.poli.usp.br\/pb\/wp-json\/wp\/v2\/comments?post=590"}],"version-history":[{"count":2,"href":"https:\/\/ppgee.poli.usp.br\/pb\/wp-json\/wp\/v2\/pages\/590\/revisions"}],"predecessor-version":[{"id":4702,"href":"https:\/\/ppgee.poli.usp.br\/pb\/wp-json\/wp\/v2\/pages\/590\/revisions\/4702"}],"up":[{"embeddable":true,"href":"https:\/\/ppgee.poli.usp.br\/pb\/wp-json\/wp\/v2\/pages\/159"}],"wp:attachment":[{"href":"https:\/\/ppgee.poli.usp.br\/pb\/wp-json\/wp\/v2\/media?parent=590"}],"wp:term":[{"taxonomy":"category","embeddable":true,"href":"https:\/\/ppgee.poli.usp.br\/pb\/wp-json\/wp\/v2\/categories?post=590"},{"taxonomy":"post_tag","embeddable":true,"href":"https:\/\/ppgee.poli.usp.br\/pb\/wp-json\/wp\/v2\/tags?post=590"}],"curies":[{"name":"wp","href":"https:\/\/api.w.org\/{rel}","templated":true}]}}