{"id":5867,"date":"2023-12-22T11:07:53","date_gmt":"2023-12-22T14:07:53","guid":{"rendered":"https:\/\/ppgee.poli.usp.br\/?page_id=5867"},"modified":"2026-04-29T17:03:52","modified_gmt":"2026-04-29T20:03:52","slug":"regras-para-deposito-digital","status":"publish","type":"page","link":"https:\/\/ppgee.poli.usp.br\/pb\/regras-para-deposito-digital\/","title":{"rendered":"Regras para dep\u00f3sito digital"},"content":{"rendered":"<p>O dep\u00f3sito digital da disserta\u00e7\u00e3o ou tese requer documentos e tr\u00e2mites administrativos, \u00e9 importante conhec\u00ea-los com anteced\u00eancia para que haja tempo suficiente de providenci\u00e1-los.<\/p>\n<h3>1\u00aa etapa: Solicitar autoriza\u00e7\u00e3o de dep\u00f3sito para a CCP<\/h3>\n<p>ALUNO: Enviar e-mail para o <strong>posgrad.eletrica.poli@usp.br<\/strong> , <strong>com pelo menos 30 dias de anteced\u00eancia da data limite para dep\u00f3sito do trabalho<\/strong>, os seguintes documentos:<\/p>\n<h4><strong><br \/>\nMestrado:<\/strong><\/h4>\n<p>Alunos(as) matriculados nos regimentos:<\/p>\n<ul>\n<li>Resolu\u00e7\u00e3o n\u00famero. 7493 em vigor 27\/03\/2018<\/li>\n<li>Resolu\u00e7\u00e3o n\u00famero. 6542 em vigor 20\/4\/2013<\/li>\n<li>C\u00f3pia da disserta\u00e7\u00e3o em formato PDF<\/li>\n<li><strong><strong><a href=\"https:\/\/ppgee.poli.usp.br\/wp-content\/uploads\/sites\/92\/2023\/12\/Formulario-de-deposito-revisado-10.10.2023-PPGEE-Atila.doc\">Formul\u00e1rio de dep\u00f3sito preenchido e assinado<\/a><\/strong><\/strong><\/li>\n<li><strong>C\u00f3pia PDF do Artigo juntamente a respectiva comprova\u00e7\u00e3o de publica\u00e7\u00e3o, aceita\u00e7\u00e3o ou submiss\u00e3o<\/strong> &#8211; C\u00f3pia de ao menos 1 (um) artigo completo em coautoria com o orientador, publicado, aceito para publica\u00e7\u00e3o ou submetido a evento cient\u00edfico com comit\u00ea avaliador, ou a peri\u00f3dico relevante da \u00e1rea, relacionado com a disserta\u00e7\u00e3o. (Ver regulamento PPGEE)<\/li>\n<li><strong><strong>Link do curr\u00edculo Lattes atualizado <\/strong><\/strong>constando o curso em andamento, publica\u00e7\u00f5es decorrentes da pesquisa e orientador cadastrado<\/li>\n<li><strong>Ficha do aluno<\/strong> (janus)<\/li>\n<\/ul>\n<p>Obs: O nome pr\u00f3prio do autor (aluno) na Tese ou Disserta\u00e7\u00e3o, al\u00e9m dos demais documentos, deve estar acentuado corretamente e de acordo com o documento de identifica\u00e7\u00e3o.<\/p>\n<h4><strong><br \/>\nDoutorado e Doutorado Direto:<\/strong><\/h4>\n<p>Alunos(as) matriculados nos regimentos:<\/p>\n<ul>\n<li>Resolu\u00e7\u00e3o n\u00famero. 7493 em vigor 27\/03\/2018<\/li>\n<li>Resolu\u00e7\u00e3o n\u00famero. 6542 em vigor 20\/4\/2013<\/li>\n<li>C\u00f3pia da tese em formato PDF<\/li>\n<li><a href=\"https:\/\/ppgee.poli.usp.br\/wp-content\/uploads\/sites\/92\/2023\/12\/Formulario-de-deposito-revisado-10.10.2023-PPGEE-Atila.doc\"><strong>Formul\u00e1rio de dep\u00f3sito preenchido e assinado<\/strong><\/a><\/li>\n<li><strong>C\u00f3pia PDF do Artigo em peri\u00f3dico juntamente a respectiva comprova\u00e7\u00e3o de publica\u00e7\u00e3o, aceita\u00e7\u00e3o ou submiss\u00e3o<\/strong> &#8211; C\u00f3pia de ao menos 1 (um) artigo em peri\u00f3dico, em coautoria com o Orientador, publicado, aceito para publica\u00e7\u00e3o ou submetido a peri\u00f3dico (Ver regulamento do PPGEE).\n<ul>\n<li>Obs.: Se o comprovante for de submiss\u00e3o, dever\u00e1 ser comprovada adicionalmente a publica\u00e7\u00e3o de ao menos um artigo relacionado ao tema da Tese em confer\u00eancia de bom n\u00edvel, relevante para as linhas de pesquisa do Programa.(Ver regulamento PPGEE)<\/li>\n<\/ul>\n<\/li>\n<li><strong><strong>Link do curr\u00edculo Lattes atualizado <\/strong><\/strong>constando o curso em andamento, publica\u00e7\u00f5es decorrentes da pesquisa e orientador cadastrado<\/li>\n<li><strong>Ficha do aluno (janus)<\/strong><\/li>\n<\/ul>\n<h3><\/h3>\n<h3><strong>2\u00aa etapa: Realizar o dep\u00f3sito no sistema Janus<\/strong><\/h3>\n<p>Com a devolu\u00e7\u00e3o pela secretaria do formul\u00e1rio de dep\u00f3sito assinado pelo representante de \u00e1rea (resultado da 1a etapa), fa\u00e7a o dep\u00f3sito diretamente no sistema Janus. A lista de documentos a serem anexados no dep\u00f3sito digital pode ser encontrada no link:<\/p>\n<p><a href=\"https:\/\/www.poli.usp.br\/ensino\/pos-graduacao\/deposito-de-dissertacao-ou-tese\"><strong>https:\/\/www.poli.usp.br\/ensino\/pos-graduacao\/deposito-de-dissertacao-ou-tese <\/strong><\/a><\/p>\n<p>Fa\u00e7a o dep\u00f3sito com anteced\u00eancia, pois em caso de inconsist\u00eancia nos documentos o dep\u00f3sito dever\u00e1 ser refeito.<\/p>\n<p><strong>Observa\u00e7\u00f5es:<\/strong><\/p>\n<ul>\n<li>Sugere-se enviar antes o arquivo em formato PDF da disserta\u00e7\u00e3o ou tese para confer\u00eancia da bibliotec\u00e1ria (biblioteca.poli@usp.br).<\/li>\n<li>O nome pr\u00f3prio do autor (aluno) na Tese ou Disserta\u00e7\u00e3o e nos demais documentos devem estar com a acentua\u00e7\u00e3o correta e de acordo com o documento de identifica\u00e7\u00e3o.<\/li>\n<li><strong>Documentos de identifica\u00e7\u00e3o devem ter sido emitidos h\u00e1 menos de 10 anos.<\/strong><\/li>\n<li><strong>S\u00e3o documentos de identifica\u00e7\u00e3o aceitos<\/strong><span style=\"color: #ff0000;\">*<\/span>:\n<ul>\n<li><strong>RG<\/strong> (C\u00e9dula de Identidade)<\/li>\n<li><strong>CIN<\/strong> (Carteira de Identidade Nacional)<\/li>\n<li><strong>RNE<\/strong> (Registro Nacional de Estrangeiros) ou<\/li>\n<li><strong>RNM<\/strong> (Registro Nacional Migrat\u00f3rio).<\/li>\n<\/ul>\n<\/li>\n<\/ul>\n<p><span style=\"color: #ff0000;\">*n\u00e3o \u00e9 aceita a c\u00f3pia da CNH<\/span><\/p>\n<h3><strong>3\u00aa etapa: Proposta de Banca<\/strong><\/h3>\n<p data-path-to-node=\"3\">Ap\u00f3s concluir o dep\u00f3sito no Janus, envie o formul\u00e1rio de proposta de banca \u00e0 secretaria do PPGEE:<\/p>\n<ul>\n<li data-path-to-node=\"4,0,0\"><span style=\"color: #0000ff;\"><a style=\"color: #0000ff;\" href=\"https:\/\/forms.gle\/9Ueve38pnzyNeXvE7\" target=\"_blank\" rel=\"noopener\"><b data-path-to-node=\"4,0,0\" data-index-in-node=\"0\">Formul\u00e1rio de Banca \u2013 Mestrado<\/b><\/a><\/span><\/li>\n<li data-path-to-node=\"4,0,0\"><span style=\"color: #0000ff;\"><b data-path-to-node=\"4,1,0\" data-index-in-node=\"0\"><a class=\"ng-star-inserted\" style=\"color: #0000ff;\" href=\"https:\/\/forms.gle\/67UFF7CTFzr96b6Q6\" target=\"_blank\" rel=\"noopener\" data-hveid=\"0\" data-ved=\"0CAAQ_4QMahcKEwinjoOm65OUAxUAAAAAHQAAAAAQQA\">Formul\u00e1rio de Banca \u2013 Doutorado<\/a><\/b><\/span><\/li>\n<\/ul>\n<p data-path-to-node=\"5\"><b data-path-to-node=\"5\" data-index-in-node=\"0\">Aten\u00e7\u00e3o aos prazos:<\/b> Planeje o envio considerando o <a href=\"https:\/\/ppgee.poli.usp.br\/pb\/programas\/calendarios\/\" target=\"_blank\" rel=\"noopener\"><span style=\"color: #0000ff;\">calend\u00e1rio de aprova\u00e7\u00f5es<\/span><\/a>. As reuni\u00f5es da <b data-path-to-node=\"5\" data-index-in-node=\"92\">CCP<\/b> ocorrem tipicamente na \u00faltima segunda-feira do m\u00eas e as da <b data-path-to-node=\"5\" data-index-in-node=\"155\">CPG<\/b> na segunda segunda-feira do m\u00eas subsequente.<\/p>\n","protected":false},"excerpt":{"rendered":"<p>O dep\u00f3sito digital da disserta\u00e7\u00e3o ou tese requer documentos e tr\u00e2mites administrativos, \u00e9 importante conhec\u00ea-los [&hellip;]<\/p>\n","protected":false},"author":415,"featured_media":0,"parent":0,"menu_order":0,"comment_status":"closed","ping_status":"closed","template":"","meta":{"_monsterinsights_skip_tracking":false,"_monsterinsights_sitenote_active":false,"_monsterinsights_sitenote_note":"","_monsterinsights_sitenote_category":0,"footnotes":"","_links_to":"","_links_to_target":""},"categories":[],"tags":[],"class_list":["post-5867","page","type-page","status-publish","hentry"],"_links":{"self":[{"href":"https:\/\/ppgee.poli.usp.br\/pb\/wp-json\/wp\/v2\/pages\/5867","targetHints":{"allow":["GET"]}}],"collection":[{"href":"https:\/\/ppgee.poli.usp.br\/pb\/wp-json\/wp\/v2\/pages"}],"about":[{"href":"https:\/\/ppgee.poli.usp.br\/pb\/wp-json\/wp\/v2\/types\/page"}],"author":[{"embeddable":true,"href":"https:\/\/ppgee.poli.usp.br\/pb\/wp-json\/wp\/v2\/users\/415"}],"replies":[{"embeddable":true,"href":"https:\/\/ppgee.poli.usp.br\/pb\/wp-json\/wp\/v2\/comments?post=5867"}],"version-history":[{"count":4,"href":"https:\/\/ppgee.poli.usp.br\/pb\/wp-json\/wp\/v2\/pages\/5867\/revisions"}],"predecessor-version":[{"id":7064,"href":"https:\/\/ppgee.poli.usp.br\/pb\/wp-json\/wp\/v2\/pages\/5867\/revisions\/7064"}],"wp:attachment":[{"href":"https:\/\/ppgee.poli.usp.br\/pb\/wp-json\/wp\/v2\/media?parent=5867"}],"wp:term":[{"taxonomy":"category","embeddable":true,"href":"https:\/\/ppgee.poli.usp.br\/pb\/wp-json\/wp\/v2\/categories?post=5867"},{"taxonomy":"post_tag","embeddable":true,"href":"https:\/\/ppgee.poli.usp.br\/pb\/wp-json\/wp\/v2\/tags?post=5867"}],"curies":[{"name":"wp","href":"https:\/\/api.w.org\/{rel}","templated":true}]}}