{"id":586,"date":"2016-02-17T10:02:01","date_gmt":"2016-02-17T12:02:01","guid":{"rendered":"http:\/\/sites.usp.br\/ppgee\/?page_id=586"},"modified":"2021-09-02T17:32:38","modified_gmt":"2021-09-02T20:32:38","slug":"engenharia-de-computacao","status":"publish","type":"page","link":"https:\/\/ppgee.poli.usp.br\/pb\/programas\/areas-de-concentracao\/engenharia-de-computacao\/","title":{"rendered":"Engenharia de Computa\u00e7\u00e3o"},"content":{"rendered":"<p><img loading=\"lazy\" decoding=\"async\" class=\" wp-image-1555 aligncenter\" src=\"http:\/\/sites.usp.br\/ppgee\/wp-content\/uploads\/sites\/92\/2016\/02\/1456441658_vector_66_09.png\" alt=\"1456441658_vector_66_09\" width=\"175\" height=\"175\" srcset=\"https:\/\/ppgee.poli.usp.br\/wp-content\/uploads\/sites\/92\/2016\/02\/1456441658_vector_66_09.png 128w, https:\/\/ppgee.poli.usp.br\/wp-content\/uploads\/sites\/92\/2016\/02\/1456441658_vector_66_09-45x45.png 45w\" sizes=\"auto, (max-width: 175px) 100vw, 175px\" \/><\/p>\n<p>&nbsp;<\/p>\n<p style=\"text-align: justify;\">O enfoque principal da \u00c1rea de Concentra\u00e7\u00e3o \u201c<span style=\"color: #008ba1;\"><strong>Engenharia de Computa\u00e7\u00e3o<\/strong><\/span>\u201d consiste em pesquisas e inova\u00e7\u00f5es envolvendo aspectos de engenharia, computa\u00e7\u00e3o, sistemas de informa\u00e7\u00e3o e aplica\u00e7\u00f5es. Os temas explorados na Engenharia de Computa\u00e7\u00e3o est\u00e3o agrupados em tr\u00eas linhas de pesquisa, que se desdobram em projetos que envolvem alunos tanto de p\u00f3s-gradua\u00e7\u00e3o (mestrado e doutorado) como de gradua\u00e7\u00e3o (inicia\u00e7\u00e3o cient\u00edfica e trabalhos de conclus\u00e3o de curso).<\/p>\n<p>&nbsp;<\/p>\n<h3 style=\"text-align: center;\">Linhas de Pesquisa<\/h3>\n<ul>\n<li><strong><span style=\"color: #008ba1;\">Sistemas de Informa\u00e7\u00e3o e Aplica\u00e7\u00f5es Computacionais<\/span>,\u00a0<\/strong>com o objetivo estudar, propor e desenvolver:<br \/>\n<hr \/>\n<ul>\n<li>Confiabilidade e Seguran\u00e7a Cr\u00edtica (<a href=\"http:\/\/www.gas.pcs.poli.usp.br\/v2\/\">GAS<\/a>)<\/li>\n<li>Sistemas de Banco de Dados (<a href=\"http:\/\/www.gas.pcs.poli.usp.br\/v2\/\">GAS<\/a>, <a href=\"https:\/\/www2.pcs.usp.br\/~lts\/\">LTS<\/a>)<\/li>\n<li>Sistemas Complexos (<a href=\"https:\/\/www2.pcs.usp.br\/~gsc\/\">GSC<\/a>, <a href=\"https:\/\/www2.pcs.usp.br\/~lts\/\">LTS<\/a>)<img loading=\"lazy\" decoding=\"async\" class=\" wp-image-1313 alignright\" src=\"http:\/\/sites.usp.br\/ppgee\/wp-content\/uploads\/sites\/92\/2016\/02\/1456422569_1.png\" alt=\"1456422569_1\" width=\"55\" height=\"48\" \/><\/li>\n<li>Automa\u00e7\u00e3o (<a href=\"https:\/\/www2.pcs.usp.br\/~laa\/\">LAA<\/a>, <a href=\"https:\/\/www2.pcs.usp.br\/~lsa\/\">LSA<\/a>)<\/li>\n<li>Aplica\u00e7\u00f5es em: Ambiente, Agricultura, Log\u00edstica, Sistemas Metroferrovi\u00e1rios e Aeron\u00e1uticos (<a href=\"http:\/\/www.biocomp.org.br\/\">BioComp<\/a>, <a href=\"http:\/\/www.gas.pcs.poli.usp.br\/v2\/\">GAS<\/a>, <a href=\"https:\/\/www2.pcs.usp.br\/~gsc\/\">GSC<\/a>, <a href=\"https:\/\/www2.pcs.usp.br\/~laa\/\">LAA<\/a>, <a href=\"https:\/\/www2.pcs.usp.br\/~lsa\/\">LSA<\/a>, <a href=\"https:\/\/www2.pcs.usp.br\/~lts\/\">LTS<\/a>)<\/li>\n<\/ul>\n<\/li>\n<\/ul>\n<p>&nbsp;<\/p>\n<ul>\n<li><strong><span style=\"color: #008ba1;\">Organiza\u00e7\u00e3o de Sistemas Computacionais<\/span>, <\/strong>que compreende aspectos de pesquisa\u00a0relacionados com:Teoria, An\u00e1lise, S\u00edntese, Projeto e Implementa\u00e7\u00e3o de Redes de Computadores (<a href=\"http:\/\/www.larc.usp.br\/\">LARC<\/a>)<br \/>\n<hr \/>\n<ul>\n<li>Desempenho de Sistemas Computacionais (<a href=\"http:\/\/www.larc.usp.br\/\">LARC<\/a>)<\/li>\n<li>Seguran\u00e7a da Informa\u00e7\u00e3o e de Redes (<a href=\"http:\/\/www.larc.usp.br\/\">LARC<\/a>)<img loading=\"lazy\" decoding=\"async\" class=\" wp-image-1521 alignright\" src=\"http:\/\/sites.usp.br\/ppgee\/wp-content\/uploads\/sites\/92\/2016\/02\/1456439567_Admin.png\" alt=\"1456439567_Admin\" width=\"55\" height=\"55\" srcset=\"https:\/\/ppgee.poli.usp.br\/wp-content\/uploads\/sites\/92\/2016\/02\/1456439567_Admin.png 128w, https:\/\/ppgee.poli.usp.br\/wp-content\/uploads\/sites\/92\/2016\/02\/1456439567_Admin-45x45.png 45w\" sizes=\"auto, (max-width: 55px) 100vw, 55px\" \/><\/li>\n<li>Arquitetura de Computadores (<a href=\"http:\/\/www.larc.usp.br\/\">LARC<\/a>, <a href=\"http:\/\/www2.pcs.usp.br\/pcsv6\/index.php\/labpcs\">LAHPC<\/a>)<\/li>\n<li>Sistemas Dedicados (<a href=\"http:\/\/www.larc.usp.br\/\">LARC<\/a>, <a href=\"http:\/\/www2.pcs.usp.br\/pcsv6\/index.php\/labpcs\">LAHPC<\/a>)<\/li>\n<li>Arquitetura e Processamento Paralelos (<a href=\"http:\/\/www2.pcs.usp.br\/pcsv6\/index.php\/labpcs\">LAHPC<\/a>)<\/li>\n<li>Sustentabilidade em Tecnologia da Informa\u00e7\u00e3o e Comunica\u00e7\u00e3o (<a href=\"http:\/\/www.lassu.usp.br\/\">LaSSu<\/a>)<\/li>\n<\/ul>\n<\/li>\n<\/ul>\n<p>&nbsp;<\/p>\n<ul>\n<li><strong><span style=\"color: #008ba1;\">Metodologias de Computa\u00e7\u00e3o<\/span>, <\/strong>que abrange pesquisas em tecnologias, m\u00e9todos e teorias que objetivam estudar e desenvolver:<br \/>\n<hr \/>\n<ul>\n<li>Intelig\u00eancia Artificial (<a href=\"http:\/\/www.lti.pcs.usp.br\/\">LTI<\/a>)<\/li>\n<li>Sistemas Multiagentes (<a href=\"http:\/\/www.lti.pcs.usp.br\/\">LTI<\/a>)<\/li>\n<li>Vis\u00e3o Computacional (<a href=\"http:\/\/www.lti.pcs.usp.br\/\">LTI<\/a>)<\/li>\n<li>Rob\u00f3tica Inteligente (<a href=\"http:\/\/www.lti.pcs.usp.br\/\">LTI<\/a>)<img loading=\"lazy\" decoding=\"async\" class=\" wp-image-1268 alignright\" src=\"http:\/\/sites.usp.br\/ppgee\/wp-content\/uploads\/sites\/92\/2016\/02\/1456356355_handy-icon_01.png\" alt=\"1456356355_handy-icon_01\" width=\"55\" height=\"55\" srcset=\"https:\/\/ppgee.poli.usp.br\/wp-content\/uploads\/sites\/92\/2016\/02\/1456356355_handy-icon_01.png 128w, https:\/\/ppgee.poli.usp.br\/wp-content\/uploads\/sites\/92\/2016\/02\/1456356355_handy-icon_01-45x45.png 45w\" sizes=\"auto, (max-width: 55px) 100vw, 55px\" \/><\/li>\n<li>Aprendizado de M\u00e1quina (<a href=\"http:\/\/www.lti.pcs.usp.br\/\">LTI<\/a>, <a href=\"http:\/\/www2.pcs.usp.br\/pcsv6\/index.php\/labpcs\">KNOMA<\/a>, <a href=\"http:\/\/lta.poli.usp.br\/\">LTA<\/a>)<\/li>\n<li>T\u00e9cnicas Adaptativas (<a href=\"http:\/\/lta.poli.usp.br\/\">LTA<\/a>)<\/li>\n<li>Engenharia de Conhecimento (<a href=\"http:\/\/www2.pcs.usp.br\/pcsv6\/index.php\/labpcs\">KNOMA<\/a>)<\/li>\n<li>Computa\u00e7\u00e3o Gr\u00e1fica (<a href=\"https:\/\/pcs.usp.br\/interlab\/\">InterLab<\/a>)<\/li>\n<li>Realidade Aumentada (<a href=\"https:\/\/pcs.usp.br\/interlab\/\">InterLab<\/a>)<\/li>\n<li>Interface Humano-Computador (<a href=\"https:\/\/pcs.usp.br\/interlab\/\">InterLab<\/a>)<\/li>\n<li>Computa\u00e7\u00e3o na Educa\u00e7\u00e3o (<a href=\"http:\/\/www.lti.pcs.usp.br\/\">LTI<\/a>, <a href=\"https:\/\/pcs.usp.br\/interlab\/\">InterLab<\/a>)<\/li>\n<\/ul>\n<\/li>\n<\/ul>\n<p>&nbsp;<\/p>","protected":false},"excerpt":{"rendered":"<p>&nbsp; O enfoque principal da \u00c1rea de Concentra\u00e7\u00e3o \u201cEngenharia de Computa\u00e7\u00e3o\u201d consiste em pesquisas e [&hellip;]<\/p>\n","protected":false},"author":179,"featured_media":0,"parent":159,"menu_order":0,"comment_status":"closed","ping_status":"closed","template":"","meta":{"_monsterinsights_skip_tracking":false,"_monsterinsights_sitenote_active":false,"_monsterinsights_sitenote_note":"","_monsterinsights_sitenote_category":0,"footnotes":"","_links_to":"","_links_to_target":""},"categories":[],"tags":[],"class_list":["post-586","page","type-page","status-publish","hentry"],"_links":{"self":[{"href":"https:\/\/ppgee.poli.usp.br\/pb\/wp-json\/wp\/v2\/pages\/586","targetHints":{"allow":["GET"]}}],"collection":[{"href":"https:\/\/ppgee.poli.usp.br\/pb\/wp-json\/wp\/v2\/pages"}],"about":[{"href":"https:\/\/ppgee.poli.usp.br\/pb\/wp-json\/wp\/v2\/types\/page"}],"author":[{"embeddable":true,"href":"https:\/\/ppgee.poli.usp.br\/pb\/wp-json\/wp\/v2\/users\/179"}],"replies":[{"embeddable":true,"href":"https:\/\/ppgee.poli.usp.br\/pb\/wp-json\/wp\/v2\/comments?post=586"}],"version-history":[{"count":5,"href":"https:\/\/ppgee.poli.usp.br\/pb\/wp-json\/wp\/v2\/pages\/586\/revisions"}],"predecessor-version":[{"id":4699,"href":"https:\/\/ppgee.poli.usp.br\/pb\/wp-json\/wp\/v2\/pages\/586\/revisions\/4699"}],"up":[{"embeddable":true,"href":"https:\/\/ppgee.poli.usp.br\/pb\/wp-json\/wp\/v2\/pages\/159"}],"wp:attachment":[{"href":"https:\/\/ppgee.poli.usp.br\/pb\/wp-json\/wp\/v2\/media?parent=586"}],"wp:term":[{"taxonomy":"category","embeddable":true,"href":"https:\/\/ppgee.poli.usp.br\/pb\/wp-json\/wp\/v2\/categories?post=586"},{"taxonomy":"post_tag","embeddable":true,"href":"https:\/\/ppgee.poli.usp.br\/pb\/wp-json\/wp\/v2\/tags?post=586"}],"curies":[{"name":"wp","href":"https:\/\/api.w.org\/{rel}","templated":true}]}}