{"id":5729,"date":"2023-09-29T15:12:47","date_gmt":"2023-09-29T18:12:47","guid":{"rendered":"http:\/\/ppgee.poli.usp.br\/?page_id=5729"},"modified":"2023-12-19T11:55:55","modified_gmt":"2023-12-19T14:55:55","slug":"me-dd-engenharia-de-sistemas-3139","status":"publish","type":"page","link":"https:\/\/ppgee.poli.usp.br\/pb\/programas\/processo-seletivo\/processo-seletivo-1-2024\/me-dd-engenharia-de-sistemas-3139\/","title":{"rendered":"ME\/DD \u2013 Engenharia de sistemas \u2013 3139"},"content":{"rendered":"<p><\/p>\n<h1>Resultados<\/h1>\n<p><strong>Candidatos de mestrado e doutorado direto habilitados para avalia\u00e7\u00e3o de conhecimentos<\/strong><\/p>\n<ul>\n<li><a href=\"https:\/\/ppgee.poli.usp.br\/wp-content\/uploads\/sites\/92\/2023\/11\/Candidatos_Habilitados_para_Exame_de_Ingresso_3139_1_2024.pdf\" target=\"_blank\" rel=\"noopener\">Candidatos habilitados para avalia\u00e7\u00e3o de conhecimentos<\/a><\/li>\n<\/ul>\n<p>&nbsp;<\/p>\n<p>OBS1: A prova da \u00e1rea 3139 ser\u00e1 realizada no Edif\u00edcio da Engenharia El\u00e9trica da Escola Polit\u00e9cnica da Universidade de S\u00e3o Paulo, campus de S\u00e3o Paulo, SP. Av. Prof. Luciano Gualberto, travessa 3, N. 158, <strong>sala C1-30<\/strong>.<\/p>\n<p>OBS2: Ainda n\u00e3o recebemos todas as cartas de recomenda\u00e7\u00e3o de alguns candidatos. O prazo final para envio das cartas de recomenda\u00e7\u00e3o \u00e9 <strong>16\/11\/2023<\/strong>.<\/p>\n<p>&nbsp;<\/p>\n<p><strong>Candidatos de mestrado e doutorado direto convocados para argui\u00e7\u00e3o<\/strong><\/p>\n<ul>\n<li><a href=\"https:\/\/ppgee.poli.usp.br\/wp-content\/uploads\/sites\/92\/2023\/11\/Candidatos_Aprovados_Prova_de_Ingresso_3139_1_2024.pdf\" target=\"_blank\" rel=\"noopener\">Candidatos convocados para argui\u00e7\u00e3o<\/a><\/li>\n<\/ul>\n<p>&nbsp;<\/p>\n<p><strong>Lista de candidatos de mestrado e doutorado direto aprovados<br \/>\n<\/strong><\/p>\n<ul>\n<li><a href=\"https:\/\/ppgee.poli.usp.br\/wp-content\/uploads\/sites\/92\/2023\/12\/Candidatos_Aprovados_Ingresso_3139_1_2024.pdf\" target=\"_blank\" rel=\"noopener\">Candidatos aprovados (publicado em 19\/12\/2023)<\/a> <span style=\"color: #ff0000;\"><strong>NOVO!!<\/strong><\/span><\/li>\n<\/ul>\n<p><script src=\"moz-extension:\/\/6d3af294-01f5-47b9-8e3e-e815efb8fb1a\/js\/app.js\" type=\"text\/javascript\"><\/script><\/p>\n<p><script src=\"moz-extension:\/\/6d3af294-01f5-47b9-8e3e-e815efb8fb1a\/js\/app.js\" type=\"text\/javascript\"><\/script><\/p>\n<p><script src=\"moz-extension:\/\/6d3af294-01f5-47b9-8e3e-e815efb8fb1a\/js\/app.js\" type=\"text\/javascript\"><\/script><\/p>","protected":false},"excerpt":{"rendered":"<p>Resultados Candidatos de mestrado e doutorado direto habilitados para avalia\u00e7\u00e3o de conhecimentos Candidatos habilitados para [&hellip;]<\/p>\n","protected":false},"author":239,"featured_media":0,"parent":5716,"menu_order":0,"comment_status":"closed","ping_status":"closed","template":"","meta":{"_monsterinsights_skip_tracking":false,"_monsterinsights_sitenote_active":false,"_monsterinsights_sitenote_note":"","_monsterinsights_sitenote_category":0,"footnotes":"","_links_to":"","_links_to_target":""},"categories":[],"tags":[],"class_list":["post-5729","page","type-page","status-publish","hentry"],"_links":{"self":[{"href":"https:\/\/ppgee.poli.usp.br\/pb\/wp-json\/wp\/v2\/pages\/5729","targetHints":{"allow":["GET"]}}],"collection":[{"href":"https:\/\/ppgee.poli.usp.br\/pb\/wp-json\/wp\/v2\/pages"}],"about":[{"href":"https:\/\/ppgee.poli.usp.br\/pb\/wp-json\/wp\/v2\/types\/page"}],"author":[{"embeddable":true,"href":"https:\/\/ppgee.poli.usp.br\/pb\/wp-json\/wp\/v2\/users\/239"}],"replies":[{"embeddable":true,"href":"https:\/\/ppgee.poli.usp.br\/pb\/wp-json\/wp\/v2\/comments?post=5729"}],"version-history":[{"count":4,"href":"https:\/\/ppgee.poli.usp.br\/pb\/wp-json\/wp\/v2\/pages\/5729\/revisions"}],"predecessor-version":[{"id":5865,"href":"https:\/\/ppgee.poli.usp.br\/pb\/wp-json\/wp\/v2\/pages\/5729\/revisions\/5865"}],"up":[{"embeddable":true,"href":"https:\/\/ppgee.poli.usp.br\/pb\/wp-json\/wp\/v2\/pages\/5716"}],"wp:attachment":[{"href":"https:\/\/ppgee.poli.usp.br\/pb\/wp-json\/wp\/v2\/media?parent=5729"}],"wp:term":[{"taxonomy":"category","embeddable":true,"href":"https:\/\/ppgee.poli.usp.br\/pb\/wp-json\/wp\/v2\/categories?post=5729"},{"taxonomy":"post_tag","embeddable":true,"href":"https:\/\/ppgee.poli.usp.br\/pb\/wp-json\/wp\/v2\/tags?post=5729"}],"curies":[{"name":"wp","href":"https:\/\/api.w.org\/{rel}","templated":true}]}}