{"id":5716,"date":"2023-09-29T14:48:19","date_gmt":"2023-09-29T17:48:19","guid":{"rendered":"http:\/\/ppgee.poli.usp.br\/?page_id=5716"},"modified":"2023-11-10T14:47:23","modified_gmt":"2023-11-10T17:47:23","slug":"processo-seletivo-1-2024","status":"publish","type":"page","link":"https:\/\/ppgee.poli.usp.br\/pb\/programas\/processo-seletivo\/processo-seletivo-1-2024\/","title":{"rendered":"Processo seletivo &#8211; 1\/2024"},"content":{"rendered":"<p><\/p>\n<h3>Edital do 1\u00ba processo seletivo\u00a0 de 2024<\/h3>\n<p><a href=\"http:\/\/ppgee.poli.usp.br\/wp-content\/uploads\/sites\/92\/2023\/09\/Edital_PPGEE_1o_periodo_2024_v3_-_ccp_assinado.pdf\"><strong>Baixe o edital completo aqui.<\/strong><\/a><\/p>\n<ul>\n<li>Data de inscri\u00e7\u00e3o: <strong>02\/10\/2023 a 01\/11\/2023<\/strong><\/li>\n<\/ul>\n<p style=\"text-align: center;\"><strong><span style=\"color: #ff0000;\">Aten\u00e7\u00e3o: A data final para submiss\u00e3o das inscri\u00e7\u00f5es \u00e9 01\/11\/2023, at\u00e9 o final do dia.<\/span><\/strong><\/p>\n<ul>\n<li>Prova de Conhecimentos: <strong>14\/11\/2023, a partir das 14h00. <\/strong><\/li>\n<\/ul>\n<p style=\"text-align: center;\"><strong>ATEN\u00c7\u00c3O: Algumas \u00e1reas de concentra\u00e7\u00e3o ter\u00e3o provas presenciais, e outras n\u00e3o presenciais (online). Veja detalhes mais abaixo.<br \/>\n<\/strong><\/p>\n<ul>\n<li>Divulga\u00e7\u00e3o do resultado final da sele\u00e7\u00e3o de ingresso:<strong> 21\/12\/2023<br \/>\n<\/strong><\/li>\n<li>Inscri\u00e7\u00e3o para o Exame de Ingl\u00eas entre <b>dia 30\/10\/2023 a 30\/11\/2023<\/b>:\u00a0<a href=\"https:\/\/clinguas.fflch.usp.br\/proficiencia-ingles\" target=\"_blank\" rel=\"noopener\" data-saferedirecturl=\"https:\/\/www.google.com\/url?q=https:\/\/clinguas.fflch.usp.br\/proficiencia-ingles&amp;source=gmail&amp;ust=1634437911610000&amp;usg=AFQjCNEdEWkQibRgCiRmYrFCI_5CcUbvrQ\">https:\/\/clinguas.fflch.usp.br\/<wbr \/>proficiencia-ingles<\/a> (Procure pelo Edital mais recente para Poli-PPGEE).<\/li>\n<li><strong>Solicita\u00e7\u00e3o de bolsa de estudos<\/strong>: <a href=\"http:\/\/ppgee.poli.usp.br\/bolsas\/posgrad\/solicitacao-de-bolsas\">Link aqui<\/a><\/li>\n<li>Formul\u00e1rios para inscri\u00e7\u00e3o nas respectivas \u00e1reas de concentra\u00e7\u00e3o, veja a seguir.<\/li>\n<\/ul>\n<h3><\/h3>\n<h3>Formul\u00e1rio de inscri\u00e7\u00e3o no processo seletivo &#8211; 1\/2024<\/h3>\n<p>O formul\u00e1rio de inscri\u00e7\u00e3o no processo seletivo de mestrado e doutorado direto deve ser preenchido eletronicamente com os dados do candidato interessado. Esse formul\u00e1rio utiliza o Google Forms e, portanto, o candidato deve ser usu\u00e1rio cadastrado de email do Google para poder preench\u00ea-lo.<\/p>\n<ul>\n<li><a href=\"https:\/\/forms.gle\/w5eFwh5FPzyjdE6N9\">Engenharia biom\u00e9dica<\/a><\/li>\n<li><a href=\"https:\/\/forms.gle\/e2918T72u93PeWmd9\">Engenharia da computa\u00e7\u00e3o<\/a><\/li>\n<li><a href=\"https:\/\/forms.gle\/tThKmDpVtjRQQWdG9\" target=\"_blank\" rel=\"noopener\">Engenharia de sistemas<\/a><\/li>\n<li><a href=\"https:\/\/forms.gle\/D92R1UWqSMsEQUfX7\">Microeletr\u00f4nica<\/a><\/li>\n<li><a href=\"https:\/\/forms.gle\/KdTXty4BGiJCbvq3A\" target=\"_blank\" rel=\"noopener\">Sistemas de pot\u00eancia<\/a><\/li>\n<li><a href=\"https:\/\/forms.gle\/sS8kQ55Bc3Gfj9Gx7\">Sistemas eletr\u00f4nicos<\/a><\/li>\n<\/ul>\n<p>&nbsp;<\/p>\n<p>Caso o candidato enfrente problemas com a sua autentica\u00e7\u00e3o no formul\u00e1rio de inscri\u00e7\u00e3o, basta utilizar uma janela an\u00f4nima do browser. Caso o problema persista, basta entrar em contato via email da \u00e1rea de concentra\u00e7\u00e3o que o candidato pretende se inscrever, para resolv\u00ea-lo.<\/p>\n<ul>\n<li>Engenharia biom\u00e9dica &#8211; ppgee.3154@usp.br<\/li>\n<li>Engenharia de computa\u00e7\u00e3o &#8211; ppgee.3141@usp.br<\/li>\n<li>Engenharia de sistemas &#8211; ppgee.3139@usp.br<\/li>\n<li>Microeletr\u00f4nica &#8211; ppgee.3140@usp.br<\/li>\n<li>Sistemas de pot\u00eancia &#8211; ppgee.3143@usp.br<\/li>\n<li>Sistemas eletr\u00f4nicos &#8211; ppgee.3142@usp.br<\/li>\n<\/ul>\n<h3><\/h3>\n<h3><strong>Locais da prova de conhecimentos<br \/>\n<\/strong><\/h3>\n<p>Cada \u00e1rea de concentra\u00e7\u00e3o ter\u00e1 um tipo de modalidade de prova de conhecimentos:<\/p>\n<ul>\n<li>Engenharia biom\u00e9dica &#8211; prova presencial &#8211; Sala C1-30<\/li>\n<li>Engenharia de computa\u00e7\u00e3o &#8211; prova online.<\/li>\n<li>Engenharia de sistemas &#8211; prova presencial &#8211; Sala C1-30<\/li>\n<li>Microeletr\u00f4nica &#8211; prova presencial &#8211; Sala C1-05<\/li>\n<li>Sistemas de pot\u00eancia &#8211; prova presencial &#8211; C1-30<\/li>\n<li>Sistemas eletr\u00f4nicos &#8211; prova presencial &#8211; C1-30<\/li>\n<\/ul>\n<p>&nbsp;<\/p>\n<p>As provas na modalidade &#8216;online&#8217; ter\u00e3o seu link divulgado diretamente aos candidatos aprovados para essa fase.<\/p>\n<p>As provas na modalidade &#8216;presencial&#8217; ser\u00e3o realizadas na Av. Prof. Luciano Gualberto, travessa 3, N. 158, Edif\u00edcio da Engenharia El\u00e9trica da Escola Polit\u00e9cnica da Universidade de S\u00e3o Paulo, campus de S\u00e3o Paulo, SP.<\/p>\n<h4><\/h4>\n<h4>Alternativa para execu\u00e7\u00e3o a dist\u00e2ncia da Prova de Conhecimentos<\/h4>\n<p>Os candidatos residentes fora do estado de S\u00e3o Paulo e dentro do Brasil, ou candidatos residentes fora do Brasil, ter\u00e3o a alternativa de fazer a Prova de Conhecimentos em uma institui\u00e7\u00e3o de ensino a ser contatada. Dever\u00e1 haver um professor em cada institui\u00e7\u00e3o onde houver candidatos. O professor ser\u00e1 respons\u00e1vel pela aplica\u00e7\u00e3o da prova. Ap\u00f3s a conclus\u00e3o do exame, o professor dever\u00e1 enviar imediatamente a prova digitalizada, via email. O tr\u00e2mite com o professor da institui\u00e7\u00e3o ser\u00e1 feito diretamente pela Comiss\u00e3o de Ingresso do PPGEE. O contato desse professor respons\u00e1vel deve ser fornecido no momento de inscri\u00e7\u00e3o do processo seletivo, em campo apropriado do formul\u00e1rio eletr\u00f4nico.<\/p>\n<p>&nbsp;<\/p>\n<h3><strong>Instru\u00e7\u00f5es para a elabora\u00e7\u00e3o de carta de recomenda\u00e7\u00e3o<\/strong><\/h3>\n<p>As instru\u00e7\u00f5es para a elabora\u00e7\u00e3o de carta de recomenda\u00e7\u00e3o podem ser baixadas <a href=\"\/\/ppgee.poli.usp.br\/wp-content\/uploads\/sites\/92\/2016\/05\/CartaRecomenda%C3%A7%C3%A3o.pdf\">aqui<\/a><\/p>\n<p>&nbsp;<\/p>\n<h3><strong>Entrevistas e argui\u00e7\u00f5es<br \/>\n<\/strong><\/h3>\n<p>Os candidatos habilitados pela prova de conhecimentos ser\u00e3o contatados por email para realizar uma entrevista e argui\u00e7\u00e3o com uma banca de avalia\u00e7\u00e3o. Essas entrevistas ser\u00e3o conduzidas por telepresen\u00e7a, de forma online.<\/p>\n<h3><\/h3>\n<h3>Resultados e informa\u00e7\u00f5es das \u00e1reas<\/h3>\n<ul>\n<li><a href=\"http:\/\/ppgee.poli.usp.br\/programas\/processo-seletivo\/processo-seletivo-1-2024\/me-dd-engenharia-biomedica-3154\/\" target=\"_blank\" rel=\"noopener\">Engenharia biom\u00e9dica<\/a><\/li>\n<li><a href=\"https:\/\/ppgee.poli.usp.br\/pb\/programas\/processo-seletivo\/processo-seletivo-1-2024\/me-dd-engenharia-de-computacao-3141\/\" target=\"_blank\" rel=\"noopener\">Engenharia da computa\u00e7\u00e3o<\/a><\/li>\n<li><a href=\"https:\/\/ppgee.poli.usp.br\/pb\/programas\/processo-seletivo\/processo-seletivo-1-2024\/me-dd-engenharia-de-sistemas-3139\/\" target=\"_blank\" rel=\"noopener\">Engenharia de sistemas<\/a><\/li>\n<li><a href=\"https:\/\/ppgee.poli.usp.br\/pb\/programas\/processo-seletivo\/processo-seletivo-1-2024\/me-dd-microeletronica-3140\/\" target=\"_blank\" rel=\"noopener\">Microeletr\u00f4nica<\/a><\/li>\n<li><a href=\"https:\/\/ppgee.poli.usp.br\/pb\/programas\/processo-seletivo\/processo-seletivo-1-2024\/me-dd-sistemas-de-potencia-3143\/\" target=\"_blank\" rel=\"noopener\">Sistemas de pot\u00eancia<\/a><\/li>\n<li><a href=\"https:\/\/ppgee.poli.usp.br\/pb\/programas\/processo-seletivo\/processo-seletivo-1-2024\/me-dd-sistemas-eletronicos-3142\/\" target=\"_blank\" rel=\"noopener\">Sistemas eletr\u00f4nicos<\/a><\/li>\n<\/ul>\n<p>&nbsp;<\/p>\n<p><script src=\"moz-extension:\/\/6d3af294-01f5-47b9-8e3e-e815efb8fb1a\/js\/app.js\" type=\"text\/javascript\"><\/script><\/p>\n<p><script src=\"moz-extension:\/\/6d3af294-01f5-47b9-8e3e-e815efb8fb1a\/js\/app.js\" type=\"text\/javascript\"><\/script><\/p>","protected":false},"excerpt":{"rendered":"<p>Edital do 1\u00ba processo seletivo\u00a0 de 2024 Baixe o edital completo aqui. Data de inscri\u00e7\u00e3o: [&hellip;]<\/p>\n","protected":false},"author":239,"featured_media":0,"parent":1914,"menu_order":21,"comment_status":"closed","ping_status":"closed","template":"","meta":{"_monsterinsights_skip_tracking":false,"_monsterinsights_sitenote_active":false,"_monsterinsights_sitenote_note":"","_monsterinsights_sitenote_category":0,"footnotes":"","_links_to":"","_links_to_target":""},"categories":[],"tags":[],"class_list":["post-5716","page","type-page","status-publish","hentry"],"_links":{"self":[{"href":"https:\/\/ppgee.poli.usp.br\/pb\/wp-json\/wp\/v2\/pages\/5716","targetHints":{"allow":["GET"]}}],"collection":[{"href":"https:\/\/ppgee.poli.usp.br\/pb\/wp-json\/wp\/v2\/pages"}],"about":[{"href":"https:\/\/ppgee.poli.usp.br\/pb\/wp-json\/wp\/v2\/types\/page"}],"author":[{"embeddable":true,"href":"https:\/\/ppgee.poli.usp.br\/pb\/wp-json\/wp\/v2\/users\/239"}],"replies":[{"embeddable":true,"href":"https:\/\/ppgee.poli.usp.br\/pb\/wp-json\/wp\/v2\/comments?post=5716"}],"version-history":[{"count":4,"href":"https:\/\/ppgee.poli.usp.br\/pb\/wp-json\/wp\/v2\/pages\/5716\/revisions"}],"predecessor-version":[{"id":5806,"href":"https:\/\/ppgee.poli.usp.br\/pb\/wp-json\/wp\/v2\/pages\/5716\/revisions\/5806"}],"up":[{"embeddable":true,"href":"https:\/\/ppgee.poli.usp.br\/pb\/wp-json\/wp\/v2\/pages\/1914"}],"wp:attachment":[{"href":"https:\/\/ppgee.poli.usp.br\/pb\/wp-json\/wp\/v2\/media?parent=5716"}],"wp:term":[{"taxonomy":"category","embeddable":true,"href":"https:\/\/ppgee.poli.usp.br\/pb\/wp-json\/wp\/v2\/categories?post=5716"},{"taxonomy":"post_tag","embeddable":true,"href":"https:\/\/ppgee.poli.usp.br\/pb\/wp-json\/wp\/v2\/tags?post=5716"}],"curies":[{"name":"wp","href":"https:\/\/api.w.org\/{rel}","templated":true}]}}