{"id":569,"date":"2016-02-16T15:51:54","date_gmt":"2016-02-16T17:51:54","guid":{"rendered":"http:\/\/sites.usp.br\/ppgee\/?page_id=569"},"modified":"2021-09-02T17:36:17","modified_gmt":"2021-09-02T20:36:17","slug":"microeletronica","status":"publish","type":"page","link":"https:\/\/ppgee.poli.usp.br\/pb\/programas\/areas-de-concentracao\/microeletronica\/","title":{"rendered":"Microeletr\u00f4nica"},"content":{"rendered":"<p><img loading=\"lazy\" decoding=\"async\" class=\" wp-image-1536 aligncenter\" src=\"http:\/\/sites.usp.br\/ppgee\/wp-content\/uploads\/sites\/92\/2016\/02\/1456440534_vector_66_06.png\" alt=\"1456440534_vector_66_06\" width=\"175\" height=\"175\" srcset=\"https:\/\/ppgee.poli.usp.br\/wp-content\/uploads\/sites\/92\/2016\/02\/1456440534_vector_66_06.png 128w, https:\/\/ppgee.poli.usp.br\/wp-content\/uploads\/sites\/92\/2016\/02\/1456440534_vector_66_06-45x45.png 45w\" sizes=\"auto, (max-width: 175px) 100vw, 175px\" \/><\/p>\n<p>&nbsp;<\/p>\n<p>A \u00e1rea de Concentra\u00e7\u00e3o \u201c<span style=\"color: #008ba1;\"><strong>Microeletr\u00f4nica<\/strong><\/span>\u201d engloba todos os aspectos relevantes da engenharia para fabrica\u00e7\u00e3o e projeto de circuitos e sistemas integrados de dimens\u00f5es reduzidas. O seu foco principal consiste na pesquisa e desenvolvimento de novos materiais, dispositivos avan\u00e7ados, circuitos e sistemas integrados. A \u00e1rea de Microeletr\u00f4nica tem \u00e0 sua disposi\u00e7\u00e3o uma ampla infraestrutura laboratorial composta de salas limpas, equipamentos e esta\u00e7\u00f5es de trabalho de \u00faltima gera\u00e7\u00e3o, al\u00e9m de ampla estrutura de apoio para os projetos e forma\u00e7\u00e3o de alunos de gradua\u00e7\u00e3o e p\u00f3s gradua\u00e7\u00e3o.<\/p>\n<p>&nbsp;<\/p>\n<h3 style=\"text-align: center;\">Linhas de Pesquisa<\/h3>\n<ul>\n<li><span style=\"color: #008ba1;\"><span style=\"color: #008ba1;\"><strong>Dispositivos Materiais e Processos<\/strong><\/span><\/span><br \/>\n<hr \/>\n<p>Com foco em t\u00f3picos relacionados <strong><img loading=\"lazy\" decoding=\"async\" class=\" wp-image-1563 alignright\" src=\"http:\/\/sites.usp.br\/ppgee\/wp-content\/uploads\/sites\/92\/2016\/02\/1456442444_1_graphic_card_electronic_device_motherboard_smps_hardware_chip_3.png\" alt=\"1456442444_1_graphic_card_electronic_device_motherboard_smps_hardware_chip_3\" width=\"55\" height=\"55\" srcset=\"https:\/\/ppgee.poli.usp.br\/wp-content\/uploads\/sites\/92\/2016\/02\/1456442444_1_graphic_card_electronic_device_motherboard_smps_hardware_chip_3.png 128w, https:\/\/ppgee.poli.usp.br\/wp-content\/uploads\/sites\/92\/2016\/02\/1456442444_1_graphic_card_electronic_device_motherboard_smps_hardware_chip_3-45x45.png 45w\" sizes=\"auto, (max-width: 55px) 100vw, 55px\" \/><\/strong>ao sil\u00edcio amorfo e suas ligas, heteroestruturas, estruturas SOI, filmes finos, interconex\u00f5es met\u00e1licas, c\u00e9lulas solares, dispositivos de cristal l\u00edquido, ondas ac\u00fasticas superficiais e, tecnologias MOS e SOI-MOSFET;<\/li>\n<\/ul>\n<p>&nbsp;<\/p>\n<p>&nbsp;<\/p>\n<ul>\n<li style=\"text-align: justify;\">\u00a0<span style=\"color: #008ba1;\"><span style=\"color: #008ba1;\"><strong>Sensores \u00e0 Estado S\u00f3lido e Sensores Inteligentes<\/strong><\/span><\/span><br \/>\n<hr \/>\n<p>Com foco na pesquisa e <img loading=\"lazy\" decoding=\"async\" class=\" wp-image-1224 alignright\" src=\"http:\/\/sites.usp.br\/ppgee\/wp-content\/uploads\/sites\/92\/2016\/02\/1456348259_handdrawn-book.png\" alt=\"1456348259_handdrawn-book\" width=\"56\" height=\"56\" srcset=\"https:\/\/ppgee.poli.usp.br\/wp-content\/uploads\/sites\/92\/2016\/02\/1456348259_handdrawn-book.png 128w, https:\/\/ppgee.poli.usp.br\/wp-content\/uploads\/sites\/92\/2016\/02\/1456348259_handdrawn-book-45x45.png 45w\" sizes=\"auto, (max-width: 56px) 100vw, 56px\" \/>desenvolvimento de sensores e transdutores no dom\u00ednio de energias qu\u00edmicas, magn\u00e9ticas, el\u00e9tricas, t\u00e9rmicas, \u00f3pticas, mec\u00e2nicas e radiantes, al\u00e9m de microestruturas para aplica\u00e7\u00e3o em instrumenta\u00e7\u00e3o e biomedicina;<\/li>\n<\/ul>\n<p>&nbsp;<\/p>\n<p>&nbsp;<\/p>\n<ul>\n<li style=\"text-align: justify;\"><span style=\"color: #008ba1;\"><span style=\"color: #008ba1;\"><strong>Projeto de Circuitos e Sistemas Integrados<\/strong><\/span><\/span><br \/>\n<hr \/>\n<p>Com foco no projeto\u00a0de<img loading=\"lazy\" decoding=\"async\" class=\" wp-image-1540 alignright\" src=\"http:\/\/sites.usp.br\/ppgee\/wp-content\/uploads\/sites\/92\/2016\/02\/1456440773_tripping_arrow.png\" alt=\"1456440773_tripping_arrow\" width=\"55\" height=\"55\" srcset=\"https:\/\/ppgee.poli.usp.br\/wp-content\/uploads\/sites\/92\/2016\/02\/1456440773_tripping_arrow.png 128w, https:\/\/ppgee.poli.usp.br\/wp-content\/uploads\/sites\/92\/2016\/02\/1456440773_tripping_arrow-45x45.png 45w\" sizes=\"auto, (max-width: 55px) 100vw, 55px\" \/> circuitos anal\u00f3gicos e digitais de alta velocidade em CMOS e GaAs, e de processadores dedicados, al\u00e9m de desenvolvimento de metodologias e ferramentas CAD para automatiza\u00e7\u00e3o do projeto de CIs e SIs.<\/li>\n<\/ul>\n<p>&nbsp;<\/p>","protected":false},"excerpt":{"rendered":"<p>&nbsp; A \u00e1rea de Concentra\u00e7\u00e3o \u201cMicroeletr\u00f4nica\u201d engloba todos os aspectos relevantes da engenharia para fabrica\u00e7\u00e3o [&hellip;]<\/p>\n","protected":false},"author":179,"featured_media":0,"parent":159,"menu_order":0,"comment_status":"closed","ping_status":"closed","template":"","meta":{"_monsterinsights_skip_tracking":false,"_monsterinsights_sitenote_active":false,"_monsterinsights_sitenote_note":"","_monsterinsights_sitenote_category":0,"footnotes":"","_links_to":"","_links_to_target":""},"categories":[],"tags":[],"class_list":["post-569","page","type-page","status-publish","hentry"],"_links":{"self":[{"href":"https:\/\/ppgee.poli.usp.br\/pb\/wp-json\/wp\/v2\/pages\/569","targetHints":{"allow":["GET"]}}],"collection":[{"href":"https:\/\/ppgee.poli.usp.br\/pb\/wp-json\/wp\/v2\/pages"}],"about":[{"href":"https:\/\/ppgee.poli.usp.br\/pb\/wp-json\/wp\/v2\/types\/page"}],"author":[{"embeddable":true,"href":"https:\/\/ppgee.poli.usp.br\/pb\/wp-json\/wp\/v2\/users\/179"}],"replies":[{"embeddable":true,"href":"https:\/\/ppgee.poli.usp.br\/pb\/wp-json\/wp\/v2\/comments?post=569"}],"version-history":[{"count":5,"href":"https:\/\/ppgee.poli.usp.br\/pb\/wp-json\/wp\/v2\/pages\/569\/revisions"}],"predecessor-version":[{"id":4700,"href":"https:\/\/ppgee.poli.usp.br\/pb\/wp-json\/wp\/v2\/pages\/569\/revisions\/4700"}],"up":[{"embeddable":true,"href":"https:\/\/ppgee.poli.usp.br\/pb\/wp-json\/wp\/v2\/pages\/159"}],"wp:attachment":[{"href":"https:\/\/ppgee.poli.usp.br\/pb\/wp-json\/wp\/v2\/media?parent=569"}],"wp:term":[{"taxonomy":"category","embeddable":true,"href":"https:\/\/ppgee.poli.usp.br\/pb\/wp-json\/wp\/v2\/categories?post=569"},{"taxonomy":"post_tag","embeddable":true,"href":"https:\/\/ppgee.poli.usp.br\/pb\/wp-json\/wp\/v2\/tags?post=569"}],"curies":[{"name":"wp","href":"https:\/\/api.w.org\/{rel}","templated":true}]}}