{"id":558,"date":"2016-02-16T15:35:41","date_gmt":"2016-02-16T17:35:41","guid":{"rendered":"http:\/\/sites.usp.br\/ppgee\/?page_id=558"},"modified":"2021-08-20T16:32:07","modified_gmt":"2021-08-20T19:32:07","slug":"engenharia-de-sistemas","status":"publish","type":"page","link":"https:\/\/ppgee.poli.usp.br\/pb\/programas\/areas-de-concentracao\/engenharia-de-sistemas\/","title":{"rendered":"Engenharia de Sistemas"},"content":{"rendered":"<p><img loading=\"lazy\" decoding=\"async\" class=\" wp-image-1519 aligncenter\" src=\"http:\/\/sites.usp.br\/ppgee\/wp-content\/uploads\/sites\/92\/2016\/02\/1456439403_vector_66_08.png\" alt=\"1456439403_vector_66_08\" width=\"177\" height=\"177\" srcset=\"https:\/\/ppgee.poli.usp.br\/wp-content\/uploads\/sites\/92\/2016\/02\/1456439403_vector_66_08.png 128w, https:\/\/ppgee.poli.usp.br\/wp-content\/uploads\/sites\/92\/2016\/02\/1456439403_vector_66_08-45x45.png 45w\" sizes=\"auto, (max-width: 177px) 100vw, 177px\" \/>A \u00e1rea de concentra\u00e7\u00e3o de\u00a0<span style=\"color: #008ba1;\"><strong>Engenharia de Sistemas<\/strong><\/span>\u00a0\u00e9 essencialmente constitu\u00edda de docentes do Laborat\u00f3rio de Automa\u00e7\u00e3o e Controle (LAC), abrigado pelo Departamento de Engenharia de Telecomunica\u00e7\u00f5es e Controle (PTC).As atividades desta \u00e1rea s\u00e3o voltadas \u00e0 forma\u00e7\u00e3o e pesquisa em sistemas de controle e automa\u00e7\u00e3o, teorias de controle avan\u00e7ado, controle de processos industriais, rob\u00f3tica e automa\u00e7\u00e3o da manufatura, al\u00e9m de desenvolver modelos matem\u00e1ticos aplicados a finan\u00e7as, biologia, e outras \u00e1reas. V\u00e1rias dessas pesquisas s\u00e3o executadas com recursos de empresas e ag\u00eancias\u00a0 governamentais e de fomento, tais como: FAPESP, CNPq, FINEP, Secretaria de Ci\u00eancia, Tecnologia e Desenvolvimento Econ\u00f4mico do Estado de S\u00e3o Paulo, Petrobr\u00e1s, Centro Tecnol\u00f3gico da Marinha em S\u00e3o Paulo (CTMSP), entre outros.<\/p>\n<p>O LAC mant\u00e9m conv\u00eanios de coopera\u00e7\u00e3o cient\u00edfica e tecnol\u00f3gica com diversas\u00a0 universidades e institutos de pesquisa, tanto do Pa\u00eds como do exterior. Os alunos de p\u00f3s-gradua\u00e7\u00e3o do LAC t\u00eam forma\u00e7\u00e3o diversificada: engenheiros eletr\u00f4nicos, eletricistas, mecatr\u00f4nicos, mec\u00e2nicos, qu\u00edmicos, f\u00edsicos, matem\u00e1ticos, etc. al\u00e9m de ser origin\u00e1rios de v\u00e1rias regi\u00f5es do Brasil.<\/p>\n<p>&nbsp;<\/p>\n<p>O LAC tamb\u00e9m tem recebido alunos do exterior, predominantemente latino-americanos. Em <img loading=\"lazy\" decoding=\"async\" class=\" wp-image-1521 alignright\" src=\"http:\/\/sites.usp.br\/ppgee\/wp-content\/uploads\/sites\/92\/2016\/02\/1456439567_Admin.png\" alt=\"1456439567_Admin\" width=\"101\" height=\"101\" srcset=\"https:\/\/ppgee.poli.usp.br\/wp-content\/uploads\/sites\/92\/2016\/02\/1456439567_Admin.png 128w, https:\/\/ppgee.poli.usp.br\/wp-content\/uploads\/sites\/92\/2016\/02\/1456439567_Admin-45x45.png 45w\" sizes=\"auto, (max-width: 101px) 100vw, 101px\" \/>decorr\u00eancia dos prop\u00f3sitos de sua cria\u00e7\u00e3o, e da constitui\u00e7\u00e3o de seu quadro de docentes, o LAC atua em tr\u00eas\u00a0Especialidades\u00a0do conhecimento:<\/p>\n<ul>\n<li>E1: Sistemas de Controle, e Automa\u00e7\u00e3o<\/li>\n<li>E2: Modelos Probabil\u00edsticos e Sistemas Estoc\u00e1sticos<\/li>\n<li>E3: Modelos Mate<em>m\u00e1ticos e Sistemas Din\u00e2micos<\/em><\/li>\n<\/ul>\n<p>&nbsp;<\/p>\n<p>Tais especialidades, embora distintas e com razo\u00e1vel grau de autonomia, admitem uma clara interdepend\u00eancia no contexto da \u00e1rea de Automa\u00e7\u00e3o e Controle. Dentro de cada uma das especialidades citadas, a atividade de pesquisa tem se desenvolvido nas dire\u00e7\u00f5es abrangidas pelas\u00a0<span style=\"color: #008ba1;\"><strong>Linhas de Pesquisa.<\/strong><\/span><\/p>\n<p>&nbsp;<\/p>\n<p>&nbsp;<\/p>\n<h3 style=\"text-align: center;\">Linhas de Pesquisa<\/h3>\n<ul>\n<li>LP1:\u00a0Otimiza\u00e7\u00e3o (especialidade E1)<\/li>\n<li>LP2:\u00a0Controle Robusto (E1)<\/li>\n<li>LP3:\u00a0Controle Inteligente (E1)<\/li>\n<li>LP4:\u00a0Controle Linear (E1)<\/li>\n<li>LP5:\u00a0Controle de Processos (E1)<\/li>\n<li>LP6:\u00a0Controle Estoc\u00e1stico (E2)<\/li>\n<li>LP7:\u00a0Biomatem\u00e1tica (E3)<\/li>\n<li>LP8:\u00a0Sistemas n\u00e3o-Lineares (E3)<\/li>\n<\/ul>\n<p>&nbsp;<\/p>","protected":false},"excerpt":{"rendered":"<p>A \u00e1rea de concentra\u00e7\u00e3o de\u00a0Engenharia de Sistemas\u00a0\u00e9 essencialmente constitu\u00edda de docentes do Laborat\u00f3rio de Automa\u00e7\u00e3o [&hellip;]<\/p>\n","protected":false},"author":179,"featured_media":0,"parent":159,"menu_order":0,"comment_status":"closed","ping_status":"closed","template":"","meta":{"_monsterinsights_skip_tracking":false,"_monsterinsights_sitenote_active":false,"_monsterinsights_sitenote_note":"","_monsterinsights_sitenote_category":0,"footnotes":"","_links_to":"","_links_to_target":""},"categories":[],"tags":[],"class_list":["post-558","page","type-page","status-publish","hentry"],"_links":{"self":[{"href":"https:\/\/ppgee.poli.usp.br\/pb\/wp-json\/wp\/v2\/pages\/558","targetHints":{"allow":["GET"]}}],"collection":[{"href":"https:\/\/ppgee.poli.usp.br\/pb\/wp-json\/wp\/v2\/pages"}],"about":[{"href":"https:\/\/ppgee.poli.usp.br\/pb\/wp-json\/wp\/v2\/types\/page"}],"author":[{"embeddable":true,"href":"https:\/\/ppgee.poli.usp.br\/pb\/wp-json\/wp\/v2\/users\/179"}],"replies":[{"embeddable":true,"href":"https:\/\/ppgee.poli.usp.br\/pb\/wp-json\/wp\/v2\/comments?post=558"}],"version-history":[{"count":5,"href":"https:\/\/ppgee.poli.usp.br\/pb\/wp-json\/wp\/v2\/pages\/558\/revisions"}],"predecessor-version":[{"id":4657,"href":"https:\/\/ppgee.poli.usp.br\/pb\/wp-json\/wp\/v2\/pages\/558\/revisions\/4657"}],"up":[{"embeddable":true,"href":"https:\/\/ppgee.poli.usp.br\/pb\/wp-json\/wp\/v2\/pages\/159"}],"wp:attachment":[{"href":"https:\/\/ppgee.poli.usp.br\/pb\/wp-json\/wp\/v2\/media?parent=558"}],"wp:term":[{"taxonomy":"category","embeddable":true,"href":"https:\/\/ppgee.poli.usp.br\/pb\/wp-json\/wp\/v2\/categories?post=558"},{"taxonomy":"post_tag","embeddable":true,"href":"https:\/\/ppgee.poli.usp.br\/pb\/wp-json\/wp\/v2\/tags?post=558"}],"curies":[{"name":"wp","href":"https:\/\/api.w.org\/{rel}","templated":true}]}}