{"id":5482,"date":"2023-06-29T12:48:30","date_gmt":"2023-06-29T15:48:30","guid":{"rendered":"https:\/\/ppgee.poli.usp.br\/?page_id=5482"},"modified":"2023-09-29T14:32:31","modified_gmt":"2023-09-29T17:32:31","slug":"resultado-engenharia-da-computacao-2-2023","status":"publish","type":"page","link":"https:\/\/ppgee.poli.usp.br\/pb\/programas\/processo-seletivo\/processo-seletivo-2-2023\/resultado-engenharia-da-computacao-2-2023\/","title":{"rendered":"Resultado Engenharia da computa\u00e7\u00e3o 2\/2023"},"content":{"rendered":"<p><strong>Candidatos aprovados na prova de argui\u00e7\u00e3o (ordem alfab\u00e9tica) &#8211; 02\/ago\/2023<\/strong><\/p>\n<p>Alexandre Marques Carrer<br \/>\nAnton Bulle Labate<br \/>\nArnold Alvaro Moya Lavado<br \/>\nCaio de Souza Barbosa Costa<br \/>\nCarlos Massao Oishi Giuzio<br \/>\nFelipe Soares Silva<br \/>\nGabriel Gandra Prata Gon\u00e7alves<br \/>\nGabriel Kenji Godoy Shimanuki<br \/>\nGustavo Cerqueira Bastos<br \/>\nJuan Carlos Elias Obando Valdivia<br \/>\nLucas Rodrigues Cupertino Cardoso<br \/>\nLuiz Alexandre Reali Costa<br \/>\nNafis Francisco Peres Melo<br \/>\nOt\u00e1vio Felipe de Freitas<br \/>\nRafael Araujo Coelho<br \/>\nRicardo Saraiva Grava<br \/>\nRyan Weege Achjian<br \/>\nVin\u00edcius Yuiti Fukase<\/p>\n<p>&#8212;&#8212;&#8212;&#8212;&#8212;&#8212;&#8212;&#8212;&#8212;&#8212;&#8212;&#8212;&#8212;&#8212;&#8212;<\/p>\n<h4><strong>Agendamento da prova de argui\u00e7\u00e3o &#8211; 14\/julho\/2023<br \/>\n<\/strong><\/h4>\n<p>A prova de argui\u00e7\u00e3o ser\u00e1 realizada remotamente usando o Google Meets <strong>nos dias 17 e 19 de julho<\/strong>. O link foi enviado por email para o endere\u00e7o indicado no ato da inscri\u00e7\u00e3o.<\/p>\n<p><a href=\"http:\/\/ppgee.poli.usp.br\/wp-content\/uploads\/sites\/92\/2023\/07\/Errata-Arguicao2023-3-1.png\"><img loading=\"lazy\" decoding=\"async\" class=\"alignnone wp-image-5627 size-medium\" src=\"http:\/\/ppgee.poli.usp.br\/wp-content\/uploads\/sites\/92\/2023\/07\/Errata-Arguicao2023-3-1-300x235.png\" alt=\"\" width=\"300\" height=\"235\" srcset=\"https:\/\/ppgee.poli.usp.br\/wp-content\/uploads\/sites\/92\/2023\/07\/Errata-Arguicao2023-3-1-300x235.png 300w, https:\/\/ppgee.poli.usp.br\/wp-content\/uploads\/sites\/92\/2023\/07\/Errata-Arguicao2023-3-1-400x313.png 400w, https:\/\/ppgee.poli.usp.br\/wp-content\/uploads\/sites\/92\/2023\/07\/Errata-Arguicao2023-3-1.png 524w\" sizes=\"auto, (max-width: 300px) 100vw, 300px\" \/><\/a><\/p>\n<p>&#8212;&#8212;&#8212;&#8212;&#8212;&#8212;&#8212;&#8212;&#8212;&#8212;&#8212;&#8212;&#8212;&#8212;&#8212;&#8212;&#8212;&#8212;&#8212;&#8212;&#8212;&#8212;&#8212;&#8212;&#8212;&#8211;<\/p>\n<p><a href=\"http:\/\/ppgee.poli.usp.br\/wp-content\/uploads\/sites\/92\/2023\/06\/AprovadosProvaConhecimento2023-2@3141.pdf\"><strong>Candidatos aprovados na prova de conhecimento\u00a0<\/strong><\/a>(28\/junho\/2023)<\/p>\n","protected":false},"excerpt":{"rendered":"<p>Candidatos aprovados na prova de argui\u00e7\u00e3o (ordem alfab\u00e9tica) &#8211; 02\/ago\/2023 Alexandre Marques Carrer Anton Bulle [&hellip;]<\/p>\n","protected":false},"author":415,"featured_media":0,"parent":5426,"menu_order":0,"comment_status":"closed","ping_status":"closed","template":"","meta":{"_monsterinsights_skip_tracking":false,"_monsterinsights_sitenote_active":false,"_monsterinsights_sitenote_note":"","_monsterinsights_sitenote_category":0,"footnotes":"","_links_to":"","_links_to_target":""},"categories":[],"tags":[],"class_list":["post-5482","page","type-page","status-publish","hentry"],"_links":{"self":[{"href":"https:\/\/ppgee.poli.usp.br\/pb\/wp-json\/wp\/v2\/pages\/5482","targetHints":{"allow":["GET"]}}],"collection":[{"href":"https:\/\/ppgee.poli.usp.br\/pb\/wp-json\/wp\/v2\/pages"}],"about":[{"href":"https:\/\/ppgee.poli.usp.br\/pb\/wp-json\/wp\/v2\/types\/page"}],"author":[{"embeddable":true,"href":"https:\/\/ppgee.poli.usp.br\/pb\/wp-json\/wp\/v2\/users\/415"}],"replies":[{"embeddable":true,"href":"https:\/\/ppgee.poli.usp.br\/pb\/wp-json\/wp\/v2\/comments?post=5482"}],"version-history":[{"count":4,"href":"https:\/\/ppgee.poli.usp.br\/pb\/wp-json\/wp\/v2\/pages\/5482\/revisions"}],"predecessor-version":[{"id":5661,"href":"https:\/\/ppgee.poli.usp.br\/pb\/wp-json\/wp\/v2\/pages\/5482\/revisions\/5661"}],"up":[{"embeddable":true,"href":"https:\/\/ppgee.poli.usp.br\/pb\/wp-json\/wp\/v2\/pages\/5426"}],"wp:attachment":[{"href":"https:\/\/ppgee.poli.usp.br\/pb\/wp-json\/wp\/v2\/media?parent=5482"}],"wp:term":[{"taxonomy":"category","embeddable":true,"href":"https:\/\/ppgee.poli.usp.br\/pb\/wp-json\/wp\/v2\/categories?post=5482"},{"taxonomy":"post_tag","embeddable":true,"href":"https:\/\/ppgee.poli.usp.br\/pb\/wp-json\/wp\/v2\/tags?post=5482"}],"curies":[{"name":"wp","href":"https:\/\/api.w.org\/{rel}","templated":true}]}}