{"id":5426,"date":"2023-04-28T16:47:08","date_gmt":"2023-04-28T19:47:08","guid":{"rendered":"http:\/\/ppgee.poli.usp.br\/?page_id=5426"},"modified":"2023-09-29T14:57:17","modified_gmt":"2023-09-29T17:57:17","slug":"processo-seletivo-2-2023","status":"publish","type":"page","link":"https:\/\/ppgee.poli.usp.br\/pb\/programas\/processo-seletivo\/processo-seletivo-2-2023\/","title":{"rendered":"Processo seletivo &#8211; 2\/2023"},"content":{"rendered":"<p><\/p>\n<h3>Edital do 2\u00ba processo seletivo\u00a0 de 2023<\/h3>\n<p><a href=\"http:\/\/ppgee.poli.usp.br\/wp-content\/uploads\/sites\/92\/2023\/04\/Edital-PPGEE-2o-periodo-2023-V4-FINAL.pdf\"><strong>Baixe o edital completo aqui.<\/strong><\/a><\/p>\n<ul>\n<li>Data de inscri\u00e7\u00e3o:\u00a0<span style=\"color: #993300;\"><strong>08\/05\/2023 a 30\/05\/2023<\/strong><\/span><\/li>\n<li>Prova de Conhecimentos: <strong><span style=\"color: #ff0000;\"><span style=\"color: #993300;\">14\/06\/2023, a partir das 14h00.<\/span> <\/span><\/strong><\/li>\n<\/ul>\n<p style=\"text-align: center;\"><strong><span style=\"color: #ff0000;\">ATEN\u00c7\u00c3O: Algumas \u00e1reas de concentra\u00e7\u00e3o ter\u00e3o provas presenciais, e outras n\u00e3o presenciais (online). Veja detalhes mais abaixo.<br \/>\n<\/span><\/strong><\/p>\n<ul>\n<li>Divulga\u00e7\u00e3o do resultado final da sele\u00e7\u00e3o de ingresso:<span style=\"color: #ff0000;\"><strong><span style=\"color: #993300;\"> 07\/08\/2023<\/span><br \/>\n<\/strong><\/span><\/li>\n<li>Inscri\u00e7\u00e3o para o Exame de Ingl\u00eas entre <b>dia 12\/05\/2023 a 12\/06\/2023<\/b>:\u00a0<a href=\"https:\/\/clinguas.fflch.usp.br\/proficiencia-ingles\" target=\"_blank\" rel=\"noopener\" data-saferedirecturl=\"https:\/\/www.google.com\/url?q=https:\/\/clinguas.fflch.usp.br\/proficiencia-ingles&amp;source=gmail&amp;ust=1634437911610000&amp;usg=AFQjCNEdEWkQibRgCiRmYrFCI_5CcUbvrQ\">https:\/\/clinguas.fflch.usp.br\/<wbr \/>proficiencia-ingles<\/a> (Procure pelo Edital mais recente para Poli-PPGEE).<\/li>\n<li>Solicita\u00e7\u00e3o de bo<span style=\"color: #000000;\">lsa: <a href=\"http:\/\/ppgee.poli.usp.br\/bolsas\/posgrad\/solicitacao-de-bolsas\">Link aqui<\/a><br \/>\n<\/span><\/li>\n<li><span style=\"color: #008000;\"><span style=\"color: #000000;\">Formul\u00e1rios para inscri\u00e7\u00e3o nas respectivas \u00e1reas de concentra\u00e7\u00e3o, veja a seguir.<\/span><br \/>\n<\/span><\/li>\n<\/ul>\n<h3><\/h3>\n<h3><span style=\"color: #000000;\">Formul\u00e1rio de inscri\u00e7\u00e3o no processo seletivo &#8211; 2\/2023<br \/>\n<\/span><\/h3>\n<p><span style=\"color: #000000;\">O formul\u00e1rio de inscri\u00e7\u00e3o no processo seletivo de mestrado e doutorado direto deve ser preenchido eletronicamente com os dados do candidato interessado. Esse formul\u00e1rio utiliza o Google Forms e, portanto, o candidato deve ser usu\u00e1rio cadastrado de email do Google para poder preench\u00ea-lo.<\/span><\/p>\n<ul>\n<li><a href=\"https:\/\/forms.gle\/pFkVDj4zaauwN6LdA\"><span style=\"color: #000000;\">Engenharia biom\u00e9dica<\/span><\/a><\/li>\n<li><a href=\"https:\/\/forms.gle\/hGcR22sRonjYsABx8\" target=\"_blank\" rel=\"noopener\"><span style=\"color: #000000;\">Engenharia da computa\u00e7\u00e3o<\/span><\/a><\/li>\n<li><a href=\"https:\/\/forms.gle\/tRCvHpy2JhUr3rT49\" target=\"_blank\" rel=\"noopener\"><span style=\"color: #000000;\">Engenharia de sistemas<\/span><\/a><\/li>\n<li><a href=\"https:\/\/forms.gle\/ywmLGc1Hnp45JVis7\"><span style=\"color: #000000;\">Microeletr\u00f4nica<\/span><\/a><\/li>\n<li><a href=\"https:\/\/forms.gle\/BGLCqJ5sa6b72ujh9\" target=\"_blank\" rel=\"noopener\"><span style=\"color: #000000;\">Sistemas de pot\u00eancia<\/span><\/a><\/li>\n<li><a href=\"https:\/\/forms.gle\/6W3hVvcRuwy3tXoE6\"><span style=\"color: #000000;\">Sistemas eletr\u00f4nicos<\/span><\/a><\/li>\n<\/ul>\n<p>&nbsp;<\/p>\n<p><span style=\"color: #000000;\">Caso o candidato enfrente problemas com a sua autentica\u00e7\u00e3o no formul\u00e1rio de inscri\u00e7\u00e3o, basta utilizar uma janela an\u00f4nima do browser. Caso o problema persista, basta entrar em contato via email da \u00e1rea de concentra\u00e7\u00e3o que o candidato pretende se inscrever, para resolv\u00ea-lo.<\/span><\/p>\n<ul>\n<li><span style=\"color: #000000;\">Engenharia biom\u00e9dica &#8211; ppgee.3154@usp.br<\/span><\/li>\n<li><span style=\"color: #000000;\">Engenharia de computa\u00e7\u00e3o &#8211; ppgee.3141@usp.br<\/span><\/li>\n<li><span style=\"color: #000000;\">Engenharia de sistemas &#8211; ppgee.3139@usp.br<\/span><\/li>\n<li><span style=\"color: #000000;\">Microeletr\u00f4nica &#8211; ppgee.3140@usp.br<\/span><\/li>\n<li><span style=\"color: #000000;\">Sistemas de pot\u00eancia &#8211; ppgee.3143@usp.br<\/span><\/li>\n<li><span style=\"color: #000000;\">Sistemas eletr\u00f4nicos &#8211; ppgee.3142@usp.br<\/span><\/li>\n<\/ul>\n<h3><\/h3>\n<h3><span style=\"color: #000000;\"><strong>Locais da prova de conhecimentos<br \/>\n<\/strong><\/span><\/h3>\n<p><span style=\"color: #000000;\">Cada \u00e1rea de concentra\u00e7\u00e3o ter\u00e1 um tipo de modalidade de prova de conhecimentos:<\/span><\/p>\n<ul>\n<li><span style=\"color: #000000;\">Engenharia biom\u00e9dica &#8211; prova presencial &#8211; Pr\u00e9dio da Engenharia El\u00e9trica &#8211; Sala B2-01.<\/span><\/li>\n<li><span style=\"color: #000000;\">Engenharia de computa\u00e7\u00e3o &#8211; prova online.<\/span><\/li>\n<li><span style=\"color: #000000;\">Engenharia de sistemas &#8211; prova presencial &#8211; Pr\u00e9dio da Engenharia El\u00e9trica &#8211; Sala B2-01.<br \/>\n<\/span><\/li>\n<li><span style=\"color: #000000;\">Microeletr\u00f4nica &#8211; prova presencial &#8211; Pr\u00e9dio da Engenharia El\u00e9trica &#8211; Sala C1-05.<\/span><\/li>\n<li><span style=\"color: #000000;\">Sistemas de pot\u00eancia &#8211; prova presencial &#8211; Pr\u00e9dio da Engenharia El\u00e9trica &#8211; Sala B2-01.<\/span><\/li>\n<li><span style=\"color: #000000;\">Sistemas eletr\u00f4nicos &#8211; prova presencial &#8211; Pr\u00e9dio da Engenharia El\u00e9trica &#8211; Sala <span class=\"il\">GD<\/span>-05.<\/span><\/li>\n<\/ul>\n<p>&nbsp;<\/p>\n<p><span style=\"color: #000000;\">As provas na modalidade &#8216;online&#8217; ter\u00e3o seu link divulgado oportunamente.<\/span><\/p>\n<p><span style=\"color: #000000;\">As provas na modalidade &#8216;presencial&#8217; ser\u00e3o realizadas na Av. Prof. Luciano Gualberto, travessa 3, N. 158, Edif\u00edcio da Engenharia El\u00e9trica da Escola Polit\u00e9cnica da Universidade de S\u00e3o Paulo, campus de S\u00e3o Paulo, SP. As salas de aula ser\u00e3o divulgadas oportunamente. <\/span><\/p>\n<h4><\/h4>\n<h4><span style=\"color: #000000;\">Alternativa para execu\u00e7\u00e3o a dist\u00e2ncia da Prova de Conhecimentos<\/span><\/h4>\n<p><span style=\"color: #000000;\"> Os candidatos residentes fora do estado de S\u00e3o Paulo e dentro do Brasil ou candidatos residentes fora do Brasil ter\u00e3o a alternativa de fazer a Prova de Conhecimentos em uma institui\u00e7\u00e3o de ensino a ser contatada. Dever\u00e1 haver um professor em cada institui\u00e7\u00e3o onde houver candidatos. O professor ser\u00e1 respons\u00e1vel pela aplica\u00e7\u00e3o da prova. Ap\u00f3s a conclus\u00e3o do exame, o professor dever\u00e1 enviar imediatamente a prova digitalizada, via email. O tr\u00e2mite com o professor da institui\u00e7\u00e3o ser\u00e1 feito diretamente pela Comiss\u00e3o de Ingresso do PPGEE. O contato desse professor respons\u00e1vel deve ser fornecido no momento de inscri\u00e7\u00e3o do processo seletivo, em campo apropriado do formul\u00e1rio eletr\u00f4nico.<\/span><\/p>\n<p>&nbsp;<\/p>\n<h3><span style=\"color: #000000;\"><strong>Instru\u00e7\u00f5es para a elabora\u00e7\u00e3o de carta de recomenda\u00e7\u00e3o<\/strong><\/span><\/h3>\n<p><span style=\"color: #000000;\">As instru\u00e7\u00f5es para a elabora\u00e7\u00e3o de carta de recomenda\u00e7\u00e3o podem ser baixadas <a style=\"color: #000000;\" href=\"\/\/ppgee.poli.usp.br\/wp-content\/uploads\/sites\/92\/2016\/05\/CartaRecomenda%C3%A7%C3%A3o.pdf\">aqui<\/a><\/span><\/p>\n<p>&nbsp;<\/p>\n<h3><span style=\"color: #000000;\"><strong>Entrevistas e argui\u00e7\u00f5es<br \/>\n<\/strong><\/span><\/h3>\n<p><span style=\"color: #000000;\">Os candidatos habilitados pela prova de conhecimentos ser\u00e3o contatados por email para realizar uma entrevista e argui\u00e7\u00e3o com uma banca de avalia\u00e7\u00e3o. Essas entrevistas ser\u00e3o conduzidas por telepresen\u00e7a, de forma online.<\/span><\/p>\n<h3><\/h3>\n<h3><span style=\"color: #000000;\">Resultados e informa\u00e7\u00f5es das \u00e1reas<\/span><\/h3>\n<ul>\n<li><a href=\"http:\/\/ppgee.poli.usp.br\/resultado-engenharia-biomedica-2-2023\/\"><span style=\"color: #000000;\">Engenharia biom\u00e9dica<\/span><\/a><\/li>\n<li><a href=\"http:\/\/ppgee.poli.usp.br\/resultado-engenharia-da-computacao-2-2023\/\"><span style=\"color: #000000;\">Engenharia da computa\u00e7\u00e3o<\/span><\/a><\/li>\n<li><a href=\"http:\/\/ppgee.poli.usp.br\/resultado-engenharia-de-sistemas-2-2023\/\"><span style=\"color: #000000;\">Engenharia de sistemas<\/span><\/a><\/li>\n<li><a href=\"http:\/\/ppgee.poli.usp.br\/resultado-microeletronica-2-2023\/\"><span style=\"color: #000000;\">Microeletr\u00f4nica<\/span><\/a><\/li>\n<li><a href=\"http:\/\/ppgee.poli.usp.br\/resultado-sistemas-de-potencia-2-2023\/\"><span style=\"color: #000000;\">Sistemas de pot\u00eancia<\/span><\/a><\/li>\n<li><a href=\"http:\/\/ppgee.poli.usp.br\/resultado-sistemas-eletronicos-2-2023\/\"><span style=\"color: #000000;\">Sistema<\/span><span style=\"color: #000000;\">s eletr\u00f4nicos<\/span><\/a><\/li>\n<\/ul>\n<p>&nbsp;<\/p>\n<h3><span style=\"color: #000000;\">Bolsas de Estudo do PPGEE<\/span><\/h3>\n<p><span style=\"color: #000000;\">Informa\u00e7\u00f5es sobre bolsas a definir.<\/span><\/p>\n<p><script src=\"moz-extension:\/\/ce4dfaf1-8d4a-469e-84b6-33e740ff1dc9\/js\/app.js\" type=\"text\/javascript\"><\/script><\/p>","protected":false},"excerpt":{"rendered":"<p>Edital do 2\u00ba processo seletivo\u00a0 de 2023 Baixe o edital completo aqui. Data de inscri\u00e7\u00e3o:\u00a008\/05\/2023 [&hellip;]<\/p>\n","protected":false},"author":239,"featured_media":0,"parent":1914,"menu_order":25,"comment_status":"closed","ping_status":"closed","template":"","meta":{"_monsterinsights_skip_tracking":false,"_monsterinsights_sitenote_active":false,"_monsterinsights_sitenote_note":"","_monsterinsights_sitenote_category":0,"footnotes":"","_links_to":"","_links_to_target":""},"categories":[],"tags":[],"class_list":["post-5426","page","type-page","status-publish","hentry"],"_links":{"self":[{"href":"https:\/\/ppgee.poli.usp.br\/pb\/wp-json\/wp\/v2\/pages\/5426","targetHints":{"allow":["GET"]}}],"collection":[{"href":"https:\/\/ppgee.poli.usp.br\/pb\/wp-json\/wp\/v2\/pages"}],"about":[{"href":"https:\/\/ppgee.poli.usp.br\/pb\/wp-json\/wp\/v2\/types\/page"}],"author":[{"embeddable":true,"href":"https:\/\/ppgee.poli.usp.br\/pb\/wp-json\/wp\/v2\/users\/239"}],"replies":[{"embeddable":true,"href":"https:\/\/ppgee.poli.usp.br\/pb\/wp-json\/wp\/v2\/comments?post=5426"}],"version-history":[{"count":6,"href":"https:\/\/ppgee.poli.usp.br\/pb\/wp-json\/wp\/v2\/pages\/5426\/revisions"}],"predecessor-version":[{"id":5539,"href":"https:\/\/ppgee.poli.usp.br\/pb\/wp-json\/wp\/v2\/pages\/5426\/revisions\/5539"}],"up":[{"embeddable":true,"href":"https:\/\/ppgee.poli.usp.br\/pb\/wp-json\/wp\/v2\/pages\/1914"}],"wp:attachment":[{"href":"https:\/\/ppgee.poli.usp.br\/pb\/wp-json\/wp\/v2\/media?parent=5426"}],"wp:term":[{"taxonomy":"category","embeddable":true,"href":"https:\/\/ppgee.poli.usp.br\/pb\/wp-json\/wp\/v2\/categories?post=5426"},{"taxonomy":"post_tag","embeddable":true,"href":"https:\/\/ppgee.poli.usp.br\/pb\/wp-json\/wp\/v2\/tags?post=5426"}],"curies":[{"name":"wp","href":"https:\/\/api.w.org\/{rel}","templated":true}]}}