{"id":5366,"date":"2023-01-08T07:11:29","date_gmt":"2023-01-08T10:11:29","guid":{"rendered":"http:\/\/ppgee.poli.usp.br\/?page_id=5366"},"modified":"2023-01-08T12:42:14","modified_gmt":"2023-01-08T15:42:14","slug":"solicitacao-de-bolsas-doutorado","status":"publish","type":"page","link":"https:\/\/ppgee.poli.usp.br\/pb\/bolsas\/posgrad\/solicitacao-de-bolsas-doutorado\/","title":{"rendered":"Solicita\u00e7\u00e3o de Bolsas &#8211; Doutorado"},"content":{"rendered":"<p>A solicita\u00e7\u00e3o de bolsas de doutorado ocorrer\u00e1 em regime de fluxo cont\u00ednuo e poder\u00e3o ser implementadas at\u00e9 o dia 15 de cada m\u00eas. Somente pedidos realizados at\u00e9 o dia 10 de cada m\u00eas ser\u00e3o considerados no mesmo m\u00eas.<\/p>\n<p>A solicita\u00e7\u00e3o da bolsa de doutorado dever\u00e1 ser feita atrav\u00e9s do formul\u00e1rio neste <a href=\"https:\/\/docs.google.com\/forms\/d\/e\/1FAIpQLSdqF8J2mDwIScDhMVaV0s_9bKm1vKmpF29wUTnBK4fbTPXADA\/viewform?usp=sf_link\">link<\/a>.<\/p>\n<p>&nbsp;<\/p>","protected":false},"excerpt":{"rendered":"<p>A solicita\u00e7\u00e3o de bolsas de doutorado ocorrer\u00e1 em regime de fluxo cont\u00ednuo e poder\u00e3o ser [&hellip;]<\/p>\n","protected":false},"author":21827,"featured_media":3630,"parent":2071,"menu_order":0,"comment_status":"closed","ping_status":"closed","template":"","meta":{"_monsterinsights_skip_tracking":false,"_monsterinsights_sitenote_active":false,"_monsterinsights_sitenote_note":"","_monsterinsights_sitenote_category":0,"footnotes":"","_links_to":"","_links_to_target":""},"categories":[],"tags":[],"class_list":["post-5366","page","type-page","status-publish","has-post-thumbnail","hentry"],"_links":{"self":[{"href":"https:\/\/ppgee.poli.usp.br\/pb\/wp-json\/wp\/v2\/pages\/5366","targetHints":{"allow":["GET"]}}],"collection":[{"href":"https:\/\/ppgee.poli.usp.br\/pb\/wp-json\/wp\/v2\/pages"}],"about":[{"href":"https:\/\/ppgee.poli.usp.br\/pb\/wp-json\/wp\/v2\/types\/page"}],"author":[{"embeddable":true,"href":"https:\/\/ppgee.poli.usp.br\/pb\/wp-json\/wp\/v2\/users\/21827"}],"replies":[{"embeddable":true,"href":"https:\/\/ppgee.poli.usp.br\/pb\/wp-json\/wp\/v2\/comments?post=5366"}],"version-history":[{"count":2,"href":"https:\/\/ppgee.poli.usp.br\/pb\/wp-json\/wp\/v2\/pages\/5366\/revisions"}],"predecessor-version":[{"id":5374,"href":"https:\/\/ppgee.poli.usp.br\/pb\/wp-json\/wp\/v2\/pages\/5366\/revisions\/5374"}],"up":[{"embeddable":true,"href":"https:\/\/ppgee.poli.usp.br\/pb\/wp-json\/wp\/v2\/pages\/2071"}],"wp:featuredmedia":[{"embeddable":true,"href":"https:\/\/ppgee.poli.usp.br\/pb\/wp-json\/wp\/v2\/media\/3630"}],"wp:attachment":[{"href":"https:\/\/ppgee.poli.usp.br\/pb\/wp-json\/wp\/v2\/media?parent=5366"}],"wp:term":[{"taxonomy":"category","embeddable":true,"href":"https:\/\/ppgee.poli.usp.br\/pb\/wp-json\/wp\/v2\/categories?post=5366"},{"taxonomy":"post_tag","embeddable":true,"href":"https:\/\/ppgee.poli.usp.br\/pb\/wp-json\/wp\/v2\/tags?post=5366"}],"curies":[{"name":"wp","href":"https:\/\/api.w.org\/{rel}","templated":true}]}}