{"id":5204,"date":"2022-10-03T13:37:32","date_gmt":"2022-10-03T16:37:32","guid":{"rendered":"http:\/\/ppgee.poli.usp.br\/?page_id=5204"},"modified":"2022-12-14T14:28:29","modified_gmt":"2022-12-14T17:28:29","slug":"me-dd-engenharia-de-sistemas-3139","status":"publish","type":"page","link":"https:\/\/ppgee.poli.usp.br\/pb\/programas\/processo-seletivo\/processo-seletivo-1-2023\/me-dd-engenharia-de-sistemas-3139\/","title":{"rendered":"ME\/DD \u2013 Engenharia de sistemas \u2013 3139"},"content":{"rendered":"<p><\/p>\n<h3>Prova de conhecimentos remota<\/h3>\n<p>A prova de conhecimentos remota ser\u00e1 realizada no dia 09\/11\/2022, das 14h00 \u00e0s 17h00.<\/p>\n<p>A prova ser\u00e1 disponibilizada via videoconfer\u00eancia com o Google Meet, e o endere\u00e7o a ser acessado ser\u00e1 disponibilizado por e-mail apenas para os estudantes que constam da lista de candidatos habilitados para avalia\u00e7\u00e3o de conhecimentos. At\u00e9 o dia 06\/11 voc\u00ea deve receber este convite por e-mail. Caso n\u00e3o tenha recebido at\u00e9 06\/11, entre em contato urgente com ppgee.3139@usp.br.<\/p>\n<p>Entre no link fornecido com 30 minutos de anteced\u00eancia para receber as informa\u00e7\u00f5es sobre a prova.<\/p>\n<p>&nbsp;<\/p>\n<p><strong>Candidatos de mestrado e doutorado direto habilitados para avalia\u00e7\u00e3o de conhecimentos<\/strong><\/p>\n<ul>\n<li><a href=\"https:\/\/ppgee.poli.usp.br\/wp-content\/uploads\/sites\/92\/2022\/10\/Candidatos_Habilitados_para_Exame_de_Ingresso_3139_1_2023-1.pdf\" target=\"_blank\" rel=\"noopener\">Candidatos habilitados para avalia\u00e7\u00e3o de conhecimentos<\/a><\/li>\n<\/ul>\n<p>&nbsp;<\/p>\n<p><strong>Candidatos de mestrado e doutorado direto convocados para argui\u00e7\u00e3o<\/strong><\/p>\n<ul>\n<li><a href=\"http:\/\/ppgee.poli.usp.br\/wp-content\/uploads\/sites\/92\/2022\/11\/Candidatos_Habilitados_para_Arguicao_3139_1_2023.pdf\" target=\"_blank\" rel=\"noopener\">Candidatos convocados para argui\u00e7\u00e3o<\/a><strong> \u00a0<\/strong><\/li>\n<\/ul>\n<p>&nbsp;<\/p>\n<p><strong>Lista de candidatos de mestrado e doutorado direto aprovados<br \/>\n<\/strong><\/p>\n<ul>\n<li><a href=\"http:\/\/ppgee.poli.usp.br\/wp-content\/uploads\/sites\/92\/2022\/12\/Aprovados_Mestrado_Ingresso_3139_1_2023.pdf\" target=\"_blank\" rel=\"noopener\">Candidatos aprovados<\/a> <span style=\"color: #ff0000;\"><strong>NOVO!!<\/strong><\/span><\/li>\n<\/ul>\n<p><\/p>","protected":false},"excerpt":{"rendered":"<p>Prova de conhecimentos remota A prova de conhecimentos remota ser\u00e1 realizada no dia 09\/11\/2022, das [&hellip;]<\/p>\n","protected":false},"author":239,"featured_media":0,"parent":5199,"menu_order":0,"comment_status":"closed","ping_status":"closed","template":"","meta":{"_monsterinsights_skip_tracking":false,"_monsterinsights_sitenote_active":false,"_monsterinsights_sitenote_note":"","_monsterinsights_sitenote_category":0,"footnotes":"","_links_to":"","_links_to_target":""},"categories":[],"tags":[],"class_list":["post-5204","page","type-page","status-publish","hentry"],"_links":{"self":[{"href":"https:\/\/ppgee.poli.usp.br\/pb\/wp-json\/wp\/v2\/pages\/5204","targetHints":{"allow":["GET"]}}],"collection":[{"href":"https:\/\/ppgee.poli.usp.br\/pb\/wp-json\/wp\/v2\/pages"}],"about":[{"href":"https:\/\/ppgee.poli.usp.br\/pb\/wp-json\/wp\/v2\/types\/page"}],"author":[{"embeddable":true,"href":"https:\/\/ppgee.poli.usp.br\/pb\/wp-json\/wp\/v2\/users\/239"}],"replies":[{"embeddable":true,"href":"https:\/\/ppgee.poli.usp.br\/pb\/wp-json\/wp\/v2\/comments?post=5204"}],"version-history":[{"count":4,"href":"https:\/\/ppgee.poli.usp.br\/pb\/wp-json\/wp\/v2\/pages\/5204\/revisions"}],"predecessor-version":[{"id":5352,"href":"https:\/\/ppgee.poli.usp.br\/pb\/wp-json\/wp\/v2\/pages\/5204\/revisions\/5352"}],"up":[{"embeddable":true,"href":"https:\/\/ppgee.poli.usp.br\/pb\/wp-json\/wp\/v2\/pages\/5199"}],"wp:attachment":[{"href":"https:\/\/ppgee.poli.usp.br\/pb\/wp-json\/wp\/v2\/media?parent=5204"}],"wp:term":[{"taxonomy":"category","embeddable":true,"href":"https:\/\/ppgee.poli.usp.br\/pb\/wp-json\/wp\/v2\/categories?post=5204"},{"taxonomy":"post_tag","embeddable":true,"href":"https:\/\/ppgee.poli.usp.br\/pb\/wp-json\/wp\/v2\/tags?post=5204"}],"curies":[{"name":"wp","href":"https:\/\/api.w.org\/{rel}","templated":true}]}}