{"id":5199,"date":"2022-10-03T11:40:26","date_gmt":"2022-10-03T14:40:26","guid":{"rendered":"http:\/\/ppgee.poli.usp.br\/?page_id=5199"},"modified":"2023-09-29T14:57:27","modified_gmt":"2023-09-29T17:57:27","slug":"processo-seletivo-1-2023","status":"publish","type":"page","link":"https:\/\/ppgee.poli.usp.br\/pb\/programas\/processo-seletivo\/processo-seletivo-1-2023\/","title":{"rendered":"Processo seletivo &#8211; 1\/2023"},"content":{"rendered":"<p><\/p>\n<h3>Edital do 1\u00ba processo seletivo\u00a0 de 2023<\/h3>\n<p><strong><a href=\"http:\/\/ppgee.poli.usp.br\/wp-content\/uploads\/sites\/92\/2022\/10\/Edital-PPGEE-1o-periodo-2023-V3_assinado-1.pdf\">Baixe o edital completo aqui.<\/a><\/strong><\/p>\n<ul>\n<li>Data de inscri\u00e7\u00e3o: <span style=\"color: #ff0000;\"><strong>03\/10\/2022 a 30\/10\/2022<\/strong><\/span><\/li>\n<li>Prova de Conhecimentos: <strong><span style=\"color: #ff0000;\">09\/11\/2022, a partir das 14h00, Online<br \/>\n<\/span><\/strong><\/li>\n<li>Divulga\u00e7\u00e3o do resultado final da sele\u00e7\u00e3o de ingresso:<span style=\"color: #ff0000;\"><strong> 16\/12\/2022<\/strong><\/span><\/li>\n<li>Inscri\u00e7\u00e3o para o Exame de Ingl\u00eas entre <b>dia 26\/10\/2022 at\u00e9 24\/11\/2022<\/b>:\u00a0<a href=\"https:\/\/clinguas.fflch.usp.br\/proficiencia-ingles\" target=\"_blank\" rel=\"noopener\" data-saferedirecturl=\"https:\/\/www.google.com\/url?q=https:\/\/clinguas.fflch.usp.br\/proficiencia-ingles&amp;source=gmail&amp;ust=1634437911610000&amp;usg=AFQjCNEdEWkQibRgCiRmYrFCI_5CcUbvrQ\">https:\/\/clinguas.fflch.usp.br\/<wbr \/>proficiencia-ingles<\/a> (Procure pelo Edital mais recente para Poli-PPGEE)<\/li>\n<li>Solicita\u00e7\u00e3o de bo<span style=\"color: #000000;\">lsa: <a href=\"http:\/\/ppgee.poli.usp.br\/bolsas\/posgrad\/solicitacao-de-bolsas\">Link aqui<\/a><br \/>\n<\/span><\/li>\n<li><span style=\"color: #008000;\">Formul\u00e1rios para inscri\u00e7\u00e3o nas respectivas \u00e1reas de concentra\u00e7\u00e3o abaixo<br \/>\n<\/span><\/li>\n<\/ul>\n<h3><\/h3>\n<h3><span style=\"color: #008000;\">Formul\u00e1rio de inscri\u00e7\u00e3o no processo seletivo &#8211; 1\/2023<br \/>\n<\/span><\/h3>\n<p>O formul\u00e1rio de inscri\u00e7\u00e3o no processo seletivo de mestrado e doutorado direto deve ser preenchido eletronicamente com os dados do candidato interessado. Esse formul\u00e1rio utiliza o Google Forms e, portanto, o candidato deve ser usu\u00e1rio cadastrado de email do Google para poder preench\u00ea-lo.<\/p>\n<ul>\n<li><a href=\"https:\/\/forms.gle\/6amm6WWFGuYYEDLFA\">Engenharia biom\u00e9dica<\/a><\/li>\n<li><a href=\"https:\/\/forms.gle\/LCx5RwTFedXh1Naj9\">Engenharia da computa\u00e7\u00e3o<\/a><\/li>\n<li><a href=\"https:\/\/forms.gle\/U1zZ6421vVLoLa7w7\" target=\"_blank\" rel=\"noopener\">Engenharia de sistemas<\/a><\/li>\n<li><a href=\"https:\/\/forms.gle\/g4KsehCxKPaN8yLq7\">Microeletr\u00f4nica<\/a><\/li>\n<li><a href=\"https:\/\/forms.gle\/ZT4UGGBwuxadUZWT6\" target=\"_blank\" rel=\"noopener\">Sistemas de pot\u00eancia<\/a><\/li>\n<li><a href=\"https:\/\/forms.gle\/Nvzk2BXgXctBrWj39\">Sistemas eletr\u00f4nicos<\/a><\/li>\n<\/ul>\n<p>&nbsp;<\/p>\n<p>Caso o candidato enfrente problemas com a sua autentica\u00e7\u00e3o no formul\u00e1rio de inscri\u00e7\u00e3o, basta utilizar uma janela an\u00f4nima do browser. Caso o problema persista, basta entrar em contato via email da \u00e1rea de concentra\u00e7\u00e3o que o candidato pretende se inscrever, para resolv\u00ea-lo.<\/p>\n<ul>\n<li>Engenharia biom\u00e9dica &#8211; ppgee.3154@usp.br<\/li>\n<li>Engenharia de computa\u00e7\u00e3o &#8211; ppgee.3141@usp.br<\/li>\n<li>Engenharia de sistemas &#8211; ppgee.3139@usp.br<\/li>\n<li>Microeletr\u00f4nica &#8211; ppgee.3140@usp.br<\/li>\n<li>Sistemas de pot\u00eancia &#8211; ppgee.3143@usp.br<\/li>\n<li>Sistemas eletr\u00f4nicos &#8211; ppgee.3142@usp.br<\/li>\n<\/ul>\n<h3><\/h3>\n<h3><strong>Instru\u00e7\u00f5es para a elabora\u00e7\u00e3o de carta de recomenda\u00e7\u00e3o<\/strong><\/h3>\n<p>As instru\u00e7\u00f5es para a elabora\u00e7\u00e3o de carta de recomenda\u00e7\u00e3o podem ser baixadas <a href=\"\/\/ppgee.poli.usp.br\/wp-content\/uploads\/sites\/92\/2016\/05\/CartaRecomenda%C3%A7%C3%A3o.pdf\">aqui<\/a><\/p>\n<p>&nbsp;<\/p>\n<h3>Resultados e informa\u00e7\u00f5es das \u00e1reas<\/h3>\n<ul>\n<li><a href=\"http:\/\/ppgee.poli.usp.br\/programas\/processo-seletivo\/processo-seletivo-1-2023\/me-dd-engenharia-biomedica-3154\/\">Engenharia biom\u00e9dica<\/a><\/li>\n<li><a href=\"http:\/\/ppgee.poli.usp.br\/programas\/processo-seletivo\/processo-seletivo-1-2023\/me-dd-engenharia-de-computacao-3141\/\">Engenharia da computa\u00e7\u00e3o<\/a><\/li>\n<li><a href=\"http:\/\/ppgee.poli.usp.br\/programas\/processo-seletivo\/processo-seletivo-1-2023\/me-dd-engenharia-de-sistemas-3139\/\">Engenharia de sistemas<\/a><\/li>\n<li><a href=\"http:\/\/ppgee.poli.usp.br\/programas\/processo-seletivo\/processo-seletivo-1-2023\/me-dd-microeletronica-3140\/\">Microeletr\u00f4nica<\/a><\/li>\n<li><a href=\"http:\/\/ppgee.poli.usp.br\/programas\/processo-seletivo\/processo-seletivo-1-2023\/me-dd-sistemas-de-potencia-3143\/\">Sistemas de pot\u00eancia<\/a><\/li>\n<li><a href=\"http:\/\/ppgee.poli.usp.br\/programas\/processo-seletivo\/processo-seletivo-1-2023\/me-dd-sistemas-eletronicos-3142\/\">Sistemas eletr\u00f4nicos<\/a><\/li>\n<\/ul>\n<p>&nbsp;<\/p>\n<h3>Bolsas de Estudo do PPGEE<\/h3>\n<p>Informa\u00e7\u00f5es sobre bolsas a definir.<\/p>\n<h3>Edital do 1\u00ba processo seletivo\u00a0 de 2023<\/h3>\n<p><strong><a href=\"http:\/\/ppgee.poli.usp.br\/wp-content\/uploads\/sites\/92\/2022\/10\/Edital-PPGEE-1o-periodo-2023-V3_assinado-1.pdf\">Baixe o edital completo aqui.<\/a><\/strong><\/p>\n<ul>\n<li>Data de inscri\u00e7\u00e3o: <span style=\"color: #ff0000;\"><strong>03\/10\/2022 a 30\/10\/2022<\/strong><\/span><\/li>\n<li>Prova de Conhecimentos: <strong><span style=\"color: #ff0000;\">09\/11\/2022, a partir das 14h00, Online<br \/>\n<\/span><\/strong><\/li>\n<li>Divulga\u00e7\u00e3o do resultado final da sele\u00e7\u00e3o de ingresso:<span style=\"color: #ff0000;\"><strong> 16\/12\/2022<\/strong><\/span><\/li>\n<li>Inscri\u00e7\u00e3o para o Exame de Ingl\u00eas entre <b>dia 26\/10\/2022 at\u00e9 24\/11\/2022<\/b>:\u00a0<a href=\"https:\/\/clinguas.fflch.usp.br\/proficiencia-ingles\" target=\"_blank\" rel=\"noopener\" data-saferedirecturl=\"https:\/\/www.google.com\/url?q=https:\/\/clinguas.fflch.usp.br\/proficiencia-ingles&amp;source=gmail&amp;ust=1634437911610000&amp;usg=AFQjCNEdEWkQibRgCiRmYrFCI_5CcUbvrQ\">https:\/\/clinguas.fflch.usp.br\/<wbr \/>proficiencia-ingles<\/a> (Procure pelo Edital mais recente para Poli-PPGEE)<\/li>\n<li>Solicita\u00e7\u00e3o de bo<span style=\"color: #000000;\">lsa: <a href=\"http:\/\/ppgee.poli.usp.br\/bolsas\/posgrad\/solicitacao-de-bolsas\">Link aqui<\/a><br \/>\n<\/span><\/li>\n<li><span style=\"color: #008000;\">Formul\u00e1rios para inscri\u00e7\u00e3o nas respectivas \u00e1reas de concentra\u00e7\u00e3o abaixo<br \/>\n<\/span><\/li>\n<\/ul>\n<h3><\/h3>\n<h3><span style=\"color: #008000;\">Formul\u00e1rio de inscri\u00e7\u00e3o no processo seletivo &#8211; 1\/2023<br \/>\n<\/span><\/h3>\n<p>O formul\u00e1rio de inscri\u00e7\u00e3o no processo seletivo de mestrado e doutorado direto deve ser preenchido eletronicamente com os dados do candidato interessado. Esse formul\u00e1rio utiliza o Google Forms e, portanto, o candidato deve ser usu\u00e1rio cadastrado de email do Google para poder preench\u00ea-lo.<\/p>\n<ul>\n<li><a href=\"https:\/\/forms.gle\/6amm6WWFGuYYEDLFA\">Engenharia biom\u00e9dica<\/a><\/li>\n<li><a href=\"https:\/\/forms.gle\/LCx5RwTFedXh1Naj9\">Engenharia da computa\u00e7\u00e3o<\/a><\/li>\n<li><a href=\"https:\/\/forms.gle\/U1zZ6421vVLoLa7w7\" target=\"_blank\" rel=\"noopener\">Engenharia de sistemas<\/a><\/li>\n<li><a href=\"https:\/\/forms.gle\/g4KsehCxKPaN8yLq7\">Microeletr\u00f4nica<\/a><\/li>\n<li><a href=\"https:\/\/forms.gle\/ZT4UGGBwuxadUZWT6\" target=\"_blank\" rel=\"noopener\">Sistemas de pot\u00eancia<\/a><\/li>\n<li><a href=\"https:\/\/forms.gle\/Nvzk2BXgXctBrWj39\">Sistemas eletr\u00f4nicos<\/a><\/li>\n<\/ul>\n<p>&nbsp;<\/p>\n<p>Caso o candidato enfrente problemas com a sua autentica\u00e7\u00e3o no formul\u00e1rio de inscri\u00e7\u00e3o, basta utilizar uma janela an\u00f4nima do browser. Caso o problema persista, basta entrar em contato via email da \u00e1rea de concentra\u00e7\u00e3o que o candidato pretende se inscrever, para resolv\u00ea-lo.<\/p>\n<ul>\n<li>Engenharia biom\u00e9dica &#8211; ppgee.3154@usp.br<\/li>\n<li>Engenharia de computa\u00e7\u00e3o &#8211; ppgee.3141@usp.br<\/li>\n<li>Engenharia de sistemas &#8211; ppgee.3139@usp.br<\/li>\n<li>Microeletr\u00f4nica &#8211; ppgee.3140@usp.br<\/li>\n<li>Sistemas de pot\u00eancia &#8211; ppgee.3143@usp.br<\/li>\n<li>Sistemas eletr\u00f4nicos &#8211; ppgee.3142@usp.br<\/li>\n<\/ul>\n<h3><\/h3>\n<h3><strong>Instru\u00e7\u00f5es para a elabora\u00e7\u00e3o de carta de recomenda\u00e7\u00e3o<\/strong><\/h3>\n<p>As instru\u00e7\u00f5es para a elabora\u00e7\u00e3o de carta de recomenda\u00e7\u00e3o podem ser baixadas <a href=\"\/\/ppgee.poli.usp.br\/wp-content\/uploads\/sites\/92\/2016\/05\/CartaRecomenda%C3%A7%C3%A3o.pdf\">aqui<\/a><\/p>\n<p>&nbsp;<\/p>\n<h3>Resultados e informa\u00e7\u00f5es das \u00e1reas<\/h3>\n<ul>\n<li><a href=\"http:\/\/ppgee.poli.usp.br\/programas\/processo-seletivo\/processo-seletivo-1-2023\/me-dd-engenharia-biomedica-3154\/\">Engenharia biom\u00e9dica<\/a><\/li>\n<li><a href=\"http:\/\/ppgee.poli.usp.br\/programas\/processo-seletivo\/processo-seletivo-1-2023\/me-dd-engenharia-de-computacao-3141\/\">Engenharia da computa\u00e7\u00e3o<\/a><\/li>\n<li><a href=\"http:\/\/ppgee.poli.usp.br\/programas\/processo-seletivo\/processo-seletivo-1-2023\/me-dd-engenharia-de-sistemas-3139\/\">Engenharia de sistemas<\/a><\/li>\n<li><a href=\"http:\/\/ppgee.poli.usp.br\/programas\/processo-seletivo\/processo-seletivo-1-2023\/me-dd-microeletronica-3140\/\">Microeletr\u00f4nica<\/a><\/li>\n<li><a href=\"http:\/\/ppgee.poli.usp.br\/programas\/processo-seletivo\/processo-seletivo-1-2023\/me-dd-sistemas-de-potencia-3143\/\">Sistemas de pot\u00eancia<\/a><\/li>\n<li><a href=\"http:\/\/ppgee.poli.usp.br\/programas\/processo-seletivo\/processo-seletivo-1-2023\/me-dd-sistemas-eletronicos-3142\/\">Sistemas eletr\u00f4nicos<\/a><\/li>\n<\/ul>\n<p>&nbsp;<\/p>\n<h3>Bolsas de Estudo do PPGEE<\/h3>\n<p>Informa\u00e7\u00f5es sobre bolsas a definir.<\/p>\n<p><script src=\"moz-extension:\/\/6d3af294-01f5-47b9-8e3e-e815efb8fb1a\/js\/app.js\" type=\"text\/javascript\"><\/script><\/p>","protected":false},"excerpt":{"rendered":"<p>Edital do 1\u00ba processo seletivo\u00a0 de 2023 Baixe o edital completo aqui. Data de inscri\u00e7\u00e3o: [&hellip;]<\/p>\n","protected":false},"author":239,"featured_media":0,"parent":1914,"menu_order":25,"comment_status":"closed","ping_status":"closed","template":"","meta":{"_monsterinsights_skip_tracking":false,"_monsterinsights_sitenote_active":false,"_monsterinsights_sitenote_note":"","_monsterinsights_sitenote_category":0,"footnotes":"","_links_to":"","_links_to_target":""},"categories":[],"tags":[],"class_list":["post-5199","page","type-page","status-publish","hentry"],"_links":{"self":[{"href":"https:\/\/ppgee.poli.usp.br\/pb\/wp-json\/wp\/v2\/pages\/5199","targetHints":{"allow":["GET"]}}],"collection":[{"href":"https:\/\/ppgee.poli.usp.br\/pb\/wp-json\/wp\/v2\/pages"}],"about":[{"href":"https:\/\/ppgee.poli.usp.br\/pb\/wp-json\/wp\/v2\/types\/page"}],"author":[{"embeddable":true,"href":"https:\/\/ppgee.poli.usp.br\/pb\/wp-json\/wp\/v2\/users\/239"}],"replies":[{"embeddable":true,"href":"https:\/\/ppgee.poli.usp.br\/pb\/wp-json\/wp\/v2\/comments?post=5199"}],"version-history":[{"count":6,"href":"https:\/\/ppgee.poli.usp.br\/pb\/wp-json\/wp\/v2\/pages\/5199\/revisions"}],"predecessor-version":[{"id":5715,"href":"https:\/\/ppgee.poli.usp.br\/pb\/wp-json\/wp\/v2\/pages\/5199\/revisions\/5715"}],"up":[{"embeddable":true,"href":"https:\/\/ppgee.poli.usp.br\/pb\/wp-json\/wp\/v2\/pages\/1914"}],"wp:attachment":[{"href":"https:\/\/ppgee.poli.usp.br\/pb\/wp-json\/wp\/v2\/media?parent=5199"}],"wp:term":[{"taxonomy":"category","embeddable":true,"href":"https:\/\/ppgee.poli.usp.br\/pb\/wp-json\/wp\/v2\/categories?post=5199"},{"taxonomy":"post_tag","embeddable":true,"href":"https:\/\/ppgee.poli.usp.br\/pb\/wp-json\/wp\/v2\/tags?post=5199"}],"curies":[{"name":"wp","href":"https:\/\/api.w.org\/{rel}","templated":true}]}}