{"id":5132,"date":"2022-07-06T10:09:38","date_gmt":"2022-07-06T13:09:38","guid":{"rendered":"https:\/\/ppgee.poli.usp.br\/?page_id=5132"},"modified":"2025-12-11T16:29:11","modified_gmt":"2025-12-11T19:29:11","slug":"calendario-de-matricula","status":"publish","type":"page","link":"https:\/\/ppgee.poli.usp.br\/pb\/programas\/calendario-de-matricula\/","title":{"rendered":"Calend\u00e1rio de Matr\u00edcula"},"content":{"rendered":"<p><a href=\"https:\/\/ppgee.poli.usp.br\/wp-content\/uploads\/sites\/92\/2025\/12\/Calendario-1o-e-2o-sem.-2026-POLI.png\"><img loading=\"lazy\" decoding=\"async\" class=\"alignnone wp-image-6904 size-full\" src=\"https:\/\/ppgee.poli.usp.br\/wp-content\/uploads\/sites\/92\/2025\/12\/Calendario-1o-e-2o-sem.-2026-POLI.png\" alt=\"Calend\u00e1rio de matr\u00edcula da p\u00f3s-gradua\u00e7\u00e3o 2026\" width=\"927\" height=\"1080\" srcset=\"https:\/\/ppgee.poli.usp.br\/wp-content\/uploads\/sites\/92\/2025\/12\/Calendario-1o-e-2o-sem.-2026-POLI.png 927w, https:\/\/ppgee.poli.usp.br\/wp-content\/uploads\/sites\/92\/2025\/12\/Calendario-1o-e-2o-sem.-2026-POLI-258x300.png 258w, https:\/\/ppgee.poli.usp.br\/wp-content\/uploads\/sites\/92\/2025\/12\/Calendario-1o-e-2o-sem.-2026-POLI-879x1024.png 879w, https:\/\/ppgee.poli.usp.br\/wp-content\/uploads\/sites\/92\/2025\/12\/Calendario-1o-e-2o-sem.-2026-POLI-768x895.png 768w, https:\/\/ppgee.poli.usp.br\/wp-content\/uploads\/sites\/92\/2025\/12\/Calendario-1o-e-2o-sem.-2026-POLI-400x466.png 400w\" sizes=\"auto, (max-width: 927px) 100vw, 927px\" \/><\/a><\/p>\n","protected":false},"excerpt":{"rendered":"","protected":false},"author":415,"featured_media":0,"parent":10,"menu_order":0,"comment_status":"closed","ping_status":"closed","template":"","meta":{"_monsterinsights_skip_tracking":false,"_monsterinsights_sitenote_active":false,"_monsterinsights_sitenote_note":"","_monsterinsights_sitenote_category":0,"footnotes":"","_links_to":"","_links_to_target":""},"categories":[],"tags":[],"class_list":["post-5132","page","type-page","status-publish","hentry"],"_links":{"self":[{"href":"https:\/\/ppgee.poli.usp.br\/pb\/wp-json\/wp\/v2\/pages\/5132","targetHints":{"allow":["GET"]}}],"collection":[{"href":"https:\/\/ppgee.poli.usp.br\/pb\/wp-json\/wp\/v2\/pages"}],"about":[{"href":"https:\/\/ppgee.poli.usp.br\/pb\/wp-json\/wp\/v2\/types\/page"}],"author":[{"embeddable":true,"href":"https:\/\/ppgee.poli.usp.br\/pb\/wp-json\/wp\/v2\/users\/415"}],"replies":[{"embeddable":true,"href":"https:\/\/ppgee.poli.usp.br\/pb\/wp-json\/wp\/v2\/comments?post=5132"}],"version-history":[{"count":4,"href":"https:\/\/ppgee.poli.usp.br\/pb\/wp-json\/wp\/v2\/pages\/5132\/revisions"}],"predecessor-version":[{"id":6905,"href":"https:\/\/ppgee.poli.usp.br\/pb\/wp-json\/wp\/v2\/pages\/5132\/revisions\/6905"}],"up":[{"embeddable":true,"href":"https:\/\/ppgee.poli.usp.br\/pb\/wp-json\/wp\/v2\/pages\/10"}],"wp:attachment":[{"href":"https:\/\/ppgee.poli.usp.br\/pb\/wp-json\/wp\/v2\/media?parent=5132"}],"wp:term":[{"taxonomy":"category","embeddable":true,"href":"https:\/\/ppgee.poli.usp.br\/pb\/wp-json\/wp\/v2\/categories?post=5132"},{"taxonomy":"post_tag","embeddable":true,"href":"https:\/\/ppgee.poli.usp.br\/pb\/wp-json\/wp\/v2\/tags?post=5132"}],"curies":[{"name":"wp","href":"https:\/\/api.w.org\/{rel}","templated":true}]}}