{"id":4971,"date":"2022-05-09T09:10:28","date_gmt":"2022-05-09T12:10:28","guid":{"rendered":"http:\/\/ppgee.poli.usp.br\/?page_id=4971"},"modified":"2022-07-03T23:51:37","modified_gmt":"2022-07-04T02:51:37","slug":"me-dd-sistemas-de-potencia-3143","status":"publish","type":"page","link":"https:\/\/ppgee.poli.usp.br\/pb\/programas\/processo-seletivo\/processo-seletivo-2-2022\/me-dd-sistemas-de-potencia-3143\/","title":{"rendered":"ME\/DD \u2013 Sistemas de pot\u00eancia \u2013 3143"},"content":{"rendered":"<p><\/p>\n<h3>Prova de conhecimentos remota<\/h3>\n<p>A prova de conhecimentos remota ser\u00e1 realizada no dia <strong>01\/06\/2022<\/strong>, <strong>das 14h00 \u00e0s 17h00<\/strong>.<\/p>\n<p>A prova ser\u00e1 disponibilizada via videoconfer\u00eancia com o Google Meet, e o endere\u00e7o a ser acessado foi disponibilizado por email apenas para os estudantes que constam da lista de candidatos habilitados para avalia\u00e7\u00e3o de conhecimentos. At\u00e9 o dia 27\/05 voc\u00ea deve receber este convite por email. Caso n\u00e3o tenha recebido, entre em contato urgente com ppgee.3143@usp.br ou elpellini@usp.br<\/p>\n<p>Entre no link fornecido com <strong>30 minutos de anteced\u00eancia<\/strong> para receber as <strong>informa\u00e7\u00f5es sobre a prova<\/strong>.<\/p>\n<p>&nbsp;<\/p>\n<p><strong>Lista de candidatos de mestrado e doutorado direto aprovados<br \/>\n<\/strong><\/p>\n<ul>\n<li><strong><span style=\"color: #ff0000;\"><a style=\"color: #ff0000;\" href=\"http:\/\/ppgee.poli.usp.br\/wp-content\/uploads\/sites\/92\/2022\/07\/Resultados-finais-do-ingresso-2022-07-03-23-43-48.pdf\">Candidatos aprovados NOVO!!!<\/a><\/span><\/strong><\/li>\n<\/ul>\n<p>&nbsp;<\/p>\n<p><strong>Candidatos de mestrado e doutorado direto convocados para argui\u00e7\u00e3o<\/strong><\/p>\n<ul>\n<li><a href=\"http:\/\/ppgee.poli.usp.br\/wp-content\/uploads\/sites\/92\/2022\/06\/Resultados-da-prova-de-conhecimentos-2022-06-10-22-14-20.pdf\" target=\"_blank\" rel=\"noopener\"><span style=\"color: #ff0000;\"><span style=\"color: #0000ff;\">Resultados da prova de conhecimentos<\/span><\/span><\/a><\/li>\n<\/ul>\n<p>&nbsp;<\/p>\n<p><strong>Candidatos de mestrado e doutorado direto habilitados para avalia\u00e7\u00e3o de conhecimentos<\/strong><\/p>\n<ul>\n<li><span style=\"color: #ff0000;\"><a style=\"color: #ff0000;\" href=\"http:\/\/ppgee.poli.usp.br\/wp-content\/uploads\/sites\/92\/2022\/05\/Analise-objetiva-curricular-Publicacao.pdf\"><span style=\"color: #000000;\"><span style=\"color: #0000ff;\">Lista de candidatos habilitados<\/span><\/span><\/a><\/span><\/li>\n<\/ul>\n<p><\/p>","protected":false},"excerpt":{"rendered":"<p>Prova de conhecimentos remota A prova de conhecimentos remota ser\u00e1 realizada no dia 01\/06\/2022, das [&hellip;]<\/p>\n","protected":false},"author":239,"featured_media":0,"parent":4964,"menu_order":0,"comment_status":"closed","ping_status":"closed","template":"","meta":{"_monsterinsights_skip_tracking":false,"_monsterinsights_sitenote_active":false,"_monsterinsights_sitenote_note":"","_monsterinsights_sitenote_category":0,"footnotes":"","_links_to":"","_links_to_target":""},"categories":[],"tags":[],"class_list":["post-4971","page","type-page","status-publish","hentry"],"_links":{"self":[{"href":"https:\/\/ppgee.poli.usp.br\/pb\/wp-json\/wp\/v2\/pages\/4971","targetHints":{"allow":["GET"]}}],"collection":[{"href":"https:\/\/ppgee.poli.usp.br\/pb\/wp-json\/wp\/v2\/pages"}],"about":[{"href":"https:\/\/ppgee.poli.usp.br\/pb\/wp-json\/wp\/v2\/types\/page"}],"author":[{"embeddable":true,"href":"https:\/\/ppgee.poli.usp.br\/pb\/wp-json\/wp\/v2\/users\/239"}],"replies":[{"embeddable":true,"href":"https:\/\/ppgee.poli.usp.br\/pb\/wp-json\/wp\/v2\/comments?post=4971"}],"version-history":[{"count":4,"href":"https:\/\/ppgee.poli.usp.br\/pb\/wp-json\/wp\/v2\/pages\/4971\/revisions"}],"predecessor-version":[{"id":5125,"href":"https:\/\/ppgee.poli.usp.br\/pb\/wp-json\/wp\/v2\/pages\/4971\/revisions\/5125"}],"up":[{"embeddable":true,"href":"https:\/\/ppgee.poli.usp.br\/pb\/wp-json\/wp\/v2\/pages\/4964"}],"wp:attachment":[{"href":"https:\/\/ppgee.poli.usp.br\/pb\/wp-json\/wp\/v2\/media?parent=4971"}],"wp:term":[{"taxonomy":"category","embeddable":true,"href":"https:\/\/ppgee.poli.usp.br\/pb\/wp-json\/wp\/v2\/categories?post=4971"},{"taxonomy":"post_tag","embeddable":true,"href":"https:\/\/ppgee.poli.usp.br\/pb\/wp-json\/wp\/v2\/tags?post=4971"}],"curies":[{"name":"wp","href":"https:\/\/api.w.org\/{rel}","templated":true}]}}