{"id":4967,"date":"2022-05-09T09:16:37","date_gmt":"2022-05-09T12:16:37","guid":{"rendered":"http:\/\/ppgee.poli.usp.br\/?page_id=4967"},"modified":"2022-06-29T14:17:23","modified_gmt":"2022-06-29T17:17:23","slug":"me-dd-engenharia-biomedica-3154","status":"publish","type":"page","link":"https:\/\/ppgee.poli.usp.br\/pb\/programas\/processo-seletivo\/processo-seletivo-2-2022\/me-dd-engenharia-biomedica-3154\/","title":{"rendered":"ME\/DD \u2013 Engenharia biom\u00e9dica \u2013 3154"},"content":{"rendered":"<p><\/p>\n<h3>Prova de conhecimentos remota<\/h3>\n<p>A prova de conhecimentos remota ser\u00e1 realizada no dia <strong>01\/06\/2022<\/strong>, <strong>das 14h00 \u00e0s 17h00<\/strong>.<\/p>\n<p>A prova ser\u00e1 disponibilizada via videoconfer\u00eancia com o Google Meet, e o endere\u00e7o a ser acessado foi disponibilizado por email apenas para os estudantes que constam da lista de candidatos habilitados para avalia\u00e7\u00e3o de conhecimentos. At\u00e9 o dia 27\/05 voc\u00ea deve receber este convite por email. Caso n\u00e3o tenha recebido, entre em contato urgente com ppgee.3154@usp.br<\/p>\n<p>Entre no link fornecido com <strong>30 minutos de anteced\u00eancia<\/strong> para receber as <strong>informa\u00e7\u00f5es sobre a prova<\/strong>.<\/p>\n<p>&nbsp;<\/p>\n<p><strong>Candidatos de mestrado e doutorado direto habilitados para avalia\u00e7\u00e3o de conhecimentos<\/strong><\/p>\n<ul>\n<li><a href=\"http:\/\/ppgee.poli.usp.br\/wp-content\/uploads\/sites\/92\/2022\/05\/Lista-Candidatos-Aptos-3154-site-2022-05-27.pdf\">Candidatos habilitados para avalia\u00e7\u00e3o de conhecimentos<\/a><\/li>\n<\/ul>\n<p>&nbsp;<\/p>\n<p><strong>Candidatos de mestrado e doutorado direto convocados para argui\u00e7\u00e3o<\/strong><\/p>\n<ul>\n<li><a href=\"http:\/\/ppgee.poli.usp.br\/wp-content\/uploads\/sites\/92\/2022\/06\/Lista-Candidatos-PC-3154-site-2022-06-03.pdf\">Candidata convocada para argui\u00e7\u00e3o<\/a><span style=\"color: #ff0000;\"><strong> \u00a0<\/strong><\/span><\/li>\n<\/ul>\n<p>&nbsp;<\/p>\n<p><strong>Lista de candidatos de mestrado e doutorado direto aprovados<br \/>\n<\/strong><\/p>\n<ul>\n<li><a href=\"http:\/\/ppgee.poli.usp.br\/wp-content\/uploads\/sites\/92\/2022\/06\/Lista-Aprovados-3154-Site-2022-06-29.pdf\">Candidata aprovada<\/a> <span style=\"color: #ff0000;\"><strong>NOVO!!<\/strong><\/span><\/li>\n<\/ul>\n<p><\/p>","protected":false},"excerpt":{"rendered":"<p>Prova de conhecimentos remota A prova de conhecimentos remota ser\u00e1 realizada no dia 01\/06\/2022, das [&hellip;]<\/p>\n","protected":false},"author":239,"featured_media":0,"parent":4964,"menu_order":0,"comment_status":"closed","ping_status":"closed","template":"","meta":{"_monsterinsights_skip_tracking":false,"_monsterinsights_sitenote_active":false,"_monsterinsights_sitenote_note":"","_monsterinsights_sitenote_category":0,"footnotes":"","_links_to":"","_links_to_target":""},"categories":[],"tags":[],"class_list":["post-4967","page","type-page","status-publish","hentry"],"_links":{"self":[{"href":"https:\/\/ppgee.poli.usp.br\/pb\/wp-json\/wp\/v2\/pages\/4967","targetHints":{"allow":["GET"]}}],"collection":[{"href":"https:\/\/ppgee.poli.usp.br\/pb\/wp-json\/wp\/v2\/pages"}],"about":[{"href":"https:\/\/ppgee.poli.usp.br\/pb\/wp-json\/wp\/v2\/types\/page"}],"author":[{"embeddable":true,"href":"https:\/\/ppgee.poli.usp.br\/pb\/wp-json\/wp\/v2\/users\/239"}],"replies":[{"embeddable":true,"href":"https:\/\/ppgee.poli.usp.br\/pb\/wp-json\/wp\/v2\/comments?post=4967"}],"version-history":[{"count":4,"href":"https:\/\/ppgee.poli.usp.br\/pb\/wp-json\/wp\/v2\/pages\/4967\/revisions"}],"predecessor-version":[{"id":5118,"href":"https:\/\/ppgee.poli.usp.br\/pb\/wp-json\/wp\/v2\/pages\/4967\/revisions\/5118"}],"up":[{"embeddable":true,"href":"https:\/\/ppgee.poli.usp.br\/pb\/wp-json\/wp\/v2\/pages\/4964"}],"wp:attachment":[{"href":"https:\/\/ppgee.poli.usp.br\/pb\/wp-json\/wp\/v2\/media?parent=4967"}],"wp:term":[{"taxonomy":"category","embeddable":true,"href":"https:\/\/ppgee.poli.usp.br\/pb\/wp-json\/wp\/v2\/categories?post=4967"},{"taxonomy":"post_tag","embeddable":true,"href":"https:\/\/ppgee.poli.usp.br\/pb\/wp-json\/wp\/v2\/tags?post=4967"}],"curies":[{"name":"wp","href":"https:\/\/api.w.org\/{rel}","templated":true}]}}