{"id":4745,"date":"2021-09-27T14:48:18","date_gmt":"2021-09-27T17:48:18","guid":{"rendered":"http:\/\/ppgee.poli.usp.br\/?page_id=4745"},"modified":"2021-11-27T18:48:59","modified_gmt":"2021-11-27T21:48:59","slug":"me-dd-microeletronica-3140","status":"publish","type":"page","link":"https:\/\/ppgee.poli.usp.br\/pb\/programas\/processo-seletivo\/processo-seletivo-1-2022\/me-dd-microeletronica-3140\/","title":{"rendered":"ME\/DD \u2013 Microeletr\u00f4nica \u2013 3140"},"content":{"rendered":"<p><\/p>\n<h3>Prova de conhecimentos remota<\/h3>\n<p>A prova de conhecimentos remota ser\u00e1 realizada na quarta-feira <strong>10\/11\/2021<\/strong>, <strong>das 14h00 \u00e0s 15h30<\/strong>.<\/p>\n<p>A prova ser\u00e1 disponibilizada via videoconfer\u00eancia com o Google Meet, e o endere\u00e7o a ser acessado ser\u00e1 disponibilizado por email apenas para os estudantes que constam da lista de candidatos habilitados para avalia\u00e7\u00e3o de conhecimentos. Se voc\u00ea n\u00e3o recebeu este convite, entre em contato urgente com ppgee.3140@usp.br<\/p>\n<p>Entre no link fornecido com <strong>30 minutos de anteced\u00eancia<\/strong> para receber as <strong>informa\u00e7\u00f5es sobre a prova<\/strong>.<\/p>\n<p>&nbsp;<\/p>\n<p><span style=\"color: #993300;\"><strong>Candidatos de mestrado e doutorado direto habilitados para avalia\u00e7\u00e3o de conhecimentos<\/strong><\/span><\/p>\n<ul>\n<li><a href=\"http:\/\/ppgee.poli.usp.br\/wp-content\/uploads\/sites\/92\/2021\/11\/Convocados-para-a-prova-de-conhecimentos-Mestrado-Microeletronica-2022-1.pdf\">Candidatos habilitados para avalia\u00e7\u00e3o de conhecimentos<\/a><\/li>\n<\/ul>\n<p>&nbsp;<\/p>\n<p><span style=\"color: #993300;\"><strong>Candidatos de mestrado e doutorado direto convocados para argui\u00e7\u00e3o<\/strong><\/span><\/p>\n<ul>\n<li><a href=\"http:\/\/ppgee.poli.usp.br\/wp-content\/uploads\/sites\/92\/2021\/11\/Lista-convocados-fase-arguicao-Microeletronica-2022-1.pdf\">Candidatos convocados para argui\u00e7\u00e3o<\/a><\/li>\n<\/ul>\n<p>&nbsp;<\/p>\n<p><strong><span style=\"color: #993300;\">Lista de candidatos de mestrado e doutorado direto aprovados 2022-1<\/span><br \/>\n<\/strong><\/p>\n<ul>\n<li><a href=\"http:\/\/ppgee.poli.usp.br\/wp-content\/uploads\/sites\/92\/2021\/11\/Lista-aprovados-Mestrado-Microeletronica-2022-1.pdf\">Candidatos aprovados<\/a> <span style=\"color: #ff0000;\"><strong>NOVO!!<\/strong><\/span><\/li>\n<\/ul>\n<p><\/p>","protected":false},"excerpt":{"rendered":"<p>Prova de conhecimentos remota A prova de conhecimentos remota ser\u00e1 realizada na quarta-feira 10\/11\/2021, das [&hellip;]<\/p>\n","protected":false},"author":200,"featured_media":0,"parent":4740,"menu_order":5,"comment_status":"closed","ping_status":"closed","template":"","meta":{"_monsterinsights_skip_tracking":false,"_monsterinsights_sitenote_active":false,"_monsterinsights_sitenote_note":"","_monsterinsights_sitenote_category":0,"footnotes":"","_links_to":"","_links_to_target":""},"categories":[],"tags":[],"class_list":["post-4745","page","type-page","status-publish","hentry"],"_links":{"self":[{"href":"https:\/\/ppgee.poli.usp.br\/pb\/wp-json\/wp\/v2\/pages\/4745","targetHints":{"allow":["GET"]}}],"collection":[{"href":"https:\/\/ppgee.poli.usp.br\/pb\/wp-json\/wp\/v2\/pages"}],"about":[{"href":"https:\/\/ppgee.poli.usp.br\/pb\/wp-json\/wp\/v2\/types\/page"}],"author":[{"embeddable":true,"href":"https:\/\/ppgee.poli.usp.br\/pb\/wp-json\/wp\/v2\/users\/200"}],"replies":[{"embeddable":true,"href":"https:\/\/ppgee.poli.usp.br\/pb\/wp-json\/wp\/v2\/comments?post=4745"}],"version-history":[{"count":4,"href":"https:\/\/ppgee.poli.usp.br\/pb\/wp-json\/wp\/v2\/pages\/4745\/revisions"}],"predecessor-version":[{"id":4903,"href":"https:\/\/ppgee.poli.usp.br\/pb\/wp-json\/wp\/v2\/pages\/4745\/revisions\/4903"}],"up":[{"embeddable":true,"href":"https:\/\/ppgee.poli.usp.br\/pb\/wp-json\/wp\/v2\/pages\/4740"}],"wp:attachment":[{"href":"https:\/\/ppgee.poli.usp.br\/pb\/wp-json\/wp\/v2\/media?parent=4745"}],"wp:term":[{"taxonomy":"category","embeddable":true,"href":"https:\/\/ppgee.poli.usp.br\/pb\/wp-json\/wp\/v2\/categories?post=4745"},{"taxonomy":"post_tag","embeddable":true,"href":"https:\/\/ppgee.poli.usp.br\/pb\/wp-json\/wp\/v2\/tags?post=4745"}],"curies":[{"name":"wp","href":"https:\/\/api.w.org\/{rel}","templated":true}]}}