{"id":459,"date":"2016-02-16T09:52:27","date_gmt":"2016-02-16T11:52:27","guid":{"rendered":"http:\/\/sites.usp.br\/ppgee\/?page_id=459"},"modified":"2023-09-27T10:37:37","modified_gmt":"2023-09-27T13:37:37","slug":"atividade-remunerada-para-bolsista","status":"publish","type":"page","link":"https:\/\/ppgee.poli.usp.br\/pb\/bolsas\/posgrad\/atividade-remunerada-para-bolsista\/","title":{"rendered":"Atividade Remunerada, Ac\u00famulo ou Complementa\u00e7\u00e3o para Bolsistas"},"content":{"rendered":"<p><strong>ATIVIDADE REMUNERADA, AC\u00daMULO OU COMPLEMENTA\u00c7\u00c3O PARA BOLSISTAS<\/strong><\/p>\n<p>O Bolsista do Programa de P\u00f3s-Gradua\u00e7\u00e3o em Engenharia El\u00e9trica poder\u00e1 realizar atividade remunerada, receber complementa\u00e7\u00e3o, ou acumular bolsa seguindo os seguintes crit\u00e9rios:<\/p>\n<p>&nbsp;<\/p>\n<p>1. A atividade <strong>REMUNERADA, AC\u00daMULO OU COMPLEMENTA\u00c7\u00c3O de BOLSA <\/strong>dever\u00e1 estar de acordo com as normas das ag\u00eancias de fomento envolvidas, em especial a CAPES e o CNPq;<\/p>\n<p>&nbsp;<\/p>\n<p>2. O orientador dever\u00e1 estar de acordo com a atividade realizada.<\/p>\n<p>&nbsp;<\/p>\n<p>3. O ac\u00famulo e a complementa\u00e7\u00e3o de bolsas s\u00e3o permitidos apenas aos alunos em dedica\u00e7\u00e3o integral ao curso de p\u00f3s gradua\u00e7\u00e3o.<\/p>\n<p>3.1. No caso de ac\u00famulo de bolsas \u00e9 vedado v\u00ednculo empregat\u00edcio;<\/p>\n<p>&nbsp;<\/p>\n<p>4. A atividade remunerada desenvolvida dever\u00e1 estar relacionada com a \u00e1rea de atua\u00e7\u00e3o e forma\u00e7\u00e3o acad\u00eamica cient\u00edfica e tecnol\u00f3gica do bolsista;<\/p>\n<p>4.1. A atividade remunerada n\u00e3o pode ultrapassar o limite m\u00e1ximo de 12 horas semanais. Casos especiais poder\u00e3o ser analisados mediante justificativa.<\/p>\n<p>&nbsp;<\/p>\n<p>5. O pedido de atividade remunerada ou de complementa\u00e7\u00e3o de bolsa ser\u00e1 analisado pela Comiss\u00e3o de Bolsas e pela Comiss\u00e3o Coordena\u00e7\u00e3o de Curso de P\u00f3s-Gradua\u00e7\u00e3o (CCP). O aluno s\u00f3 poder\u00e1 exercer a atividade simult\u00e2neas se for aprovado em ambas a inst\u00e2ncias.<\/p>","protected":false},"excerpt":{"rendered":"<p>ATIVIDADE REMUNERADA, AC\u00daMULO OU COMPLEMENTA\u00c7\u00c3O PARA BOLSISTAS O Bolsista do Programa de P\u00f3s-Gradua\u00e7\u00e3o em Engenharia [&hellip;]<\/p>\n","protected":false},"author":179,"featured_media":0,"parent":2071,"menu_order":0,"comment_status":"closed","ping_status":"closed","template":"","meta":{"_monsterinsights_skip_tracking":false,"_monsterinsights_sitenote_active":false,"_monsterinsights_sitenote_note":"","_monsterinsights_sitenote_category":0,"footnotes":"","_links_to":"","_links_to_target":""},"categories":[],"tags":[],"class_list":["post-459","page","type-page","status-publish","hentry"],"_links":{"self":[{"href":"https:\/\/ppgee.poli.usp.br\/pb\/wp-json\/wp\/v2\/pages\/459","targetHints":{"allow":["GET"]}}],"collection":[{"href":"https:\/\/ppgee.poli.usp.br\/pb\/wp-json\/wp\/v2\/pages"}],"about":[{"href":"https:\/\/ppgee.poli.usp.br\/pb\/wp-json\/wp\/v2\/types\/page"}],"author":[{"embeddable":true,"href":"https:\/\/ppgee.poli.usp.br\/pb\/wp-json\/wp\/v2\/users\/179"}],"replies":[{"embeddable":true,"href":"https:\/\/ppgee.poli.usp.br\/pb\/wp-json\/wp\/v2\/comments?post=459"}],"version-history":[{"count":5,"href":"https:\/\/ppgee.poli.usp.br\/pb\/wp-json\/wp\/v2\/pages\/459\/revisions"}],"predecessor-version":[{"id":5705,"href":"https:\/\/ppgee.poli.usp.br\/pb\/wp-json\/wp\/v2\/pages\/459\/revisions\/5705"}],"up":[{"embeddable":true,"href":"https:\/\/ppgee.poli.usp.br\/pb\/wp-json\/wp\/v2\/pages\/2071"}],"wp:attachment":[{"href":"https:\/\/ppgee.poli.usp.br\/pb\/wp-json\/wp\/v2\/media?parent=459"}],"wp:term":[{"taxonomy":"category","embeddable":true,"href":"https:\/\/ppgee.poli.usp.br\/pb\/wp-json\/wp\/v2\/categories?post=459"},{"taxonomy":"post_tag","embeddable":true,"href":"https:\/\/ppgee.poli.usp.br\/pb\/wp-json\/wp\/v2\/tags?post=459"}],"curies":[{"name":"wp","href":"https:\/\/api.w.org\/{rel}","templated":true}]}}