{"id":454,"date":"2016-02-16T09:48:10","date_gmt":"2016-02-16T11:48:10","guid":{"rendered":"http:\/\/sites.usp.br\/ppgee\/?page_id=454"},"modified":"2020-12-18T09:31:07","modified_gmt":"2020-12-18T12:31:07","slug":"bolsistas","status":"publish","type":"page","link":"https:\/\/ppgee.poli.usp.br\/pb\/bolsas\/posgrad\/bolsistas\/","title":{"rendered":"Bolsistas do PPGEE"},"content":{"rendered":"<p><\/p>\n<ul>\n<li><a href=\"http:\/\/ppgee.poli.usp.br\/?page_id=3999&amp;preview=true\">Regras para acompanhamento dos bolsistas<\/a><\/li>\n<li><a href=\"https:\/\/docs.google.com\/spreadsheets\/d\/1hpX6mkUF0U7Tu1lomxsFkdTOM8y_-hzRvWRAkZuxLTE\/edit#gid=314602971\">Consulte os prazos para conclus\u00e3o dos cr\u00e9ditos, qualifica\u00e7\u00e3o e t\u00e9rmino da bolsa <\/a>\n<ul>\n<li>planilha do google sheets &#8211; utilize login com email @usp.br<\/li>\n<\/ul>\n<\/li>\n<li><a href=\"http:\/\/ppgee.poli.usp.br\/bolsas\/posgrad\/atividade-remunerada-para-bolsista\/\">Atividade Remunerada para Bolsista ou Complementa\u00e7\u00e3o de Bolsa<\/a>\n<ul>\n<li>Formul\u00e1rio eletr\u00f4nico dispon\u00edvel no <a href=\"https:\/\/docs.google.com\/forms\/d\/e\/1FAIpQLSdJ2IVjnc2Mh8bhgJqjgTcbYy1rfxrWLDrkvGgu-UpFsTEh7A\/viewform?usp=sf_link\">link<\/a><\/li>\n<\/ul>\n<\/li>\n<li><a href=\"https:\/\/forms.gle\/f43T2JX4vBM77vk17\">Pedido de prorroga\u00e7\u00e3o dos prazos da CoB<\/a><\/li>\n<\/ul>\n<p><\/p>","protected":false},"excerpt":{"rendered":"<p>Regras para acompanhamento dos bolsistas Consulte os prazos para conclus\u00e3o dos cr\u00e9ditos, qualifica\u00e7\u00e3o e t\u00e9rmino [&hellip;]<\/p>\n","protected":false},"author":179,"featured_media":0,"parent":2071,"menu_order":0,"comment_status":"closed","ping_status":"closed","template":"","meta":{"_monsterinsights_skip_tracking":false,"_monsterinsights_sitenote_active":false,"_monsterinsights_sitenote_note":"","_monsterinsights_sitenote_category":0,"footnotes":"","_links_to":"","_links_to_target":""},"categories":[],"tags":[],"class_list":["post-454","page","type-page","status-publish","hentry"],"_links":{"self":[{"href":"https:\/\/ppgee.poli.usp.br\/pb\/wp-json\/wp\/v2\/pages\/454","targetHints":{"allow":["GET"]}}],"collection":[{"href":"https:\/\/ppgee.poli.usp.br\/pb\/wp-json\/wp\/v2\/pages"}],"about":[{"href":"https:\/\/ppgee.poli.usp.br\/pb\/wp-json\/wp\/v2\/types\/page"}],"author":[{"embeddable":true,"href":"https:\/\/ppgee.poli.usp.br\/pb\/wp-json\/wp\/v2\/users\/179"}],"replies":[{"embeddable":true,"href":"https:\/\/ppgee.poli.usp.br\/pb\/wp-json\/wp\/v2\/comments?post=454"}],"version-history":[{"count":5,"href":"https:\/\/ppgee.poli.usp.br\/pb\/wp-json\/wp\/v2\/pages\/454\/revisions"}],"predecessor-version":[{"id":4412,"href":"https:\/\/ppgee.poli.usp.br\/pb\/wp-json\/wp\/v2\/pages\/454\/revisions\/4412"}],"up":[{"embeddable":true,"href":"https:\/\/ppgee.poli.usp.br\/pb\/wp-json\/wp\/v2\/pages\/2071"}],"wp:attachment":[{"href":"https:\/\/ppgee.poli.usp.br\/pb\/wp-json\/wp\/v2\/media?parent=454"}],"wp:term":[{"taxonomy":"category","embeddable":true,"href":"https:\/\/ppgee.poli.usp.br\/pb\/wp-json\/wp\/v2\/categories?post=454"},{"taxonomy":"post_tag","embeddable":true,"href":"https:\/\/ppgee.poli.usp.br\/pb\/wp-json\/wp\/v2\/tags?post=454"}],"curies":[{"name":"wp","href":"https:\/\/api.w.org\/{rel}","templated":true}]}}