{"id":4494,"date":"2021-05-03T10:44:11","date_gmt":"2021-05-03T13:44:11","guid":{"rendered":"http:\/\/ppgee.poli.usp.br\/?page_id=4494"},"modified":"2021-09-20T10:07:03","modified_gmt":"2021-09-20T13:07:03","slug":"me-dd-microeletronica-3140","status":"publish","type":"page","link":"https:\/\/ppgee.poli.usp.br\/pb\/programas\/processo-seletivo\/processo-seletivo-2-2021\/me-dd-microeletronica-3140\/","title":{"rendered":"ME\/DD \u2013 Microeletr\u00f4nica \u2013 3140"},"content":{"rendered":"<p><\/p>\n<p style=\"text-align: center;\"><strong>Processo de Ingresso no PPGEE &#8211; Microeletr\u00f4nica &#8211; 3ro. Per\u00edodo de 2021<\/strong><\/p>\n<p>&nbsp;<\/p>\n<h4><strong>Lista de candidatos de mestrado e doutorado direto aptos a realizar a prova de conhecimentos<\/strong><\/h4>\n<ul>\n<li><a href=\"http:\/\/ppgee.poli.usp.br\/wp-content\/uploads\/sites\/92\/2021\/05\/Convocados-para-a-prova-de-conhecimentos-Mestrado-Microeletronica-2021-2.pdf\">Candidatos aptos para fazer a prova de conhecimentos<\/a><\/li>\n<li><strong>Prova de conhecimentos remota<\/strong>: A prova de conhecimentos remota ser\u00e1 realizada no dia <strong>02\/06\/2021<\/strong> (Quarta-feira), <strong>das 14h00 \u00e0s 15h30<\/strong>. A prova ser\u00e1 disponibilizada via videoconfer\u00eancia e o endere\u00e7o a ser acessado \u00e9: <a href=\"https:\/\/meet.google.com\/yge-takp-bkm\">https:\/\/meet.google.com\/yge-takp-bkm<\/a> . Entre nesse link com <strong>30\u00a0minutos de anteced\u00eancia<\/strong>\u00a0para receber as\u00a0<strong>informa\u00e7\u00f5es sobre a prova<\/strong>.<\/li>\n<\/ul>\n<p>&nbsp;<\/p>\n<h4><strong>Lista de candidatos de mestrado e doutorado direto aprovados na prova de conhecimentos<\/strong><\/h4>\n<ul>\n<li><a href=\"http:\/\/ppgee.poli.usp.br\/wp-content\/uploads\/sites\/92\/2021\/06\/Lista-convocados-fase-arguicao-Microeletronica-2021-3.pdf\">Candidatos aptos para fazer a fase de argui\u00e7\u00e3o<\/a><\/li>\n<\/ul>\n<p>&nbsp;<\/p>\n<h4><strong>Lista de candidatos de mestrado e doutorado direto aprovados no processo de ingresso<\/strong><\/h4>\n<ul>\n<li><a href=\"http:\/\/ppgee.poli.usp.br\/wp-content\/uploads\/sites\/92\/2021\/06\/Lista-aprovados-Mestrado-Microeletronica-2021-3.pdf\">Candidatos aprovados &#8211; Processo Seletivo 2\/2021<\/a> <span style=\"color: #ff0000;\"><strong>NOVO!<\/strong><\/span><\/li>\n<\/ul>\n<p><\/p>","protected":false},"excerpt":{"rendered":"<p>Processo de Ingresso no PPGEE &#8211; Microeletr\u00f4nica &#8211; 3ro. Per\u00edodo de 2021 &nbsp; Lista de [&hellip;]<\/p>\n","protected":false},"author":200,"featured_media":0,"parent":4487,"menu_order":5,"comment_status":"closed","ping_status":"closed","template":"","meta":{"_monsterinsights_skip_tracking":false,"_monsterinsights_sitenote_active":false,"_monsterinsights_sitenote_note":"","_monsterinsights_sitenote_category":0,"footnotes":"","_links_to":"","_links_to_target":""},"categories":[],"tags":[],"class_list":["post-4494","page","type-page","status-publish","hentry"],"_links":{"self":[{"href":"https:\/\/ppgee.poli.usp.br\/pb\/wp-json\/wp\/v2\/pages\/4494","targetHints":{"allow":["GET"]}}],"collection":[{"href":"https:\/\/ppgee.poli.usp.br\/pb\/wp-json\/wp\/v2\/pages"}],"about":[{"href":"https:\/\/ppgee.poli.usp.br\/pb\/wp-json\/wp\/v2\/types\/page"}],"author":[{"embeddable":true,"href":"https:\/\/ppgee.poli.usp.br\/pb\/wp-json\/wp\/v2\/users\/200"}],"replies":[{"embeddable":true,"href":"https:\/\/ppgee.poli.usp.br\/pb\/wp-json\/wp\/v2\/comments?post=4494"}],"version-history":[{"count":4,"href":"https:\/\/ppgee.poli.usp.br\/pb\/wp-json\/wp\/v2\/pages\/4494\/revisions"}],"predecessor-version":[{"id":4715,"href":"https:\/\/ppgee.poli.usp.br\/pb\/wp-json\/wp\/v2\/pages\/4494\/revisions\/4715"}],"up":[{"embeddable":true,"href":"https:\/\/ppgee.poli.usp.br\/pb\/wp-json\/wp\/v2\/pages\/4487"}],"wp:attachment":[{"href":"https:\/\/ppgee.poli.usp.br\/pb\/wp-json\/wp\/v2\/media?parent=4494"}],"wp:term":[{"taxonomy":"category","embeddable":true,"href":"https:\/\/ppgee.poli.usp.br\/pb\/wp-json\/wp\/v2\/categories?post=4494"},{"taxonomy":"post_tag","embeddable":true,"href":"https:\/\/ppgee.poli.usp.br\/pb\/wp-json\/wp\/v2\/tags?post=4494"}],"curies":[{"name":"wp","href":"https:\/\/api.w.org\/{rel}","templated":true}]}}