{"id":4487,"date":"2021-05-03T10:39:49","date_gmt":"2021-05-03T13:39:49","guid":{"rendered":"http:\/\/ppgee.poli.usp.br\/?page_id=4487"},"modified":"2021-09-20T10:01:40","modified_gmt":"2021-09-20T13:01:40","slug":"processo-seletivo-2-2021","status":"publish","type":"page","link":"https:\/\/ppgee.poli.usp.br\/pb\/programas\/processo-seletivo\/processo-seletivo-2-2021\/","title":{"rendered":"Processo seletivo &#8211; 2\/2021"},"content":{"rendered":"<p><\/p>\n<h3>Edital do processo seletivo 2\u00ba &#8211; 2021<\/h3>\n<p>O arquivo com o edital do processo seletivo para mestrado e doutorado direto pode ser baixado <a href=\"http:\/\/ppgee.poli.usp.br\/wp-content\/uploads\/sites\/92\/2021\/05\/Edital-PPGEE-3o-periodo-2021_v2.pdf\">aqui<\/a>.<\/p>\n<h3><\/h3>\n<h3>Formul\u00e1rio de inscri\u00e7\u00e3o no processo seletivo &#8211; 2\/2021<\/h3>\n<p>O formul\u00e1rio de inscri\u00e7\u00e3o no processo seletivo de mestrado e doutorado direto deve ser preenchido eletronicamente com os dados do candidato interessado. Esse formul\u00e1rio utiliza o Google Forms e, portanto, o candidato deve ser usu\u00e1rio cadastrado de email do Google para poder preench\u00ea-lo.<\/p>\n<ul>\n<li><a href=\"https:\/\/forms.gle\/Kq34SqZ5BQ97KqUMA\">Engenharia biom\u00e9dica<\/a><\/li>\n<li><a href=\"https:\/\/forms.gle\/FyGsxVWBHECFSS5r5\">Engenharia da computa\u00e7\u00e3o<\/a><\/li>\n<li><a href=\"https:\/\/forms.gle\/D1oZ94W3hc8LWNA4A\">Engenharia de sistemas<\/a><\/li>\n<li><a href=\"https:\/\/forms.gle\/CkSikPCkAzRiN3fh9\">Microeletr\u00f4nica<\/a><\/li>\n<li><a href=\"https:\/\/forms.gle\/y2ckT8hYsxwG9hpM6\">Sistemas de pot\u00eancia<\/a><\/li>\n<li><a href=\"https:\/\/forms.gle\/upzxKUSFCjPkFHu6A\">Sistemas eletr\u00f4nicos<\/a><\/li>\n<\/ul>\n<p>&nbsp;<\/p>\n<p>Caso o candidato enfrente problemas com a sua autentica\u00e7\u00e3o no formul\u00e1rio de inscri\u00e7\u00e3o, basta utilizar uma janela an\u00f4nima do browser. Caso o problema persista, basta entrar em contato via email da \u00e1rea de concentra\u00e7\u00e3o que o candidato pretende se inscrever, para resolv\u00ea-lo.<\/p>\n<ul>\n<li>Engenharia biom\u00e9dica &#8211; ppgee.3154@usp.br<\/li>\n<li>Engenharia de computa\u00e7\u00e3o &#8211; ppgee.3141@usp.br<\/li>\n<li>Engenharia de sistemas &#8211; ppgee.3139@usp.br<\/li>\n<li>Microeletr\u00f4nica &#8211; ppgee.3140@usp.br<\/li>\n<li>Sistemas de pot\u00eancia &#8211; ppgee.3143@usp.br<\/li>\n<li>Sistemas eletr\u00f4nicos &#8211; ppgee.3142@usp.br<\/li>\n<\/ul>\n<h3><\/h3>\n<h3><strong>Instru\u00e7\u00f5es para a elabora\u00e7\u00e3o de carta de recomenda\u00e7\u00e3o<\/strong><\/h3>\n<p>As instru\u00e7\u00f5es para a elabora\u00e7\u00e3o de carta de recomenda\u00e7\u00e3o podem ser baixadas <a href=\"\/\/ppgee.poli.usp.br\/wp-content\/uploads\/sites\/92\/2016\/05\/CartaRecomenda%C3%A7%C3%A3o.pdf\">aqui<\/a><\/p>\n<p>&nbsp;<\/p>\n<h3>Resultados e informa\u00e7\u00f5es das \u00e1reas<\/h3>\n<ul>\n<li><a href=\"http:\/\/ppgee.poli.usp.br\/programas\/processo-seletivo\/processo-seletivo-2-2021\/me-dd-engenharia-biomedica-3154\/\">Engenharia biom\u00e9dica<\/a><\/li>\n<li><a href=\"http:\/\/ppgee.poli.usp.br\/programas\/processo-seletivo\/processo-seletivo-2-2021\/me-dd-engenharia-de-computacao-3141\/\">Engenharia da computa\u00e7\u00e3o<\/a><\/li>\n<li><a href=\"http:\/\/ppgee.poli.usp.br\/programas\/processo-seletivo\/processo-seletivo-2-2021\/me-dd-engenharia-de-sistemas-3139\/\">Engenharia de sistemas<\/a><\/li>\n<li><a href=\"http:\/\/ppgee.poli.usp.br\/programas\/processo-seletivo\/processo-seletivo-2-2021\/me-dd-microeletronica-3140\/\">Microeletr\u00f4nica<\/a><\/li>\n<li><a href=\"http:\/\/ppgee.poli.usp.br\/programas\/processo-seletivo\/processo-seletivo-2-2021\/me-dd-sistemas-de-potencia-3143\/\">Sistemas de pot\u00eancia<\/a><\/li>\n<li><a href=\"http:\/\/ppgee.poli.usp.br\/programas\/processo-seletivo\/processo-seletivo-2-2021\/me-dd-sistemas-eletronicos-3142\/\">Sistemas eletr\u00f4nicos<\/a><\/li>\n<\/ul>\n<p>&nbsp;<\/p>\n<h3><a href=\"http:\/\/ppgee.poli.usp.br\/bolsas\/posgrad\/solicitacao-de-bolsas\/\">Bolsas de Estudo do PPGEE<\/a><\/h3>\n<p>&nbsp;<\/p>","protected":false},"excerpt":{"rendered":"<p>Edital do processo seletivo 2\u00ba &#8211; 2021 O arquivo com o edital do processo seletivo [&hellip;]<\/p>\n","protected":false},"author":200,"featured_media":0,"parent":1914,"menu_order":30,"comment_status":"closed","ping_status":"closed","template":"","meta":{"_monsterinsights_skip_tracking":false,"_monsterinsights_sitenote_active":false,"_monsterinsights_sitenote_note":"","_monsterinsights_sitenote_category":0,"footnotes":"","_links_to":"","_links_to_target":""},"categories":[],"tags":[],"class_list":["post-4487","page","type-page","status-publish","hentry"],"_links":{"self":[{"href":"https:\/\/ppgee.poli.usp.br\/pb\/wp-json\/wp\/v2\/pages\/4487","targetHints":{"allow":["GET"]}}],"collection":[{"href":"https:\/\/ppgee.poli.usp.br\/pb\/wp-json\/wp\/v2\/pages"}],"about":[{"href":"https:\/\/ppgee.poli.usp.br\/pb\/wp-json\/wp\/v2\/types\/page"}],"author":[{"embeddable":true,"href":"https:\/\/ppgee.poli.usp.br\/pb\/wp-json\/wp\/v2\/users\/200"}],"replies":[{"embeddable":true,"href":"https:\/\/ppgee.poli.usp.br\/pb\/wp-json\/wp\/v2\/comments?post=4487"}],"version-history":[{"count":6,"href":"https:\/\/ppgee.poli.usp.br\/pb\/wp-json\/wp\/v2\/pages\/4487\/revisions"}],"predecessor-version":[{"id":4712,"href":"https:\/\/ppgee.poli.usp.br\/pb\/wp-json\/wp\/v2\/pages\/4487\/revisions\/4712"}],"up":[{"embeddable":true,"href":"https:\/\/ppgee.poli.usp.br\/pb\/wp-json\/wp\/v2\/pages\/1914"}],"wp:attachment":[{"href":"https:\/\/ppgee.poli.usp.br\/pb\/wp-json\/wp\/v2\/media?parent=4487"}],"wp:term":[{"taxonomy":"category","embeddable":true,"href":"https:\/\/ppgee.poli.usp.br\/pb\/wp-json\/wp\/v2\/categories?post=4487"},{"taxonomy":"post_tag","embeddable":true,"href":"https:\/\/ppgee.poli.usp.br\/pb\/wp-json\/wp\/v2\/tags?post=4487"}],"curies":[{"name":"wp","href":"https:\/\/api.w.org\/{rel}","templated":true}]}}