{"id":40,"date":"2014-03-14T14:00:33","date_gmt":"2014-03-14T17:00:33","guid":{"rendered":"http:\/\/sites.usp.brcaeco\/?page_id=40"},"modified":"2025-12-19T15:26:05","modified_gmt":"2025-12-19T18:26:05","slug":"formularios","status":"publish","type":"page","link":"https:\/\/ppgee.poli.usp.br\/pb\/formularios\/","title":{"rendered":"Formul\u00e1rios"},"content":{"rendered":"<p><strong>Os formul\u00e1rios para Docentes e Alunos, que seguem, est\u00e3o em processo de atualiza\u00e7\u00e3o para uma nova vers\u00e3o online.<\/strong><\/p>\n<p>A aprova\u00e7\u00e3o das solicita\u00e7\u00f5es \u00e9 feita nas reuni\u00f5es da CCP. O preenchimento completo de cada formul\u00e1rio \u00e9 de obriga\u00e7\u00e3o do solicitante. A Secretaria de P\u00f3s-Gradua\u00e7\u00e3o est\u00e1 \u00e0 disposi\u00e7\u00e3o para quaisquer esclarecimentos sobre o preenchimento dos formul\u00e1rios em quest\u00e3o..<\/p>\n<hr \/>\n<p><strong>Disciplinas e Matr\u00edculas<\/strong><\/p>\n<ul>\n<li><span style=\"color: #0000ff;\"><a style=\"color: #0000ff;\" href=\"\/\/ppgee.poli.usp.br\/wp-content\/uploads\/sites\/92\/2016\/02\/formul\u00e1rio-de-Adiamento-de-Mat\u00edcula_06-02-2014_0.doc\">Adiamento de Matr\u00edcula<\/a><\/span><\/li>\n<li><span style=\"color: #0000ff;\"><a style=\"color: #0000ff;\" href=\"\/\/ppgee.poli.usp.br\/wp-content\/uploads\/sites\/92\/2016\/02\/4-SolicitacaoAproveitamentoCreditos-DiciplinasCursadasForaUSP_1.doc\">Aproveitamento de Disciplinas Cursadas Fora da USP<\/a><\/span><\/li>\n<li><span style=\"color: #0000ff;\"><a style=\"color: #0000ff;\" href=\"\/\/ppgee.poli.usp.br\/wp-content\/uploads\/sites\/92\/2016\/02\/5-SolicitacaoAproveitamentoCreditos-CursadosComoAlunoEspecial_1.doc\">Aproveitamento para Aluno Especial<\/a><\/span><\/li>\n<li><span style=\"color: #0000ff;\"><a style=\"color: #0000ff;\" href=\"\/\/ppgee.poli.usp.br\/wp-content\/uploads\/sites\/92\/2016\/02\/ATA-DO-EXAME-DE-PROFICI\u00caNCIA-EM-L\u00cdNGUA-ESTRANGEIRA-2014_3.doc\">Ata do Exame de Profici\u00eancia em L\u00ednguas Estrangeira<\/a><\/span><\/li>\n<li><span style=\"color: #0000ff;\"><a style=\"color: #0000ff;\" href=\"\/\/ppgee.poli.usp.br\/wp-content\/uploads\/sites\/92\/2016\/02\/2-AlteracaoMatricula-ExclusaoDisciplinas_2-novo.doc\">Exclus\u00e3o de Disciplinas<\/a><\/span><\/li>\n<li><span style=\"color: #0000ff;\"><a style=\"color: #0000ff;\" href=\"\/\/ppgee.poli.usp.br\/wp-content\/uploads\/sites\/92\/2016\/02\/3-AlteracaoMatricula-InclusaoDisciplinas-novo.doc\">Inclus\u00e3o de Disciplinas<\/a><\/span><\/li>\n<li><span style=\"color: #0000ff;\"><a style=\"color: #0000ff;\" href=\"\/\/ppgee.poli.usp.br\/wp-content\/uploads\/sites\/92\/2018\/09\/matricula-aluno-graduacao-29ago2018.doc\">Matricula Aluno de Gradua\u00e7\u00e3o USP<\/a><\/span><\/li>\n<li><span style=\"color: #0000ff;\"><a style=\"color: #0000ff;\" href=\"\/\/ppgee.poli.usp.br\/wp-content\/uploads\/sites\/92\/2016\/02\/mudanca_especial_regular-_novo.doc\">Passagem de Especial para Regular<\/a><\/span><\/li>\n<li><a style=\"color: #008ba1;\" href=\"\/\/ppgee.poli.usp.br\/wp-content\/uploads\/sites\/92\/2016\/02\/proposta-acade\u0302mica_0.doc\"><span style=\"color: #0000ff;\">Proposta Acad\u00eamica &#8211; 2014<\/span><\/a> (fase 1 e 2)<\/li>\n<li><span style=\"color: #0000ff;\"><a style=\"color: #0000ff;\" href=\"\/\/ppgee.poli.usp.br\/wp-content\/uploads\/sites\/92\/2019\/10\/1-RequerimentoMatricula-_01-2019-24.doc\">Requerimento de Matr\u00edcula<\/a><\/span><\/li>\n<li><span style=\"color: #0000ff;\"><a style=\"color: #0000ff;\" href=\"\/\/ppgee.poli.usp.br\/wp-content\/uploads\/sites\/92\/2019\/05\/creditos_especiais-novo.doc\">Solicita\u00e7\u00e3o de Atribui\u00e7\u00e3o de Cr\u00e9ditos Especiais<\/a><\/span><\/li>\n<li><span style=\"color: #0000ff;\"><a style=\"color: #0000ff;\" href=\"\/\/ppgee.poli.usp.br\/wp-content\/uploads\/sites\/92\/2016\/02\/desligamento_aluno_-2014-alterado.doc\">Solicita\u00e7\u00e3o de Desligamento<\/a><\/span><\/li>\n<li><span style=\"color: #0000ff;\"><a style=\"color: #0000ff;\" href=\"\/\/ppgee.poli.usp.br\/wp-content\/uploads\/sites\/92\/2016\/02\/12-SolicitacaoTrancamento_0-1.doc\">Solicita\u00e7\u00e3o de Trancamento<\/a><\/span><\/li>\n<li><span style=\"color: #0000ff;\"><a style=\"color: #0000ff;\" href=\"\/\/ppgee.poli.usp.br\/wp-content\/uploads\/sites\/92\/2019\/10\/TransferenciaOrientador-set-2014.doc\">Transfer\u00eancia de Orientador<\/a><\/span><\/li>\n<li><a href=\"\/\/ppgee.poli.usp.br\/wp-content\/uploads\/sites\/92\/2019\/10\/CADASTRO-DE-MINISTRANTE-DE-DISCIPLINA-ANO-2018.doc\"><span style=\"color: #0000ff;\">Cadastro de Ministrante de Disciplina<\/span><\/a><\/li>\n<\/ul>\n<hr \/>\n<p><strong>Qualifica\u00e7\u00f5es e Defesas<\/strong><\/p>\n<ul>\n<li><span style=\"color: #0000ff;\"><a style=\"color: #0000ff;\" href=\"https:\/\/forms.gle\/tZoLQkLitj5EwDku7\">Banca de Qualifica\u00e7\u00e3o (novo formul\u00e1rio em 25 de julho de 2024)<\/a><\/span><\/li>\n<li><span style=\"color: #0000ff;\"><a style=\"color: #0000ff;\" href=\"https:\/\/forms.gle\/9Ueve38pnzyNeXvE7\" target=\"_blank\" rel=\"noopener noreferrer\">Banca de Defesa de Mestrado (novo formul\u00e1rio em 21 de maio de 2025)<\/a><\/span><\/li>\n<li><span style=\"color: #0000ff;\"><a style=\"color: #0000ff;\" href=\"https:\/\/forms.gle\/67UFF7CTFzr96b6Q6\" target=\"_blank\" rel=\"noopener\">Banca de Defesa de Doutorado (novo formul\u00e1rio em 31 de julho de 2025)<\/a><\/span><\/li>\n<li><span style=\"color: #0000ff;\"><a style=\"color: #0000ff;\" href=\"\/\/ppgee.poli.usp.br\/wp-content\/uploads\/sites\/92\/2016\/02\/cadastro-de-professores-externos_0.doc\">Cadastro de Professor Externo<\/a><\/span><\/li>\n<li><a href=\"\/\/ppgee.poli.usp.br\/wp-content\/uploads\/sites\/92\/2019\/11\/cadastro-de-professor-externo-extrangeiro.doc\"><span style=\"color: #0000ff;\">Cadastro de Professor Externo (Ingl\u00eas)<\/span><\/a><\/li>\n<\/ul>\n<hr \/>\n<p><strong>Dep\u00f3sito de disserta\u00e7\u00e3o de mestrado ou tese de doutorado<br \/>\n<\/strong><\/p>\n<p>O dep\u00f3sito \u00e9 exclusivamente digital, realizado pelo pr\u00f3prio aluno atrav\u00e9s do sistema Janus. O link abaixo cont\u00e9m as instru\u00e7\u00f5es:<\/p>\n<ul>\n<li><span style=\"color: #0000ff;\"><a style=\"color: #0000ff;\" href=\"https:\/\/ppgee.poli.usp.br\/regras-para-deposito-digital\/\">Instru\u00e7\u00f5es e Regras para dep\u00f3sito de teses e disserta\u00e7\u00f5es do PPGEE<\/a><\/span><\/li>\n<\/ul>\n<p>Mais informa\u00e7\u00f5es sobre dep\u00f3sito digital podem ser acessadas na <a href=\"https:\/\/www.poli.usp.br\/ensino\/pos-graduacao\/deposito-de-dissertacao-ou-tese\" target=\"_blank\" rel=\"noopener noreferrer\" data-saferedirecturl=\"https:\/\/www.google.com\/url?q=https:\/\/www.poli.usp.br\/ensino\/pos-graduacao\/deposito-de-dissertacao-ou-tese&amp;source=gmail&amp;ust=1657820884543000&amp;usg=AOvVaw2xIy7DPKpbGhoekqyf0mPO\"><span style=\"color: #0000ff;\">CPG da POLI<\/span><\/a><\/p>\n<p><em><strong>Os alunos devem realizar o dep\u00f3sito com 30 dias de anteced\u00eancia com rela\u00e7\u00e3o ao prazo final informado no Janus.<\/strong><\/em><\/p>\n<p><strong>Aten\u00e7\u00e3o:<\/strong> Utilize assinaturas digitais (<a href=\"https:\/\/www.gov.br\/pt-br\/servicos\/assinatura-eletronica\"><span style=\"color: #0000ff;\">gov.br<\/span><\/a> ou <a href=\"https:\/\/drh.usp.br\/como-utilizar-o-sistema-usp-assina\/\"><span style=\"color: #0000ff;\">USP assina<\/span><\/a>). Caso n\u00e3o seja poss\u00edvel, \u00e9 imprescind\u00edvel incluir a data da assinatura nos documentos que a requerem.<\/p>\n<p><strong>Instru\u00e7\u00f5es e documentos necess\u00e1rios para o dep\u00f3sito:<\/strong><\/p>\n<ul>\n<li>C\u00f3pia em PDF da disserta\u00e7\u00e3o ou tese<\/li>\n<li><a href=\"\/\/ppgee.poli.usp.br\/wp-content\/uploads\/sites\/92\/2022\/09\/Formulario-de-deposito-revisado-2018-PPGEE.doc\"><span style=\"color: #0000ff;\">Formul\u00e1rio de Dep\u00f3sito para Alunos do Novo Regimento<\/span><\/a> assinado por representante da CCP\n<ul>\n<li>Dep\u00f3sito sem assinatura n\u00e3o ser\u00e1 homologado<\/li>\n<\/ul>\n<\/li>\n<li>RG atualizado, frente e verso<\/li>\n<li>Curr\u00edculo no sistema Lattes atualizado, constando o curso em andamento, publica\u00e7\u00f5es e orientador cadastrado<\/li>\n<li>Diploma, frente e verso<\/li>\n<li>Seguir as <span style=\"color: #0000ff;\"><a style=\"color: #0000ff;\" href=\"\/\/www.livrosabertos.sibi.usp.br\/portaldelivrosUSP\/catalog\/view\/459\/413\/2006\" target=\"_blank\" rel=\"noopener\" data-saferedirecturl=\"https:\/\/www.google.com\/url?q=http:\/\/www.livrosabertos.sibi.usp.br\/portaldelivrosUSP\/catalog\/view\/459\/413\/2006&amp;source=gmail&amp;ust=1657820884543000&amp;usg=AOvVaw1FgCbZbECYr8j4bIT3Rb90\">diretrizes para apresenta\u00e7\u00e3o de disserta\u00e7\u00f5es e teses<\/a><\/span><\/li>\n<li><span style=\"color: #0000ff;\"><a style=\"color: #0000ff;\" href=\"\/\/www.poli.usp.br\/bibliotecas\/servicos\/publicacoes-online\" target=\"_blank\" rel=\"noopener\" data-saferedirecturl=\"https:\/\/www.google.com\/url?q=https:\/\/www.poli.usp.br\/bibliotecas\/servicos\/publicacoes-online&amp;source=gmail&amp;ust=1657820884543000&amp;usg=AOvVaw007iu4lRU1PNQmcufC_-Gj\">Complementa\u00e7\u00e3o \u00e0 estrutura e padr\u00f5es definidos nas Diretrizes<\/a><\/span>\n<ul>\n<li><span style=\"color: #0000ff;\"><a style=\"color: #0000ff;\" href=\"\/\/www.poli.usp.br\/bibliotecas\/servicos\/catalogacao-na-publicacao\" target=\"_blank\" rel=\"noopener\" data-saferedirecturl=\"https:\/\/www.google.com\/url?q=https:\/\/www.poli.usp.br\/bibliotecas\/servicos\/catalogacao-na-publicacao&amp;source=gmail&amp;ust=1657820884543000&amp;usg=AOvVaw3VCpwjH4ZuHhshJTyoB_uX\">Ficha catalogr\u00e1fica<\/a><\/span><\/li>\n<\/ul>\n<\/li>\n<li><span style=\"color: #0000ff;\"><a style=\"color: #0000ff;\" href=\"\/\/www.poli.usp.br\/wp-content\/uploads\/2021\/02\/Termo-de-originalidade-Deposito.pdf\" target=\"_blank\" rel=\"noopener\" data-saferedirecturl=\"https:\/\/www.google.com\/url?q=https:\/\/www.poli.usp.br\/wp-content\/uploads\/2021\/02\/Termo-de-originalidade-Deposito.pdf&amp;source=gmail&amp;ust=1657820884543000&amp;usg=AOvVaw2ublBcgR7iHyiZ4C-UifWX\">Termo de originalidade<\/a><\/span><\/li>\n<li><span style=\"color: #0000ff;\"><a style=\"color: #0000ff;\" href=\"\/\/www.poli.usp.br\/wp-content\/uploads\/2021\/10\/Termo-de-compromisso-de-entrega-de-exemplares-impressoss-2.doc\" target=\"_blank\" rel=\"noopener\" data-saferedirecturl=\"https:\/\/www.google.com\/url?q=https:\/\/www.poli.usp.br\/wp-content\/uploads\/2021\/10\/Termo-de-compromisso-de-entrega-de-exemplares-impressoss-2.doc&amp;source=gmail&amp;ust=1657820884543000&amp;usg=AOvVaw3HG58u91NXB7h2Y_2m6DpQ\">Termo de compromisso de entrega das vers\u00f5es impressa do original e revisada da tese\/disserta\u00e7\u00e3o<\/a><\/span><\/li>\n<li><span style=\"color: #0000ff;\"><a style=\"color: #0000ff;\" href=\"\/\/www.poli.usp.br\/wp-content\/uploads\/2018\/10\/ficha-cadastral-dados-pessoais.docx\" target=\"_blank\" rel=\"noopener\" data-saferedirecturl=\"https:\/\/www.google.com\/url?q=https:\/\/www.poli.usp.br\/wp-content\/uploads\/2018\/10\/ficha-cadastral-dados-pessoais.docx&amp;source=gmail&amp;ust=1657820884543000&amp;usg=AOvVaw1nK8VFgj9Jta5poyXmTlBu\">Ficha Cadastral para atualiza\u00e7\u00e3o dos dados pessoais<\/a><\/span><\/li>\n<li><a href=\"\/\/www.poli.usp.br\/wp-content\/uploads\/2021\/10\/Requerimento-e-orientcoes-sobre-a-Certidao-de-Movimentos-Migratorios-Policia-Federal.pdf\" target=\"_blank\" rel=\"noopener\" data-saferedirecturl=\"https:\/\/www.google.com\/url?q=https:\/\/www.poli.usp.br\/wp-content\/uploads\/2021\/10\/Requerimento-e-orientcoes-sobre-a-Certidao-de-Movimentos-Migratorios-Policia-Federal.pdf&amp;source=gmail&amp;ust=1657820884543000&amp;usg=AOvVaw3gxTVAU_K2pE-j9tc8SPmy\"><span style=\"color: #0000ff;\">Estrangeiros<\/span><\/a><\/li>\n<li>PDF do artigo\n<ul>\n<li>Mestrado:\u00a0com comprova\u00e7\u00e3o de publica\u00e7\u00e3o, aceita\u00e7\u00e3o ou submiss\u00e3o de ao menos um artigo completo, relacionado ao tema da Disserta\u00e7\u00e3o, em confer\u00eancia ou peri\u00f3dico, conforme <a href=\"https:\/\/leginf.usp.br\/?resolucao=resolucao-copgr-no-7658-de-20-de-maio-de-2019#:~:text=XI.3.2%20O,pesquisa%20do%20Programa.\"><span style=\"color: #0000ff;\">item XI. 3.2 do Regulamento do PPGEE<\/span><\/a><\/li>\n<li>Doutorado: com comprova\u00e7\u00e3o de publica\u00e7\u00e3o, aceita\u00e7\u00e3o ou submiss\u00e3o de ao menos um artigo em peri\u00f3dico representativo da \u00e1rea, com o padr\u00e3o de qualidade definido no <a href=\"https:\/\/leginf.usp.br\/?resolucao=resolucao-copgr-no-7658-de-20-de-maio-de-2019#:~:text=X.5.2%20Para,avalia%C3%A7%C3%A3o%20do%20pedido).\"><span style=\"color: #0000ff;\">item X.5.2 do Regulamento do PPGEE<\/span><\/a>, relacionado ao tema da Tese; se o comprovante for de submiss\u00e3o, dever\u00e1 ser comprovada adicionalmente a publica\u00e7\u00e3o de ao menos um artigo relacionado ao tema da Tese, conforme o <a href=\"https:\/\/leginf.usp.br\/?resolucao=resolucao-copgr-no-7658-de-20-de-maio-de-2019#:~:text=XI.3.3%20O,pesquisa%20do%20Programa.\"><span style=\"color: #0000ff;\">item XI. 3.3 do Regulamento do PPGEE<\/span><\/a>.<\/li>\n<\/ul>\n<\/li>\n<\/ul>\n<hr \/>\n<p><strong>Credenciamentos e Pareceres<\/strong><\/p>\n<ul>\n<li><span style=\"color: #0000ff;\"><a style=\"color: #0000ff;\" href=\"https:\/\/ppgee.poli.usp.br\/wp-content\/uploads\/sites\/92\/2023\/03\/Formulario_credenciamento-para-orientacao-ppgee_marco_2023.doc\">Credenciamento para orienta\u00e7\u00e3o no programa de p\u00f3s-gradua\u00e7\u00e3o em engenharia el\u00e9trica<\/a><\/span><\/li>\n<li><span style=\"color: #0000ff;\"><a style=\"color: #0000ff;\" href=\"https:\/\/ppgee.poli.usp.br\/wp-content\/uploads\/sites\/92\/dlm_uploads\/2024\/05\/credenciamento-e-recredenciamento-de-disciplina_2023-FORMULARIO.doc\">Credenciamento e Recredenciamento de Disciplina<\/a><\/span><\/li>\n<li><span style=\"color: #0000ff;\"><a style=\"color: #0000ff;\" href=\"\/\/ppgee.poli.usp.br\/wp-content\/uploads\/sites\/92\/2019\/11\/parecer-de-credenciamento-de-disciplina.doc\">Parecer para credenciamento de disciplina<\/a><\/span><\/li>\n<li><span style=\"color: #0000ff;\"><a style=\"color: #0000ff;\" href=\"\/\/ppgee.poli.usp.br\/wp-content\/uploads\/sites\/92\/2019\/10\/Formulario-de-Parecer-para-Credenciamento-de-Orientacao-15.docx\">Parecer para credenciamento de orienta\u00e7\u00e3o<\/a><\/span><\/li>\n<li><a style=\"color: #008ba1;\" href=\"\/\/ppgee.poli.usp.br\/wp-content\/uploads\/sites\/92\/2016\/02\/11_0.doc\"><span style=\"color: #0000ff;\">Parecer sobre Equival\u00eancia de Titulo<\/span><\/a><\/li>\n<\/ul>\n<hr \/>\n<p><strong>Processo seletivo<\/strong><\/p>\n<ul>\n<li><span style=\"color: #0000ff;\"><a style=\"color: #0000ff;\" href=\"\/\/ppgee.poli.usp.br\/programas\/processo-seletivo\/\">Formul\u00e1rio de inscri\u00e7\u00e3o no processo seletivo<\/a><\/span><\/li>\n<li><span style=\"color: #0000ff;\"><a style=\"color: #0000ff;\" href=\"\/\/ppgee.poli.usp.br\/programas\/processo-seletivo\/\">Instru\u00e7\u00f5es para elabora\u00e7\u00e3o de carta de recomenda\u00e7\u00e3o<\/a><\/span><\/li>\n<li><a href=\"\/\/ppgee.poli.usp.br\/wp-content\/uploads\/sites\/92\/2019\/11\/ProjetoPesquisa.pdf\"><span style=\"color: #0000ff;\">Instru\u00e7\u00f5es para prepara\u00e7\u00e3o do projeto de pesquisa<\/span><\/a><\/li>\n<\/ul>\n<hr \/>\n<p><strong>Egressos<\/strong><\/p>\n<ul>\n<li><a href=\"\/\/ppgee.poli.usp.br\/wp-content\/uploads\/sites\/92\/2021\/10\/Formulario-de-Egresso-para-Relatorio-2021-novo-CAPES-1.doc\"><span style=\"color: #0000ff;\">Formul\u00e1rio de Egresso para Relatorio 2021 novo CAPES-1<\/span><\/a><\/li>\n<\/ul>\n<p><\/p>","protected":false},"excerpt":{"rendered":"<p>Os formul\u00e1rios para Docentes e Alunos, que seguem, est\u00e3o em processo de atualiza\u00e7\u00e3o para uma [&hellip;]<\/p>\n","protected":false},"author":179,"featured_media":0,"parent":0,"menu_order":9,"comment_status":"closed","ping_status":"closed","template":"","meta":{"_monsterinsights_skip_tracking":false,"_monsterinsights_sitenote_active":false,"_monsterinsights_sitenote_note":"","_monsterinsights_sitenote_category":0,"footnotes":"","_links_to":"","_links_to_target":""},"categories":[],"tags":[],"class_list":["post-40","page","type-page","status-publish","hentry"],"_links":{"self":[{"href":"https:\/\/ppgee.poli.usp.br\/pb\/wp-json\/wp\/v2\/pages\/40","targetHints":{"allow":["GET"]}}],"collection":[{"href":"https:\/\/ppgee.poli.usp.br\/pb\/wp-json\/wp\/v2\/pages"}],"about":[{"href":"https:\/\/ppgee.poli.usp.br\/pb\/wp-json\/wp\/v2\/types\/page"}],"author":[{"embeddable":true,"href":"https:\/\/ppgee.poli.usp.br\/pb\/wp-json\/wp\/v2\/users\/179"}],"replies":[{"embeddable":true,"href":"https:\/\/ppgee.poli.usp.br\/pb\/wp-json\/wp\/v2\/comments?post=40"}],"version-history":[{"count":5,"href":"https:\/\/ppgee.poli.usp.br\/pb\/wp-json\/wp\/v2\/pages\/40\/revisions"}],"predecessor-version":[{"id":6931,"href":"https:\/\/ppgee.poli.usp.br\/pb\/wp-json\/wp\/v2\/pages\/40\/revisions\/6931"}],"wp:attachment":[{"href":"https:\/\/ppgee.poli.usp.br\/pb\/wp-json\/wp\/v2\/media?parent=40"}],"wp:term":[{"taxonomy":"category","embeddable":true,"href":"https:\/\/ppgee.poli.usp.br\/pb\/wp-json\/wp\/v2\/categories?post=40"},{"taxonomy":"post_tag","embeddable":true,"href":"https:\/\/ppgee.poli.usp.br\/pb\/wp-json\/wp\/v2\/tags?post=40"}],"curies":[{"name":"wp","href":"https:\/\/api.w.org\/{rel}","templated":true}]}}