{"id":3886,"date":"2020-05-04T16:05:22","date_gmt":"2020-05-04T19:05:22","guid":{"rendered":"http:\/\/ppgee.poli.usp.br\/programas\/processo-seletivo\/processo-seletivo-3-2020\/me-dd-sistemas-de-potencia-3143\/"},"modified":"2020-07-06T11:59:07","modified_gmt":"2020-07-06T14:59:07","slug":"me-dd-sistemas-de-potencia-3143","status":"publish","type":"page","link":"https:\/\/ppgee.poli.usp.br\/pb\/programas\/processo-seletivo\/processo-seletivo-3-2020\/me-dd-sistemas-de-potencia-3143\/","title":{"rendered":"ME\/DD \u2013 Sistemas de pot\u00eancia \u2013 3143"},"content":{"rendered":"<h3>Prova de conhecimentos remota<\/h3>\n<p>A prova de conhecimentos remota ser\u00e1 realizada no dia <strong>18\/06\/2020<\/strong> (quinta-feira), <strong>das 14h00 \u00e0s 17h00<\/strong>. A prova ser\u00e1 disponibilizada via videoconfer\u00eancia e o endere\u00e7o a ser acessado \u00e9:<\/p>\n<p><a href=\"https:\/\/meet.google.com\/vkk-qmhw-dim\">https:\/\/meet.google.com\/vkk-qmhw-dim<\/a><\/p>\n<p>Entre nesse link com <strong>15 minutos de anteced\u00eancia<\/strong> para receber as <strong>informa\u00e7\u00f5es sobre a prova<\/strong>.<\/p>\n<p>&nbsp;<\/p>\n<p><strong>Lista de candidatos de mestrado e doutorado direto aprovados<br \/>\n<\/strong><\/p>\n<ul>\n<li><a href=\"http:\/\/ppgee.poli.usp.br\/wp-content\/uploads\/sites\/92\/2020\/07\/ppgee.3143.aprovados2_2020.pdf\">Candidatos aprovados<\/a><\/li>\n<\/ul>\n<p>&nbsp;<\/p>\n<p><strong>Candidatos de mestrado e doutorado direto convocados para argui\u00e7\u00e3o<\/strong><\/p>\n<ul>\n<li><a href=\"http:\/\/ppgee.poli.usp.br\/wp-content\/uploads\/sites\/92\/2020\/06\/PPGEE02_2020_arg.pdf\">Candidatos convocados para argui\u00e7\u00e3o<\/a><\/li>\n<\/ul>\n<p>&nbsp;<\/p>\n<p><strong>Candidatos de mestrado e doutorado direto habilitados para avalia\u00e7\u00e3o de conhecimentos<\/strong><\/p>\n<ul>\n<li><a href=\"http:\/\/ppgee.poli.usp.br\/wp-content\/uploads\/sites\/92\/2020\/06\/3_2020.3143.ConvocadosProva.pdf\">Candidatos habilitados para avalia\u00e7\u00e3o de conhecimentos<\/a><\/li>\n<\/ul>\n<p>&nbsp;<\/p>\n<h3>Prova de conhecimentos<\/h3>\n<ul>\n<li><a href=\"http:\/\/ppgee.poli.usp.br\/wp-content\/uploads\/sites\/92\/2019\/11\/PPGEE.3143.2020-1pdf.pdf\">Clique aqui<\/a> para visualizar a prova de conhecimentos da \u00e1rea 3413.<\/li>\n<\/ul>\n","protected":false},"excerpt":{"rendered":"<p>Prova de conhecimentos remota A prova de conhecimentos remota ser\u00e1 realizada no dia 18\/06\/2020 (quinta-feira), [&hellip;]<\/p>\n","protected":false},"author":200,"featured_media":0,"parent":3880,"menu_order":7,"comment_status":"closed","ping_status":"closed","template":"","meta":{"_monsterinsights_skip_tracking":false,"_monsterinsights_sitenote_active":false,"_monsterinsights_sitenote_note":"","_monsterinsights_sitenote_category":0,"footnotes":"","_links_to":"","_links_to_target":""},"categories":[],"tags":[],"class_list":["post-3886","page","type-page","status-publish","hentry"],"_links":{"self":[{"href":"https:\/\/ppgee.poli.usp.br\/pb\/wp-json\/wp\/v2\/pages\/3886","targetHints":{"allow":["GET"]}}],"collection":[{"href":"https:\/\/ppgee.poli.usp.br\/pb\/wp-json\/wp\/v2\/pages"}],"about":[{"href":"https:\/\/ppgee.poli.usp.br\/pb\/wp-json\/wp\/v2\/types\/page"}],"author":[{"embeddable":true,"href":"https:\/\/ppgee.poli.usp.br\/pb\/wp-json\/wp\/v2\/users\/200"}],"replies":[{"embeddable":true,"href":"https:\/\/ppgee.poli.usp.br\/pb\/wp-json\/wp\/v2\/comments?post=3886"}],"version-history":[{"count":4,"href":"https:\/\/ppgee.poli.usp.br\/pb\/wp-json\/wp\/v2\/pages\/3886\/revisions"}],"predecessor-version":[{"id":4134,"href":"https:\/\/ppgee.poli.usp.br\/pb\/wp-json\/wp\/v2\/pages\/3886\/revisions\/4134"}],"up":[{"embeddable":true,"href":"https:\/\/ppgee.poli.usp.br\/pb\/wp-json\/wp\/v2\/pages\/3880"}],"wp:attachment":[{"href":"https:\/\/ppgee.poli.usp.br\/pb\/wp-json\/wp\/v2\/media?parent=3886"}],"wp:term":[{"taxonomy":"category","embeddable":true,"href":"https:\/\/ppgee.poli.usp.br\/pb\/wp-json\/wp\/v2\/categories?post=3886"},{"taxonomy":"post_tag","embeddable":true,"href":"https:\/\/ppgee.poli.usp.br\/pb\/wp-json\/wp\/v2\/tags?post=3886"}],"curies":[{"name":"wp","href":"https:\/\/api.w.org\/{rel}","templated":true}]}}