{"id":3883,"date":"2020-05-04T16:04:29","date_gmt":"2020-05-04T19:04:29","guid":{"rendered":"http:\/\/ppgee.poli.usp.br\/programas\/processo-seletivo\/processo-seletivo-3-2020\/me-dd-engenharia-de-sistemas-3139\/"},"modified":"2020-07-06T11:03:36","modified_gmt":"2020-07-06T14:03:36","slug":"me-dd-engenharia-de-sistemas-3139","status":"publish","type":"page","link":"https:\/\/ppgee.poli.usp.br\/pb\/programas\/processo-seletivo\/processo-seletivo-3-2020\/me-dd-engenharia-de-sistemas-3139\/","title":{"rendered":"ME\/DD \u2013 Engenharia de sistemas \u2013 3139"},"content":{"rendered":"<ul>\n<li><a href=\"http:\/\/ppgee.poli.usp.br\/wp-content\/uploads\/sites\/92\/2020\/06\/Aptos_Exame_Ingresso_PPGEE_3139_3_2020.pdf\">Candidatos com inscri\u00e7\u00e3o aprovada e aptos a realizar a Prova de Conhecimentos<\/a><\/li>\n<\/ul>\n<p>&nbsp;<\/p>\n<ul>\n<li><strong>Exame de Conhecimentos da \u00c1rea 3139 &#8211; Engenharia de Sistemas:<br \/>\n<\/strong><\/li>\n<\/ul>\n<p>O Exame de Conhecimentos de Ingresso espec\u00edfico para a <strong>\u00c1rea 3139 &#8211; Engenharia de Sistemas<\/strong> ser\u00e1 realizado de forma remota, no dia 18\/06\/2020, \u00e0s 14:00 hs (Hor\u00e1rio Padr\u00e3o de Bras\u00edlia &#8211; S\u00e3o Paulo), via <em>Google Meet<\/em>, pelo seguinte link:<\/p>\n<p><a href=\"http:\/\/meet.google.com\/ppk-sdwi-fkf\">Link_Exame_Area_3139<\/a><\/p>\n<p>Orienta\u00e7\u00f5es Iniciais:<\/p>\n<ul>\n<li>Acessar o link com 15 minutos de anteced\u00eancia para receber as informa\u00e7\u00f5es da prova;<\/li>\n<li>Manter a c\u00e2mera ligada durante a realiza\u00e7\u00e3o do exame;<\/li>\n<li>As quest\u00f5es ser\u00e3o respondidas via formul\u00e1rio <em>Google Forms<\/em>.<\/li>\n<\/ul>\n<p>&nbsp;<\/p>\n<p>No caso de d\u00favidas, entre em contato com a \u00e1rea 3139 via e-mail: <a href=\"mailto:ppgee.3139@usp.br\">ppgee.3139@usp.br<\/a><\/p>\n<ul>\n<li><a href=\"http:\/\/ppgee.poli.usp.br\/wp-content\/uploads\/sites\/92\/2020\/06\/3139_Aprovados_Exame_2020_03.pdf\">Candidatos Aprovados no Exame de Conhecimentos<\/a><\/li>\n<\/ul>\n<p>&nbsp;<\/p>\n<p>OBS: O prazo final para envio das cartas de recomenda\u00e7\u00e3o \u00e9 25 de junho de 2020.<\/p>\n<p>&nbsp;<\/p>\n<ul>\n<li><a href=\"http:\/\/ppgee.poli.usp.br\/wp-content\/uploads\/sites\/92\/2020\/06\/3139_Arguicao_2020_03.pdf\">Candidatos Convocados para Argui\u00e7\u00e3o<\/a><\/li>\n<\/ul>\n<p>&nbsp;<\/p>\n<p>OBS 1: A Comiss\u00e3o de Ingresso da \u00c1rea 3139 entrar\u00e1 em contato por e-mail para agendar a argui\u00e7\u00e3o.<\/p>\n<p>OBS 2: N\u00e3o h\u00e1 garantias de que o orientador indicado pelo candidato tenha disponibilidade para orienta\u00e7\u00e3o.<\/p>\n<p>&nbsp;<\/p>\n<ul>\n<li><a href=\"http:\/\/ppgee.poli.usp.br\/wp-content\/uploads\/sites\/92\/2020\/07\/3139_Aprovados_2020_03.pdf\">Candidatos Selecionados<\/a><\/li>\n<\/ul>\n","protected":false},"excerpt":{"rendered":"<p>Candidatos com inscri\u00e7\u00e3o aprovada e aptos a realizar a Prova de Conhecimentos &nbsp; Exame de [&hellip;]<\/p>\n","protected":false},"author":200,"featured_media":0,"parent":3880,"menu_order":7,"comment_status":"closed","ping_status":"closed","template":"","meta":{"_monsterinsights_skip_tracking":false,"_monsterinsights_sitenote_active":false,"_monsterinsights_sitenote_note":"","_monsterinsights_sitenote_category":0,"footnotes":"","_links_to":"","_links_to_target":""},"categories":[],"tags":[],"class_list":["post-3883","page","type-page","status-publish","hentry"],"_links":{"self":[{"href":"https:\/\/ppgee.poli.usp.br\/pb\/wp-json\/wp\/v2\/pages\/3883","targetHints":{"allow":["GET"]}}],"collection":[{"href":"https:\/\/ppgee.poli.usp.br\/pb\/wp-json\/wp\/v2\/pages"}],"about":[{"href":"https:\/\/ppgee.poli.usp.br\/pb\/wp-json\/wp\/v2\/types\/page"}],"author":[{"embeddable":true,"href":"https:\/\/ppgee.poli.usp.br\/pb\/wp-json\/wp\/v2\/users\/200"}],"replies":[{"embeddable":true,"href":"https:\/\/ppgee.poli.usp.br\/pb\/wp-json\/wp\/v2\/comments?post=3883"}],"version-history":[{"count":4,"href":"https:\/\/ppgee.poli.usp.br\/pb\/wp-json\/wp\/v2\/pages\/3883\/revisions"}],"predecessor-version":[{"id":4126,"href":"https:\/\/ppgee.poli.usp.br\/pb\/wp-json\/wp\/v2\/pages\/3883\/revisions\/4126"}],"up":[{"embeddable":true,"href":"https:\/\/ppgee.poli.usp.br\/pb\/wp-json\/wp\/v2\/pages\/3880"}],"wp:attachment":[{"href":"https:\/\/ppgee.poli.usp.br\/pb\/wp-json\/wp\/v2\/media?parent=3883"}],"wp:term":[{"taxonomy":"category","embeddable":true,"href":"https:\/\/ppgee.poli.usp.br\/pb\/wp-json\/wp\/v2\/categories?post=3883"},{"taxonomy":"post_tag","embeddable":true,"href":"https:\/\/ppgee.poli.usp.br\/pb\/wp-json\/wp\/v2\/tags?post=3883"}],"curies":[{"name":"wp","href":"https:\/\/api.w.org\/{rel}","templated":true}]}}