{"id":3882,"date":"2020-05-04T16:04:06","date_gmt":"2020-05-04T19:04:06","guid":{"rendered":"http:\/\/ppgee.poli.usp.br\/programas\/processo-seletivo\/processo-seletivo-3-2020\/me-dd-engenharia-biomedica-3154\/"},"modified":"2020-07-06T08:56:54","modified_gmt":"2020-07-06T11:56:54","slug":"me-dd-engenharia-biomedica-3154","status":"publish","type":"page","link":"https:\/\/ppgee.poli.usp.br\/pb\/programas\/processo-seletivo\/processo-seletivo-3-2020\/me-dd-engenharia-biomedica-3154\/","title":{"rendered":"ME\/DD \u2013 Engenharia biom\u00e9dica \u2013 3154"},"content":{"rendered":"<ul>\n<li><a href=\"http:\/\/ppgee.poli.usp.br\/wp-content\/uploads\/sites\/92\/2020\/06\/Lista-Candidatos-Aptos-3154-site-2020-06-09.pdf\">Engenharia Biom\u00e9dica &#8211; Candidatos aptos a realizar a Prova de Conhecimentos<\/a><\/li>\n<\/ul>\n<p>&nbsp;<\/p>\n<ul>\n<li><a href=\"http:\/\/ppgee.poli.usp.br\/wp-content\/uploads\/sites\/92\/2020\/06\/Lista-Candidatos-Aprovados-3154-site-2020-06-09.pdf\">Engenharia Biom\u00e9dica &#8211; Candidatos aprovados na Prova de Conhecimentos<\/a><\/li>\n<\/ul>\n<p>&nbsp;<\/p>\n<ul>\n<li><a href=\"http:\/\/ppgee.poli.usp.br\/wp-content\/uploads\/sites\/92\/2020\/06\/Lista-Candidatos-Arguicao-3154-site-2020-06-25.pdf\" target=\"_blank\" rel=\"noopener noreferrer\">Engenharia Biom\u00e9dica &#8211; Candidatos convocados para Argui\u00e7\u00e3o<\/a><\/li>\n<\/ul>\n<p>&nbsp;<\/p>\n<ul>\n<li><a href=\"http:\/\/ppgee.poli.usp.br\/wp-content\/uploads\/sites\/92\/dlm_uploads\/2020\/07\/Lista-Candidatos-Selecionados-3154-site-2020-07-06.pdf\" target=\"_blank\" rel=\"noopener noreferrer\">Engenharia Biom\u00e9dica &#8211; Candidatos selecionados<\/a><\/li>\n<\/ul>\n","protected":false},"excerpt":{"rendered":"<p>Engenharia Biom\u00e9dica &#8211; Candidatos aptos a realizar a Prova de Conhecimentos &nbsp; Engenharia Biom\u00e9dica &#8211; [&hellip;]<\/p>\n","protected":false},"author":200,"featured_media":0,"parent":3880,"menu_order":7,"comment_status":"closed","ping_status":"closed","template":"","meta":{"_monsterinsights_skip_tracking":false,"_monsterinsights_sitenote_active":false,"_monsterinsights_sitenote_note":"","_monsterinsights_sitenote_category":0,"footnotes":"","_links_to":"","_links_to_target":""},"categories":[],"tags":[],"class_list":["post-3882","page","type-page","status-publish","hentry"],"_links":{"self":[{"href":"https:\/\/ppgee.poli.usp.br\/pb\/wp-json\/wp\/v2\/pages\/3882","targetHints":{"allow":["GET"]}}],"collection":[{"href":"https:\/\/ppgee.poli.usp.br\/pb\/wp-json\/wp\/v2\/pages"}],"about":[{"href":"https:\/\/ppgee.poli.usp.br\/pb\/wp-json\/wp\/v2\/types\/page"}],"author":[{"embeddable":true,"href":"https:\/\/ppgee.poli.usp.br\/pb\/wp-json\/wp\/v2\/users\/200"}],"replies":[{"embeddable":true,"href":"https:\/\/ppgee.poli.usp.br\/pb\/wp-json\/wp\/v2\/comments?post=3882"}],"version-history":[{"count":4,"href":"https:\/\/ppgee.poli.usp.br\/pb\/wp-json\/wp\/v2\/pages\/3882\/revisions"}],"predecessor-version":[{"id":4123,"href":"https:\/\/ppgee.poli.usp.br\/pb\/wp-json\/wp\/v2\/pages\/3882\/revisions\/4123"}],"up":[{"embeddable":true,"href":"https:\/\/ppgee.poli.usp.br\/pb\/wp-json\/wp\/v2\/pages\/3880"}],"wp:attachment":[{"href":"https:\/\/ppgee.poli.usp.br\/pb\/wp-json\/wp\/v2\/media?parent=3882"}],"wp:term":[{"taxonomy":"category","embeddable":true,"href":"https:\/\/ppgee.poli.usp.br\/pb\/wp-json\/wp\/v2\/categories?post=3882"},{"taxonomy":"post_tag","embeddable":true,"href":"https:\/\/ppgee.poli.usp.br\/pb\/wp-json\/wp\/v2\/tags?post=3882"}],"curies":[{"name":"wp","href":"https:\/\/api.w.org\/{rel}","templated":true}]}}