{"id":3666,"date":"2019-11-05T11:12:51","date_gmt":"2019-11-05T14:12:51","guid":{"rendered":"http:\/\/ppgee.poli.usp.br\/?page_id=3666"},"modified":"2026-02-09T15:37:27","modified_gmt":"2026-02-09T18:37:27","slug":"comissoes","status":"publish","type":"page","link":"https:\/\/ppgee.poli.usp.br\/pb\/programas\/processo-seletivo\/comissoes\/","title":{"rendered":"Comiss\u00f5es"},"content":{"rendered":"<p><\/p>\n<h3><a id=\"CCP\" href=\"#CCP\"><strong>CCP &#8211; Coordenadora de P\u00f3s-Gradua\u00e7\u00e3o do Programa de P\u00f3s-Gradua\u00e7\u00e3o<\/strong><\/a><\/h3>\n<p>A Comiss\u00e3o Coordenadora de P\u00f3s-Gradua\u00e7\u00e3o do Programa de P\u00f3s-Gradua\u00e7\u00e3o \u00a0em Engenharia El\u00e9trica (CCP) \u00e9 constitu\u00edda por 6 (seis) membros docentes e seus respectivos suplentes, todos credenciados como orientadores no Programa e vinculados \u00e0 Unidade, e 1 (um) membro representante dos alunos do Programa e seu respectivo suplente.<\/p>\n<p>&nbsp;<\/p>\n<p><strong>Coordena\u00e7\u00e3o:<\/strong> Prof. Dr. Renato Machado Monaro<br \/>\n<strong>Suplente:\u00a0<\/strong>Prof. Dr. Cintia Borges Margi<\/p>\n<p><strong>Secret\u00e1ria:<\/strong> <span class=\"gI\"><span data-hovercard-id=\"betemelo@usp.br\" data-hovercard-owner-id=\"84\">Elisabete Aparecida de Araujo Fernandes Melo<\/span><\/span><\/p>\n<div style=\"border: 1px solid #c8c8c8; padding: 15px; width: 680px; margin-left: 15px;\">\n<p style=\"text-align: center;\"><strong>\u00c1rea 3139 &#8211;\u00a0<a style=\"color: #008ba1;\" href=\"\/\/ppgee.poli.usp.br\/programas\/areas-de-concentracao\/engenharia-de-sistemas\">Engenharia de Sistemas<\/a><\/strong><br \/>\nTitular: Prof. Dr. \u00c1tila Madureira Bueno<br \/>\nSuplente: Prof. Dr. Luciano Antonio Frezzato Santos<\/p>\n<\/div>\n<div style=\"border: 1px solid #c8c8c8; padding: 15px; width: 680px; margin-left: 15px;\">\n<p style=\"text-align: center;\"><strong>\u00c1rea 3140 &#8211; <a style=\"color: #008ba1;\" href=\"\/\/ppgee.poli.usp.br\/programas\/areas-de-concentracao\/microeletronica\">Microeletr\u00f4nica<\/a><\/strong><br \/>\nTitular: Prof. Dr. Marco Isa\u00edas Alayo Chavez<br \/>\nSuplente: Prof. Dr. Gustavo Pamplona Rehder<\/p>\n<\/div>\n<div style=\"border: 1px solid #c8c8c8; padding: 15px; width: 680px; margin-left: 15px;\">\n<p style=\"text-align: center;\"><strong>\u00c1rea 3141 \u2013\u00a0<a style=\"color: #008ba1;\" href=\"\/\/ppgee.poli.usp.br\/programas\/areas-de-concentracao\/engenharia-de-computacao\">Engenharia de Computa\u00e7\u00e3o<\/a><\/strong><br \/>\nTitular: Prof. Dra. Cintia Borges Margi<br \/>\nSuplente: Prof. Dr. Edson Satoshi Gomi<\/p>\n<\/div>\n<div style=\"border: 1px solid #c8c8c8; padding: 15px; width: 680px; margin-left: 15px;\">\n<p style=\"text-align: center;\"><strong>\u00c1rea 3142 \u2013\u00a0<a style=\"color: #008ba1;\" href=\"\/\/ppgee.poli.usp.br\/programas\/areas-de-concentracao\/sistemas-eletronicos\">Sistemas Eletr\u00f4nicos<\/a><\/strong><br \/>\nTitular: Prof. Dr. Marcio Eisencraft<br \/>\nSuplente: Prof. Dr. Magno Te\u00f3filo Madeira da Silva<\/p>\n<\/div>\n<div style=\"border: 1px solid #c8c8c8; padding: 15px; width: 680px; margin-left: 15px;\">\n<p style=\"text-align: center;\"><strong>\u00c1rea 3143 \u2013\u00a0<a style=\"color: #008ba1;\" href=\"\/\/ppgee.poli.usp.br\/programas\/areas-de-concentracao\/sistemas-de-potencia\">Sistemas de Pot\u00eancia<\/a><\/strong><br \/>\nTitular: Prof. Dr. Renato Machado Monaro<br \/>\nSuplente: Prof. Dr. Eduardo Lorenzetti Pellini<\/p>\n<\/div>\n<div style=\"border: 1px solid #c8c8c8; padding: 15px; width: 680px; margin-left: 15px;\">\n<p style=\"text-align: center;\"><strong>\u00c1rea 3154 \u2013\u00a0<a style=\"color: #008ba1;\" href=\"\/\/ppgee.poli.usp.br\/programas\/areas-de-concentracao\/engenharia-biomedica\">Engenharia Biom\u00e9dica<\/a><\/strong><br \/>\nTitular: Prof. Dr. Henrique Takachi Moriya<br \/>\nSuplente: Prof. Dr. S\u00e9rgio Shiguemi Furuie<\/p>\n<\/div>\n<div style=\"border: 1px solid #c8c8c8; padding: 15px; width: 680px; margin-left: 15px;\">\n<p>&nbsp;<\/p>\n<div>\n<p style=\"text-align: center;\"><strong>Representa\u00e7\u00e3o Discente 2023<\/strong><\/p>\n<p style=\"text-align: center;\">Fernando Zolubas Preto (Titular)<\/p>\n<p style=\"text-align: center;\">Henrique Chaves Gulino (Suplente)<\/p>\n<\/div>\n<p style=\"text-align: center;\">Telefones de contato dispon\u00edveis mediante email para a secretaria de p\u00f3s-gradua\u00e7\u00e3o em<\/p>\n<p style=\"text-align: center;\"><a href=\"mailto:posgrad.eletrica.poli@usp.br\">posgrad.eletrica.poli@usp.br<\/a><\/p>\n<\/div>\n<h3><\/h3>\n<h3>CoB &#8211; Comiss\u00e3o de Bolsas<\/h3>\n<p><strong>Coordena\u00e7\u00e3o geral da CoB:<\/strong><br \/>\nProf. Dr. Pedro Luiz Pizzigatti Corr\u00eaa<span style=\"color: #008000;\"> <a href=\"mailto:cob_ppgee@usp.br\"><strong>cob_ppgee@usp.br<\/strong><\/a><\/span><\/p>\n<p><strong>Secret\u00e1ria<\/strong><br \/>\nRosemeire Cruz<\/p>\n<p><strong>Representantes de \u00e1rea na CoB<\/strong><br \/>\n\u00c1rea 3139 \u2013 Engenharia de Sistemas \u2013 Prof. Dr. Claudio Garcia<strong>\u00a0<a href=\"mailto:claudio.garcia@poli.usp.br\">claudio.garcia@poli.usp.br<\/a><\/strong><br \/>\n\u00c1rea 3140 \u2013 Engenharia Microeletr\u00f4nica \u2013 Prof. Dr. Gustavo Pamplona Rehder<strong> <a href=\"mailto:gprehder@usp.br\">gprehder@usp.br<\/a><\/strong><br \/>\n\u00c1rea 3141 \u2013 Engenharia de Computa\u00e7\u00e3o \u2013 Prof. Dr. Pedro Luiz Pizzigatti Corr\u00eaa <strong><a href=\"mailto:pedro.correa@usp.br\">pedro.correa@usp.br<\/a><\/strong><br \/>\n\u00c1rea 3142 \u2013 Sistemas Eletr\u00f4nicos \u2013 Prof. Dr. Daniel Gilio Tiglea <a href=\"mailto:daniel.tiglea@usp.br\"><strong> daniel.tiglea@usp.br<\/strong><\/a><br \/>\n\u00c1rea 3143 \u2013 Sistemas de Pot\u00eancia \u2013 Prof. Dr. Mauricio Salles\u00a0<strong><a href=\"mailto:mausalles@usp.br\">mausalles@usp.br<\/a><\/strong><br \/>\n\u00c1rea 3154 \u2013 Engenharia Biom\u00e9dica \u2013 Prof. Dr. Henrique Moriya\u00a0<strong><a href=\"mailto:htmoriya@usp.br\">htmoriya@usp.br<\/a><\/strong><\/p>\n<p>Quaisquer documenta\u00e7\u00f5es, comunicados e pleitos feitos \u00e0 Comiss\u00e3o de Bolsas devem ser encaminhados aos e-mails dos representantes de \u00e1rea, ao e-mail da Comiss\u00e3o de Bolsas ou, pessoalmente, \u00e0 secretaria do PPGEE, at\u00e9 a quinta-feira anterior \u00e0 data de cada reuni\u00e3o. As reuni\u00f5es s\u00e3o realizadas na primeira segunda-feira do m\u00eas, com exce\u00e7\u00e3o dos meses de julho e janeiro.<\/p>\n<p>&nbsp;<\/p>\n<h3><strong>Representantes discentes<\/strong><\/h3>\n<p>Fernando Zolubas Preto <a href=\"mailto:zolubas@usp.br\"><strong>zolubas@usp.br<\/strong><\/a><\/p>\n<p>&nbsp;<\/p>\n<h3><strong>CoF &#8211; Comiss\u00e3o de Finan\u00e7as<\/strong><\/h3>\n<p>\u00c1rea 3139 \u2013 Engenharia de Sistemas \u2013 Prof. Dr.\u00a0\u00c1tila M. Bueno<br \/>\n\u00c1rea 3140 \u2013 Engenharia Microeletr\u00f4nica \u2013 Prof. Dr.\u00a0Ricardo C. Rangel<br \/>\n\u00c1rea 3141 \u2013 Engenharia de Computa\u00e7\u00e3o \u2013 Prof. Dr.\u00a0Edson S. Gomi<br \/>\n\u00c1rea 3142 \u2013 Sistemas Eletr\u00f4nicos \u2013 Prof. Dr.\u00a0Cristiano M. Panazio<br \/>\n\u00c1rea 3143 \u2013 Sistemas de Pot\u00eancia \u2013 Prof. Dr.\u00a0Luiz Lebensztajn \/ Prof. Dr. Wilson Komatsu<br \/>\n\u00c1rea 3154 \u2013 Engenharia Biom\u00e9dica \u2013 Prof. Dr.\u00a0\u00c1tila M. Bueno<\/p>","protected":false},"excerpt":{"rendered":"<p>CCP &#8211; Coordenadora de P\u00f3s-Gradua\u00e7\u00e3o do Programa de P\u00f3s-Gradua\u00e7\u00e3o A Comiss\u00e3o Coordenadora de P\u00f3s-Gradua\u00e7\u00e3o do [&hellip;]<\/p>\n","protected":false},"author":415,"featured_media":0,"parent":1914,"menu_order":13,"comment_status":"closed","ping_status":"closed","template":"","meta":{"_monsterinsights_skip_tracking":false,"_monsterinsights_sitenote_active":false,"_monsterinsights_sitenote_note":"","_monsterinsights_sitenote_category":0,"footnotes":"","_links_to":"","_links_to_target":""},"categories":[],"tags":[],"class_list":["post-3666","page","type-page","status-publish","hentry"],"_links":{"self":[{"href":"https:\/\/ppgee.poli.usp.br\/pb\/wp-json\/wp\/v2\/pages\/3666","targetHints":{"allow":["GET"]}}],"collection":[{"href":"https:\/\/ppgee.poli.usp.br\/pb\/wp-json\/wp\/v2\/pages"}],"about":[{"href":"https:\/\/ppgee.poli.usp.br\/pb\/wp-json\/wp\/v2\/types\/page"}],"author":[{"embeddable":true,"href":"https:\/\/ppgee.poli.usp.br\/pb\/wp-json\/wp\/v2\/users\/415"}],"replies":[{"embeddable":true,"href":"https:\/\/ppgee.poli.usp.br\/pb\/wp-json\/wp\/v2\/comments?post=3666"}],"version-history":[{"count":6,"href":"https:\/\/ppgee.poli.usp.br\/pb\/wp-json\/wp\/v2\/pages\/3666\/revisions"}],"predecessor-version":[{"id":6989,"href":"https:\/\/ppgee.poli.usp.br\/pb\/wp-json\/wp\/v2\/pages\/3666\/revisions\/6989"}],"up":[{"embeddable":true,"href":"https:\/\/ppgee.poli.usp.br\/pb\/wp-json\/wp\/v2\/pages\/1914"}],"wp:attachment":[{"href":"https:\/\/ppgee.poli.usp.br\/pb\/wp-json\/wp\/v2\/media?parent=3666"}],"wp:term":[{"taxonomy":"category","embeddable":true,"href":"https:\/\/ppgee.poli.usp.br\/pb\/wp-json\/wp\/v2\/categories?post=3666"},{"taxonomy":"post_tag","embeddable":true,"href":"https:\/\/ppgee.poli.usp.br\/pb\/wp-json\/wp\/v2\/tags?post=3666"}],"curies":[{"name":"wp","href":"https:\/\/api.w.org\/{rel}","templated":true}]}}