{"id":3571,"date":"2019-10-29T12:10:46","date_gmt":"2019-10-29T15:10:46","guid":{"rendered":"http:\/\/ppgee.poli.usp.br\/?page_id=3571"},"modified":"2024-10-07T15:20:05","modified_gmt":"2024-10-07T18:20:05","slug":"matricula","status":"publish","type":"page","link":"https:\/\/ppgee.poli.usp.br\/pb\/programas\/processo-seletivo\/matricula\/","title":{"rendered":"Matr\u00edcula"},"content":{"rendered":"<p>Clique aqui para acessar o <a href=\"http:\/\/ppgee.poli.usp.br\/programas\/calendario-de-matricula\/\">Calend\u00e1rio de Matr\u00edcula<\/a><\/p>\n<p>Os candidatos aprovados no processo seletivo dever\u00e3o efetuar sua matr\u00edcula de forma virtual. Somente podem ser admitidos e mantidos nos cursos de P\u00f3s-Gradua\u00e7\u00e3o oferecidos pela USP quando apresentarem o documento de identidade v\u00e1lido e de visto tempor\u00e1rio ou permanente que os autorize a estudar no Brasil.<\/p>\n<p>No ato da matr\u00edcula o candidato dever\u00e1 entregar os documentos a seguir descritos:<\/p>\n<p>a) Impress\u00e3o do Requerimento de Matr\u00edcula preenchido na \u00edntegra (na p\u00e1gina de <a href=\"http:\/\/ppgee.poli.usp.br\/formularios\/\">formul\u00e1rios<\/a>), assinado pelo aluno e pelo orientador;<\/p>\n<p>b) Uma fotografia 3&#215;4 recente;<\/p>\n<p>c) C\u00f3pia simples da C\u00e9dula de Identidade (RG) ou Registro Nacional para Estrangeiros<br \/>\n(RNE);<\/p>\n<p>d) C\u00f3pia simples do Cadastro de Pessoa F\u00edsica (CPF);<\/p>\n<p>e) C\u00f3pia do extrato da consulta de dados de identifica\u00e7\u00e3o, emitido pelo Sistema Nacional de<br \/>\nCadastramento de Registro de Estrangeiros junto \u00e0 Policia Federal \u2013 SINCRE (somente para<br \/>\nestrangeiros);<\/p>\n<p>f) C\u00f3pia do Passaporte das partes de identifica\u00e7\u00e3o e visto, ou outro documento original do<br \/>\nsolicitante que possa complementar as informa\u00e7\u00f5es de qualifica\u00e7\u00e3o civil faltantes no<br \/>\nSINCRE (somente para estrangeiros);<\/p>\n<p>g) C\u00f3pia simples, frente e verso, do(s) Diploma(s) devidamente registrados, Hist\u00f3rico(s)<br \/>\nEscolar(es) Completos dos Cursos de Gradua\u00e7\u00e3o ou Certificado(s) com a data de outorga do<br \/>\ngrau obtido em curso de Gradua\u00e7\u00e3o oficialmente reconhecido;<\/p>\n<p>h) Comprovante de Profici\u00eancia em Ingl\u00eas, no n\u00edvel do curso: Mestrado ou Doutorado Direto<br \/>\n(apenas para ingresso como aluno regular);<\/p>\n<p>i) Projeto de Pesquisa assinado e datado pelo orientador e aluno, segundo modelo dispon\u00edvel<br \/>\n<a href=\"http:\/\/ppgee.poli.usp.br\/formularios\/\">http:\/\/ppgee.poli.usp.br\/formularios\/<\/a> &#8211; Instru\u00e7\u00f5es para Prepara\u00e7\u00e3o do Projeto de Pesquisa (as<br \/>\n\u00e1reas de Engenharia de Sistemas, Microeletr\u00f4nica, Sistemas Eletr\u00f4nicos e Engenharia<br \/>\nBiom\u00e9dica n\u00e3o exigem o Projeto de Pesquisa);<\/p>\n<p>j) Formul\u00e1rio de Proposta Acad\u00eamica, assinado por orientador credenciado no PPGEE<br \/>\n(disponibilizado em <a href=\"https:\/\/ppgee.poli.usp.br\/pb\/formularios\/\">http:\/\/ppgee.poli.usp.br\/formularios\/<\/a> &#8211; Proposta Acad\u00eamica) ;<\/p>\n<p>k) Comprova\u00e7\u00e3o de que seu <strong>Curr\u00edculo Lattes<\/strong> encontra-se <strong>atualizado<\/strong>.<\/p>","protected":false},"excerpt":{"rendered":"<p>Clique aqui para acessar o Calend\u00e1rio de Matr\u00edcula Os candidatos aprovados no processo seletivo dever\u00e3o [&hellip;]<\/p>\n","protected":false},"author":415,"featured_media":1968,"parent":1914,"menu_order":15,"comment_status":"closed","ping_status":"closed","template":"","meta":{"_monsterinsights_skip_tracking":false,"_monsterinsights_sitenote_active":false,"_monsterinsights_sitenote_note":"","_monsterinsights_sitenote_category":0,"footnotes":"","_links_to":"","_links_to_target":""},"categories":[],"tags":[],"class_list":["post-3571","page","type-page","status-publish","has-post-thumbnail","hentry"],"_links":{"self":[{"href":"https:\/\/ppgee.poli.usp.br\/pb\/wp-json\/wp\/v2\/pages\/3571","targetHints":{"allow":["GET"]}}],"collection":[{"href":"https:\/\/ppgee.poli.usp.br\/pb\/wp-json\/wp\/v2\/pages"}],"about":[{"href":"https:\/\/ppgee.poli.usp.br\/pb\/wp-json\/wp\/v2\/types\/page"}],"author":[{"embeddable":true,"href":"https:\/\/ppgee.poli.usp.br\/pb\/wp-json\/wp\/v2\/users\/415"}],"replies":[{"embeddable":true,"href":"https:\/\/ppgee.poli.usp.br\/pb\/wp-json\/wp\/v2\/comments?post=3571"}],"version-history":[{"count":4,"href":"https:\/\/ppgee.poli.usp.br\/pb\/wp-json\/wp\/v2\/pages\/3571\/revisions"}],"predecessor-version":[{"id":5138,"href":"https:\/\/ppgee.poli.usp.br\/pb\/wp-json\/wp\/v2\/pages\/3571\/revisions\/5138"}],"up":[{"embeddable":true,"href":"https:\/\/ppgee.poli.usp.br\/pb\/wp-json\/wp\/v2\/pages\/1914"}],"wp:featuredmedia":[{"embeddable":true,"href":"https:\/\/ppgee.poli.usp.br\/pb\/wp-json\/wp\/v2\/media\/1968"}],"wp:attachment":[{"href":"https:\/\/ppgee.poli.usp.br\/pb\/wp-json\/wp\/v2\/media?parent=3571"}],"wp:term":[{"taxonomy":"category","embeddable":true,"href":"https:\/\/ppgee.poli.usp.br\/pb\/wp-json\/wp\/v2\/categories?post=3571"},{"taxonomy":"post_tag","embeddable":true,"href":"https:\/\/ppgee.poli.usp.br\/pb\/wp-json\/wp\/v2\/tags?post=3571"}],"curies":[{"name":"wp","href":"https:\/\/api.w.org\/{rel}","templated":true}]}}