{"id":3452,"date":"2019-09-17T16:21:09","date_gmt":"2019-09-17T19:21:09","guid":{"rendered":"http:\/\/ppgee.poli.usp.br\/?page_id=3452"},"modified":"2019-12-02T20:27:21","modified_gmt":"2019-12-02T23:27:21","slug":"processo-seletivo-1-2020","status":"publish","type":"page","link":"https:\/\/ppgee.poli.usp.br\/pb\/programas\/processo-seletivo\/processo-seletivo-1-2020\/","title":{"rendered":"Processo seletivo &#8211; 1\/2020"},"content":{"rendered":"<h3>Edital do processo seletivo 1\u00ba &#8211; 2020<\/h3>\n<p>O arquivo com o edital do processo seletivo para mestrado e doutorado direto pode ser baixado <a href=\"http:\/\/ppgee.poli.usp.br\/wp-content\/uploads\/sites\/92\/2019\/09\/Edital-1o-periodo-2020-Mestrado-12-09-2019.pdf\">aqui<\/a>.<\/p>\n<h3>Datas<\/h3>\n<p><em>MESTRADO E DOUTORADO DIRETO<\/em><\/p>\n<ul>\n<li>De 07 a 25\/10\/2019 \u2013 Inscri\u00e7\u00e3o para o processo seletivo.<\/li>\n<li>30\/10\/2019 \u2013 Divulga\u00e7\u00e3o da lista dos candidatos aptos a realizar a Prova de Conhecimentos.<\/li>\n<li>12\/11\/2019, das 14hs00 \u00e0s 17hs00 \u2013 Prova de Conhecimentos.<\/li>\n<li>18\/11\/2019 \u2013 Divulga\u00e7\u00e3o do resultado da Prova de Conhecimentos<\/li>\n<li>20\/11\/2019 \u2013 Data m\u00e1xima para recebimento no PPGEE das duas cartas de recomenda\u00e7\u00e3o<\/li>\n<li>20 e 21\/11\/2019 \u2013 Prazo para envio de recursos sobre a Prova de Conhecimentos<\/li>\n<li>22\/11\/2019 \u2013 Divulga\u00e7\u00e3o dos convocados para a argui\u00e7\u00e3o (j\u00e1 considerando os recursos).<\/li>\n<li>De 25 a 29\/11\/2019 \u2013 Realiza\u00e7\u00e3o da argui\u00e7\u00e3o.<\/li>\n<li>03\/12\/2019 \u2013 Divulga\u00e7\u00e3o do resultado da sele\u00e7\u00e3o de ingresso.<\/li>\n<li>04 e 05\/12\/2019 \u2013 Prazo para envio de recursos sobre a sele\u00e7\u00e3o de ingresso<\/li>\n<li>06\/12\/2019 \u2013 Divulga\u00e7\u00e3o do resultado final da sele\u00e7\u00e3o de ingresso<\/li>\n<li>Data a ser divulgada \u2013 Matr\u00edcula na Secretaria do PPGEE<\/li>\n<li>Prova de Profici\u00eancia em Ingl\u00eas do CL-FFLCH-USP: inscri\u00e7\u00e3o e informa\u00e7\u00f5es em <a href=\"http:\/\/clinguas.fflch.usp.br\/content\/proficiencia-em-ingles\">http:\/\/clinguas.fflch.usp.br\/content\/proficiencia-em-ingles<\/a>.<\/li>\n<\/ul>\n<p>&nbsp;<\/p>\n<h3>Formul\u00e1rio de inscri\u00e7\u00e3o no processo seletivo &#8211; 1\/2020<\/h3>\n<p>O formul\u00e1rio de inscri\u00e7\u00e3o no processo seletivo de mestrado e doutorado direto deve ser preenchido eletronicamente com os dados do candidato interessado. Esse formul\u00e1rio utiliza o Google Forms e, portanto, o candidato deve ser usu\u00e1rio cadastrado de email do Google para poder preench\u00ea-lo.<\/p>\n<ul>\n<li><a href=\"https:\/\/forms.gle\/LhNgLvvCkUtibSSS9\" rel=\"noopener noreferrer\">Engenharia biom\u00e9dica<\/a><\/li>\n<li><a href=\"https:\/\/goo.gl\/forms\/LGzRE6Z6Iz5VZk0f2\">Engenharia da computa\u00e7\u00e3o<\/a><\/li>\n<li><a href=\"https:\/\/forms.gle\/x4TkKFvht8BwDag96\">Engenharia de sistemas<\/a><\/li>\n<li><a href=\"https:\/\/forms.gle\/HLTqqwNrahpeE7V8A\">Microeletr\u00f4nica<\/a><\/li>\n<li><a href=\"https:\/\/forms.gle\/1ktXNDpZa5RscWMTA\">Sistemas de pot\u00eancia<\/a><\/li>\n<li><a href=\"https:\/\/forms.gle\/MDyEFSnCarmNZWN88\">Sistemas eletr\u00f4nicos<\/a><\/li>\n<\/ul>\n<p>&nbsp;<\/p>\n<p>Caso o candidato enfrente problemas com a sua autentica\u00e7\u00e3o no formul\u00e1rio de inscri\u00e7\u00e3o, basta utilizar uma janela an\u00f4nima do browser. Caso o problema persista, basta entrar em contato via email da \u00e1rea de concentra\u00e7\u00e3o que o candidato pretende se inscrever, para resolv\u00ea-lo.<\/p>\n<ul>\n<li>Engenharia biom\u00e9dica &#8211; ppgee.3154@usp.br<\/li>\n<li>Engenharia de computa\u00e7\u00e3o &#8211; ppgee.3141@usp.br<\/li>\n<li>Engenharia de sistemas &#8211; ppgee.3139@usp.br<\/li>\n<li>Microeletr\u00f4nica &#8211; ppgee.3140@usp.br<\/li>\n<li>Sistemas de pot\u00eancia &#8211; ppgee.3143@usp.br<\/li>\n<li>Sistemas eletr\u00f4nicos &#8211; ppgee.3142@usp.br<\/li>\n<\/ul>\n<h3><\/h3>\n<h3><strong>Instru\u00e7\u00f5es para a elabora\u00e7\u00e3o de carta de recomenda\u00e7\u00e3o<\/strong><\/h3>\n<p>As instru\u00e7\u00f5es para a elabora\u00e7\u00e3o de carta de recomenda\u00e7\u00e3o podem ser baixadas <a href=\"\/\/ppgee.poli.usp.br\/wp-content\/uploads\/sites\/92\/2016\/05\/CartaRecomenda%C3%A7%C3%A3o.pdf\">aqui<\/a><\/p>\n<p>&nbsp;<\/p>\n<h3>Resultados e informa\u00e7\u00f5es das \u00e1reas<\/h3>\n<ul>\n<li><a href=\"http:\/\/ppgee.poli.usp.br\/programas\/processo-seletivo\/processo-seletivo-1-2020\/me-dd-engenharia-biomedica-3154\/\">Engenharia biom\u00e9dica<\/a><\/li>\n<li><a href=\"http:\/\/ppgee.poli.usp.br\/programas\/processo-seletivo\/processo-seletivo-1-2020\/me-dd-engenharia-de-computacao-3141\/\">Engenharia da computa\u00e7\u00e3o<\/a><\/li>\n<li><a href=\"http:\/\/ppgee.poli.usp.br\/programas\/processo-seletivo\/processo-seletivo-12019\/medd-engenharia-de-sistemas-3139\/\">Engenharia de sistemas<\/a><\/li>\n<li><a href=\"http:\/\/ppgee.poli.usp.br\/programas\/processo-seletivo\/processo-seletivo-1-2020\/me-dd-microeletronica-3140\/\">Microeletr\u00f4nica<\/a><\/li>\n<li><a href=\"http:\/\/ppgee.poli.usp.br\/programas\/processo-seletivo\/processo-seletivo-1-2020\/me-dd-sistemas-de-potencia-3143\/\">Sistemas de pot\u00eancia<\/a><\/li>\n<li><a href=\"https:\/\/ppgee.poli.usp.br\/pb\/programas\/processo-seletivo\/processo-seletivo-1-2020\/me-dd-sistemas-eletronicos-3142\/\">Sistemas eletr\u00f4nicos<\/a><\/li>\n<\/ul>\n<p>&nbsp;<\/p>\n<h3>Bolsas de Estudo do PPGEE<\/h3>\n<p>Informa\u00e7\u00f5es sobre bolsas <a href=\"http:\/\/ppgee.poli.usp.br\/apoios\/bolsas\/solicitacao-de-bolsas\/\">clique aqui<\/a><\/p>\n","protected":false},"excerpt":{"rendered":"<p>Edital do processo seletivo 1\u00ba &#8211; 2020 O arquivo com o edital do processo seletivo [&hellip;]<\/p>\n","protected":false},"author":200,"featured_media":0,"parent":1914,"menu_order":31,"comment_status":"closed","ping_status":"closed","template":"","meta":{"_monsterinsights_skip_tracking":false,"_monsterinsights_sitenote_active":false,"_monsterinsights_sitenote_note":"","_monsterinsights_sitenote_category":0,"footnotes":"","_links_to":"","_links_to_target":""},"categories":[],"tags":[],"class_list":["post-3452","page","type-page","status-publish","hentry"],"_links":{"self":[{"href":"https:\/\/ppgee.poli.usp.br\/pb\/wp-json\/wp\/v2\/pages\/3452","targetHints":{"allow":["GET"]}}],"collection":[{"href":"https:\/\/ppgee.poli.usp.br\/pb\/wp-json\/wp\/v2\/pages"}],"about":[{"href":"https:\/\/ppgee.poli.usp.br\/pb\/wp-json\/wp\/v2\/types\/page"}],"author":[{"embeddable":true,"href":"https:\/\/ppgee.poli.usp.br\/pb\/wp-json\/wp\/v2\/users\/200"}],"replies":[{"embeddable":true,"href":"https:\/\/ppgee.poli.usp.br\/pb\/wp-json\/wp\/v2\/comments?post=3452"}],"version-history":[{"count":4,"href":"https:\/\/ppgee.poli.usp.br\/pb\/wp-json\/wp\/v2\/pages\/3452\/revisions"}],"predecessor-version":[{"id":3775,"href":"https:\/\/ppgee.poli.usp.br\/pb\/wp-json\/wp\/v2\/pages\/3452\/revisions\/3775"}],"up":[{"embeddable":true,"href":"https:\/\/ppgee.poli.usp.br\/pb\/wp-json\/wp\/v2\/pages\/1914"}],"wp:attachment":[{"href":"https:\/\/ppgee.poli.usp.br\/pb\/wp-json\/wp\/v2\/media?parent=3452"}],"wp:term":[{"taxonomy":"category","embeddable":true,"href":"https:\/\/ppgee.poli.usp.br\/pb\/wp-json\/wp\/v2\/categories?post=3452"},{"taxonomy":"post_tag","embeddable":true,"href":"https:\/\/ppgee.poli.usp.br\/pb\/wp-json\/wp\/v2\/tags?post=3452"}],"curies":[{"name":"wp","href":"https:\/\/api.w.org\/{rel}","templated":true}]}}