{"id":3236,"date":"2019-05-02T08:14:00","date_gmt":"2019-05-02T11:14:00","guid":{"rendered":"http:\/\/ppgee.poli.usp.br\/?page_id=3236"},"modified":"2019-10-31T14:25:59","modified_gmt":"2019-10-31T17:25:59","slug":"me-dd-engenharia-de-computacao-3141","status":"publish","type":"page","link":"https:\/\/ppgee.poli.usp.br\/pb\/programas\/processo-seletivo\/processo-seletivo-3-2019\/me-dd-engenharia-de-computacao-3141\/","title":{"rendered":"ME\/DD \u2013 Engenharia de computa\u00e7\u00e3o \u2013 3141"},"content":{"rendered":"<p><strong><a href=\"http:\/\/ppgee.poli.usp.br\/wp-content\/uploads\/sites\/92\/2019\/10\/Candidatos-com-Inscri\u00e7\u00e3o-Aceita-\u00c1rea-3141-1.pdf\">Engenharia da Computa\u00e7\u00e3o &#8211; Candidatos com Inscri\u00e7\u00e3o Aprovada<\/a><\/strong><\/p>\n<p><strong>Engenharia da Computa\u00e7\u00e3o &#8211; Candidatos Aprovados na Prova de Conhecimentos<\/strong><\/p>\n<p><strong>Engenharia da Computa\u00e7\u00e3o &#8211; Agendamento para a Prova de Argui\u00e7\u00e3o<\/strong><\/p>\n<p><strong>Engenharia da Computa\u00e7\u00e3o &#8211; Lista Final de Aprovados<\/strong><\/p>\n<p>&nbsp;<\/p>\n","protected":false},"excerpt":{"rendered":"<p>Engenharia da Computa\u00e7\u00e3o &#8211; Candidatos com Inscri\u00e7\u00e3o Aprovada Engenharia da Computa\u00e7\u00e3o &#8211; Candidatos Aprovados na [&hellip;]<\/p>\n","protected":false},"author":200,"featured_media":0,"parent":3231,"menu_order":7,"comment_status":"closed","ping_status":"closed","template":"","meta":{"_monsterinsights_skip_tracking":false,"_monsterinsights_sitenote_active":false,"_monsterinsights_sitenote_note":"","_monsterinsights_sitenote_category":0,"footnotes":"","_links_to":"","_links_to_target":""},"categories":[],"tags":[],"class_list":["post-3236","page","type-page","status-publish","hentry"],"_links":{"self":[{"href":"https:\/\/ppgee.poli.usp.br\/pb\/wp-json\/wp\/v2\/pages\/3236","targetHints":{"allow":["GET"]}}],"collection":[{"href":"https:\/\/ppgee.poli.usp.br\/pb\/wp-json\/wp\/v2\/pages"}],"about":[{"href":"https:\/\/ppgee.poli.usp.br\/pb\/wp-json\/wp\/v2\/types\/page"}],"author":[{"embeddable":true,"href":"https:\/\/ppgee.poli.usp.br\/pb\/wp-json\/wp\/v2\/users\/200"}],"replies":[{"embeddable":true,"href":"https:\/\/ppgee.poli.usp.br\/pb\/wp-json\/wp\/v2\/comments?post=3236"}],"version-history":[{"count":4,"href":"https:\/\/ppgee.poli.usp.br\/pb\/wp-json\/wp\/v2\/pages\/3236\/revisions"}],"predecessor-version":[{"id":3640,"href":"https:\/\/ppgee.poli.usp.br\/pb\/wp-json\/wp\/v2\/pages\/3236\/revisions\/3640"}],"up":[{"embeddable":true,"href":"https:\/\/ppgee.poli.usp.br\/pb\/wp-json\/wp\/v2\/pages\/3231"}],"wp:attachment":[{"href":"https:\/\/ppgee.poli.usp.br\/pb\/wp-json\/wp\/v2\/media?parent=3236"}],"wp:term":[{"taxonomy":"category","embeddable":true,"href":"https:\/\/ppgee.poli.usp.br\/pb\/wp-json\/wp\/v2\/categories?post=3236"},{"taxonomy":"post_tag","embeddable":true,"href":"https:\/\/ppgee.poli.usp.br\/pb\/wp-json\/wp\/v2\/tags?post=3236"}],"curies":[{"name":"wp","href":"https:\/\/api.w.org\/{rel}","templated":true}]}}