{"id":3231,"date":"2019-05-02T08:09:43","date_gmt":"2019-05-02T11:09:43","guid":{"rendered":"http:\/\/ppgee.poli.usp.br\/?page_id=3231"},"modified":"2021-09-27T14:21:28","modified_gmt":"2021-09-27T17:21:28","slug":"processo-seletivo-3-2019","status":"publish","type":"page","link":"https:\/\/ppgee.poli.usp.br\/pb\/programas\/processo-seletivo\/processo-seletivo-3-2019\/","title":{"rendered":"Processo seletivo &#8211; 2\/2019"},"content":{"rendered":"<p><\/p>\n<h3>Edital do processo seletivo 3\u00ba &#8211; 2019<\/h3>\n<p>O arquivo com o edital do processo seletivo para mestrado e doutorado direto pode ser baixado <a href=\"http:\/\/ppgee.poli.usp.br\/wp-content\/uploads\/sites\/92\/2019\/04\/Edital-3o-periodo-2019-Mestrado-01-04-2019A.pdf\">aqui<\/a>.<\/p>\n<p>&nbsp;<\/p>\n<h3>Formul\u00e1rio de inscri\u00e7\u00e3o no processo seletivo &#8211; 3\/2019<\/h3>\n<p>O formul\u00e1rio de inscri\u00e7\u00e3o no processo seletivo de mestrado e doutorado direto deve ser preenchido eletronicamente com os dados do candidato interessado. Esse formul\u00e1rio utiliza o Google Forms e, portanto, o candidato deve ser usu\u00e1rio cadastrado de email do Google para poder preench\u00ea-lo.<\/p>\n<ul>\n<li><a href=\"https:\/\/docs.google.com\/forms\/d\/e\/1FAIpQLSc2HI4OrT1Bu4D19N2UsAONAHecmNoocllrcbk8DtZEOnKOfQ\/viewform?usp=sf_link\">Engenharia biom\u00e9dica<\/a><\/li>\n<li><a href=\"https:\/\/goo.gl\/forms\/LGzRE6Z6Iz5VZk0f2\">Engenharia da computa\u00e7\u00e3o<\/a><\/li>\n<li><a href=\"https:\/\/docs.google.com\/forms\/d\/1QORPx6gp2G3BCX7e2Od0KbFt4XAV0LapMRZwppglsPo\/edit?usp=sharing\">Engenharia de sistemas<\/a><\/li>\n<li><a href=\"https:\/\/forms.gle\/91UFnyxLMdTCXoDD9\">Microeletr\u00f4nica<\/a><\/li>\n<li><a href=\"https:\/\/forms.gle\/GkMYJv6P7xW8Bu7W9\">Sistemas de pot\u00eancia<\/a><\/li>\n<li><a href=\"https:\/\/forms.gle\/u6UdhyPLsCjWhtqL7\">Sistemas eletr\u00f4nicos<\/a><\/li>\n<\/ul>\n<p>&nbsp;<\/p>\n<p>Caso o candidato enfrente problemas com a sua autentica\u00e7\u00e3o no formul\u00e1rio de inscri\u00e7\u00e3o, basta utilizar uma janela an\u00f4nima do browser. Caso o problema persista, basta entrar em contato via email da \u00e1rea de concentra\u00e7\u00e3o que o candidato pretende se inscrever, para resolv\u00ea-lo.<\/p>\n<ul>\n<li>Engenharia biom\u00e9dica &#8211; ppgee.3154@usp.br<\/li>\n<li>Engenharia de computa\u00e7\u00e3o &#8211; ppgee.3141@usp.br<\/li>\n<li>Engenharia de sistemas &#8211; ppgee.3139@usp.br<\/li>\n<li>Microeletr\u00f4nica &#8211; ppgee.3140@usp.br<\/li>\n<li>Sistemas de pot\u00eancia &#8211; ppgee.3143@usp.br<\/li>\n<li>Sistemas eletr\u00f4nicos &#8211; ppgee.3142@usp.br<\/li>\n<\/ul>\n<p>&nbsp;<\/p>\n<h3>Formul\u00e1rio para inten\u00e7\u00e3o e inscri\u00e7\u00e3o no Exame de Bolsas &#8211; 3\/2019<\/h3>\n<p>Seja candidato de mestrado, doutorado ou doutorado direto, os alunos interessados a concorrer em uma das bolsas da quota institucional do PPGEE <strong><a href=\"http:\/\/ppgee.poli.usp.br\/apoios\/bolsas\/formularios-de-pedido-de-bolsa\/\">devem seguir as orienta\u00e7\u00f5es citadas aqui <\/a><\/strong>para preenchimento do formul\u00e1rio FCOB-10. O formul\u00e1rio FCOB-10 utiliza o Google Forms e, portanto, o candidato deve ser usu\u00e1rio cadastrado de email do Google para poder preench\u00ea-lo.<\/p>\n<p>Caso o candidato enfrente problemas com a sua autentica\u00e7\u00e3o no formul\u00e1rio de inscri\u00e7\u00e3o, basta utilizar uma janela an\u00f4nima do browser. Caso o problema persista, basta entrar em contato via email com a Comiss\u00e3o de Bolsas em cob_ppgee@usp.br.<\/p>\n<h3><\/h3>\n<h3>Resultados e informa\u00e7\u00f5es das \u00e1reas<\/h3>\n<ul>\n<li><a href=\"http:\/\/ppgee.poli.usp.br\/programas\/processo-seletivo\/processo-seletivo-3-2019\/me-dd-engenharia-biomedica-3154\/\">Engenharia biom\u00e9dica<\/a><\/li>\n<li><a href=\"http:\/\/ppgee.poli.usp.br\/programas\/processo-seletivo\/processo-seletivo-3-2019\/me-dd-engenharia-de-computacao-3141\/\">Engenharia da computa\u00e7\u00e3o<\/a><\/li>\n<li><a href=\"http:\/\/ppgee.poli.usp.br\/programas\/processo-seletivo\/processo-seletivo-3-2019\/me-dd-engenharia-de-sistemas-3139\/\">Engenharia de sistemas<\/a><\/li>\n<li><a href=\"http:\/\/ppgee.poli.usp.br\/programas\/processo-seletivo\/processo-seletivo-3-2019\/me-dd-microeletronica-3140\/\">Microeletr\u00f4nica<\/a><\/li>\n<li><a href=\"http:\/\/ppgee.poli.usp.br\/programas\/processo-seletivo\/processo-seletivo-3-2019\/me-dd-sistemas-de-potencia-3143\/\">Sistemas de pot\u00eancia<\/a><\/li>\n<li><a href=\"http:\/\/ppgee.poli.usp.br\/programas\/processo-seletivo\/processo-seletivo-3-2019\/me-dd-sistemas-eletronicos-3142\/\">Sistemas eletr\u00f4nicos<\/a><\/li>\n<\/ul>\n<p>&nbsp;<\/p>\n<h3>Resultados do exame de bolsas da CoB do PPGEE<\/h3>\n<p>Os alunos que foram aprovados no exame de bolsas do PPGEE est\u00e3o listados no arquivo <a href=\"http:\/\/ppgee.poli.usp.br\/wp-content\/uploads\/sites\/92\/2019\/06\/Alunos-aprovados-na-prova-do-exame-de-bolsas-CoB-PPGEE-3o-per\u00edodo-2019.pdf\" target=\"_blank\" rel=\"noopener\">desse link<\/a>. Os alunos ainda ser\u00e3o verificados, para checar se conseguiram ter \u00eaxito em ser aprovados nos processos seletivos de suas respectivas \u00e1reas de concentra\u00e7\u00e3o. A seguir os alunos ser\u00e3o contactados por email, at\u00e9 o final do m\u00eas de Junho, para envio de seus formul\u00e1rios de rankeamento para a Comiss\u00e3o de Bolsas. O ranking se dar\u00e1 durante o m\u00eas de julho, para implementa\u00e7\u00e3o das bolsas aos melhores posicionados ap\u00f3s a matr\u00edcula em Agosto de 2019.<\/p>\n<h3>Informa\u00e7\u00f5es sobre a matr\u00edcula &#8211; 3o. per\u00edodo de 2019<\/h3>\n<p><strong>\u00a0<\/strong><\/p>","protected":false},"excerpt":{"rendered":"<p>Edital do processo seletivo 3\u00ba &#8211; 2019 O arquivo com o edital do processo seletivo [&hellip;]<\/p>\n","protected":false},"author":200,"featured_media":0,"parent":1914,"menu_order":31,"comment_status":"closed","ping_status":"closed","template":"","meta":{"_monsterinsights_skip_tracking":false,"_monsterinsights_sitenote_active":false,"_monsterinsights_sitenote_note":"","_monsterinsights_sitenote_category":0,"footnotes":"","_links_to":"","_links_to_target":""},"categories":[],"tags":[],"class_list":["post-3231","page","type-page","status-publish","hentry"],"_links":{"self":[{"href":"https:\/\/ppgee.poli.usp.br\/pb\/wp-json\/wp\/v2\/pages\/3231","targetHints":{"allow":["GET"]}}],"collection":[{"href":"https:\/\/ppgee.poli.usp.br\/pb\/wp-json\/wp\/v2\/pages"}],"about":[{"href":"https:\/\/ppgee.poli.usp.br\/pb\/wp-json\/wp\/v2\/types\/page"}],"author":[{"embeddable":true,"href":"https:\/\/ppgee.poli.usp.br\/pb\/wp-json\/wp\/v2\/users\/200"}],"replies":[{"embeddable":true,"href":"https:\/\/ppgee.poli.usp.br\/pb\/wp-json\/wp\/v2\/comments?post=3231"}],"version-history":[{"count":4,"href":"https:\/\/ppgee.poli.usp.br\/pb\/wp-json\/wp\/v2\/pages\/3231\/revisions"}],"predecessor-version":[{"id":4738,"href":"https:\/\/ppgee.poli.usp.br\/pb\/wp-json\/wp\/v2\/pages\/3231\/revisions\/4738"}],"up":[{"embeddable":true,"href":"https:\/\/ppgee.poli.usp.br\/pb\/wp-json\/wp\/v2\/pages\/1914"}],"wp:attachment":[{"href":"https:\/\/ppgee.poli.usp.br\/pb\/wp-json\/wp\/v2\/media?parent=3231"}],"wp:term":[{"taxonomy":"category","embeddable":true,"href":"https:\/\/ppgee.poli.usp.br\/pb\/wp-json\/wp\/v2\/categories?post=3231"},{"taxonomy":"post_tag","embeddable":true,"href":"https:\/\/ppgee.poli.usp.br\/pb\/wp-json\/wp\/v2\/tags?post=3231"}],"curies":[{"name":"wp","href":"https:\/\/api.w.org\/{rel}","templated":true}]}}