{"id":2938,"date":"2018-10-15T11:39:15","date_gmt":"2018-10-15T14:39:15","guid":{"rendered":"http:\/\/ppgee.poli.usp.br\/?page_id=2938"},"modified":"2019-01-24T13:32:38","modified_gmt":"2019-01-24T15:32:38","slug":"processo-seletivo-12019","status":"publish","type":"page","link":"https:\/\/ppgee.poli.usp.br\/pb\/programas\/processo-seletivo\/processo-seletivo-12019\/","title":{"rendered":"Processo seletivo &#8211; 1\/2019"},"content":{"rendered":"<p><\/p>\n<h3><strong>ENCERRADO<\/strong><\/h3>\n<p>&nbsp;<\/p>\n<h3>Edital do processo seletivo 1\u00ba &#8211; 2019<\/h3>\n<p>O arquivo com o edital do processo seletivo para mestrado e doutorado direto pode ser baixado <a href=\"http:\/\/ppgee.poli.usp.br\/wp-content\/uploads\/sites\/92\/2018\/10\/Edital-1o-periodo-2019-Mestrado-1.pdf\">aqui<\/a>.<\/p>\n<p>&nbsp;<\/p>\n<h3>Formul\u00e1rio de inscri\u00e7\u00e3o no processo seletivo &#8211; 1\/2019<\/h3>\n<p>O formul\u00e1rio de inscri\u00e7\u00e3o no processo seletivo de mestrado e doutorado direto deve ser preenchido eletronicamente com os dados do candidato interessado. Esse formul\u00e1rio utiliza o Google Forms e, portanto, o candidato deve ser usu\u00e1rio cadastrado de email do Google para poder preench\u00ea-lo.<\/p>\n<ul>\n<li><a href=\"https:\/\/goo.gl\/forms\/Keyit8HWBovSP0vk2\">Engenharia biom\u00e9dica<\/a><\/li>\n<li><a href=\"https:\/\/goo.gl\/forms\/LGzRE6Z6Iz5VZk0f2\">Engenharia da computa\u00e7\u00e3o<\/a><\/li>\n<li><a href=\"https:\/\/docs.google.com\/forms\/d\/e\/1FAIpQLSd4qRftoYORQQ7Ks5B_unGNpiFvZ7iMnmHl-w1ZIY4UF48Gqw\/viewform?usp=sf_link\">Engenharia de sistemas<\/a><\/li>\n<li><a href=\"https:\/\/goo.gl\/forms\/90s67L4Qg3EhBQwH2\">Microeletr\u00f4nica<\/a><\/li>\n<li><a href=\"https:\/\/goo.gl\/forms\/MAqKoFKwLDwUZC292\">Sistemas de pot\u00eancia<\/a><\/li>\n<li><a href=\"https:\/\/goo.gl\/forms\/0KZcNLOBdsopDOhy1\">Sistemas eletr\u00f4nicos<\/a><\/li>\n<\/ul>\n<p>&nbsp;<\/p>\n<p>Caso o candidato enfrente problemas com a sua autentica\u00e7\u00e3o no formul\u00e1rio de inscri\u00e7\u00e3o, basta utilizar uma janela an\u00f4nima do browser. Caso o problema persista, basta entrar em contato via email da \u00e1rea de concentra\u00e7\u00e3o que o candidato pretende se inscrever, para resolv\u00ea-lo.<\/p>\n<ul>\n<li>Engenharia biom\u00e9dica &#8211; ppgee.3154@usp.br<\/li>\n<li>Engenharia de computa\u00e7\u00e3o &#8211; ppgee.3141@usp.br<\/li>\n<li>Engenharia de sistemas &#8211; ppgee.3139@usp.br<\/li>\n<li>Microeletr\u00f4nica &#8211; ppgee.3140@usp.br<\/li>\n<li>Sistemas de pot\u00eancia &#8211; ppgee.3143@usp.br<\/li>\n<li>Sistemas eletr\u00f4nicos &#8211; ppgee.3142@usp.br<\/li>\n<\/ul>\n<p>&nbsp;<\/p>\n<p><span style=\"color: #ff0000;\"><span style=\"color: #000000;\"><del>A data da Prova de Conhecimentos para os casos de ingresso em Mestrado e Doutorado Direto \u00e9 21\/11\/2018. Na sua modalidade local, ser\u00e1 aplicada das 14:00h at\u00e9 as 17:00h. As provas de conhecimento de cada \u00e1rea de concentra\u00e7\u00e3o ser\u00e3o ministradas em salas de aula do pr\u00e9dio da Engenharia El\u00e9trica da POLI, na CUASO: Biom\u00e9dica e Microeletr\u00f4nica na sala GD-03, Engenharia de Sistemas e Sistemas Eletr\u00f4nicos na sala GD-05, Computa\u00e7\u00e3o na sala C1-49, Sistemas de Pot\u00eancia na sala A1-22.<\/del><\/span><\/span><\/p>\n<h3><\/h3>\n<h3>Formul\u00e1rio para inten\u00e7\u00e3o e inscri\u00e7\u00e3o no Exame de Bolsas &#8211; 1\/2019<\/h3>\n<p>Seja candidato de mestrado, doutorado ou doutorado direto, os alunos interessados a concorrer em uma das bolsas da quota institucional do PPGEE <strong><a href=\"http:\/\/ppgee.poli.usp.br\/apoios\/bolsas\/formularios-de-pedido-de-bolsa\/\">devem seguir as orienta\u00e7\u00f5es citadas aqui <\/a><\/strong>para preenchimento do formul\u00e1rio FCOB-10. O formul\u00e1rio FCOB-10 utiliza o Google Forms e, portanto, o candidato deve ser usu\u00e1rio cadastrado de email do Google para poder preench\u00ea-lo.<\/p>\n<p>Caso o candidato enfrente problemas com a sua autentica\u00e7\u00e3o no formul\u00e1rio de inscri\u00e7\u00e3o, basta utilizar uma janela an\u00f4nima do browser. Caso o problema persista, basta entrar em contato via email com a Comiss\u00e3o de Bolsas em cob_ppgee@usp.br.<\/p>\n<p style=\"text-align: left;\"><span style=\"color: #000000;\"><del>A data do Exame de Bolsas para os casos de Mestrado ou Doutorado Direto \u00e9 21\/11\/2018. Na sua modalidade local, ser\u00e1 aplicada das 9:30h at\u00e9 as 11:30h (duas horas de prova), nas salas GD-03 e GD-05 do pr\u00e9dio da Engenharia El\u00e9trica da POLI, na CUASO.<\/del><\/span><\/p>\n<h3><\/h3>\n<h3>Resultados e informa\u00e7\u00f5es das \u00e1reas<\/h3>\n<ul>\n<li><a href=\"http:\/\/ppgee.poli.usp.br\/programas\/processo-seletivo\/processo-seletivo-12019\/medd-engenharia-biomedica-3154\/\">Engenharia biom\u00e9dica<\/a><\/li>\n<li><a href=\"http:\/\/ppgee.poli.usp.br\/programas\/processo-seletivo\/processo-seletivo-12019\/medd-engenharia-de-computacao-3141\/\">Engenharia da computa\u00e7\u00e3o<\/a><\/li>\n<li><a href=\"http:\/\/ppgee.poli.usp.br\/programas\/processo-seletivo\/processo-seletivo-12019\/medd-engenharia-de-sistemas-3139\/\">Engenharia de sistemas<\/a><\/li>\n<li><a href=\"http:\/\/ppgee.poli.usp.br\/programas\/processo-seletivo\/processo-seletivo-12019\/medd-microeletronica-3140\/\">Microeletr\u00f4nica<\/a><\/li>\n<li><a href=\"http:\/\/ppgee.poli.usp.br\/programas\/processo-seletivo\/processo-seletivo-12019\/medd-sistemas-de-potencia-3143\/\">Sistemas de pot\u00eancia<\/a><\/li>\n<li><a href=\"http:\/\/ppgee.poli.usp.br\/programas\/processo-seletivo\/processo-seletivo-12019\/medd-sistemas-eletronicos-3142\/\">Sistemas eletr\u00f4nicos<\/a><\/li>\n<\/ul>\n<p>&nbsp;<\/p>\n<h3>Resultados do exame de bolsas da CoB do PPGEE<\/h3>\n<ul>\n<li><a href=\"http:\/\/ppgee.poli.usp.br\/wp-content\/uploads\/sites\/92\/2018\/12\/Resultados-da-prova-do-Exame-de-Bolsas-CoB-PPGEE-2019-1.pdf\" target=\"_blank\" rel=\"noopener noreferrer\">Resultados do Exame de Bolsas<\/a><\/li>\n<\/ul>\n<p style=\"text-align: left;\"><span style=\"color: #000000;\">Aten\u00e7\u00e3o: os resultados s\u00e3o apenas do Exame de Bolsas. Para ser ranqueado e concorrer a uma bolsa do programa, o aluno dever\u00e1 ter sido aprovado no processo seletivo de sua \u00e1rea de concentra\u00e7\u00e3o E no Exame de Bolsas.<\/span><\/p>\n<p>Os alunos regulares e especiais que foram aprovados no Exame de Bolsas est\u00e3o sendo chamados para rankeamento em Dezembro de 2018.<\/p>\n<p>Os demais alunos, que ainda n\u00e3o terminaram o processo seletivo e n\u00e3o realizaram a matr\u00edcula, dever\u00e3o ser convocados para apresentar seus formul\u00e1rios de ranqueamento entre o final de Dezembro e o in\u00edcio de Fevereiro. Os alunos pelo indicados pelo ranking para receber uma bolsa ser\u00e3o cadastrados nas ag\u00eancias de fomento at\u00e9 15 de Mar\u00e7o de 2019, para ter o primeiro recebimento de bolsa em Abril de 2019.<\/p>\n<p style=\"text-align: center;\"><span style=\"color: #ff0000;\"><strong>\u00a0<\/strong><\/span><\/p>\n<h3>Informa\u00e7\u00f5es sobre a matr\u00edcula &#8211; 1o. per\u00edodo de 2019<\/h3>\n<p><span style=\"color: #000000;\"><strong>Novo!<\/strong> Clique <a style=\"color: #000000;\" href=\"http:\/\/ppgee.poli.usp.br\/wp-content\/uploads\/sites\/92\/2019\/01\/Instru\u00e7\u00e3o-para-efetuar-Matricula-1o-e-2o-periodo-2019.pdf\" target=\"_blank\" rel=\"noopener noreferrer\"><strong>aqui<\/strong> <\/a>para obter o documento com informa\u00e7\u00f5es sobre a matr\u00edcula<strong>. Novo!<br \/>\n<\/strong><\/span><\/p>","protected":false},"excerpt":{"rendered":"<p>ENCERRADO &nbsp; Edital do processo seletivo 1\u00ba &#8211; 2019 O arquivo com o edital do [&hellip;]<\/p>\n","protected":false},"author":200,"featured_media":0,"parent":1914,"menu_order":31,"comment_status":"closed","ping_status":"closed","template":"","meta":{"_monsterinsights_skip_tracking":false,"_monsterinsights_sitenote_active":false,"_monsterinsights_sitenote_note":"","_monsterinsights_sitenote_category":0,"footnotes":"","_links_to":"","_links_to_target":""},"categories":[],"tags":[],"class_list":["post-2938","page","type-page","status-publish","hentry"],"_links":{"self":[{"href":"https:\/\/ppgee.poli.usp.br\/pb\/wp-json\/wp\/v2\/pages\/2938","targetHints":{"allow":["GET"]}}],"collection":[{"href":"https:\/\/ppgee.poli.usp.br\/pb\/wp-json\/wp\/v2\/pages"}],"about":[{"href":"https:\/\/ppgee.poli.usp.br\/pb\/wp-json\/wp\/v2\/types\/page"}],"author":[{"embeddable":true,"href":"https:\/\/ppgee.poli.usp.br\/pb\/wp-json\/wp\/v2\/users\/200"}],"replies":[{"embeddable":true,"href":"https:\/\/ppgee.poli.usp.br\/pb\/wp-json\/wp\/v2\/comments?post=2938"}],"version-history":[{"count":6,"href":"https:\/\/ppgee.poli.usp.br\/pb\/wp-json\/wp\/v2\/pages\/2938\/revisions"}],"predecessor-version":[{"id":3179,"href":"https:\/\/ppgee.poli.usp.br\/pb\/wp-json\/wp\/v2\/pages\/2938\/revisions\/3179"}],"up":[{"embeddable":true,"href":"https:\/\/ppgee.poli.usp.br\/pb\/wp-json\/wp\/v2\/pages\/1914"}],"wp:attachment":[{"href":"https:\/\/ppgee.poli.usp.br\/pb\/wp-json\/wp\/v2\/media?parent=2938"}],"wp:term":[{"taxonomy":"category","embeddable":true,"href":"https:\/\/ppgee.poli.usp.br\/pb\/wp-json\/wp\/v2\/categories?post=2938"},{"taxonomy":"post_tag","embeddable":true,"href":"https:\/\/ppgee.poli.usp.br\/pb\/wp-json\/wp\/v2\/tags?post=2938"}],"curies":[{"name":"wp","href":"https:\/\/api.w.org\/{rel}","templated":true}]}}