{"id":2703,"date":"2018-06-28T11:28:07","date_gmt":"2018-06-28T14:28:07","guid":{"rendered":"http:\/\/ppgee.poli.usp.br\/?page_id=2703"},"modified":"2021-05-24T22:28:32","modified_gmt":"2021-05-25T01:28:32","slug":"medd-engenharia-biomedica-3154","status":"publish","type":"page","link":"https:\/\/ppgee.poli.usp.br\/pb\/programas\/processo-seletivo\/processo-seletivo-22018\/medd-engenharia-biomedica-3154\/","title":{"rendered":"ME\/DD &#8211; Engenharia biom\u00e9dica &#8211; 3154"},"content":{"rendered":"<p><strong>Candidatos de mestrado habilitados para avalia\u00e7\u00e3o de conhecimentos<\/strong><\/p>\n<ul>\n<li><a href=\"http:\/\/ppgee.poli.usp.br\/wp-content\/uploads\/sites\/92\/2018\/05\/ppgee.3154.convocados.pdf\">Candidatos habilitados para avalia\u00e7\u00e3o de conhecimentos<\/a><\/li>\n<\/ul>\n","protected":false},"excerpt":{"rendered":"<p>Candidatos de mestrado habilitados para avalia\u00e7\u00e3o de conhecimentos Candidatos habilitados para avalia\u00e7\u00e3o de conhecimentos<\/p>\n","protected":false},"author":200,"featured_media":0,"parent":2681,"menu_order":7,"comment_status":"closed","ping_status":"closed","template":"","meta":{"_monsterinsights_skip_tracking":false,"_monsterinsights_sitenote_active":false,"_monsterinsights_sitenote_note":"","_monsterinsights_sitenote_category":0,"footnotes":"","_links_to":"","_links_to_target":""},"categories":[],"tags":[],"class_list":["post-2703","page","type-page","status-publish","hentry"],"_links":{"self":[{"href":"https:\/\/ppgee.poli.usp.br\/pb\/wp-json\/wp\/v2\/pages\/2703","targetHints":{"allow":["GET"]}}],"collection":[{"href":"https:\/\/ppgee.poli.usp.br\/pb\/wp-json\/wp\/v2\/pages"}],"about":[{"href":"https:\/\/ppgee.poli.usp.br\/pb\/wp-json\/wp\/v2\/types\/page"}],"author":[{"embeddable":true,"href":"https:\/\/ppgee.poli.usp.br\/pb\/wp-json\/wp\/v2\/users\/200"}],"replies":[{"embeddable":true,"href":"https:\/\/ppgee.poli.usp.br\/pb\/wp-json\/wp\/v2\/comments?post=2703"}],"version-history":[{"count":3,"href":"https:\/\/ppgee.poli.usp.br\/pb\/wp-json\/wp\/v2\/pages\/2703\/revisions"}],"predecessor-version":[{"id":4565,"href":"https:\/\/ppgee.poli.usp.br\/pb\/wp-json\/wp\/v2\/pages\/2703\/revisions\/4565"}],"up":[{"embeddable":true,"href":"https:\/\/ppgee.poli.usp.br\/pb\/wp-json\/wp\/v2\/pages\/2681"}],"wp:attachment":[{"href":"https:\/\/ppgee.poli.usp.br\/pb\/wp-json\/wp\/v2\/media?parent=2703"}],"wp:term":[{"taxonomy":"category","embeddable":true,"href":"https:\/\/ppgee.poli.usp.br\/pb\/wp-json\/wp\/v2\/categories?post=2703"},{"taxonomy":"post_tag","embeddable":true,"href":"https:\/\/ppgee.poli.usp.br\/pb\/wp-json\/wp\/v2\/tags?post=2703"}],"curies":[{"name":"wp","href":"https:\/\/api.w.org\/{rel}","templated":true}]}}