{"id":2681,"date":"2018-06-28T10:55:44","date_gmt":"2018-06-28T13:55:44","guid":{"rendered":"http:\/\/ppgee.poli.usp.br\/?page_id=2681"},"modified":"2018-08-02T18:39:19","modified_gmt":"2018-08-02T21:39:19","slug":"processo-seletivo-22018","status":"publish","type":"page","link":"https:\/\/ppgee.poli.usp.br\/pb\/programas\/processo-seletivo\/processo-seletivo-22018\/","title":{"rendered":"Processo seletivo &#8211; 2\/2018"},"content":{"rendered":"<p>O arquivo com o edital do processo seletivo para <strong>mestrado<\/strong> e <strong>doutorado direto<\/strong> pode ser baixado <a href=\"http:\/\/ppgee.poli.usp.br\/wp-content\/uploads\/sites\/92\/2018\/04\/Edital-2o-periodo-2018-Mestrado-Revisado-Final.pdf\">aqui<\/a>.<\/p>\n<p><strong>Formul\u00e1rio de inscri\u00e7\u00e3o no processo seletivo &#8211; 2\/2018<\/strong><\/p>\n<p>O formul\u00e1rio de inscri\u00e7\u00e3o no processo seletivo pode ser baixado <a href=\"http:\/\/ppgee.poli.usp.br\/wp-content\/uploads\/sites\/92\/2018\/05\/FI3-2018.pdf\">aqui<\/a><\/p>\n<h4>Resultados e informa\u00e7\u00f5es das \u00e1reas<\/h4>\n<ul>\n<li><a href=\"http:\/\/ppgee.poli.usp.br\/programas\/processo-seletivo\/processo-seletivo-22018\/medd-engenharia-biomedica-3154\/\">Engenharia biom\u00e9dica<\/a><\/li>\n<li><a href=\"http:\/\/ppgee.poli.usp.br\/programas\/processo-seletivo\/processo-seletivo-22018\/medd-engenharia-de-computacao-3141\/\">Engenharia da computa\u00e7\u00e3o<\/a><\/li>\n<li><a href=\"http:\/\/ppgee.poli.usp.br\/programas\/processo-seletivo\/processo-seletivo-22018\/medd-engenharia-de-sistemas-3139\/\">Engenharia de sistemas<\/a><\/li>\n<li><a href=\"http:\/\/ppgee.poli.usp.br\/programas\/processo-seletivo\/processo-seletivo-22018\/medd-microeletronica-3140\/\">Microeletr\u00f4nica<\/a><\/li>\n<li><a href=\"http:\/\/ppgee.poli.usp.br\/programas\/processo-seletivo\/processo-seletivo-22018\/medd-sistemas-de-potencia-3143\/\">Sistemas de pot\u00eancia<\/a><\/li>\n<li><a href=\"http:\/\/ppgee.poli.usp.br\/programas\/processo-seletivo\/processo-seletivo-22018\/medd-sistemas-eletronicos-3142\/\">Sistemas eletr\u00f4nicos<\/a><\/li>\n<\/ul>\n<h4><\/h4>\n<h4>Resultados do exame de bolsas da CoB do PPGEE<\/h4>\n<ul>\n<li><a href=\"http:\/\/ppgee.poli.usp.br\/wp-content\/uploads\/sites\/92\/2018\/07\/Exames-de-Bolsas-OK.pdf\">Alunos aprovados<\/a> (aten\u00e7\u00e3o: aluno que desejar saber sua nota, entre em contato com a Comiss\u00e3o de Bolsas)<\/li>\n<\/ul>\n<p>&nbsp;<\/p>\n<h4>Informa\u00e7\u00f5es sobre a matr\u00edcula &#8211; 3o. per\u00edodo de 2018<\/h4>\n<ul>\n<li><a href=\"http:\/\/ppgee.poli.usp.br\/wp-content\/uploads\/sites\/92\/2018\/08\/Instru\u00e7\u00e3o-para-efetuar-Matricula-3o-periodo-2018.pdf\">Clique aqui<\/a> para obter o documento com informa\u00e7\u00f5es sobre a matr\u00edcula<\/li>\n<\/ul>\n<p>&nbsp;<\/p>","protected":false},"excerpt":{"rendered":"<p>O arquivo com o edital do processo seletivo para mestrado e doutorado direto pode ser [&hellip;]<\/p>\n","protected":false},"author":200,"featured_media":0,"parent":1914,"menu_order":31,"comment_status":"closed","ping_status":"closed","template":"","meta":{"_monsterinsights_skip_tracking":false,"_monsterinsights_sitenote_active":false,"_monsterinsights_sitenote_note":"","_monsterinsights_sitenote_category":0,"footnotes":"","_links_to":"","_links_to_target":""},"categories":[],"tags":[],"class_list":["post-2681","page","type-page","status-publish","hentry"],"_links":{"self":[{"href":"https:\/\/ppgee.poli.usp.br\/pb\/wp-json\/wp\/v2\/pages\/2681","targetHints":{"allow":["GET"]}}],"collection":[{"href":"https:\/\/ppgee.poli.usp.br\/pb\/wp-json\/wp\/v2\/pages"}],"about":[{"href":"https:\/\/ppgee.poli.usp.br\/pb\/wp-json\/wp\/v2\/types\/page"}],"author":[{"embeddable":true,"href":"https:\/\/ppgee.poli.usp.br\/pb\/wp-json\/wp\/v2\/users\/200"}],"replies":[{"embeddable":true,"href":"https:\/\/ppgee.poli.usp.br\/pb\/wp-json\/wp\/v2\/comments?post=2681"}],"version-history":[{"count":4,"href":"https:\/\/ppgee.poli.usp.br\/pb\/wp-json\/wp\/v2\/pages\/2681\/revisions"}],"predecessor-version":[{"id":2815,"href":"https:\/\/ppgee.poli.usp.br\/pb\/wp-json\/wp\/v2\/pages\/2681\/revisions\/2815"}],"up":[{"embeddable":true,"href":"https:\/\/ppgee.poli.usp.br\/pb\/wp-json\/wp\/v2\/pages\/1914"}],"wp:attachment":[{"href":"https:\/\/ppgee.poli.usp.br\/pb\/wp-json\/wp\/v2\/media?parent=2681"}],"wp:term":[{"taxonomy":"category","embeddable":true,"href":"https:\/\/ppgee.poli.usp.br\/pb\/wp-json\/wp\/v2\/categories?post=2681"},{"taxonomy":"post_tag","embeddable":true,"href":"https:\/\/ppgee.poli.usp.br\/pb\/wp-json\/wp\/v2\/tags?post=2681"}],"curies":[{"name":"wp","href":"https:\/\/api.w.org\/{rel}","templated":true}]}}