{"id":2676,"date":"2018-06-28T10:54:04","date_gmt":"2018-06-28T13:54:04","guid":{"rendered":"http:\/\/ppgee.poli.usp.br\/?page_id=2676"},"modified":"2024-10-08T20:26:13","modified_gmt":"2024-10-08T23:26:13","slug":"processo-seletivo-de-doutorado","status":"publish","type":"page","link":"https:\/\/ppgee.poli.usp.br\/pb\/programas\/processo-seletivo\/processo-seletivo-de-doutorado\/","title":{"rendered":"Processo seletivo de doutorado"},"content":{"rendered":"<p>O Exame de Ingresso do PPGEE referente ao EDITAL DE ABERTURA DE INSCRI\u00c7\u00d5ES AO PROCESSO SELETIVO PROGRAMA EM ENGENHARIA EL\u00c9TRICA. EDITAL PPGEE N.\u00ba 01\/2019 \u00e9 de fluxo cont\u00ednuo. Esse edital pode ser baixado <a href=\"http:\/\/ppgee.poli.usp.br\/wp-content\/uploads\/sites\/92\/2018\/10\/Edital-1o-periodo-2019-Doutorado-1.pdf\">aqui.<\/a><\/p>\n<h3>Datas<\/h3>\n<p><em>DOUTORADO (com mestrado reconhecido)<\/em><\/p>\n<ul>\n<li>Do primeiro ao d\u00e9cimo dia de cada m\u00eas: inscri\u00e7\u00e3o para o processo seletivo e para solicita\u00e7\u00e3o de bolsas (*).<\/li>\n<li>D\u00e9cimo quinto dia de cada m\u00eas: divulga\u00e7\u00e3o da lista dos candidatos convocados para a argui\u00e7\u00e3o.<\/li>\n<li>Do d\u00e9cimo oitavo ao vig\u00e9simo terceiro dia de cada m\u00eas: realiza\u00e7\u00e3o da argui\u00e7\u00e3o.<\/li>\n<li>Vig\u00e9simo quinto dia de cada m\u00eas: divulga\u00e7\u00e3o da lista de aprovados.<\/li>\n<li>Vig\u00e9simo sexto e vig\u00e9simo s\u00e9timo dia de cada m\u00eas: recebimento de recursos.<\/li>\n<li>Vig\u00e9simo oitavo dia de cada m\u00eas: divulga\u00e7\u00e3o da lista final de aprovados.<\/li>\n<li>Vig\u00e9simo oitavo dia de cada m\u00eas: divulga\u00e7\u00e3o da lista classificat\u00f3ria com os candidatos aptos a serem indicados para receber uma Bolsa de Estudos de Doutorado do PPGEE.<\/li>\n<li>Prova de Profici\u00eancia em Ingl\u00eas do CL-FFLCH-USP: inscri\u00e7\u00e3o e informa\u00e7\u00f5es em <a href=\"http:\/\/clinguas.fflch.usp.br\/content\/proficiencia-em-ingles\">http:\/\/clinguas.fflch.usp.br\/content\/proficiencia-em-ingles<\/a>.<\/li>\n<\/ul>\n<p>(*) Para bolsas de doutorado, a solicita\u00e7\u00e3o de formul\u00e1rios para ranqueamento e a elabora\u00e7\u00e3o do mesmo \u00e9 feita em tr\u00eas ocasi\u00f5es ao longo do ano: durante os processos seletivos de mestrado\/doutorado direto e outro ranqueamento ao final de ano letivo.<\/p>\n<h3><\/h3>\n<p>&nbsp;<\/p>\n<p><strong>Formul\u00e1rio de inscri\u00e7\u00e3o no processo seletivo<\/strong><\/p>\n<p>O formul\u00e1rio de inscri\u00e7\u00e3o no processo seletivo de doutorado ap\u00f3s mestrado deve ser preenchido eletronicamente com os dados do candidato interessado. Esse formul\u00e1rio utiliza o Google Forms e, portanto, o candidato deve ser usu\u00e1rio cadastrado de email do Google para poder preench\u00ea-lo.<\/p>\n<ul>\n<li><a href=\"https:\/\/docs.google.com\/forms\/d\/e\/1FAIpQLSfDNCZfbm65iEWFahMt_4UQ2v3Y5rKwsVMpv_-W004RaCL9Mg\/viewform?usp=sf_link\">Formul\u00e1rio da engenharia biom\u00e9dica<\/a><\/li>\n<li><a href=\"https:\/\/goo.gl\/forms\/bkRLS3nvpYtUHnZo1\">Formul\u00e1rio da engenharia da computa\u00e7\u00e3o<\/a><\/li>\n<li><a href=\"https:\/\/docs.google.com\/forms\/d\/e\/1FAIpQLSdg0TmYMhEvP9SHCfdmtrkdKGVyEc2Flth0dByPtiNpxaUPoQ\/viewform?usp=sf_link\">Formul\u00e1rio da engenharia de sistemas<\/a><\/li>\n<li><a href=\"https:\/\/goo.gl\/forms\/bmcV3Xa6d78qB3ba2\">Formul\u00e1rio da microeletr\u00f4nica<\/a><\/li>\n<li><a href=\"https:\/\/forms.gle\/ShhVMFy19pMiN5Xv8\">Formul\u00e1rio de sistemas de pot\u00eancia<\/a><\/li>\n<li><a href=\"https:\/\/goo.gl\/forms\/j4UNNkCHxRvnWHd13\">Formul\u00e1rio de sistemas eletr\u00f4nicos<\/a><\/li>\n<\/ul>\n<p>&nbsp;<\/p>\n<p>Caso o candidato enfrente problemas com a sua autentica\u00e7\u00e3o no formul\u00e1rio de inscri\u00e7\u00e3o, basta utilizar uma janela an\u00f4nima do browser. Caso o problema persista, basta entrar em contato via email da \u00e1rea de concentra\u00e7\u00e3o que o candidato pretende se inscrever, para resolv\u00ea-lo.<\/p>\n<ul>\n<li>Engenharia biom\u00e9dica &#8211; ppgee.3154@usp.br<\/li>\n<li>Engenharia de computa\u00e7\u00e3o &#8211; ppgee.3141@usp.br<\/li>\n<li>Engenharia de sistemas &#8211; ppgee.3139@usp.br<\/li>\n<li>Microeletr\u00f4nica &#8211; ppgee.3140@usp.br<\/li>\n<li>Sistemas de pot\u00eancia &#8211; ppgee.3143@usp.br<\/li>\n<li>Sistemas eletr\u00f4nicos &#8211; ppgee.3142@usp.br<\/li>\n<\/ul>\n<h4><\/h4>\n<h4>Resultados e informa\u00e7\u00f5es das \u00e1reas<\/h4>\n<ul>\n<li><a href=\"http:\/\/ppgee.poli.usp.br\/programas\/processo-seletivo\/processo-seletivo-de-doutorado\/engenharia-biomedica-3154\/\">Engenharia biom\u00e9dica<\/a><\/li>\n<li><a href=\"http:\/\/ppgee.poli.usp.br\/programas\/processo-seletivo\/processo-seletivo-de-doutorado\/engenharia-de-computacao-3141\/\">Engenharia da computa\u00e7\u00e3o<\/a><\/li>\n<li><a href=\"http:\/\/ppgee.poli.usp.br\/programas\/processo-seletivo\/processo-seletivo-de-doutorado\/engenharia-de-sistemas-3139\/\">Engenharia de sistemas<\/a><\/li>\n<li><a href=\"http:\/\/ppgee.poli.usp.br\/programas\/processo-seletivo\/processo-seletivo-de-doutorado\/microeletronica-3140\/\">Microeletr\u00f4nica<\/a><\/li>\n<li><a href=\"http:\/\/ppgee.poli.usp.br\/programas\/processo-seletivo\/processo-seletivo-de-doutorado\/sistemas-de-potencia-3143\/\">Sistemas de pot\u00eancia<\/a><\/li>\n<li><a href=\"http:\/\/ppgee.poli.usp.br\/programas\/processo-seletivo\/processo-seletivo-de-doutorado\/sistemas-eletronicos-3142\/\">Sistemas Eletr\u00f4nicos<\/a><\/li>\n<\/ul>\n<p>&nbsp;<\/p>\n<p>&nbsp;<\/p>\n<h3>Bolsas de Estudo do PPGEE<\/h3>\n<p>Informa\u00e7\u00f5es sobre bolsas <a href=\"http:\/\/ppgee.poli.usp.br\/apoios\/bolsas\/formularios-de-pedido-de-bolsa\/\">clique aqui<\/a><\/p>","protected":false},"excerpt":{"rendered":"<p>O Exame de Ingresso do PPGEE referente ao EDITAL DE ABERTURA DE INSCRI\u00c7\u00d5ES AO PROCESSO [&hellip;]<\/p>\n","protected":false},"author":200,"featured_media":0,"parent":1914,"menu_order":31,"comment_status":"closed","ping_status":"closed","template":"","meta":{"_monsterinsights_skip_tracking":false,"_monsterinsights_sitenote_active":false,"_monsterinsights_sitenote_note":"","_monsterinsights_sitenote_category":0,"footnotes":"","_links_to":"","_links_to_target":""},"categories":[],"tags":[],"class_list":["post-2676","page","type-page","status-publish","hentry"],"_links":{"self":[{"href":"https:\/\/ppgee.poli.usp.br\/pb\/wp-json\/wp\/v2\/pages\/2676","targetHints":{"allow":["GET"]}}],"collection":[{"href":"https:\/\/ppgee.poli.usp.br\/pb\/wp-json\/wp\/v2\/pages"}],"about":[{"href":"https:\/\/ppgee.poli.usp.br\/pb\/wp-json\/wp\/v2\/types\/page"}],"author":[{"embeddable":true,"href":"https:\/\/ppgee.poli.usp.br\/pb\/wp-json\/wp\/v2\/users\/200"}],"replies":[{"embeddable":true,"href":"https:\/\/ppgee.poli.usp.br\/pb\/wp-json\/wp\/v2\/comments?post=2676"}],"version-history":[{"count":5,"href":"https:\/\/ppgee.poli.usp.br\/pb\/wp-json\/wp\/v2\/pages\/2676\/revisions"}],"predecessor-version":[{"id":6201,"href":"https:\/\/ppgee.poli.usp.br\/pb\/wp-json\/wp\/v2\/pages\/2676\/revisions\/6201"}],"up":[{"embeddable":true,"href":"https:\/\/ppgee.poli.usp.br\/pb\/wp-json\/wp\/v2\/pages\/1914"}],"wp:attachment":[{"href":"https:\/\/ppgee.poli.usp.br\/pb\/wp-json\/wp\/v2\/media?parent=2676"}],"wp:term":[{"taxonomy":"category","embeddable":true,"href":"https:\/\/ppgee.poli.usp.br\/pb\/wp-json\/wp\/v2\/categories?post=2676"},{"taxonomy":"post_tag","embeddable":true,"href":"https:\/\/ppgee.poli.usp.br\/pb\/wp-json\/wp\/v2\/tags?post=2676"}],"curies":[{"name":"wp","href":"https:\/\/api.w.org\/{rel}","templated":true}]}}