{"id":2672,"date":"2018-06-28T10:54:20","date_gmt":"2018-06-28T13:54:20","guid":{"rendered":"http:\/\/ppgee.poli.usp.br\/?page_id=2672"},"modified":"2018-06-28T11:02:00","modified_gmt":"2018-06-28T14:02:00","slug":"processo-seletivo-12018","status":"publish","type":"page","link":"https:\/\/ppgee.poli.usp.br\/pb\/programas\/processo-seletivo\/processo-seletivo-12018\/","title":{"rendered":"Processo seletivo &#8211; 1\/2018"},"content":{"rendered":"<p><\/p>\n<h3><strong>ENCERRADO<\/strong><\/h3>\n<p>O arquivo com o edital do processo seletivo pode ser baixado <a href=\"http:\/\/ppgee.poli.usp.br\/wp-content\/uploads\/sites\/92\/2017\/10\/Edital-1o-periodo-2018-13-09-2017-V1.pdf\">aqui<\/a>.<\/p>\n<p>Nos links a seguir h\u00e1 exemplos de prova das \u00e1reas de concentra\u00e7\u00e3o do PPGEE. As provas est\u00e3o em formato PDF.<\/p>\n<ul>\n<li><a href=\"\/\/ppgee.poli.usp.br\/wp-content\/uploads\/sites\/92\/2016\/06\/ppgee3154.pdf\">Engenharia biom\u00e9dica<\/a><\/li>\n<li><a href=\"\/\/ppgee.poli.usp.br\/wp-content\/uploads\/sites\/92\/2016\/06\/ppgee3139.pdf\">Engenharia de sistemas<\/a><\/li>\n<li><a href=\"\/\/ppgee.poli.usp.br\/wp-content\/uploads\/sites\/92\/2016\/06\/ppgee3140.pdf\">Microeletr\u00f4nica<\/a><\/li>\n<li><a href=\"\/\/ppgee.poli.usp.br\/wp-content\/uploads\/sites\/92\/2016\/06\/ppgee3141.pdf\">Engenharia de computa\u00e7\u00e3o<\/a><\/li>\n<li><a href=\"\/\/ppgee.poli.usp.br\/wp-content\/uploads\/sites\/92\/2016\/06\/ppgee3143.pdf\">Sistemas de pot\u00eancia<\/a><\/li>\n<li><a href=\"\/\/ppgee.poli.usp.br\/wp-content\/uploads\/sites\/92\/2016\/11\/ppgee3142.pdf\">Sistemas eletr\u00f4nicos<\/a><\/li>\n<\/ul>\n<p>&nbsp;<\/p>\n<p><strong>Formul\u00e1rio de inscri\u00e7\u00e3o no processo seletivo<\/strong><\/p>\n<p>O formul\u00e1rio de inscri\u00e7\u00e3o no processo seletivo pode ser baixado <a href=\"http:\/\/ppgee.poli.usp.br\/wp-content\/uploads\/sites\/92\/2017\/10\/FI2-2018-1.pdf\">aqui<\/a><\/p>\n<p><strong>Instru\u00e7\u00f5es para a elabora\u00e7\u00e3o de carta de recomenda\u00e7\u00e3o<\/strong><\/p>\n<p>As instru\u00e7\u00f5es para a elabora\u00e7\u00e3o de carta de recomenda\u00e7\u00e3o podem ser baixadas <a href=\"\/\/ppgee.poli.usp.br\/wp-content\/uploads\/sites\/92\/2016\/05\/CartaRecomenda%C3%A7%C3%A3o.pdf\">aqui<\/a><\/p>\n<p><strong>Lista de candidatos habilitados para avalia\u00e7\u00e3o de conhecimento<\/strong><\/p>\n<p>Nos links a seguir s\u00e3o disponibilizadas as lista de candidatos inscritos no processo seletivo de mestrado, que est\u00e3o habilitados para as provas de avalia\u00e7\u00e3o de conhecimento, bem como a lista de candidatos inscritos no processo seletivo de doutorado, que est\u00e3o habilitados para as entrevistas, como disposto no edital.<\/p>\n<ul>\n<li><a href=\"http:\/\/ppgee.poli.usp.br\/wp-content\/uploads\/sites\/92\/2017\/11\/ppgee.3154.inscritos.pdf\">Candidatos inscritos &#8211; Engenharia biom\u00e9dica<\/a><\/li>\n<li><a href=\"http:\/\/ppgee.poli.usp.br\/wp-content\/uploads\/sites\/92\/2017\/11\/ppgee.3139.inscritos.pdf\">Candidatos inscritos &#8211; Engenharia de sistemas<\/a><\/li>\n<li><a href=\"http:\/\/ppgee.poli.usp.br\/wp-content\/uploads\/sites\/92\/2017\/11\/ppgee.3140.inscritos.pdf\">Candidatos inscritos &#8211; Microeletr\u00f4nica<\/a><\/li>\n<li><a href=\"http:\/\/ppgee.poli.usp.br\/wp-content\/uploads\/sites\/92\/2017\/11\/ppgee.3141.inscritos.pdf\">Candidatos inscritos &#8211; Engenharia de computa\u00e7\u00e3o<\/a><\/li>\n<li><a href=\"http:\/\/ppgee.poli.usp.br\/wp-content\/uploads\/sites\/92\/2017\/11\/ppgee.3143.inscritos.pdf\">Candidatos inscritos &#8211; Sistemas de pot\u00eancia<\/a><\/li>\n<li><a href=\"http:\/\/ppgee.poli.usp.br\/wp-content\/uploads\/sites\/92\/2017\/11\/ppgee.3142.inscritos.pdf\">Candidatos inscritos &#8211; Sistemas eletr\u00f4nicos<\/a><\/li>\n<\/ul>\n<p>&nbsp;<\/p>\n<p><strong>Listas de candidatos habilitados para argui\u00e7\u00e3o<\/strong><\/p>\n<p>Nos links a seguir s\u00e3o disponibilizadas as listas de candidatos, por \u00e1rea de concentra\u00e7\u00e3o, que foram habilitados para a pr\u00f3xima etapa do processo seletivo, para entrevistas pessoais e argui\u00e7\u00f5es. Algumas das \u00e1reas de concentra\u00e7\u00e3o disponibilizam nessas listas as datas, hor\u00e1rios e locais. Outras \u00e1reas de concentra\u00e7\u00e3o fazem essa convoca\u00e7\u00e3o por email. Candidatos que n\u00e3o est\u00e3o contemplados nessas listas n\u00e3o obtiveram \u00eaxito nas provas de conhecimento.<\/p>\n<ul>\n<li><a href=\"http:\/\/ppgee.poli.usp.br\/wp-content\/uploads\/sites\/92\/2017\/11\/ppgee.3154.arguicao.pdf\">Convocados para argui\u00e7\u00e3o &#8211; Engenharia biom\u00e9dica<\/a><\/li>\n<li><a href=\"http:\/\/ppgee.poli.usp.br\/wp-content\/uploads\/sites\/92\/2017\/11\/ppgee.3139.arguicao.pdf\">Convocados para argui\u00e7\u00e3o &#8211; Engenharia de sistemas<\/a><\/li>\n<li><a href=\"http:\/\/ppgee.poli.usp.br\/wp-content\/uploads\/sites\/92\/2017\/11\/ppgee.3140.arguicao.pdf\">Convocados para argui\u00e7\u00e3o &#8211; Microeletr\u00f4nica<\/a><\/li>\n<li><a href=\"http:\/\/ppgee.poli.usp.br\/wp-content\/uploads\/sites\/92\/2017\/11\/ppgee.3141.arguicao.pdf\">Convocados para argui\u00e7\u00e3o &#8211; Engenharia de computa\u00e7\u00e3o<\/a><\/li>\n<li><a href=\"http:\/\/ppgee.poli.usp.br\/wp-content\/uploads\/sites\/92\/2017\/11\/ppgee.3143.arguicao.pdf\">Convocados para argui\u00e7\u00e3o &#8211; Sistemas de pot\u00eancia<\/a><\/li>\n<li><a href=\"http:\/\/ppgee.poli.usp.br\/wp-content\/uploads\/sites\/92\/2017\/11\/ppgee.3142.arguicao.pdf\">Convocados para argui\u00e7\u00e3o &#8211; Sistemas eletr\u00f4nicos<\/a><\/li>\n<\/ul>\n<p>&nbsp;<\/p>\n<p><strong>Lista de candidatos aprovados no processo seletivo<\/strong><\/p>\n<p>Quando dispon\u00edvel, nos links a seguir s\u00e3o disponibilizadas as listas de candidatos inscritos que foram aprovados no processo seletivo.<\/p>\n<ul>\n<li><a href=\"http:\/\/ppgee.poli.usp.br\/wp-content\/uploads\/sites\/92\/2017\/12\/ppgee.3139.aprovados.pdf\">Aprovados &#8211; Engenharia de sistemas<\/a><\/li>\n<li><a href=\"http:\/\/ppgee.poli.usp.br\/wp-content\/uploads\/sites\/92\/2017\/12\/ppgee.3140.aprovados.pdf\">Aprovados &#8211; Microeletr\u00f4nica<\/a><\/li>\n<li><a href=\"http:\/\/ppgee.poli.usp.br\/wp-content\/uploads\/sites\/92\/2017\/12\/ppgee.3141.aprovados.pdf\">Aprovados &#8211; Engenharia de computa\u00e7\u00e3o<\/a><\/li>\n<li><a href=\"http:\/\/ppgee.poli.usp.br\/wp-content\/uploads\/sites\/92\/2017\/12\/ppgee.3143.aprovados.pdf\">Aprovados &#8211; Sistemas de pot\u00eancia<\/a><\/li>\n<li><a href=\"http:\/\/ppgee.poli.usp.br\/wp-content\/uploads\/sites\/92\/2017\/12\/ppgee.3142.aprovados.pdf\">Aprovados &#8211; Sistemas eletr\u00f4nicos<\/a><\/li>\n<li><a href=\"http:\/\/ppgee.poli.usp.br\/wp-content\/uploads\/sites\/92\/2017\/12\/ppgee.3154.aprovados.pdf\">Aprovados &#8211; Engenharia biom\u00e9dica<\/a><\/li>\n<\/ul>\n<p>&nbsp;<\/p>\n<p><strong>Lista de candidatos de mestrado aprovados na prova de bolsas<\/strong><\/p>\n<p>No link a seguir \u00e9 disponibilizada a lista de candidatos aprovados na prova de bolsas &#8211; 1\/2018.<\/p>\n<ul>\n<li><strong><a href=\"http:\/\/ppgee.poli.usp.br\/wp-content\/uploads\/sites\/92\/2017\/12\/Lista-de-aprovados-na-prova-de-bolsas-para-o-Ingresso-2018.pdf\" target=\"_blank\" rel=\"noopener noreferrer\">Candidatos de mestrado aprovados na prova de bolsas<\/a><\/strong><\/li>\n<\/ul>\n<p>&nbsp;<\/p>\n<p><strong>Ranking dos candidatos \u00e0s bolsas de mestrado e doutorado<br \/>\n<\/strong><\/p>\n<p>Nos links a seguir s\u00e3o disponibilizados os rankings de candidatos de mestrado e doutorado para as bolsas da quota institucional do PPGEE.<\/p>\n<ul>\n<li><a href=\"http:\/\/ppgee.poli.usp.br\/wp-content\/uploads\/sites\/92\/2018\/01\/ClassficacaoME24012018.pdf\" target=\"_blank\" rel=\"noopener noreferrer\">Ranking de candidatos de mestrado<\/a><\/li>\n<li><a href=\"http:\/\/ppgee.poli.usp.br\/wp-content\/uploads\/sites\/92\/2018\/01\/ClassificacaoDO24012018.pdf\" target=\"_blank\" rel=\"noopener noreferrer\">Ranking de candidatos de doutorado<\/a><\/li>\n<\/ul>\n<p><\/p>","protected":false},"excerpt":{"rendered":"<p>ENCERRADO O arquivo com o edital do processo seletivo pode ser baixado aqui. Nos links [&hellip;]<\/p>\n","protected":false},"author":200,"featured_media":0,"parent":1914,"menu_order":31,"comment_status":"closed","ping_status":"closed","template":"","meta":{"_monsterinsights_skip_tracking":false,"_monsterinsights_sitenote_active":false,"_monsterinsights_sitenote_note":"","_monsterinsights_sitenote_category":0,"footnotes":"","_links_to":"","_links_to_target":""},"categories":[],"tags":[],"class_list":["post-2672","page","type-page","status-publish","hentry"],"_links":{"self":[{"href":"https:\/\/ppgee.poli.usp.br\/pb\/wp-json\/wp\/v2\/pages\/2672","targetHints":{"allow":["GET"]}}],"collection":[{"href":"https:\/\/ppgee.poli.usp.br\/pb\/wp-json\/wp\/v2\/pages"}],"about":[{"href":"https:\/\/ppgee.poli.usp.br\/pb\/wp-json\/wp\/v2\/types\/page"}],"author":[{"embeddable":true,"href":"https:\/\/ppgee.poli.usp.br\/pb\/wp-json\/wp\/v2\/users\/200"}],"replies":[{"embeddable":true,"href":"https:\/\/ppgee.poli.usp.br\/pb\/wp-json\/wp\/v2\/comments?post=2672"}],"version-history":[{"count":3,"href":"https:\/\/ppgee.poli.usp.br\/pb\/wp-json\/wp\/v2\/pages\/2672\/revisions"}],"predecessor-version":[{"id":2675,"href":"https:\/\/ppgee.poli.usp.br\/pb\/wp-json\/wp\/v2\/pages\/2672\/revisions\/2675"}],"up":[{"embeddable":true,"href":"https:\/\/ppgee.poli.usp.br\/pb\/wp-json\/wp\/v2\/pages\/1914"}],"wp:attachment":[{"href":"https:\/\/ppgee.poli.usp.br\/pb\/wp-json\/wp\/v2\/media?parent=2672"}],"wp:term":[{"taxonomy":"category","embeddable":true,"href":"https:\/\/ppgee.poli.usp.br\/pb\/wp-json\/wp\/v2\/categories?post=2672"},{"taxonomy":"post_tag","embeddable":true,"href":"https:\/\/ppgee.poli.usp.br\/pb\/wp-json\/wp\/v2\/tags?post=2672"}],"curies":[{"name":"wp","href":"https:\/\/api.w.org\/{rel}","templated":true}]}}