{"id":2282,"date":"2017-03-17T15:47:56","date_gmt":"2017-03-17T18:47:56","guid":{"rendered":"http:\/\/ppgee.poli.usp.br\/?page_id=2282"},"modified":"2017-03-17T15:50:48","modified_gmt":"2017-03-17T18:50:48","slug":"bolsa-programa-nacional-de-pos-doutorado","status":"publish","type":"page","link":"https:\/\/ppgee.poli.usp.br\/pb\/bolsas\/bolsa-programa-nacional-de-pos-doutorado\/","title":{"rendered":"Bolsa do Programa Nacional de P\u00f3s-Doutorado"},"content":{"rendered":"<p>Bolsa PNPD<\/p>\n<p>O PPGEE disp\u00f5e de uma cota de bolsa do Programa Nacional de P\u00f3s-Doutorado (PNPD), da CAPES<\/p>\n<p>Inscri\u00e7\u00f5es de candidatos \u00e0 bolsa podem ser feitas atrav\u00e9s do e-mail<\/p>\n<p>posgrad.eletrica@poli.usp.br<\/p>\n<p>no per\u00edodo de 14\/03\/2017 a 14\/04\/2017, com os seguintes documentos:<\/p>\n<p>1. Formul\u00e1rio de inscri\u00e7\u00e3o (anexo)<\/p>\n<p>2. Plano de pesquisa<\/p>\n<p>3. Curr\u00edculo Lattes do candidato<\/p>\n<p>4. Curr\u00edculo Lattes do supervisor<\/p>\n<p>5. Termo de compromisso (dispon\u00edvel no final do regulamento do PNPD, anexo)<\/p>\n<p>Importante: H\u00e1 tr\u00eas modelos diferentes do Termo de Compromisso, de acordo com a situa\u00e7\u00e3o do candidato conforme<\/p>\n<p>o inciso V do Regulamento do PNPD. Os modelos podem ser encontrados no final do Regulamento do PNPD. L\u00e1<\/p>\n<p>tamb\u00e9m pode ser encontrado um modelo para curriculum de pesquisadores estrangeiros.<\/p>\n<p>As inscri\u00e7\u00f5es ser\u00e3o analisadas pela CCP do PPGEE na reuni\u00e3o do dia 24 de abril de 2017. Os candidatos ser\u00e3o<\/p>\n<p>classificados com base no plano de trabalho e nos curr\u00edculos do candidado e do supervisor.<\/p>\n<p>Conforme o regulamento do PNPD (anexo), o candidato deve satisfazer \u00e0s seguintes condi\u00e7\u00f5es:<\/p>\n<p>Art. 5\u00b0Do candidato a bolsista exige-se:<\/p>\n<p>I \u2013 possuir o t\u00edtulo de doutor, quando da implementa\u00e7\u00e3o da bolsa, obtido em cursos avaliados pela CAPES e<\/p>\n<p>reconhecidos pelo CNE\/MEC. Em caso de diploma obtido em institui\u00e7\u00e3o estrangeira, este dever\u00e1 ser analisado pelo<\/p>\n<p>Programa de P\u00f3s-Gradua\u00e7\u00e3o;<\/p>\n<p>II \u2013 disponibilizar curr\u00edculo atualizado na Plataforma Lattes do CNPq ou, se estrangeiro, curr\u00edculo com hist\u00f3rico de<\/p>\n<p>registro de patentes e\/ou publica\u00e7\u00e3o de trabalhos cient\u00edficos e tecnol\u00f3gicos de impacto e\/ou pr\u00eamios de m\u00e9rito<\/p>\n<p>acad\u00eamico, conforme anexo deste Regulamento;<\/p>\n<p>IV[sic] \u2013 n\u00e3o ser aposentado ou estar em situa\u00e7\u00e3o equiparada;<\/p>\n<p>V \u2013 O candidato pode se inscrever em uma das seguintes modalidades: a) ser brasileiro ou estrangeiro residente no<\/p>\n<p>Brasil portador de visto tempor\u00e1rio, sem v\u00ednculo empregat\u00edcio; b) ser estrangeiro, residente no exterior, sem v\u00ednculo<\/p>\n<p>empregat\u00edcio; c) ser docente ou pesquisador no pa\u00eds com v\u00ednculo empregat\u00edcio em institui\u00e7\u00f5es de ensino superior ou<\/p>\n<p>institui\u00e7\u00f5es p\u00fablicas de pesquisa.<\/p>\n<p>\u00a7 1o O candidato estrangeiro residente no exterior dever\u00e1 comprovar endere\u00e7o residencial no exterior no momento da<\/p>\n<p>submiss\u00e3o da candidatura.<\/p>\n<p>\u00a7 2o Professores substitutos poder\u00e3o ser aprovados na modalidade \u201ca\u201d do inciso V, sem preju\u00edzo de suas atividades de<\/p>\n<p>doc\u00eancia, ap\u00f3s an\u00e1lise e autoriza\u00e7\u00e3o do Programa de P\u00f3s-Gradua\u00e7\u00e3o.<\/p>\n<p>\u00a7 3o Os candidatos aprovados na modalidade \u201cc\u201d do inciso V dever\u00e3o apresentar comprova\u00e7\u00e3o de afastamento da<\/p>\n<p>institui\u00e7\u00e3o de origem, por per\u00edodo compat\u00edvel com o prazo de vig\u00eancia da bolsa.<\/p>\n<p>\u00a7 4o Os candidatos aprovados na modalidade \u201cc\u201d do inciso V n\u00e3o poder\u00e3o realizar o est\u00e1gio p\u00f3s-doutoral na mesma<\/p>\n<p>institui\u00e7\u00e3o com a qual possuem v\u00ednculo empregat\u00edcio.<\/p>\n<p>Art. 6o Do bolsista exige-se:<\/p>\n<p>I- elaborar Relat\u00f3rio de Atividades Anual a ser submetido \u00e0 aprova\u00e7\u00e3o do Programa de P\u00f3s-Gradua\u00e7\u00e3o e encaminhar<\/p>\n<p>Relat\u00f3rio Final em at\u00e9 60 (sessenta) dias ap\u00f3s o encerramento da respectiva bolsa;<\/p>\n<p>II\u2013 dedicar-se \u00e0s atividades do projeto;<\/p>\n<p>III \u2013 restituir \u00e0 CAPES os recursos recebidos irregularmente, quando apurada a n\u00e3o observ\u00e2ncia das normas do PNPD,<\/p>\n<p>salvo se motivada por caso fortuito, for\u00e7a maior, circunst\u00e2ncia alheia a sua vontade ou doen\u00e7a grave devidamente<\/p>\n<p>comprovada e fundamentada. A avalia\u00e7\u00e3o dessas situa\u00e7\u00f5es fica condicionada \u00e0 an\u00e1lise e delibera\u00e7\u00e3o pela Diretoria<\/p>\n<p>Executiva da CAPES, em despacho fundamentado.<\/p>\n<p>&nbsp;<\/p>\n<p>Anexos:<\/p>\n<p><a href=\"http:\/\/ppgee.poli.usp.br\/wp-content\/uploads\/sites\/92\/2017\/03\/Portaria_86_2013_Regulamento_PNPD.pdf\">Portaria_86_2013_Regulamento_PNPD<\/a><\/p>\n<p><a href=\"http:\/\/ppgee.poli.usp.br\/wp-content\/uploads\/sites\/92\/2017\/03\/FormularioPNPD.pdf\">FormularioPNPD<\/a><\/p>","protected":false},"excerpt":{"rendered":"<p>Bolsa PNPD O PPGEE disp\u00f5e de uma cota de bolsa do Programa Nacional de P\u00f3s-Doutorado [&hellip;]<\/p>\n","protected":false},"author":415,"featured_media":0,"parent":1617,"menu_order":0,"comment_status":"closed","ping_status":"closed","template":"","meta":{"_monsterinsights_skip_tracking":false,"_monsterinsights_sitenote_active":false,"_monsterinsights_sitenote_note":"","_monsterinsights_sitenote_category":0,"footnotes":"","_links_to":"","_links_to_target":""},"categories":[],"tags":[],"class_list":["post-2282","page","type-page","status-publish","hentry"],"_links":{"self":[{"href":"https:\/\/ppgee.poli.usp.br\/pb\/wp-json\/wp\/v2\/pages\/2282","targetHints":{"allow":["GET"]}}],"collection":[{"href":"https:\/\/ppgee.poli.usp.br\/pb\/wp-json\/wp\/v2\/pages"}],"about":[{"href":"https:\/\/ppgee.poli.usp.br\/pb\/wp-json\/wp\/v2\/types\/page"}],"author":[{"embeddable":true,"href":"https:\/\/ppgee.poli.usp.br\/pb\/wp-json\/wp\/v2\/users\/415"}],"replies":[{"embeddable":true,"href":"https:\/\/ppgee.poli.usp.br\/pb\/wp-json\/wp\/v2\/comments?post=2282"}],"version-history":[{"count":2,"href":"https:\/\/ppgee.poli.usp.br\/pb\/wp-json\/wp\/v2\/pages\/2282\/revisions"}],"predecessor-version":[{"id":2287,"href":"https:\/\/ppgee.poli.usp.br\/pb\/wp-json\/wp\/v2\/pages\/2282\/revisions\/2287"}],"up":[{"embeddable":true,"href":"https:\/\/ppgee.poli.usp.br\/pb\/wp-json\/wp\/v2\/pages\/1617"}],"wp:attachment":[{"href":"https:\/\/ppgee.poli.usp.br\/pb\/wp-json\/wp\/v2\/media?parent=2282"}],"wp:term":[{"taxonomy":"category","embeddable":true,"href":"https:\/\/ppgee.poli.usp.br\/pb\/wp-json\/wp\/v2\/categories?post=2282"},{"taxonomy":"post_tag","embeddable":true,"href":"https:\/\/ppgee.poli.usp.br\/pb\/wp-json\/wp\/v2\/tags?post=2282"}],"curies":[{"name":"wp","href":"https:\/\/api.w.org\/{rel}","templated":true}]}}