{"id":2074,"date":"2016-08-05T10:57:29","date_gmt":"2016-08-05T13:57:29","guid":{"rendered":"http:\/\/ppgee.poli.usp.br\/?page_id=2074"},"modified":"2025-10-22T17:15:33","modified_gmt":"2025-10-22T20:15:33","slug":"auxilios","status":"publish","type":"page","link":"https:\/\/ppgee.poli.usp.br\/pb\/auxilios\/","title":{"rendered":"Apoio \u00e0 Publica\u00e7\u00e3o"},"content":{"rendered":"<p><\/p>\n<h1>Aux\u00edlios<\/h1>\n<p>&nbsp;<\/p>\n<p><b>Per\u00edodo de vig\u00eancia:<\/b><span style=\"font-weight: 400;\"> 27\/07\/2025 a 31\/05\/2026<\/span><\/p>\n<p><b>Quem pode ser contemplado:<\/b><span style=\"font-weight: 400;\"> Alunos regulares do PPGEE, bem como docentes envolvidos em publica\u00e7\u00f5es realizadas em coautoria com esses alunos ou com egressos cuja defesa tenha ocorrido h\u00e1 menos de dois anos, sempre com a participa\u00e7\u00e3o dos respectivos orientadores credenciados.<\/span><\/p>\n<p><b>Aprova\u00e7\u00e3o das despesas:<\/b><span style=\"font-weight: 400;\"> Os aux\u00edlios ser\u00e3o pagos na forma de reembolso ap\u00f3s a apresenta\u00e7\u00e3o de recibos e comprovantes de pagamentos em conformidade com a presta\u00e7\u00e3o de contas exigida pela CAPES. S\u00f3 s\u00e3o reembols\u00e1veis despesas aprovadas pela comiss\u00e3o de finan\u00e7as da CCP-PPGEE antes da realiza\u00e7\u00e3o do disp\u00eandio, por meio de formul\u00e1rio espec\u00edfico.\u00a0<\/span><\/p>\n<p><b>Valor total alocado para esta rubrica:<\/b><span style=\"font-weight: 400;\"> R$ 440.600,00, distribu\u00eddo em tr\u00eas modalidades:<\/span><\/p>\n<ol>\n<li style=\"list-style-type: none;\">\n<ol>\n<li style=\"list-style-type: none;\">\n<ul>\n<li><span style=\"font-weight: 400;\">1) Aux\u00edlio para participa\u00e7\u00e3o em congresso com publica\u00e7\u00e3o de artigo<\/span><\/li>\n<li><span style=\"font-weight: 400;\">2) Aux\u00edlio para publica\u00e7\u00e3o de artigo em peri\u00f3dicos ou revistas<\/span><\/li>\n<li><span style=\"font-weight: 400;\">3) Aux\u00edlio para publica\u00e7\u00e3o de p\u00e1ginas extras em peri\u00f3dicos ou revistas<\/span><\/li>\n<\/ul>\n<\/li>\n<\/ol>\n<\/li>\n<\/ol>\n<p>&nbsp;<\/p>\n<h3><b>Aux\u00edlio 1 \u2013 Participa\u00e7\u00e3o em congresso com publica\u00e7\u00e3o de artigo<\/b><\/h3>\n<p><b>Objetivo:<\/b><span style=\"font-weight: 400;\"> Apoiar a participa\u00e7\u00e3o em publica\u00e7\u00f5es apresentadas em congressos nacionais ou internacionais que sejam organizados ou apoiados por sociedades cient\u00edficas reconhecidas.<\/span><\/p>\n<p><b>Verba total dispon\u00edvel:<\/b><span style=\"font-weight: 400;\"> R$ 225.000,00.<\/span><\/p>\n<p><b>Regras:<\/b><\/p>\n<ul>\n<li style=\"font-weight: 400;\" aria-level=\"1\"><span style=\"font-weight: 400;\">Cada artigo pode receber apenas 1 aux\u00edlio (para o aluno ou para o professor, quando aplic\u00e1vel).<\/span><\/li>\n<li><span style=\"font-weight: 400;\">Cada aluno regular ou egresso (por interm\u00e9dio de seu orientador) pode fazer apenas uma solicita\u00e7\u00e3o no per\u00edodo.<\/span><\/li>\n<li style=\"font-weight: 400;\" aria-level=\"1\"><span style=\"font-weight: 400;\">Itens reembols\u00e1veis: taxa de inscri\u00e7\u00e3o, passagem (mediante nota fiscal e <strong>pagamento \u00e0 vista<\/strong>) e di\u00e1rias conforme tabela federal.<\/span><\/li>\n<li style=\"font-weight: 400;\" aria-level=\"1\"><span style=\"font-weight: 400;\">Valores m\u00e1ximos:<\/span>\n<ul>\n<li style=\"font-weight: 400;\" aria-level=\"2\"><span style=\"font-weight: 400;\">Congresso nacional: at\u00e9 R$ 4.500,00.<\/span><\/li>\n<li style=\"font-weight: 400;\" aria-level=\"2\"><span style=\"font-weight: 400;\">Congresso internacional fora do pa\u00eds: at\u00e9 R$ 16.000,00.<\/span><\/li>\n<li style=\"font-weight: 400;\" aria-level=\"2\"><span style=\"font-weight: 400;\">Congresso internacional realizado no Brasil: at\u00e9 R$ 4.000,00 para di\u00e1rias e passagem + at\u00e9 R$ 5.500,00 para taxa de inscri\u00e7\u00e3o.<\/span><\/li>\n<\/ul>\n<\/li>\n<li style=\"font-weight: 400;\" aria-level=\"1\"><span style=\"font-weight: 400;\">O n\u00famero de di\u00e1rias devem estar de acordo com a dura\u00e7\u00e3o do evento.<\/span><\/li>\n<li style=\"font-weight: 400;\" aria-level=\"1\"><span style=\"font-weight: 400;\">Publica\u00e7\u00f5es com egresso: reembolso apenas ao professor.<\/span><\/li>\n<li style=\"font-weight: 400;\" aria-level=\"1\"><span style=\"font-weight: 400;\">Para congressos internacionais no exterior: limite de no m\u00e1ximo 3 di\u00e1rias, independentemente da dura\u00e7\u00e3o.<\/span><\/li>\n<\/ul>\n<p><b>Formul\u00e1rio de solicita\u00e7\u00e3o Aux\u00edlio 1: <\/b><a href=\"https:\/\/forms.gle\/AZJuKhSWWQxdZPKw8\"><b>https:\/\/forms.gle\/AZJuKhSWWQxdZPKw8<\/b><\/a><\/p>\n<p>&nbsp;<\/p>\n<h3><b>Aux\u00edlio 2 \u2013 Publica\u00e7\u00e3o de artigo em peri\u00f3dicos ou revistas<\/b><\/h3>\n<p><span style=\"font-weight: 400;\">As publica\u00e7\u00e3o em peri\u00f3dicos do PPGEE devem ser preferencialmente submetidos\u00a0 a revistas cobertas pelo Acordo Transformativo da CAPES:<\/span><\/p>\n<p><a href=\"https:\/\/www-periodicos-capes-gov-br.ez67.periodicos.capes.gov.br\/index.php\/acessoaberto\/acordos-transformativos.html\"><span style=\"font-weight: 400;\">https:\/\/www-periodicos-capes-gov-br.ez67.periodicos.capes.gov.br\/index.php\/acessoaberto\/acordos-transformativos.html<\/span><\/a><\/p>\n<p><span style=\"font-weight: 400;\"><br \/>\n<\/span><b>Objetivo:<\/b><span style=\"font-weight: 400;\"> Apoiar a publica\u00e7\u00e3o em revistas de qualidade que n\u00e3o estejam cobertas pelo Acordo Transformativo da CAPES, mediante apresenta\u00e7\u00e3o de justificativa detalhada que explique a escolha da revista cient\u00edfica e sua relev\u00e2ncia para a pesquisa.<\/span><\/p>\n<p><b>Verba total dispon\u00edvel:<\/b><span style=\"font-weight: 400;\"> R$ 180.000,00.<\/span><\/p>\n<p><b>Regras:<\/b><\/p>\n<ul>\n<li style=\"font-weight: 400;\" aria-level=\"1\"><span style=\"font-weight: 400;\">Limite por publica\u00e7\u00e3o: R$ 14.400,00.<\/span><\/li>\n<li style=\"font-weight: 400;\" aria-level=\"1\"><span style=\"font-weight: 400;\">Cada aluno regular ou egresso (por interm\u00e9dio de seu orientador) pode fazer apenas uma solicita\u00e7\u00e3o no per\u00edodo.<\/span><\/li>\n<li style=\"font-weight: 400;\" aria-level=\"1\"><span style=\"font-weight: 400;\">Peri\u00f3dicos eleg\u00edveis: Fator de Impacto (JCR) &gt;= 2,0 ou Qualis A1\u2013A4 (mais recente).<\/span><\/li>\n<li style=\"font-weight: 400;\" aria-level=\"1\"><span style=\"font-weight: 400;\">Deve incluir coautoria com aluno do PPGEE ou egresso (at\u00e9 24 meses ap\u00f3s defesa).<\/span><\/li>\n<li style=\"font-weight: 400;\" aria-level=\"1\"><span style=\"font-weight: 400;\">Publica\u00e7\u00f5es com egresso: reembolso apenas ao professor.<\/span><\/li>\n<li style=\"font-weight: 400;\" aria-level=\"1\"><span style=\"font-weight: 400;\">CCP avaliar\u00e1 casos de poss\u00edvel comportamento predat\u00f3rio.<\/span><\/li>\n<\/ul>\n<p><b>Formul\u00e1rio de solicita\u00e7\u00e3o Aux\u00edlio 2: <\/b><a href=\"https:\/\/forms.gle\/ULcugLkxjn3hLuYb8\"><b>https:\/\/forms.gle\/ULcugLkxjn3hLuYb8<\/b><\/a><\/p>\n<p>&nbsp;<\/p>\n<h3><b>Aux\u00edlio 3 \u2013 Publica\u00e7\u00e3o de p\u00e1ginas extras em peri\u00f3dicos ou revistas<\/b><\/h3>\n<p><b>Destinat\u00e1rios:<\/b><span style=\"font-weight: 400;\"> Alunos regulares do PPGEE, com submiss\u00e3o obrigatoriamente em coautoria com orientador credenciado.<\/span><\/p>\n<ul>\n<li style=\"font-weight: 400;\" aria-level=\"1\"><b>Verba total dispon\u00edvel:<\/b><span style=\"font-weight: 400;\"> R$ 41.600,00.<\/span><\/li>\n<li style=\"font-weight: 400;\" aria-level=\"1\"><span style=\"font-weight: 400;\">Limite por publica\u00e7\u00e3o: R$ 4.500,00.<\/span><\/li>\n<li style=\"font-weight: 400;\" aria-level=\"1\"><span style=\"font-weight: 400;\">Cada aluno regular ou egresso (por interm\u00e9dio de seu orientador) pode fazer apenas uma solicita\u00e7\u00e3o no per\u00edodo.<\/span><\/li>\n<li style=\"font-weight: 400;\" aria-level=\"1\"><span style=\"font-weight: 400;\">Peri\u00f3dicos eleg\u00edveis: Fator de Impacto (JCR) &gt;= 2,0 ou Qualis A1\u2013A4 (mais recente).<\/span><\/li>\n<li style=\"font-weight: 400;\" aria-level=\"1\"><span style=\"font-weight: 400;\">Inclui coautoria com aluno do PPGEE ou egresso (at\u00e9 24 meses ap\u00f3s defesa).<\/span><\/li>\n<li style=\"font-weight: 400;\" aria-level=\"1\"><span style=\"font-weight: 400;\">Publica\u00e7\u00f5es com egresso: reembolso apenas ao professor.<\/span><\/li>\n<\/ul>\n<p><b>Formul\u00e1rio de solicita\u00e7\u00e3o Aux\u00edlio 3: <\/b><a href=\"https:\/\/forms.gle\/iyvymbPHD2c1ZEHS8\"><b>https:\/\/forms.gle\/iyvymbPHD2c1ZEHS8<\/b><\/a><\/p>\n<h3><b>Casos de produ\u00e7\u00e3o cient\u00edfica n\u00e3o cobertos pelas tr\u00eas linhas de aux\u00edlios supracitadas ser\u00e3o tratados caso a caso na esfera das reuni\u00f5es da CCP do PPGEE.<\/b><\/h3>\n<p>&nbsp;<\/p>\n<h2><b>Comprova\u00e7\u00e3o das Despesas<\/b><\/h2>\n<p><span style=\"font-weight: 400;\">Para todos os aux\u00edlios concedidos (Congresso, Publica\u00e7\u00e3o e P\u00e1ginas Extras), <\/span><b>as despesas devem seguir os crit\u00e9rios abaixo<\/b><span style=\"font-weight: 400;\">:<\/span><\/p>\n<ul>\n<li style=\"font-weight: 400;\" aria-level=\"1\"><b>1) Aprova\u00e7\u00e3o pr\u00e9via:<\/b><span style=\"font-weight: 400;\"> toda despesa deve ser solicitada e aprovada previamente pela Comiss\u00e3o de Finan\u00e7as da CCP-PPGEE, por meio de formul\u00e1rio espec\u00edfico.<\/span><\/li>\n<li style=\"font-weight: 400;\" aria-level=\"1\"><b>2) Forma de pagamento:<\/b><span style=\"font-weight: 400;\"> as despesas devem ser pagas <\/span><span style=\"text-decoration: underline;\"><b>\u00e0 vista<\/b><\/span><span style=\"font-weight: 400;\">, em nome do solicitante.<\/span><\/li>\n<li style=\"font-weight: 400;\" aria-level=\"1\"><b>3) Documentos obrigat\u00f3rios:<\/b><span style=\"font-weight: 400;\"> devem ser apresentados recibos, notas fiscais ou comprovantes de pagamento originais, em conformidade com a presta\u00e7\u00e3o de contas exigida pela CAPES.<\/span><\/li>\n<\/ul>\n<p>&nbsp;<\/p>\n<p><span style=\"font-weight: 400;\">Todos os documentos entregues ser\u00e3o anexados \u00e0 <\/span><b>presta\u00e7\u00e3o de contas enviada \u00e0 CAPES<\/b><span style=\"font-weight: 400;\">, conforme exig\u00eancia do Programa PROEX.<\/span><\/p>\n<p><span style=\"font-weight: 400;\">Dessa forma, o solicitante deve providenciar <\/span><b>nota fiscal, invoice ou recibo<\/b><span style=\"font-weight: 400;\"> contendo as seguintes informa\u00e7\u00f5es obrigat\u00f3rias para receber o reembolso:<\/span><\/p>\n<p style=\"text-align: center;\"><span style=\"font-weight: 400;\">Renato Machado Monaro<\/span><span style=\"font-weight: 400;\"><br \/>\n<\/span><span style=\"font-weight: 400;\">CPF:215.021.958-10<\/span><span style=\"font-weight: 400;\"><br \/>\n<\/span><span style=\"font-weight: 400;\">CAPES-PROEX 3688\/2025<\/span><\/p>\n<ul>\n<li style=\"font-weight: 400;\" aria-level=\"1\"><b>4) Prazo para envio:<\/b><span style=\"font-weight: 400;\"> a documenta\u00e7\u00e3o deve ser entregue em at\u00e9 <\/span><b>30 dias ap\u00f3s a realiza\u00e7\u00e3o da despesa<\/b><span style=\"font-weight: 400;\">.<\/span><\/li>\n<li style=\"font-weight: 400;\" aria-level=\"1\"><b>5) Reembolso:<\/b><span style=\"font-weight: 400;\"> o aux\u00edlio ser\u00e1 pago exclusivamente na forma de <\/span><b>reembolso<\/b><span style=\"font-weight: 400;\">, ap\u00f3s confer\u00eancia e aprova\u00e7\u00e3o da presta\u00e7\u00e3o de contas.<\/span><\/li>\n<li style=\"font-weight: 400;\" aria-level=\"1\"><b>6) Despesas n\u00e3o previstas:<\/b><span style=\"font-weight: 400;\"> s\u00f3 poder\u00e3o ser reembolsadas se aprovadas previamente pela CCP-PPGEE, em reuni\u00e3o registrada em ata.<\/span><\/li>\n<\/ul>\n<p>&nbsp;<\/p>\n<h2><b>Refer\u00eancia ao apoio da CAPES<\/b><\/h2>\n<p><span style=\"font-weight: 400;\">De acordo com o<\/span><a href=\"https:\/\/www.in.gov.br\/materia\/-\/asset_publisher\/Kujrw0TZC2Mb\/content\/id\/39729251\/do1-2018-09-05-portaria-n-206-de-4-de-setembro-de-2018-39729135\"> <span style=\"font-weight: 400;\">Art. 1 o da Portaria n o 206, de 4 de setembro de 2018 da CAPES<\/span><\/a><span style=\"font-weight: 400;\">, todos \u201cos trabalhos produzidos ou publicados, em qualquer m\u00eddia, que decorram de atividades financiadas, integral ou parcialmente, pela CAPES, dever\u00e3o, obrigatoriamente, fazer refer\u00eancia ao apoio recebido\u201d.<\/span><\/p>\n<p><span style=\"font-weight: 400;\">O Art. 3 o da referida portaria instrui quais express\u00f5es dever\u00e3o ser usadas, no idioma do trabalho:<\/span><\/p>\n<p><b>&#8211; \u201cO presente trabalho foi realizado com apoio da Coordena\u00e7\u00e3o de Aperfei\u00e7oamento de Pessoal de N\u00edvel Superior &#8211; Brasil (CAPES) &#8211; C\u00f3digo de Financiamento 001\u201d<\/b><\/p>\n<p><b>&#8211; \u201cThis study was financed in part by the Coordena\u00e7\u00e3o de Aperfei\u00e7oamento de Pessoal de N\u00edvel Superior &#8211; Brasil (CAPES) &#8211; Finance Code 001\u201d<\/b><\/p>\n<p><span style=\"font-weight: 400;\">O Art. 5 alerta que \u201cA falha em obedecer a esta norma implicara\u0301 em mudan\u00e7as eventuais nos apoios da CAPES para as institui\u00e7\u00f5es e pesquisadores envolvidos, a partir de 2020\u201d.<\/span><\/p>","protected":false},"excerpt":{"rendered":"<p>Aux\u00edlios &nbsp; Per\u00edodo de vig\u00eancia: 27\/07\/2025 a 31\/05\/2026 Quem pode ser contemplado: Alunos regulares do [&hellip;]<\/p>\n","protected":false},"author":200,"featured_media":0,"parent":0,"menu_order":0,"comment_status":"closed","ping_status":"closed","template":"","meta":{"_monsterinsights_skip_tracking":false,"_monsterinsights_sitenote_active":false,"_monsterinsights_sitenote_note":"","_monsterinsights_sitenote_category":0,"footnotes":"","_links_to":"","_links_to_target":""},"categories":[],"tags":[],"class_list":["post-2074","page","type-page","status-publish","hentry"],"_links":{"self":[{"href":"https:\/\/ppgee.poli.usp.br\/pb\/wp-json\/wp\/v2\/pages\/2074","targetHints":{"allow":["GET"]}}],"collection":[{"href":"https:\/\/ppgee.poli.usp.br\/pb\/wp-json\/wp\/v2\/pages"}],"about":[{"href":"https:\/\/ppgee.poli.usp.br\/pb\/wp-json\/wp\/v2\/types\/page"}],"author":[{"embeddable":true,"href":"https:\/\/ppgee.poli.usp.br\/pb\/wp-json\/wp\/v2\/users\/200"}],"replies":[{"embeddable":true,"href":"https:\/\/ppgee.poli.usp.br\/pb\/wp-json\/wp\/v2\/comments?post=2074"}],"version-history":[{"count":5,"href":"https:\/\/ppgee.poli.usp.br\/pb\/wp-json\/wp\/v2\/pages\/2074\/revisions"}],"predecessor-version":[{"id":6760,"href":"https:\/\/ppgee.poli.usp.br\/pb\/wp-json\/wp\/v2\/pages\/2074\/revisions\/6760"}],"wp:attachment":[{"href":"https:\/\/ppgee.poli.usp.br\/pb\/wp-json\/wp\/v2\/media?parent=2074"}],"wp:term":[{"taxonomy":"category","embeddable":true,"href":"https:\/\/ppgee.poli.usp.br\/pb\/wp-json\/wp\/v2\/categories?post=2074"},{"taxonomy":"post_tag","embeddable":true,"href":"https:\/\/ppgee.poli.usp.br\/pb\/wp-json\/wp\/v2\/tags?post=2074"}],"curies":[{"name":"wp","href":"https:\/\/api.w.org\/{rel}","templated":true}]}}