{"id":2071,"date":"2016-08-05T10:49:27","date_gmt":"2016-08-05T13:49:27","guid":{"rendered":"http:\/\/ppgee.poli.usp.br\/?page_id=2071"},"modified":"2026-02-17T23:56:02","modified_gmt":"2026-02-18T02:56:02","slug":"posgrad","status":"publish","type":"page","link":"https:\/\/ppgee.poli.usp.br\/pb\/bolsas\/posgrad\/","title":{"rendered":"Bolsas de P\u00f3s-Gradua\u00e7\u00e3o"},"content":{"rendered":"<p><\/p>\n<ul>\n<li>Solicita\u00e7\u00e3o de Bolsas\n<ul>\n<li>Mestrado e Doutorado Direto &#8211; <a href=\"https:\/\/ppgee.poli.usp.br\/pb\/bolsas\/posgrad\/solicitacao-de-bolsas\/\">Processo Seletivo para Bolsas 1.2026<\/a><\/li>\n<li>Doutorado &#8211; <a href=\"https:\/\/ppgee.poli.usp.br\/pb\/processo-seletivo-doutorado-fevereiro-2026\/\">Processo Seletivo para Bolsas 1.2026 &#8211; fevereiro 2026 (<span style=\"color: #ff0000;\"><strong>novo<\/strong><\/span>)\u00a0<\/a><\/li>\n<\/ul>\n<\/li>\n<li><a href=\"http:\/\/ppgee.poli.usp.br\/bolsas\/posgrad\/bolsistas\/\">Bolsistas do PPGEE<\/a><\/li>\n<li><a style=\"color: #008ba1;\" href=\"http:\/\/ppgee.poli.usp.br\/bolsas\/posgrad\/regras-de-concessao-de-bolsas\/\">Crit\u00e9rio de concess\u00e3o de bolsas<\/a><\/li>\n<li><a style=\"color: #008ba1;\" href=\"http:\/\/ppgee.poli.usp.br\/bolsas\/posgrad\/programa-do-exame-de-bolsa\/\">Conte\u00fado program\u00e1tico do Exame de Bolsa (mestrado e doutorado direto)<\/a><\/li>\n<\/ul>\n<p>&nbsp;<\/p>\n<p><img loading=\"lazy\" decoding=\"async\" class=\"wp-image-1199 alignleft\" src=\"http:\/\/sites.usp.br\/ppgee\/wp-content\/uploads\/sites\/92\/2016\/02\/1456346119_Student-3.png\" alt=\"1456346119_Student-3\" width=\"108\" height=\"108\" srcset=\"https:\/\/ppgee.poli.usp.br\/wp-content\/uploads\/sites\/92\/2016\/02\/1456346119_Student-3.png 128w, https:\/\/ppgee.poli.usp.br\/wp-content\/uploads\/sites\/92\/2016\/02\/1456346119_Student-3-45x45.png 45w\" sizes=\"auto, (max-width: 108px) 100vw, 108px\" \/>O Programa de P\u00f3s-Gradua\u00e7\u00e3o em Engenharia El\u00e9trica (PPGEE) da EPUSP possui uma quota institucional de bolsas, provenientes de ag\u00eancias de fomento como CNPq, CAPES e outras institui\u00e7\u00f5es.<\/p>\n<p>S\u00e3o aptos para serem bolsistas os candidatos a mestrado, doutorado ou doutorado direto que se enquadrem nas regras estipuladas pelo <a href=\"http:\/\/cnpq.br\/apresentacao13\/\" target=\"_blank\" rel=\"noopener noreferrer\">CNPq (se\u00e7\u00e3o Bolsas, Bolsas no Pa\u00eds, P\u00f3s-Gradua\u00e7\u00e3o)<\/a> e CAPES, como as resolu\u00e7\u00f5es CAPES e CNPQ (PORTARIA CONJUNTA No &#8211; 1, DE 15 DE JULHO DE 2010, Decreto n\u00ba 6316, de 20\/12\/2007 e pelo Decreto n\u00ba 4728, de 09\/06\/2003). As bolsas s\u00e3o para dedica\u00e7\u00e3o integral. O exerc\u00edcio de atividade remunerada simult\u00e2nea \u00e0 bolsa deve atender aos requisitos e condi\u00e7\u00f5es da Portaria conjunta n.\u00ba 1, de 15 de julho de 2010, mencionada <a href=\"https:\/\/ppgee.poli.usp.br\/pb\/bolsas\/posgrad\/atividade-remunerada-para-bolsista\/\" target=\"_blank\" rel=\"noopener\">aqui<\/a>.<\/p>\n<h3>Comiss\u00e3o de Bolsas<\/h3>\n<p>A Comiss\u00e3o de Bolsas (COB) \u00e9 respons\u00e1vel por gerenciar o processo seletivo, de ranqueamento, de indica\u00e7\u00e3o, de cadastro e de gerenciamento e acompanhamento dos bolsistas do programa, conforme os crit\u00e9rios estabelecidos pelo PPGEE.<\/p>\n<p>A sele\u00e7\u00e3o de bolsistas de mestrado \u00e9 feita ap\u00f3s a aprova\u00e7\u00e3o no Exame de Bolsa (nota igual ou superior a 5,0) e a an\u00e1lise da documenta\u00e7\u00e3o solicitada. A sele\u00e7\u00e3o de bolsistas de doutorado \u00e9 feita exclusivamente com base na documenta\u00e7\u00e3o solicitada.<\/p>\n<p>Quando um aluno torna-se bolsista dessa quota institucional, a Comiss\u00e3o de Bolsas (CoB) do PPGEE se encarrega de verificar o cumprimento das regras da concess\u00e3o, acompanhando a evolu\u00e7\u00e3o acad\u00eamica do aluno ao longo do programa.<\/p>\n<p>Algumas das d\u00favidas frequentes dos candidatos e alunos podem ser vistas na se\u00e7\u00e3o <a href=\"http:\/\/ppgee.poli.usp.br\/faq\/\" target=\"_blank\" rel=\"noopener noreferrer\">FAQ <\/a>da p\u00e1gina do PPGEE.<\/p>\n<h4>Outras informa\u00e7\u00f5es da CoB<\/h4>\n<p>Para outras d\u00favidas ou consultas, os interessados podem recorrer \u00e0 secretaria do PPGEE ou aos e-mails dos representantes das respectivas \u00c1reas de Conhecimento do programa na Comiss\u00e3o de Bolsas. Sugerimos que os emails sejam enviados com o campo de assunto contendo, no in\u00edcio, o termo <code>[COB]<\/code>.<\/p>\n<p>&nbsp;<\/p>\n<h4><a href=\"http:\/\/ppgee.poli.usp.br\/programas\/processo-seletivo\/comissoes\/#COB\">Membros da Comiss\u00e3o de bolsas<\/a><\/h4>\n<p>&nbsp;<\/p>","protected":false},"excerpt":{"rendered":"<p>Solicita\u00e7\u00e3o de Bolsas Mestrado e Doutorado Direto &#8211; Processo Seletivo para Bolsas 1.2026 Doutorado &#8211; [&hellip;]<\/p>\n","protected":false},"author":200,"featured_media":0,"parent":1617,"menu_order":0,"comment_status":"closed","ping_status":"closed","template":"","meta":{"_monsterinsights_skip_tracking":false,"_monsterinsights_sitenote_active":false,"_monsterinsights_sitenote_note":"","_monsterinsights_sitenote_category":0,"footnotes":"","_links_to":"","_links_to_target":""},"categories":[],"tags":[],"class_list":["post-2071","page","type-page","status-publish","hentry"],"_links":{"self":[{"href":"https:\/\/ppgee.poli.usp.br\/pb\/wp-json\/wp\/v2\/pages\/2071","targetHints":{"allow":["GET"]}}],"collection":[{"href":"https:\/\/ppgee.poli.usp.br\/pb\/wp-json\/wp\/v2\/pages"}],"about":[{"href":"https:\/\/ppgee.poli.usp.br\/pb\/wp-json\/wp\/v2\/types\/page"}],"author":[{"embeddable":true,"href":"https:\/\/ppgee.poli.usp.br\/pb\/wp-json\/wp\/v2\/users\/200"}],"replies":[{"embeddable":true,"href":"https:\/\/ppgee.poli.usp.br\/pb\/wp-json\/wp\/v2\/comments?post=2071"}],"version-history":[{"count":5,"href":"https:\/\/ppgee.poli.usp.br\/pb\/wp-json\/wp\/v2\/pages\/2071\/revisions"}],"predecessor-version":[{"id":7001,"href":"https:\/\/ppgee.poli.usp.br\/pb\/wp-json\/wp\/v2\/pages\/2071\/revisions\/7001"}],"up":[{"embeddable":true,"href":"https:\/\/ppgee.poli.usp.br\/pb\/wp-json\/wp\/v2\/pages\/1617"}],"wp:attachment":[{"href":"https:\/\/ppgee.poli.usp.br\/pb\/wp-json\/wp\/v2\/media?parent=2071"}],"wp:term":[{"taxonomy":"category","embeddable":true,"href":"https:\/\/ppgee.poli.usp.br\/pb\/wp-json\/wp\/v2\/categories?post=2071"},{"taxonomy":"post_tag","embeddable":true,"href":"https:\/\/ppgee.poli.usp.br\/pb\/wp-json\/wp\/v2\/tags?post=2071"}],"curies":[{"name":"wp","href":"https:\/\/api.w.org\/{rel}","templated":true}]}}