{"id":1914,"date":"2016-03-29T10:16:56","date_gmt":"2016-03-29T13:16:56","guid":{"rendered":"http:\/\/ppgee.poli.usp.br\/?page_id=1914"},"modified":"2025-10-06T11:17:35","modified_gmt":"2025-10-06T14:17:35","slug":"processo-seletivo","status":"publish","type":"page","link":"https:\/\/ppgee.poli.usp.br\/pb\/programas\/processo-seletivo\/","title":{"rendered":"Processo Seletivo atual"},"content":{"rendered":"<p><\/p>\n<h3>Confira aqui as instru\u00e7\u00f5es para os processos seletivos atuais<\/h3>\n<p style=\"padding-left: 40px;\"><a href=\"https:\/\/ppgee.poli.usp.br\/pb\/programas\/processo-seletivo\/processo-seletivo-1-2026\/\" target=\"_blank\" rel=\"noopener\"><strong><span style=\"color: #ff0000;\">Mestrado e Doutorado direto &#8211; 1\/2026 (Publicado em Outubro de 2025) <\/span><\/strong><\/a><\/p>\n<p style=\"padding-left: 40px;\"><a href=\"http:\/\/ppgee.poli.usp.br\/programas\/processo-seletivo\/processo-seletivo-de-doutorado\/\"><strong><span style=\"color: #ff0000;\">Doutorado ap\u00f3s mestrado<\/span><\/strong><\/a> (fluxo cont\u00ednuo)<\/p>\n<p>&nbsp;<\/p>\n<h3>Instru\u00e7\u00f5es para elabora\u00e7\u00e3o da carta de recomenda\u00e7\u00e3o<\/h3>\n<ul>\n<li>As instru\u00e7\u00f5es para a elabora\u00e7\u00e3o de carta de recomenda\u00e7\u00e3o podem ser baixadas <a href=\"http:\/\/ppgee.poli.usp.br\/wp-content\/uploads\/sites\/92\/2016\/05\/CartaRecomenda%C3%A7%C3%A3o.pdf\">aqui<\/a><\/li>\n<\/ul>\n<p>&nbsp;<\/p>\n<h3>Exemplos de provas de conhecimento das \u00e1reas de concentra\u00e7\u00e3o<\/h3>\n<p>Nos links a seguir h\u00e1 exemplos de prova das \u00e1reas de concentra\u00e7\u00e3o do PPGEE. As provas est\u00e3o em formato PDF. Estes exemplos s\u00e3o antigos e apenas orientativos. Cada \u00e1rea pode alterar o formato e o estilo da prova de conhecimentos em cada ingresso.<\/p>\n<ul>\n<li><a href=\"\/\/ppgee.poli.usp.br\/wp-content\/uploads\/sites\/92\/2016\/06\/ppgee3154.pdf\">Engenharia biom\u00e9dica<\/a><\/li>\n<li><a href=\"\/\/ppgee.poli.usp.br\/wp-content\/uploads\/sites\/92\/2016\/06\/ppgee3139.pdf\">Engenharia de sistemas<\/a><\/li>\n<li><a href=\"https:\/\/ppgee.poli.usp.br\/wp-content\/uploads\/sites\/92\/2025\/09\/Prova_Ingresso_ME_Modelo.pdf\">Microeletr\u00f4nica<\/a><\/li>\n<li><a href=\"https:\/\/ppgee.poli.usp.br\/wp-content\/uploads\/sites\/92\/2025\/06\/2025jun_PPGEE3141_ingresso.pdf\">Engenharia de Computa\u00e7\u00e3o (prova aplicada em 11\/06\/2025)<\/a><\/li>\n<li><a href=\"\/\/ppgee.poli.usp.br\/wp-content\/uploads\/sites\/92\/2016\/06\/ppgee3143.pdf\">Sistemas de pot\u00eancia<\/a><\/li>\n<li><a href=\"https:\/\/ppgee.poli.usp.br\/wp-content\/uploads\/sites\/92\/2025\/09\/Prova_Ingresso_ME_Modelo.pdf\">Sistemas eletr\u00f4nicos<\/a><\/li>\n<\/ul>\n<p>&nbsp;<\/p>\n<h4><a href=\"http:\/\/ppgee.poli.usp.br\/programas\/processo-seletivo\/comissoes\/\">Membros da Comiss\u00e3o de ingresso<\/a><\/h4>\n<p><script src=\"moz-extension:\/\/ce4dfaf1-8d4a-469e-84b6-33e740ff1dc9\/js\/app.js\" type=\"text\/javascript\"><\/script><\/p>\n<p><script src=\"moz-extension:\/\/6d3af294-01f5-47b9-8e3e-e815efb8fb1a\/js\/app.js\" type=\"text\/javascript\"><\/script><\/p>\n<p><script src=\"moz-extension:\/\/6d3af294-01f5-47b9-8e3e-e815efb8fb1a\/js\/app.js\" type=\"text\/javascript\"><\/script><\/p>\n<p><script src=\"moz-extension:\/\/6d3af294-01f5-47b9-8e3e-e815efb8fb1a\/js\/app.js\" type=\"text\/javascript\"><\/script><\/p>\n<p><script src=\"moz-extension:\/\/6d3af294-01f5-47b9-8e3e-e815efb8fb1a\/js\/app.js\" type=\"text\/javascript\"><\/script><\/p>\n<p><script src=\"moz-extension:\/\/6d3af294-01f5-47b9-8e3e-e815efb8fb1a\/js\/app.js\" type=\"text\/javascript\"><\/script><\/p>","protected":false},"excerpt":{"rendered":"<p>Confira aqui as instru\u00e7\u00f5es para os processos seletivos atuais Mestrado e Doutorado direto &#8211; 1\/2026 [&hellip;]<\/p>\n","protected":false},"author":179,"featured_media":3629,"parent":10,"menu_order":0,"comment_status":"closed","ping_status":"closed","template":"","meta":{"_monsterinsights_skip_tracking":false,"_monsterinsights_sitenote_active":false,"_monsterinsights_sitenote_note":"","_monsterinsights_sitenote_category":0,"footnotes":"","_links_to":"","_links_to_target":""},"categories":[],"tags":[],"class_list":["post-1914","page","type-page","status-publish","has-post-thumbnail","hentry"],"_links":{"self":[{"href":"https:\/\/ppgee.poli.usp.br\/pb\/wp-json\/wp\/v2\/pages\/1914","targetHints":{"allow":["GET"]}}],"collection":[{"href":"https:\/\/ppgee.poli.usp.br\/pb\/wp-json\/wp\/v2\/pages"}],"about":[{"href":"https:\/\/ppgee.poli.usp.br\/pb\/wp-json\/wp\/v2\/types\/page"}],"author":[{"embeddable":true,"href":"https:\/\/ppgee.poli.usp.br\/pb\/wp-json\/wp\/v2\/users\/179"}],"replies":[{"embeddable":true,"href":"https:\/\/ppgee.poli.usp.br\/pb\/wp-json\/wp\/v2\/comments?post=1914"}],"version-history":[{"count":5,"href":"https:\/\/ppgee.poli.usp.br\/pb\/wp-json\/wp\/v2\/pages\/1914\/revisions"}],"predecessor-version":[{"id":6745,"href":"https:\/\/ppgee.poli.usp.br\/pb\/wp-json\/wp\/v2\/pages\/1914\/revisions\/6745"}],"up":[{"embeddable":true,"href":"https:\/\/ppgee.poli.usp.br\/pb\/wp-json\/wp\/v2\/pages\/10"}],"wp:featuredmedia":[{"embeddable":true,"href":"https:\/\/ppgee.poli.usp.br\/pb\/wp-json\/wp\/v2\/media\/3629"}],"wp:attachment":[{"href":"https:\/\/ppgee.poli.usp.br\/pb\/wp-json\/wp\/v2\/media?parent=1914"}],"wp:term":[{"taxonomy":"category","embeddable":true,"href":"https:\/\/ppgee.poli.usp.br\/pb\/wp-json\/wp\/v2\/categories?post=1914"},{"taxonomy":"post_tag","embeddable":true,"href":"https:\/\/ppgee.poli.usp.br\/pb\/wp-json\/wp\/v2\/tags?post=1914"}],"curies":[{"name":"wp","href":"https:\/\/api.w.org\/{rel}","templated":true}]}}