{"id":185,"date":"2014-05-13T12:52:36","date_gmt":"2014-05-13T15:52:36","guid":{"rendered":"http:\/\/sites.usp.brpadrao2\/?page_id=185"},"modified":"2016-12-19T13:53:33","modified_gmt":"2016-12-19T15:53:33","slug":"producoes-intelectuais","status":"publish","type":"page","link":"https:\/\/ppgee.poli.usp.br\/pb\/producao-cientifica\/producoes-intelectuais\/","title":{"rendered":"Produ\u00e7\u00f5es Intelectuais"},"content":{"rendered":"<p>Para acessar a lista de produ\u00e7\u00f5es Intelectuais acesse a plataforma sucupira <strong><a style=\"color: #008ba1\" href=\"https:\/\/sucupira.capes.gov.br\/sucupira\/public\/consultas\/coleta\/producaoIntelectual\/listaProducaoIntelectual.jsf\" target=\"_blank\">clique aqui<\/a><\/strong>\u00a0e preencha os campos conforme a imagem ilustrativa abaixo para lista-las.<\/p>\n<p><a href=\"https:\/\/sucupira.capes.gov.br\/sucupira\/public\/consultas\/coleta\/producaoIntelectual\/listaProducaoIntelectual.jsf\" target=\"_blank\"><img loading=\"lazy\" decoding=\"async\" class=\"  wp-image-1634 aligncenter\" style=\"border: 3px solid #c8c8c8;padding: 2px\" src=\"http:\/\/sites.usp.br\/ppgee\/wp-content\/uploads\/sites\/92\/2016\/03\/Capturar.png\" alt=\"print-sucupira\" width=\"700\" height=\"446\" srcset=\"https:\/\/ppgee.poli.usp.br\/wp-content\/uploads\/sites\/92\/2016\/03\/Capturar.png 965w, https:\/\/ppgee.poli.usp.br\/wp-content\/uploads\/sites\/92\/2016\/03\/Capturar-300x191.png 300w, https:\/\/ppgee.poli.usp.br\/wp-content\/uploads\/sites\/92\/2016\/03\/Capturar-400x255.png 400w\" sizes=\"auto, (max-width: 700px) 100vw, 700px\" \/><\/a><\/p>","protected":false},"excerpt":{"rendered":"<p>Para acessar a lista de produ\u00e7\u00f5es Intelectuais acesse a plataforma sucupira clique aqui\u00a0e preencha os [&hellip;]<\/p>\n","protected":false},"author":1,"featured_media":0,"parent":105,"menu_order":0,"comment_status":"closed","ping_status":"closed","template":"","meta":{"_monsterinsights_skip_tracking":false,"_monsterinsights_sitenote_active":false,"_monsterinsights_sitenote_note":"","_monsterinsights_sitenote_category":0,"footnotes":"","_links_to":"","_links_to_target":""},"categories":[],"tags":[],"class_list":["post-185","page","type-page","status-publish","hentry"],"_links":{"self":[{"href":"https:\/\/ppgee.poli.usp.br\/pb\/wp-json\/wp\/v2\/pages\/185","targetHints":{"allow":["GET"]}}],"collection":[{"href":"https:\/\/ppgee.poli.usp.br\/pb\/wp-json\/wp\/v2\/pages"}],"about":[{"href":"https:\/\/ppgee.poli.usp.br\/pb\/wp-json\/wp\/v2\/types\/page"}],"author":[{"embeddable":true,"href":"https:\/\/ppgee.poli.usp.br\/pb\/wp-json\/wp\/v2\/users\/1"}],"replies":[{"embeddable":true,"href":"https:\/\/ppgee.poli.usp.br\/pb\/wp-json\/wp\/v2\/comments?post=185"}],"version-history":[{"count":7,"href":"https:\/\/ppgee.poli.usp.br\/pb\/wp-json\/wp\/v2\/pages\/185\/revisions"}],"predecessor-version":[{"id":2228,"href":"https:\/\/ppgee.poli.usp.br\/pb\/wp-json\/wp\/v2\/pages\/185\/revisions\/2228"}],"up":[{"embeddable":true,"href":"https:\/\/ppgee.poli.usp.br\/pb\/wp-json\/wp\/v2\/pages\/105"}],"wp:attachment":[{"href":"https:\/\/ppgee.poli.usp.br\/pb\/wp-json\/wp\/v2\/media?parent=185"}],"wp:term":[{"taxonomy":"category","embeddable":true,"href":"https:\/\/ppgee.poli.usp.br\/pb\/wp-json\/wp\/v2\/categories?post=185"},{"taxonomy":"post_tag","embeddable":true,"href":"https:\/\/ppgee.poli.usp.br\/pb\/wp-json\/wp\/v2\/tags?post=185"}],"curies":[{"name":"wp","href":"https:\/\/api.w.org\/{rel}","templated":true}]}}