{"id":179,"date":"2014-05-13T12:41:00","date_gmt":"2014-05-13T15:41:00","guid":{"rendered":"http:\/\/sites.usp.brpadrao2\/?page_id=179"},"modified":"2016-12-19T13:52:11","modified_gmt":"2016-12-19T15:52:11","slug":"teses-e-dissertacoes","status":"publish","type":"page","link":"https:\/\/ppgee.poli.usp.br\/pb\/producao-cientifica\/teses-e-dissertacoes\/","title":{"rendered":"Teses e Disserta\u00e7\u00f5es"},"content":{"rendered":"<p><a href=\"http:\/\/www.teses.usp.br\/\" target=\"_blank\"><img loading=\"lazy\" decoding=\"async\" class=\"size-full wp-image-1845 aligncenter\" style=\"border: 3px solid #c8c8c8;padding: 2px\" src=\"http:\/\/ppgee.poli.usp.br\/wp-content\/uploads\/sites\/92\/2016\/02\/photodune-798998-books-s.jpg\" alt=\"books in a library bookshelf for university education\" width=\"700\" height=\"400\" \/><\/a><\/p>\n<table style=\"border: 1px solid #c0c0c0;border-collapse: collapse;padding: 5px 5px 5px 95px;height: 81px;margin-left: 2%\" width=\"710\">\n<thead>\n<tr>\n<th style=\"border: 1px solid #c0c0c0;padding: 5px;color: #008ba1;background: #f0f0f0\">Teses e disserta\u00e7\u00f5es da \u00e1rea de engenharia de sistemas<\/th>\n<\/tr>\n<\/thead>\n<tbody>\n<tr>\n<td style=\"border: 1px solid #c0c0c0;padding: 5px;text-align: center\"><a href=\"http:\/\/www.teses.usp.br\/index.php?option=com_jumi&amp;fileid=9&amp;Itemid=159&amp;lang=pt-br&amp;id=3139&amp;prog=3002&amp;exp=0\" target=\"_blank\"><img loading=\"lazy\" decoding=\"async\" class=\"  wp-image-931 aligncenter\" src=\"http:\/\/sites.usp.br\/ppgee\/wp-content\/uploads\/sites\/92\/2016\/02\/1456257562_Book.png\" alt=\"1456257562_Book\" width=\"42\" height=\"42\" srcset=\"https:\/\/ppgee.poli.usp.br\/wp-content\/uploads\/sites\/92\/2016\/02\/1456257562_Book.png 128w, https:\/\/ppgee.poli.usp.br\/wp-content\/uploads\/sites\/92\/2016\/02\/1456257562_Book-45x45.png 45w\" sizes=\"auto, (max-width: 42px) 100vw, 42px\" \/><\/a><\/td>\n<\/tr>\n<\/tbody>\n<\/table>\n<p>\u00a0<\/p>\n<table style=\"border: 1px solid #c0c0c0;border-collapse: collapse;padding: 5px;height: 82px;margin-left: 2%\" width=\"710\">\n<thead>\n<tr>\n<th style=\"border: 1px solid #C0C0C0;padding: 5px;background: #F0F0F0;color: #008ba1\"><strong>Teses e disserta\u00e7\u00f5es da \u00e1rea de microeletr\u00f4nica<\/strong><\/th>\n<\/tr>\n<\/thead>\n<tbody>\n<tr>\n<td style=\"border: 1px solid #c0c0c0;padding: 5px;text-align: center\"><a href=\"http:\/\/www.teses.usp.br\/index.php?option=com_jumi&amp;fileid=9&amp;Itemid=159&amp;lang=pt-br&amp;id=3140&amp;prog=3002&amp;exp=0\" target=\"_blank\"><img loading=\"lazy\" decoding=\"async\" class=\"  wp-image-931 aligncenter\" src=\"http:\/\/sites.usp.br\/ppgee\/wp-content\/uploads\/sites\/92\/2016\/02\/1456257562_Book.png\" alt=\"1456257562_Book\" width=\"42\" height=\"42\" srcset=\"https:\/\/ppgee.poli.usp.br\/wp-content\/uploads\/sites\/92\/2016\/02\/1456257562_Book.png 128w, https:\/\/ppgee.poli.usp.br\/wp-content\/uploads\/sites\/92\/2016\/02\/1456257562_Book-45x45.png 45w\" sizes=\"auto, (max-width: 42px) 100vw, 42px\" \/><\/a><\/td>\n<\/tr>\n<\/tbody>\n<\/table>\n<p>\u00a0<\/p>\n<table style=\"border: 1px solid #c0c0c0;border-collapse: collapse;padding: 5px;height: 83px;margin-left: 2%\" width=\"710\">\n<thead>\n<tr>\n<th style=\"border: 1px solid #C0C0C0;padding: 5px;background: #F0F0F0;color: #008ba1\"><strong>Teses e disserta\u00e7\u00f5es da \u00e1rea de engenharia de computa\u00e7\u00e3o<\/strong><\/th>\n<\/tr>\n<\/thead>\n<tbody>\n<tr>\n<td style=\"border: 1px solid #c0c0c0;padding: 5px;text-align: center\"><a href=\"http:\/\/www.teses.usp.br\/index.php?option=com_jumi&amp;fileid=9&amp;Itemid=159&amp;lang=pt-br&amp;id=3141&amp;prog=3002&amp;exp=0\" target=\"_blank\"><img loading=\"lazy\" decoding=\"async\" class=\"  wp-image-931 aligncenter\" src=\"http:\/\/sites.usp.br\/ppgee\/wp-content\/uploads\/sites\/92\/2016\/02\/1456257562_Book.png\" alt=\"1456257562_Book\" width=\"42\" height=\"42\" srcset=\"https:\/\/ppgee.poli.usp.br\/wp-content\/uploads\/sites\/92\/2016\/02\/1456257562_Book.png 128w, https:\/\/ppgee.poli.usp.br\/wp-content\/uploads\/sites\/92\/2016\/02\/1456257562_Book-45x45.png 45w\" sizes=\"auto, (max-width: 42px) 100vw, 42px\" \/><\/a><\/td>\n<\/tr>\n<\/tbody>\n<\/table>\n<p>\u00a0<\/p>\n<table style=\"border: 1px solid #c0c0c0;border-collapse: collapse;padding: 5px;height: 83px;margin-left: 2%\" width=\"710\">\n<thead>\n<tr>\n<th style=\"border: 1px solid #C0C0C0;padding: 5px;background: #F0F0F0;color: #008ba1\"><strong>Teses e disserta\u00e7\u00f5es da \u00e1rea de sistemas eletr\u00f4nicos<\/strong><\/th>\n<\/tr>\n<\/thead>\n<tbody>\n<tr>\n<td style=\"border: 1px solid #c0c0c0;padding: 5px;text-align: center\"><a href=\"http:\/\/www.teses.usp.br\/index.php?option=com_jumi&amp;fileid=9&amp;Itemid=159&amp;lang=pt-br&amp;id=3142&amp;prog=3002&amp;exp=0\" target=\"_blank\"><img loading=\"lazy\" decoding=\"async\" class=\"  wp-image-931 aligncenter\" src=\"http:\/\/sites.usp.br\/ppgee\/wp-content\/uploads\/sites\/92\/2016\/02\/1456257562_Book.png\" alt=\"1456257562_Book\" width=\"42\" height=\"42\" srcset=\"https:\/\/ppgee.poli.usp.br\/wp-content\/uploads\/sites\/92\/2016\/02\/1456257562_Book.png 128w, https:\/\/ppgee.poli.usp.br\/wp-content\/uploads\/sites\/92\/2016\/02\/1456257562_Book-45x45.png 45w\" sizes=\"auto, (max-width: 42px) 100vw, 42px\" \/><\/a><\/td>\n<\/tr>\n<\/tbody>\n<\/table>\n<p>\u00a0<\/p>\n<table style=\"border: 1px solid #c0c0c0;border-collapse: collapse;padding: 5px;height: 83px;margin-left: 2%\" width=\"710\">\n<thead>\n<tr>\n<th style=\"border: 1px solid #C0C0C0;padding: 5px;background: #F0F0F0;color: #008ba1\"><strong>Teses e disserta\u00e7\u00f5es da \u00e1rea de sistemas de pot\u00eancia<\/strong><\/th>\n<\/tr>\n<\/thead>\n<tbody>\n<tr>\n<td style=\"border: 1px solid #c0c0c0;padding: 5px;text-align: center\"><a href=\"http:\/\/www.teses.usp.br\/index.php?option=com_jumi&amp;fileid=9&amp;Itemid=159&amp;lang=pt-br&amp;id=3143&amp;prog=3002&amp;exp=0\" target=\"_blank\"><img loading=\"lazy\" decoding=\"async\" class=\"  wp-image-931 aligncenter\" src=\"http:\/\/sites.usp.br\/ppgee\/wp-content\/uploads\/sites\/92\/2016\/02\/1456257562_Book.png\" alt=\"1456257562_Book\" width=\"42\" height=\"42\" srcset=\"https:\/\/ppgee.poli.usp.br\/wp-content\/uploads\/sites\/92\/2016\/02\/1456257562_Book.png 128w, https:\/\/ppgee.poli.usp.br\/wp-content\/uploads\/sites\/92\/2016\/02\/1456257562_Book-45x45.png 45w\" sizes=\"auto, (max-width: 42px) 100vw, 42px\" \/><\/a><\/td>\n<\/tr>\n<\/tbody>\n<\/table>\n<p>\u00a0<\/p>\n<table style=\"border: 1px solid #c0c0c0;border-collapse: collapse;padding: 5px;height: 83px;margin-left: 2%\" width=\"710\">\n<thead>\n<tr>\n<th style=\"border: 1px solid #C0C0C0;padding: 5px;background: #F0F0F0;color: #008ba1\"><strong><span style=\"color: #008ba1\">Teses e disserta\u00e7\u00f5es da \u00e1rea de engenharia biom\u00e9dica<\/span><\/strong><\/th>\n<\/tr>\n<\/thead>\n<tbody>\n<tr>\n<td style=\"border: 1px solid #c0c0c0;padding: 5px;text-align: center\"><a href=\"#\" target=\"_blank\"><img loading=\"lazy\" decoding=\"async\" class=\"  wp-image-931 aligncenter\" src=\"http:\/\/sites.usp.br\/ppgee\/wp-content\/uploads\/sites\/92\/2016\/02\/1456257562_Book.png\" alt=\"1456257562_Book\" width=\"42\" height=\"42\" srcset=\"https:\/\/ppgee.poli.usp.br\/wp-content\/uploads\/sites\/92\/2016\/02\/1456257562_Book.png 128w, https:\/\/ppgee.poli.usp.br\/wp-content\/uploads\/sites\/92\/2016\/02\/1456257562_Book-45x45.png 45w\" sizes=\"auto, (max-width: 42px) 100vw, 42px\" \/><\/a><\/td>\n<\/tr>\n<\/tbody>\n<\/table>\n<p>\u00a0<\/p>","protected":false},"excerpt":{"rendered":"<p>Teses e disserta\u00e7\u00f5es da \u00e1rea de engenharia de sistemas \u00a0 Teses e disserta\u00e7\u00f5es da \u00e1rea [&hellip;]<\/p>\n","protected":false},"author":1,"featured_media":0,"parent":105,"menu_order":0,"comment_status":"closed","ping_status":"closed","template":"","meta":{"_monsterinsights_skip_tracking":false,"_monsterinsights_sitenote_active":false,"_monsterinsights_sitenote_note":"","_monsterinsights_sitenote_category":0,"footnotes":"","_links_to":"","_links_to_target":""},"categories":[],"tags":[],"class_list":["post-179","page","type-page","status-publish","hentry"],"_links":{"self":[{"href":"https:\/\/ppgee.poli.usp.br\/pb\/wp-json\/wp\/v2\/pages\/179","targetHints":{"allow":["GET"]}}],"collection":[{"href":"https:\/\/ppgee.poli.usp.br\/pb\/wp-json\/wp\/v2\/pages"}],"about":[{"href":"https:\/\/ppgee.poli.usp.br\/pb\/wp-json\/wp\/v2\/types\/page"}],"author":[{"embeddable":true,"href":"https:\/\/ppgee.poli.usp.br\/pb\/wp-json\/wp\/v2\/users\/1"}],"replies":[{"embeddable":true,"href":"https:\/\/ppgee.poli.usp.br\/pb\/wp-json\/wp\/v2\/comments?post=179"}],"version-history":[{"count":7,"href":"https:\/\/ppgee.poli.usp.br\/pb\/wp-json\/wp\/v2\/pages\/179\/revisions"}],"predecessor-version":[{"id":2227,"href":"https:\/\/ppgee.poli.usp.br\/pb\/wp-json\/wp\/v2\/pages\/179\/revisions\/2227"}],"up":[{"embeddable":true,"href":"https:\/\/ppgee.poli.usp.br\/pb\/wp-json\/wp\/v2\/pages\/105"}],"wp:attachment":[{"href":"https:\/\/ppgee.poli.usp.br\/pb\/wp-json\/wp\/v2\/media?parent=179"}],"wp:term":[{"taxonomy":"category","embeddable":true,"href":"https:\/\/ppgee.poli.usp.br\/pb\/wp-json\/wp\/v2\/categories?post=179"},{"taxonomy":"post_tag","embeddable":true,"href":"https:\/\/ppgee.poli.usp.br\/pb\/wp-json\/wp\/v2\/tags?post=179"}],"curies":[{"name":"wp","href":"https:\/\/api.w.org\/{rel}","templated":true}]}}