{"id":1763,"date":"2016-03-02T11:25:04","date_gmt":"2016-03-02T14:25:04","guid":{"rendered":"http:\/\/sites.usp.br\/ppgee\/?page_id=1763"},"modified":"2026-02-18T00:22:06","modified_gmt":"2026-02-18T03:22:06","slug":"solicitacao-de-bolsas","status":"publish","type":"page","link":"https:\/\/ppgee.poli.usp.br\/pb\/bolsas\/posgrad\/solicitacao-de-bolsas\/","title":{"rendered":"Solicita\u00e7\u00e3o de Bolsas"},"content":{"rendered":"<p><\/p>\n<div class=\"gmail_default\">\n<div class=\"gmail_default\">\n<h4>O Processo Seletivo de Bolsas para MESTRADO\/DOUTORADO DIRETO corre duas vezes por ano, entre junho\/julho e novembro\/dezembro<\/h4>\n<h4>Para o Processo Seletivo de Bolsas para DOUTORADO, clique no <a href=\"https:\/\/ppgee.poli.usp.br\/processo-seletivo-doutorado-fevereiro-2026\">link<\/a>\u00a0 &#8211; fevereiro de 2026 (<span style=\"color: #ff0000;\">novo<\/span>).<\/h4>\n<h4>As informa\u00e7\u00f5es para o pr\u00f3ximo processo est\u00e3o abaixo:<\/h4>\n<\/div>\n<\/div>\n<h3><\/h3>\n<p>&nbsp;<\/p>\n<div class=\"gmail_default\">\n<div class=\"gmail_default\">\n<h3><strong>Processo Se<\/strong>letivo para Bolsas 1.2026<\/h3>\n<p><strong>Datas Importantes:<\/strong><\/p>\n<\/div>\n<\/div>\n<div class=\"gmail_default\">\n<p style=\"font-weight: 400;\"><a href=\"#mestrado\"><u>Mestrado e\u00a0 Doutorado Direto<\/u><\/a><strong><br \/>\n<\/strong><\/p>\n<\/div>\n<p><span style=\"box-sizing: border-box; margin: 0px; padding: 0px;\"><strong><span style=\"color: #ff0000;\">03\/11\/2025\u00a0<\/span>a<span style=\"color: #ff0000;\">\u00a025\/11\/25<\/span><\/strong>\u2013\u00a0<strong>Manifesta\u00e7\u00e3o de interesse em realizar o Exame de Bolsas<\/strong><\/span><\/p>\n<p><strong>26\/11\/25 \u00e0s 10 horas\u00a0 \u2013 Exame de Bolsas \u2013 \u00a0<span style=\"color: #ff0000;\">PRESENCIAL<\/span><\/strong><\/p>\n<p><strong>03\/11\/2025\u00a0a 12\/12\/2025 \u2013 Inscri\u00e7\u00e3o no\u00a0Processo\u00a0Seletivo<\/strong><\/p>\n<p><span style=\"text-decoration: line-through;\">14\/12\/2025<\/span> \u00a0<strong><span style=\"color: #ff6600;\">22\/12\/2025<\/span><\/strong> <strong>\u2013 Data Limite para ranking da COB<\/strong><\/p>\n<p><span style=\"text-decoration: line-through;\">17\/12\/2025<\/span> \u00a0<strong><span style=\"color: #ff6600;\">29\/12\/2025<\/span> <\/strong>\u2013 <strong>Data-limite para recebimento da confer\u00eancia dos orientadores<\/strong><\/p>\n<p><span style=\"text-decoration: line-through;\">19\/12\/2025<\/span> \u00a0<strong><span style=\"color: #ff6600;\">30\/12\/2025<\/span> <\/strong>\u2013<strong>\u00a0Comunica\u00e7\u00e3o do resultado\u00a0 do\u00a0processo\u00a0de\u00a0Processo\u00a0Seletivo\u00a0para Bolsas\u00a02.2025<\/strong><\/p>\n<p>&nbsp;<\/p>\n<div class=\"gmail_default\">\n<h3>Mestrado e\u00a0 Doutorado Direto<\/h3>\n<p>Abaixo as datas e prazos para a participar do processo seletivo:<\/p>\n<p>&nbsp;<\/p>\n<p>de\u00a0 <span style=\"box-sizing: border-box; margin: 0px; padding: 0px;\"><span style=\"color: #ff0000;\">03\/11\/2025\u00a0<\/span>a<span style=\"color: #ff0000;\">\u00a025\/11\/25<\/span><\/span> \u00e0s 23:59 (BRT) \u2013 <strong>Manifesta\u00e7\u00e3o de interesse em realizar a Exame de Bolsas<\/strong><\/p>\n<ul>\n<li style=\"list-style-type: none;\">\n<ul>\n<li>Somente para mestrado e doutorado diretos. Alunos de doutorado n\u00e3o precisam fazer o exame.<\/li>\n<li>Somente para aprovados na prova de ingresso (mestrado e doutorado direto)<\/li>\n<li>Alunos regulares ou especiais de mestrado e doutorado direto poder\u00e3o fazer ou refazer a prova<\/li>\n<li>O Exame de Bolsas tem validade de 1 ano<\/li>\n<li>Interessados em fazer a prova devem preencher o formul\u00e1rio do\u00a0<a href=\"https:\/\/forms.gle\/hzL2PUVCx5TaAqeJ6\">link<\/a>.\n<ul>\n<li>Caso n\u00e3o tenha recebido e-mail de confirma\u00e7\u00e3o, resubmeta o formul\u00e1rio (em caso de d\u00favida, enviar e-mail para <a href=\"mailto:cob_ppgee@usp.br\">cob_ppgee@usp.br<\/a>).<\/li>\n<\/ul>\n<\/li>\n<\/ul>\n<\/li>\n<\/ul>\n<p>&nbsp;<\/p>\n<p>26\/11\/25 \u00e0s 14 horas \u2013 <strong>Exame de Bolsas &#8211; <span style=\"color: #ff0000;\">PRESENCIAL<\/span><\/strong><\/p>\n<ul>\n<li style=\"list-style-type: none;\">\n<ul>\n<li>Os candidatos aptos a realizar o Exame de Bolsas receber\u00e3o um email com informa\u00e7\u00f5es para a realiza\u00e7\u00e3o da prova at\u00e9 o dia 25\/11\/2025<\/li>\n<li>Ser\u00e1 presencial no pr\u00e9dio da Engenharia El\u00e9trica da Escola Polit\u00e9cnica da USP<\/li>\n<li>Programa do Exame de Bolsa encontra-se no\u00a0<a href=\"https:\/\/ppgee.poli.usp.br\/pb\/bolsas\/posgrad\/programa-do-exame-de-bolsa\/\" data-saferedirecturl=\"https:\/\/www.google.com\/url?q=https:\/\/ppgee.poli.usp.br\/pb\/bolsas\/posgrad\/programa-do-exame-de-bolsa\/&amp;source=gmail&amp;ust=1666306450146000&amp;usg=AOvVaw0wIH04xQWrwe3df37f5z0u\">link<\/a><\/li>\n<li>Resultado dos aprovados (nota maior ou igual a 5) no Exame de Bolsas ser\u00e1 enviado para os candidatos at\u00e9 o fim do dia 27\/06\/2025<\/li>\n<li>Excepcionalmente, candidatos residentes fora do estado de S\u00e3o Paulo ter\u00e3o a alternativa de fazer o Exame de Bolsas em uma Institui\u00e7\u00e3o de Ensino, desde que um professor desta institui\u00e7\u00e3o seja respons\u00e1vel por aplicar o Exame. \u00c9 responsabilidade do interessado entrar em contato com a Institui\u00e7\u00e3o de Ensino e o professor respons\u00e1vel para organizar a realiza\u00e7\u00e3o do Exame e comunicar \u00e0 CoB por email (<a href=\"mailto:cob_ppgee@usp.br\">cob_ppgee@usp.br<\/a>) os detalhes.<\/li>\n<\/ul>\n<\/li>\n<\/ul>\n<p>&nbsp;<\/p>\n<p>de 03\/11\/2025 a 12\/12\/2025 \u00e0s 23:59 (BRT) \u2013 <strong>Inscri\u00e7\u00e3o no Processo Seletivo<\/strong><\/p>\n<ul>\n<li style=\"list-style-type: none;\">\n<ul>\n<li>Apenas para alunos de mestrado e doutorado direto com nota\u00a0maior ou igual a 5\u00a0no Exame de Bolsas (link ser\u00e1 disponibilizado com o resultado ap\u00f3s a prova)<\/li>\n<li>Formul\u00e1rio eletr\u00f4nico para ranqueamento encontra-se no\u00a0<a href=\"https:\/\/forms.gle\/jL9TerLjWHfEF5xD7\" data-saferedirecturl=\"https:\/\/www.google.com\/url?q=https:\/\/forms.gle\/N7119vrorbSviaLcA&amp;source=gmail&amp;ust=1666306450146000&amp;usg=AOvVaw1FW6XmvuVP2lfL70m3yyu6\">link\u00a0<\/a>\n<ul>\n<li>Formul\u00e1rio do aluno (link acima) dever\u00e1 ser enviado com o formul\u00e1rio do orientador (arquivo PDF)<\/li>\n<li>Formul\u00e1rio do orientador dispon\u00edvel\u00a0<a href=\"https:\/\/ppgee.poli.usp.br\/wp-content\/uploads\/sites\/92\/2025\/06\/FCOB-02-Formulario-Orientador-1-2025.docx\" data-saferedirecturl=\"https:\/\/www.google.com\/url?q=http:\/\/ppgee.poli.usp.br\/download\/3938\/&amp;source=gmail&amp;ust=1666306450146000&amp;usg=AOvVaw2t_0Xr4YSmz8l9t7B-NZaH\">aqui<\/a><\/li>\n<li>O formul\u00e1rio pode ser editado at\u00e9 12\/12\/2025\u00a0 \u00e0s 23:59<\/li>\n<\/ul>\n<\/li>\n<\/ul>\n<\/li>\n<\/ul>\n<p>&nbsp;<\/p>\n<p><del>15\/12\/2025<\/del>\u00a0 <strong>22\/12\/2025<\/strong> \u2013 <strong>\u00cdndices calculados pela CoB s\u00e3o enviados aos orientadores para confer\u00eancia<\/strong><\/p>\n<ul>\n<li style=\"list-style-type: none;\">\n<ul>\n<li>Os \u00edndices s\u00e3o calculados baseados nas informa\u00e7\u00f5es do formul\u00e1rio eletr\u00f4nico enviado at\u00e9 o dia 22\/12\/2025<\/li>\n<li>Os \u00edndices s\u00e3o calculados de acordo com as\u00a0<a href=\"https:\/\/ppgee.poli.usp.br\/pb\/bolsas\/posgrad\/regras-de-concessao-de-bolsas\/\" data-saferedirecturl=\"https:\/\/www.google.com\/url?q=https:\/\/ppgee.poli.usp.br\/pb\/bolsas\/posgrad\/regras-de-concessao-de-bolsas\/&amp;source=gmail&amp;ust=1666306450146000&amp;usg=AOvVaw1J-HQV-PaXMzMI66dX3Hnb\">regras da CoB<\/a><\/li>\n<\/ul>\n<\/li>\n<\/ul>\n<p>&nbsp;<\/p>\n<p><del>17\/12\/2025<\/del>\u00a0 29\/12\/2025 \u00e0s 23:59 \u2013 <strong>Data-limite para recebimento da confer\u00eancia dos orientadores<\/strong><\/p>\n<p>&nbsp;<\/p>\n<p><del>19\/12\/2025<\/del>\u00a0 <strong>30\/12\/2025<\/strong> \u2013<strong> Comunica\u00e7\u00e3o do resultado do processo de Processo Seletivo para Bolsas 1.2026<\/strong><\/p>\n<ul>\n<li style=\"list-style-type: none;\">\n<ul>\n<li>A posi\u00e7\u00e3o no ranking e disponibilidade imediata de bolsas ser\u00e3o comunicadas aos inscritos no Processo Seletivo<\/li>\n<li>Ser\u00e1 solicitada a documenta\u00e7\u00e3o necess\u00e1ria para implementa\u00e7\u00e3o da bolsa aos alunos contemplados<\/li>\n<\/ul>\n<\/li>\n<\/ul>\n<p>&nbsp;<\/p>\n<p>15\/02\/2026 \u2013 <strong>Data-limite para indica\u00e7\u00e3o de bolsista em fevereiro\u00a0<\/strong><\/p>\n<ul>\n<li style=\"list-style-type: none;\">\n<ul>\n<li>Alunos regulares do PPGEE indicados para receberem uma bolsa poder\u00e3o ter suas bolsas implementadas em fevereiro<\/li>\n<li>Alunos especiais do PPGEE indicados para receberem uma bolsa dever\u00e3o solicitar a mudan\u00e7a de especial para regular e poder\u00e3o ter sua bolsa implementada em fevereiro.<\/li>\n<li>Alunos ingressantes no PPGEE s\u00f3 ter\u00e3o sua bolsa implementada fevereiro, ap\u00f3s a primeira matr\u00edcula<\/li>\n<\/ul>\n<\/li>\n<\/ul>\n<\/div>\n<p>&nbsp;<\/p>\n<p>&nbsp;<\/p>\n<p>D\u00favidas e informa\u00e7\u00f5es, entre em contato com a Comiss\u00e3o de Bolsas pelo email: <a href=\"mailto:cob_ppgee@usp.br\">cob_ppgee@usp.br<\/a><\/p>\n<p>Atualizada em 18.02.2026 &#8211; 12h00min<\/p>","protected":false},"excerpt":{"rendered":"<p>O Processo Seletivo de Bolsas para MESTRADO\/DOUTORADO DIRETO corre duas vezes por ano, entre junho\/julho [&hellip;]<\/p>\n","protected":false},"author":179,"featured_media":3630,"parent":2071,"menu_order":0,"comment_status":"closed","ping_status":"closed","template":"","meta":{"_monsterinsights_skip_tracking":false,"_monsterinsights_sitenote_active":false,"_monsterinsights_sitenote_note":"","_monsterinsights_sitenote_category":0,"footnotes":"","_links_to":"","_links_to_target":""},"categories":[],"tags":[],"class_list":["post-1763","page","type-page","status-publish","has-post-thumbnail","hentry"],"_links":{"self":[{"href":"https:\/\/ppgee.poli.usp.br\/pb\/wp-json\/wp\/v2\/pages\/1763","targetHints":{"allow":["GET"]}}],"collection":[{"href":"https:\/\/ppgee.poli.usp.br\/pb\/wp-json\/wp\/v2\/pages"}],"about":[{"href":"https:\/\/ppgee.poli.usp.br\/pb\/wp-json\/wp\/v2\/types\/page"}],"author":[{"embeddable":true,"href":"https:\/\/ppgee.poli.usp.br\/pb\/wp-json\/wp\/v2\/users\/179"}],"replies":[{"embeddable":true,"href":"https:\/\/ppgee.poli.usp.br\/pb\/wp-json\/wp\/v2\/comments?post=1763"}],"version-history":[{"count":7,"href":"https:\/\/ppgee.poli.usp.br\/pb\/wp-json\/wp\/v2\/pages\/1763\/revisions"}],"predecessor-version":[{"id":7003,"href":"https:\/\/ppgee.poli.usp.br\/pb\/wp-json\/wp\/v2\/pages\/1763\/revisions\/7003"}],"up":[{"embeddable":true,"href":"https:\/\/ppgee.poli.usp.br\/pb\/wp-json\/wp\/v2\/pages\/2071"}],"wp:featuredmedia":[{"embeddable":true,"href":"https:\/\/ppgee.poli.usp.br\/pb\/wp-json\/wp\/v2\/media\/3630"}],"wp:attachment":[{"href":"https:\/\/ppgee.poli.usp.br\/pb\/wp-json\/wp\/v2\/media?parent=1763"}],"wp:term":[{"taxonomy":"category","embeddable":true,"href":"https:\/\/ppgee.poli.usp.br\/pb\/wp-json\/wp\/v2\/categories?post=1763"},{"taxonomy":"post_tag","embeddable":true,"href":"https:\/\/ppgee.poli.usp.br\/pb\/wp-json\/wp\/v2\/tags?post=1763"}],"curies":[{"name":"wp","href":"https:\/\/api.w.org\/{rel}","templated":true}]}}