{"id":163,"date":"2014-05-13T12:35:57","date_gmt":"2014-05-13T15:35:57","guid":{"rendered":"http:\/\/sites.usp.brpadrao2\/?page_id=163"},"modified":"2026-01-28T11:25:09","modified_gmt":"2026-01-28T14:25:09","slug":"disciplinas","status":"publish","type":"page","link":"https:\/\/ppgee.poli.usp.br\/pb\/programas\/disciplinas\/","title":{"rendered":"Cat\u00e1logo de Disciplinas"},"content":{"rendered":"<p><\/p>\n<h3><\/h3>\n<h3><a href=\"https:\/\/uspdigital.usp.br\/janus\/DisLista?codare=3139&amp;codcpg=3&amp;origem=C\">\u00c1rea 3139 &#8211; Engenharia de Sistemas<\/a><\/h3>\n<p>&nbsp;<\/p>\n<h3><a href=\"https:\/\/uspdigital.usp.br\/janus\/DisLista?codare=3140&amp;codcpg=3&amp;origem=C\">\u00c1rea 3140 &#8211; Microeletr\u00f4nica<\/a><\/h3>\n<p>&nbsp;<\/p>\n<h3><a href=\"https:\/\/uspdigital.usp.br\/janus\/DisLista?codare=3141&amp;codcpg=3&amp;origem=C\">\u00c1rea 3141 &#8211; Engenharia de Computa\u00e7\u00e3o<\/a><\/h3>\n<p>&nbsp;<\/p>\n<h3><a href=\"https:\/\/uspdigital.usp.br\/janus\/DisLista?codare=3142&amp;codcpg=3&amp;origem=C\">\u00c1rea 3142 &#8211; Sistemas Eletr\u00f4nicos<\/a><\/h3>\n<p>&nbsp;<\/p>\n<h3><a href=\"https:\/\/uspdigital.usp.br\/janus\/DisLista?codare=3143&amp;codcpg=3&amp;origem=C\">\u00c1rea 3143 &#8211; Sistemas de Pot\u00eancia<\/a><\/h3>\n<p>&nbsp;<\/p>\n<h3><a href=\"https:\/\/uspdigital.usp.br\/janus\/DisLista?codare=3154&amp;codcpg=3&amp;origem=C\">\u00c1rea 3154 &#8211; Engenharia Biom\u00e9dica<\/a><\/h3>\n<h3 style=\"text-align: left;\"><\/h3>\n<p>","protected":false},"excerpt":{"rendered":"<p>\u00c1rea 3139 &#8211; Engenharia de Sistemas &nbsp; \u00c1rea 3140 &#8211; Microeletr\u00f4nica &nbsp; \u00c1rea 3141 &#8211; [&hellip;]<\/p>\n","protected":false},"author":1,"featured_media":0,"parent":10,"menu_order":7,"comment_status":"closed","ping_status":"closed","template":"","meta":{"_monsterinsights_skip_tracking":false,"_monsterinsights_sitenote_active":false,"_monsterinsights_sitenote_note":"","_monsterinsights_sitenote_category":0,"footnotes":"","_links_to":"","_links_to_target":""},"categories":[],"tags":[],"class_list":["post-163","page","type-page","status-publish","hentry"],"_links":{"self":[{"href":"https:\/\/ppgee.poli.usp.br\/pb\/wp-json\/wp\/v2\/pages\/163","targetHints":{"allow":["GET"]}}],"collection":[{"href":"https:\/\/ppgee.poli.usp.br\/pb\/wp-json\/wp\/v2\/pages"}],"about":[{"href":"https:\/\/ppgee.poli.usp.br\/pb\/wp-json\/wp\/v2\/types\/page"}],"author":[{"embeddable":true,"href":"https:\/\/ppgee.poli.usp.br\/pb\/wp-json\/wp\/v2\/users\/1"}],"replies":[{"embeddable":true,"href":"https:\/\/ppgee.poli.usp.br\/pb\/wp-json\/wp\/v2\/comments?post=163"}],"version-history":[{"count":5,"href":"https:\/\/ppgee.poli.usp.br\/pb\/wp-json\/wp\/v2\/pages\/163\/revisions"}],"predecessor-version":[{"id":6980,"href":"https:\/\/ppgee.poli.usp.br\/pb\/wp-json\/wp\/v2\/pages\/163\/revisions\/6980"}],"up":[{"embeddable":true,"href":"https:\/\/ppgee.poli.usp.br\/pb\/wp-json\/wp\/v2\/pages\/10"}],"wp:attachment":[{"href":"https:\/\/ppgee.poli.usp.br\/pb\/wp-json\/wp\/v2\/media?parent=163"}],"wp:term":[{"taxonomy":"category","embeddable":true,"href":"https:\/\/ppgee.poli.usp.br\/pb\/wp-json\/wp\/v2\/categories?post=163"},{"taxonomy":"post_tag","embeddable":true,"href":"https:\/\/ppgee.poli.usp.br\/pb\/wp-json\/wp\/v2\/tags?post=163"}],"curies":[{"name":"wp","href":"https:\/\/api.w.org\/{rel}","templated":true}]}}