{"id":1610,"date":"2016-02-29T11:53:38","date_gmt":"2016-02-29T14:53:38","guid":{"rendered":"http:\/\/sites.usp.br\/ppgee\/?page_id=1610"},"modified":"2016-12-19T13:29:15","modified_gmt":"2016-12-19T15:29:15","slug":"internacionalizacao","status":"publish","type":"page","link":"https:\/\/ppgee.poli.usp.br\/pb\/sobre\/internacionalizacao\/","title":{"rendered":"Internacionaliza\u00e7\u00e3o"},"content":{"rendered":"<p><\/p>\n<div style=\"border: 1px solid #c8c8c8;padding: 15px;width: 680px;margin-left: 15px\">\n<p style=\"text-align: justify\"><img loading=\"lazy\" decoding=\"async\" class=\"alignleft  wp-image-1505\" src=\"http:\/\/sites.usp.br\/ppgee\/wp-content\/uploads\/sites\/92\/2016\/02\/1456432829_world.png\" alt=\"1456432829_world\" width=\"131\" height=\"131\" srcset=\"https:\/\/ppgee.poli.usp.br\/wp-content\/uploads\/sites\/92\/2016\/02\/1456432829_world.png 128w, https:\/\/ppgee.poli.usp.br\/wp-content\/uploads\/sites\/92\/2016\/02\/1456432829_world-45x45.png 45w\" sizes=\"auto, (max-width: 131px) 100vw, 131px\" \/>O PPGEE tem por objetivos apoiar o interc\u00e2mbio internacional como parte do projeto acad\u00eamico e promover oportunidades para o desenvolvimento de pesquisa e publica\u00e7\u00f5es com parceiros estrangeiros, visando elevar significativamente o n\u00famero de colabora\u00e7\u00f5es com grupos de pesquisa no exterior e a internacionaliza\u00e7\u00e3o do Programa.<\/p>\n<p style=\"text-align: justify\">Internacionalizar um Programa de P\u00f3s-Gradua\u00e7\u00e3o requer um conjunto de a\u00e7\u00f5es bem planejadas que deve ser implantado paulatinamente para obter sucesso, tanto junto a discentes, como docentes e no segmento institucional.<\/p>\n<p style=\"text-align: justify\">Algumas a\u00e7\u00f5es no segmento discentes podem agilizar este processo, como por exemplo realizar semin\u00e1rios em l\u00edngua inglesa no pr\u00f3prio Programa como treinamento para apresenta\u00e7\u00e3o de trabalhos em eventos internacionais; estimular discentes para realizar um est\u00e1gio no exterior em institui\u00e7\u00f5es renomadas com doutorado sandu\u00edche; estimular ida de alunos para participar em eventos no exterior; incentivar a reda\u00e7\u00e3o de teses e disserta\u00e7\u00f5es na l\u00edngua inglesa, solicitar a publica\u00e7\u00e3o, aceita\u00e7\u00e3o ou submiss\u00e3o de artigos em l\u00edngua inglesa como requisito de dep\u00f3sito da tese e da disserta\u00e7\u00e3o. Tamb\u00e9m s\u00e3o ocasionalmente oferecidas disciplinas em ingl\u00eas, para atender alunos estrangeiros que ainda n\u00e3o dominam o portugu\u00eas.<\/p>\n<p style=\"text-align: justify\"><img loading=\"lazy\" decoding=\"async\" class=\"  wp-image-1507 alignright\" src=\"http:\/\/sites.usp.br\/ppgee\/wp-content\/uploads\/sites\/92\/2016\/02\/1456432883_Map.png\" alt=\"1456432883_Map\" width=\"119\" height=\"119\" srcset=\"https:\/\/ppgee.poli.usp.br\/wp-content\/uploads\/sites\/92\/2016\/02\/1456432883_Map.png 128w, https:\/\/ppgee.poli.usp.br\/wp-content\/uploads\/sites\/92\/2016\/02\/1456432883_Map-45x45.png 45w\" sizes=\"auto, (max-width: 119px) 100vw, 119px\" \/><\/p>\n<p style=\"text-align: justify\">No segmento dos docentes do programa, estimular est\u00e1gios de p\u00f3s doutorado em institui\u00e7\u00f5es\u00a0renomadas; aumentar o n\u00famero de professores visitantes de modo que disciplinas de p\u00f3s sejam ministradas pelos professores visitantes durante sua estadia; ministrar disciplinas em l\u00edngua inglesa; aumentar o n\u00famero de bancas com examinadores do exterior.\u00a0 No segmento institucional, agilizar e aumentar o n\u00famero de conv\u00eanios, estimular o duplo diploma e cotutelas.<\/p>\n<\/div>\n<p><\/p>","protected":false},"excerpt":{"rendered":"<p>O PPGEE tem por objetivos apoiar o interc\u00e2mbio internacional como parte do projeto acad\u00eamico e [&hellip;]<\/p>\n","protected":false},"author":179,"featured_media":0,"parent":89,"menu_order":0,"comment_status":"closed","ping_status":"closed","template":"","meta":{"_monsterinsights_skip_tracking":false,"_monsterinsights_sitenote_active":false,"_monsterinsights_sitenote_note":"","_monsterinsights_sitenote_category":0,"footnotes":"","_links_to":"","_links_to_target":""},"categories":[],"tags":[],"class_list":["post-1610","page","type-page","status-publish","hentry"],"_links":{"self":[{"href":"https:\/\/ppgee.poli.usp.br\/pb\/wp-json\/wp\/v2\/pages\/1610","targetHints":{"allow":["GET"]}}],"collection":[{"href":"https:\/\/ppgee.poli.usp.br\/pb\/wp-json\/wp\/v2\/pages"}],"about":[{"href":"https:\/\/ppgee.poli.usp.br\/pb\/wp-json\/wp\/v2\/types\/page"}],"author":[{"embeddable":true,"href":"https:\/\/ppgee.poli.usp.br\/pb\/wp-json\/wp\/v2\/users\/179"}],"replies":[{"embeddable":true,"href":"https:\/\/ppgee.poli.usp.br\/pb\/wp-json\/wp\/v2\/comments?post=1610"}],"version-history":[{"count":4,"href":"https:\/\/ppgee.poli.usp.br\/pb\/wp-json\/wp\/v2\/pages\/1610\/revisions"}],"predecessor-version":[{"id":2217,"href":"https:\/\/ppgee.poli.usp.br\/pb\/wp-json\/wp\/v2\/pages\/1610\/revisions\/2217"}],"up":[{"embeddable":true,"href":"https:\/\/ppgee.poli.usp.br\/pb\/wp-json\/wp\/v2\/pages\/89"}],"wp:attachment":[{"href":"https:\/\/ppgee.poli.usp.br\/pb\/wp-json\/wp\/v2\/media?parent=1610"}],"wp:term":[{"taxonomy":"category","embeddable":true,"href":"https:\/\/ppgee.poli.usp.br\/pb\/wp-json\/wp\/v2\/categories?post=1610"},{"taxonomy":"post_tag","embeddable":true,"href":"https:\/\/ppgee.poli.usp.br\/pb\/wp-json\/wp\/v2\/tags?post=1610"}],"curies":[{"name":"wp","href":"https:\/\/api.w.org\/{rel}","templated":true}]}}