{"id":161,"date":"2014-05-13T12:35:33","date_gmt":"2014-05-13T15:35:33","guid":{"rendered":"http:\/\/sites.usp.brpadrao2\/?page_id=161"},"modified":"2018-06-28T10:45:31","modified_gmt":"2018-06-28T13:45:31","slug":"capes","status":"publish","type":"page","link":"https:\/\/ppgee.poli.usp.br\/pb\/programas\/capes\/","title":{"rendered":"CAPES"},"content":{"rendered":"<p><img loading=\"lazy\" decoding=\"async\" class=\"  wp-image-1100 alignleft\" src=\"http:\/\/sites.usp.br\/ppgee\/wp-content\/uploads\/sites\/92\/2014\/05\/1456340555_checked-checklist-notepad.png\" alt=\"1456340555_checked-checklist-notepad\" width=\"100\" height=\"100\" srcset=\"https:\/\/ppgee.poli.usp.br\/wp-content\/uploads\/sites\/92\/2014\/05\/1456340555_checked-checklist-notepad.png 128w, https:\/\/ppgee.poli.usp.br\/wp-content\/uploads\/sites\/92\/2014\/05\/1456340555_checked-checklist-notepad-45x45.png 45w\" sizes=\"auto, (max-width: 100px) 100vw, 100px\" \/><\/p>\n<p><a style=\"color: #008ba1\" href=\"http:\/\/ppgee.poli.usp.br\/wp-content\/uploads\/sites\/92\/2016\/02\/CAPES_Relatorio_avaliaca_trienal.pdf\" target=\"_blank\">Conceito 6<\/a> (<em>Clique para ver Relat\u00f3rio de Avalia\u00e7\u00e3o Trienal 2013<\/em>)<\/p>\n<p>Fonte:\u00a0<a style=\"color: #008ba1\" href=\"http:\/\/www.capes.gov.br\/\" target=\"_blank\">CAPES<\/a><\/p>\n<hr \/>\n<div style=\"border: 1px solid #c0c0c0;padding: 10px\">Atrav\u00e9s do processo de avalia\u00e7\u00e3o dos programas de p\u00f3s-gradua\u00e7\u00e3o stricto sensu (mestrado e doutorado) que integram o Sistema Nacional de P\u00f3s-Gradua\u00e7\u00e3o, SNPG, a CAPES \u2013 Coordena\u00e7\u00e3o de Aperfei\u00e7oamento de Pessoal de N\u00edvel Superior, \u00f3rg\u00e3o vinculado ao Minist\u00e9rio da Educa\u00e7\u00e3o, vem desempenhando importante fun\u00e7\u00e3o para o desenvolvimento da educa\u00e7\u00e3o e da pesquisa cient\u00edfica e tecnol\u00f3gica no pa\u00eds.Os resultados das avalia\u00e7\u00f5es, realizadas de tr\u00eas em tr\u00eas anos, apontam quais programas obter\u00e3o a renova\u00e7\u00e3o de seu &#8220;reconhecimento&#8221; pelo MEC, v\u00e1lido para o tri\u00eanio seguinte, e poder\u00e3o, portanto, emitir diplomas com validade nacional reconhecida pelo MEC.O Programa de P\u00f3s-Gradua\u00e7\u00e3o em Engenharia El\u00e9trica, PPGEE, obteve nota 6 na \u00faltima avalia\u00e7\u00e3o da CAPES.<\/div>\n<p><img loading=\"lazy\" decoding=\"async\" class=\"  wp-image-1094 alignleft\" src=\"http:\/\/sites.usp.br\/ppgee\/wp-content\/uploads\/sites\/92\/2014\/05\/1456340358_kfm.png\" alt=\"1456340358_kfm\" width=\"100\" height=\"100\" srcset=\"https:\/\/ppgee.poli.usp.br\/wp-content\/uploads\/sites\/92\/2014\/05\/1456340358_kfm.png 128w, https:\/\/ppgee.poli.usp.br\/wp-content\/uploads\/sites\/92\/2014\/05\/1456340358_kfm-45x45.png 45w\" sizes=\"auto, (max-width: 100px) 100vw, 100px\" \/><\/p>\n<h3>Documentos da \u00e1rea ( Engenharias IV)<\/h3>\n<ul>\n<li><a style=\"color: #008ba1\" href=\"http:\/\/ppgee.poli.usp.br\/wp-content\/uploads\/sites\/92\/2016\/02\/CAPES_Paramentros_areas.pdf\" target=\"_blank\">Par\u00e2metros de \u00c1rea<\/a><\/li>\n<li><a style=\"color: #008ba1\" href=\"http:\/\/ppgee.poli.usp.br\/wp-content\/uploads\/sites\/92\/2016\/02\/CAPES_Portaria_01_04jan2012_Retificada1.pdf\" target=\"_blank\">Portaria 01 &#8211; de 04 de janeiro de 2012<\/a><\/li>\n<li><a style=\"color: #008ba1\" href=\"http:\/\/ppgee.poli.usp.br\/wp-content\/uploads\/sites\/92\/2016\/02\/CAPES_Portaria_02.pdf\" target=\"_blank\">Portaria 02 &#8211; de 04 de janeiro de 2012<\/a><\/li>\n<\/ul>\n<p><\/p>","protected":false},"excerpt":{"rendered":"<p>Conceito 6 (Clique para ver Relat\u00f3rio de Avalia\u00e7\u00e3o Trienal 2013) Fonte:\u00a0CAPES Atrav\u00e9s do processo de [&hellip;]<\/p>\n","protected":false},"author":1,"featured_media":0,"parent":10,"menu_order":7,"comment_status":"closed","ping_status":"closed","template":"","meta":{"_monsterinsights_skip_tracking":false,"_monsterinsights_sitenote_active":false,"_monsterinsights_sitenote_note":"","_monsterinsights_sitenote_category":0,"footnotes":"","_links_to":"","_links_to_target":""},"categories":[],"tags":[],"class_list":["post-161","page","type-page","status-publish","hentry"],"_links":{"self":[{"href":"https:\/\/ppgee.poli.usp.br\/pb\/wp-json\/wp\/v2\/pages\/161","targetHints":{"allow":["GET"]}}],"collection":[{"href":"https:\/\/ppgee.poli.usp.br\/pb\/wp-json\/wp\/v2\/pages"}],"about":[{"href":"https:\/\/ppgee.poli.usp.br\/pb\/wp-json\/wp\/v2\/types\/page"}],"author":[{"embeddable":true,"href":"https:\/\/ppgee.poli.usp.br\/pb\/wp-json\/wp\/v2\/users\/1"}],"replies":[{"embeddable":true,"href":"https:\/\/ppgee.poli.usp.br\/pb\/wp-json\/wp\/v2\/comments?post=161"}],"version-history":[{"count":7,"href":"https:\/\/ppgee.poli.usp.br\/pb\/wp-json\/wp\/v2\/pages\/161\/revisions"}],"predecessor-version":[{"id":2215,"href":"https:\/\/ppgee.poli.usp.br\/pb\/wp-json\/wp\/v2\/pages\/161\/revisions\/2215"}],"up":[{"embeddable":true,"href":"https:\/\/ppgee.poli.usp.br\/pb\/wp-json\/wp\/v2\/pages\/10"}],"wp:attachment":[{"href":"https:\/\/ppgee.poli.usp.br\/pb\/wp-json\/wp\/v2\/media?parent=161"}],"wp:term":[{"taxonomy":"category","embeddable":true,"href":"https:\/\/ppgee.poli.usp.br\/pb\/wp-json\/wp\/v2\/categories?post=161"},{"taxonomy":"post_tag","embeddable":true,"href":"https:\/\/ppgee.poli.usp.br\/pb\/wp-json\/wp\/v2\/tags?post=161"}],"curies":[{"name":"wp","href":"https:\/\/api.w.org\/{rel}","templated":true}]}}