{"id":1606,"date":"2016-02-29T11:51:44","date_gmt":"2016-02-29T14:51:44","guid":{"rendered":"http:\/\/sites.usp.br\/ppgee\/?page_id=1606"},"modified":"2016-12-19T13:27:41","modified_gmt":"2016-12-19T15:27:41","slug":"perfil-egresso","status":"publish","type":"page","link":"https:\/\/ppgee.poli.usp.br\/pb\/sobre\/perfil-egresso\/","title":{"rendered":"Perfil do Egresso"},"content":{"rendered":"<p><\/p>\n<div style=\"border: 1px solid #c8c8c8;padding: 15px;width: 680px;margin-left: 15px\">\n<p style=\"text-align: justify\"><img loading=\"lazy\" decoding=\"async\" class=\"alignleft  wp-image-1501\" src=\"http:\/\/sites.usp.br\/ppgee\/wp-content\/uploads\/sites\/92\/2016\/02\/1456432641_SEO_usability_audit_search_.png\" alt=\"1456432641_SEO_usability_audit_search_\" width=\"131\" height=\"131\" srcset=\"https:\/\/ppgee.poli.usp.br\/wp-content\/uploads\/sites\/92\/2016\/02\/1456432641_SEO_usability_audit_search_.png 128w, https:\/\/ppgee.poli.usp.br\/wp-content\/uploads\/sites\/92\/2016\/02\/1456432641_SEO_usability_audit_search_-45x45.png 45w\" sizes=\"auto, (max-width: 131px) 100vw, 131px\" \/>O Programa est\u00e1 orientado prioritariamente para a forma\u00e7\u00e3o de docentes e pesquisadores de alto n\u00edvel em Engenharia El\u00e9trica, procurando manter um car\u00e1ter multidisciplinar. Espera-se que os alunos do Programa consigam desenvolver um perfil de compet\u00eancias em pesquisa e no ensino que permita desenvolver pesquisa em temas relevantes e pertinentes, tanto para o avan\u00e7o do conhecimento no campo, quanto para o desenvolvimento econ\u00f4mico e social do pa\u00eds, de forma que possam analisar criticamente a literatura cient\u00edfica de temas relacionados com seus assuntos pesquisados, e possam elaborar programas de curso, disciplinas e treinamento nos \u00e2mbitos do ensino superior. Face ao perfil dos alunos do Programa, cabe salientar que os egressos do Programa, tanto de mestrado como de doutorado, tamb\u00e9m t\u00eam uma forte atua\u00e7\u00e3o no setor industrial, financeiro e de servi\u00e7os.<\/p>\n<p style=\"text-align: justify\">O PPGEE visa incentivar o p\u00f3s-graduando a desenvolver as seguintes habilidades e compet\u00eancias:<\/p>\n<ul>\n<li style=\"text-align: left\">Compreender, equacionar e solucionar problemas de Engenharia El\u00e9trica, utilizando conhecimentos cient\u00edficos, com propostas de solu\u00e7\u00f5es originais, adequadas e eficientes;<\/li>\n<li style=\"text-align: left\">Desenvolver e aplicar novos conhecimentos te\u00f3ricos e pr\u00e1ticos de Engenharia El\u00e9trica;<\/li>\n<li style=\"text-align: left\">Analisar novas situa\u00e7\u00f5es de forma cr\u00edtica e profunda, relacionando-as com outras anteriormente conhecidas;<img loading=\"lazy\" decoding=\"async\" class=\" size-full wp-image-1233 alignright\" src=\"http:\/\/sites.usp.br\/ppgee\/wp-content\/uploads\/sites\/92\/2016\/02\/1456348640_applix.png\" alt=\"1456348640_applix\" width=\"128\" height=\"128\" srcset=\"https:\/\/ppgee.poli.usp.br\/wp-content\/uploads\/sites\/92\/2016\/02\/1456348640_applix.png 128w, https:\/\/ppgee.poli.usp.br\/wp-content\/uploads\/sites\/92\/2016\/02\/1456348640_applix-45x45.png 45w\" sizes=\"auto, (max-width: 128px) 100vw, 128px\" \/><\/li>\n<li style=\"text-align: left\">Criar e utilizar modelos aplicados a dispositivos e sistemas na \u00e1rea de Engenharia El\u00e9trica;<\/li>\n<li style=\"text-align: left\">Comunicar novos e sofisticados conhecimentos cient\u00edficos adequadamente nas formas oral, escrita e gr\u00e1fica;<\/li>\n<li style=\"text-align: left\">Avaliar os aspectos human\u00edsticos, sociais, \u00e9ticos e ambientais em situa\u00e7\u00f5es e pesquisas de Engenharia;<\/li>\n<li style=\"text-align: left\">Ter vis\u00e3o cr\u00edtica da \u00e1rea em que atua e desenvolve pesquisas, e de como se relaciona com outras \u00e1reas do conhecimento.<\/li>\n<\/ul>\n<\/div>\n<p>\u00a0<\/p>","protected":false},"excerpt":{"rendered":"<p>O Programa est\u00e1 orientado prioritariamente para a forma\u00e7\u00e3o de docentes e pesquisadores de alto n\u00edvel [&hellip;]<\/p>\n","protected":false},"author":179,"featured_media":0,"parent":89,"menu_order":0,"comment_status":"closed","ping_status":"closed","template":"","meta":{"_monsterinsights_skip_tracking":false,"_monsterinsights_sitenote_active":false,"_monsterinsights_sitenote_note":"","_monsterinsights_sitenote_category":0,"footnotes":"","_links_to":"","_links_to_target":""},"categories":[],"tags":[],"class_list":["post-1606","page","type-page","status-publish","hentry"],"_links":{"self":[{"href":"https:\/\/ppgee.poli.usp.br\/pb\/wp-json\/wp\/v2\/pages\/1606","targetHints":{"allow":["GET"]}}],"collection":[{"href":"https:\/\/ppgee.poli.usp.br\/pb\/wp-json\/wp\/v2\/pages"}],"about":[{"href":"https:\/\/ppgee.poli.usp.br\/pb\/wp-json\/wp\/v2\/types\/page"}],"author":[{"embeddable":true,"href":"https:\/\/ppgee.poli.usp.br\/pb\/wp-json\/wp\/v2\/users\/179"}],"replies":[{"embeddable":true,"href":"https:\/\/ppgee.poli.usp.br\/pb\/wp-json\/wp\/v2\/comments?post=1606"}],"version-history":[{"count":3,"href":"https:\/\/ppgee.poli.usp.br\/pb\/wp-json\/wp\/v2\/pages\/1606\/revisions"}],"predecessor-version":[{"id":2216,"href":"https:\/\/ppgee.poli.usp.br\/pb\/wp-json\/wp\/v2\/pages\/1606\/revisions\/2216"}],"up":[{"embeddable":true,"href":"https:\/\/ppgee.poli.usp.br\/pb\/wp-json\/wp\/v2\/pages\/89"}],"wp:attachment":[{"href":"https:\/\/ppgee.poli.usp.br\/pb\/wp-json\/wp\/v2\/media?parent=1606"}],"wp:term":[{"taxonomy":"category","embeddable":true,"href":"https:\/\/ppgee.poli.usp.br\/pb\/wp-json\/wp\/v2\/categories?post=1606"},{"taxonomy":"post_tag","embeddable":true,"href":"https:\/\/ppgee.poli.usp.br\/pb\/wp-json\/wp\/v2\/tags?post=1606"}],"curies":[{"name":"wp","href":"https:\/\/api.w.org\/{rel}","templated":true}]}}