{"id":1602,"date":"2016-02-29T11:49:52","date_gmt":"2016-02-29T14:49:52","guid":{"rendered":"http:\/\/sites.usp.br\/ppgee\/?page_id=1602"},"modified":"2016-12-19T13:24:15","modified_gmt":"2016-12-19T15:24:15","slug":"organizacao","status":"publish","type":"page","link":"https:\/\/ppgee.poli.usp.br\/pb\/sobre\/organizacao\/","title":{"rendered":"Organiza\u00e7\u00e3o"},"content":{"rendered":"<p><\/p>\n<div style=\"border: 1px solid #c8c8c8;padding: 15px;width: 680px;margin-left: 15px;text-align: left\">\n<p style=\"text-align: justify\"><img loading=\"lazy\" decoding=\"async\" class=\"alignleft  wp-image-1496\" src=\"http:\/\/sites.usp.br\/ppgee\/wp-content\/uploads\/sites\/92\/2016\/02\/1456431913_vector_65_02.png\" alt=\"1456431913_vector_65_02\" width=\"131\" height=\"131\" srcset=\"https:\/\/ppgee.poli.usp.br\/wp-content\/uploads\/sites\/92\/2016\/02\/1456431913_vector_65_02.png 128w, https:\/\/ppgee.poli.usp.br\/wp-content\/uploads\/sites\/92\/2016\/02\/1456431913_vector_65_02-45x45.png 45w\" sizes=\"auto, (max-width: 131px) 100vw, 131px\" \/>Em sua organiza\u00e7\u00e3o o PPGEE conta, basicamente, com orientadores dos quatro Departamentos que comp\u00f5em a grande \u00e1rea de Engenharia El\u00e9trica da <span style=\"color: #008ba1\"><a style=\"color: #008ba1\" href=\"http:\/\/www.poli.usp.br\" target=\"_blank\">Escola Polit\u00e9cnica da USP<\/a><\/span>: <span style=\"color: #008ba1\"><a style=\"color: #008ba1\" href=\"http:\/\/www.pcs.usp.br\" target=\"_blank\">PCS<\/a><\/span> (Departamento de Engenharia de Computa\u00e7\u00e3o e Sistemas Digitais), <span style=\"color: #008ba1\"><a style=\"color: #008ba1\" href=\"http:\/\/www.pea.usp.br\" target=\"_blank\">PEA<\/a><\/span> (Departamento de Engenharia de Energia e Automa\u00e7\u00e3o El\u00e9tricas), <span style=\"color: #008ba1\"><a style=\"color: #008ba1\" href=\"http:\/\/www.psi.poli.usp.br\" target=\"_blank\">PSI<\/a><\/span> (Departamento de Engenharia de Sistemas Eletr\u00f4nicos) e <span style=\"color: #008ba1\"><a style=\"color: #008ba1\" href=\"http:\/\/www.ptc.poli.usp.br\" target=\"_blank\">PTC<\/a><\/span> (Departamento de Engenharia de Telecomunica\u00e7\u00f5es e Controle).<\/p>\n<p style=\"text-align: justify\">O PPGEE est\u00e1 dividido em seis \u00c1reas de Concentra\u00e7\u00e3o: Engenharia de Computa\u00e7\u00e3o, Sistemas de Pot\u00eancia, Engenharia de Sistemas, Microeletr\u00f4nica, Sistemas Eletr\u00f4nicos e Engenharia Biom\u00e9dica. Cada \u00e1rea de concentra\u00e7\u00e3o conta com um coordenador e um vice-coordenador, eleitos pelos orientadores credenciados na respectiva \u00e1rea. Os seis coordenadores das \u00e1reas de concentra\u00e7\u00e3o, juntamente com um representante discente, comp\u00f5em a Comiss\u00e3o Coordenadora de Programa (CCP), vinculada \u00e0 Comiss\u00e3o de P\u00f3s-Gradua\u00e7\u00e3o (CPG) da Escola Polit\u00e9cnica da USP.<\/p>\n<p style=\"text-align: justify\">A CCP delibera sobre o credenciamento de disciplinas e de orientadores do PPGEE, coordena o <img loading=\"lazy\" decoding=\"async\" class=\" size-full wp-image-956 alignright\" src=\"http:\/\/sites.usp.br\/ppgee\/wp-content\/uploads\/sites\/92\/2016\/02\/1456261397_Library.png\" alt=\"1456261397_Library\" width=\"128\" height=\"128\" srcset=\"https:\/\/ppgee.poli.usp.br\/wp-content\/uploads\/sites\/92\/2016\/02\/1456261397_Library.png 128w, https:\/\/ppgee.poli.usp.br\/wp-content\/uploads\/sites\/92\/2016\/02\/1456261397_Library-45x45.png 45w\" sizes=\"auto, (max-width: 128px) 100vw, 128px\" \/>processo seletivo do Programa, delibera sobre a concess\u00e3o de bolsas, entre outras fun\u00e7\u00f5es. As normas estabelecidas por esta comiss\u00e3o, a CCP, t\u00eam como diretriz b\u00e1sica a qualidade cient\u00edfica do programa segundo os crit\u00e9rios reconhecidos em \u00e2mbito nacional e internacional, respeitando as normas estabelecidas pela Pr\u00f3-Reitoria de P\u00f3s-Gradua\u00e7\u00e3o da USP e pela Comiss\u00e3o de P\u00f3s-Gradua\u00e7\u00e3o (CPG) da Escola Polit\u00e9cnica da USP. A exist\u00eancia de quatro Departamentos da Escola Polit\u00e9cnica da USP atuando no PPGEE em seis \u00e1reas de concentra\u00e7\u00e3o propicia grande diversidade e amplitude de atua\u00e7\u00e3o.<\/p>\n<\/div>\n<p>\u00a0<\/p>","protected":false},"excerpt":{"rendered":"<p>Em sua organiza\u00e7\u00e3o o PPGEE conta, basicamente, com orientadores dos quatro Departamentos que comp\u00f5em a [&hellip;]<\/p>\n","protected":false},"author":179,"featured_media":0,"parent":89,"menu_order":0,"comment_status":"closed","ping_status":"closed","template":"","meta":{"_monsterinsights_skip_tracking":false,"_monsterinsights_sitenote_active":false,"_monsterinsights_sitenote_note":"","_monsterinsights_sitenote_category":0,"footnotes":"","_links_to":"","_links_to_target":""},"categories":[],"tags":[],"class_list":["post-1602","page","type-page","status-publish","hentry"],"_links":{"self":[{"href":"https:\/\/ppgee.poli.usp.br\/pb\/wp-json\/wp\/v2\/pages\/1602","targetHints":{"allow":["GET"]}}],"collection":[{"href":"https:\/\/ppgee.poli.usp.br\/pb\/wp-json\/wp\/v2\/pages"}],"about":[{"href":"https:\/\/ppgee.poli.usp.br\/pb\/wp-json\/wp\/v2\/types\/page"}],"author":[{"embeddable":true,"href":"https:\/\/ppgee.poli.usp.br\/pb\/wp-json\/wp\/v2\/users\/179"}],"replies":[{"embeddable":true,"href":"https:\/\/ppgee.poli.usp.br\/pb\/wp-json\/wp\/v2\/comments?post=1602"}],"version-history":[{"count":6,"href":"https:\/\/ppgee.poli.usp.br\/pb\/wp-json\/wp\/v2\/pages\/1602\/revisions"}],"predecessor-version":[{"id":2213,"href":"https:\/\/ppgee.poli.usp.br\/pb\/wp-json\/wp\/v2\/pages\/1602\/revisions\/2213"}],"up":[{"embeddable":true,"href":"https:\/\/ppgee.poli.usp.br\/pb\/wp-json\/wp\/v2\/pages\/89"}],"wp:attachment":[{"href":"https:\/\/ppgee.poli.usp.br\/pb\/wp-json\/wp\/v2\/media?parent=1602"}],"wp:term":[{"taxonomy":"category","embeddable":true,"href":"https:\/\/ppgee.poli.usp.br\/pb\/wp-json\/wp\/v2\/categories?post=1602"},{"taxonomy":"post_tag","embeddable":true,"href":"https:\/\/ppgee.poli.usp.br\/pb\/wp-json\/wp\/v2\/tags?post=1602"}],"curies":[{"name":"wp","href":"https:\/\/api.w.org\/{rel}","templated":true}]}}